{"id":5431,"date":"2024-08-08T22:24:59","date_gmt":"2024-08-08T22:24:59","guid":{"rendered":"https:\/\/www.dive.gr\/newsite\/?page_id=5431"},"modified":"2024-10-02T07:44:31","modified_gmt":"2024-10-02T07:44:31","slug":"reactivate-scuba-refresher-program-diving-course","status":"publish","type":"page","link":"https:\/\/www.dive.gr\/it\/reactivate-scuba-refresher-program-diving-course\/","title":{"rendered":"Programma di aggiornamento subacqueo ReActivate\u00ae"},"content":{"rendered":"<div data-elementor-type=\"wp-post\" data-elementor-id=\"5431\" class=\"elementor elementor-5431\" data-elementor-post-type=\"page\">\n\t\t\t\t\t\t<section class=\"elementor-section elementor-top-section elementor-element elementor-element-b230b6f elementor-section-stretched elementor-section-full_width scheme_dark elementor-reverse-tablet elementor-reverse-mobile elementor-section-height-default elementor-section-height-default\" data-id=\"b230b6f\" data-element_type=\"section\" data-settings=\"{&quot;stretch_section&quot;:&quot;section-stretched&quot;}\">\n\t\t\t\t\t\t<div class=\"elementor-container elementor-column-gap-no\">\n\t\t\t\t\t<div class=\"elementor-column elementor-col-50 elementor-top-column elementor-element elementor-element-098adc1 sc_inner_width_none sc_layouts_column_icons_position_left\" data-id=\"098adc1\" data-element_type=\"column\" data-settings=\"{&quot;background_background&quot;:&quot;classic&quot;}\">\n\t\t\t<div class=\"elementor-widget-wrap elementor-element-populated\">\n\t\t\t\t\t\t<div class=\"elementor-element elementor-element-d92a0b5 sc_fly_static elementor-widget elementor-widget-heading\" data-id=\"d92a0b5\" data-element_type=\"widget\" data-widget_type=\"heading.default\">\n\t\t\t\t<div class=\"elementor-widget-container\">\n\t\t\t<h2 class=\"elementor-heading-title elementor-size-default\">Programma di aggiornamento subacqueo ReActivate\u00ae<\/h2>\t\t<\/div>\n\t\t\t\t<\/div>\n\t\t\t\t<div class=\"elementor-element elementor-element-a3680cf sc_fly_static elementor-widget elementor-widget-text-editor\" data-id=\"a3680cf\" data-element_type=\"widget\" data-widget_type=\"text-editor.default\">\n\t\t\t\t<div class=\"elementor-widget-container\">\n\t\t\t\t\t\t\t<p>Aggiorni le sue abilit\u00e0 e conoscenze subacquee con un rapido aggiornamento subacqueo con il PADI Open Water Diver Course prima di tornare in acqua.<\/p>\t\t\t\t\t\t<\/div>\n\t\t\t\t<\/div>\n\t\t\t\t\t<\/div>\n\t\t<\/div>\n\t\t\t\t<div class=\"elementor-column elementor-col-50 elementor-top-column elementor-element elementor-element-bd94493 sc_inner_width_none sc_layouts_column_icons_position_left\" data-id=\"bd94493\" data-element_type=\"column\" data-settings=\"{&quot;background_background&quot;:&quot;classic&quot;}\">\n\t\t\t<div class=\"elementor-widget-wrap elementor-element-populated\">\n\t\t\t\t\t\t<section class=\"elementor-section elementor-inner-section elementor-element elementor-element-0130909 elementor-section-height-min-height elementor-section-boxed elementor-section-height-default\" data-id=\"0130909\" data-element_type=\"section\" data-settings=\"{&quot;background_background&quot;:&quot;video&quot;,&quot;background_video_start&quot;:65,&quot;background_video_end&quot;:160,&quot;background_video_link&quot;:&quot;https:\\\/\\\/www.dive.gr\\\/wp-content\\\/uploads\\\/2024\\\/09\\\/dive.gr-Mykonos-diving-center-intro-video.mp4&quot;}\">\n\t\t\t\t\t\t\t\t<div class=\"elementor-background-video-container elementor-hidden-phone\">\n\t\t\t\t\t\t\t\t\t\t\t\t\t<video class=\"elementor-background-video-hosted elementor-html5-video\" autoplay muted playsinline loop><\/video>\n\t\t\t\t\t\t\t\t\t\t\t<\/div>\n\t\t\t\t\t\t\t\t<div class=\"elementor-container elementor-column-gap-extended\">\n\t\t\t\t\t<div class=\"elementor-column elementor-col-100 elementor-inner-column elementor-element elementor-element-0016c9e sc_inner_width_none sc_layouts_column_icons_position_left\" data-id=\"0016c9e\" data-element_type=\"column\" data-settings=\"{&quot;background_background&quot;:&quot;classic&quot;}\">\n\t\t\t<div class=\"elementor-widget-wrap\">\n\t\t\t\t\t\t\t<\/div>\n\t\t<\/div>\n\t\t\t\t\t<\/div>\n\t\t<\/section>\n\t\t\t\t\t<\/div>\n\t\t<\/div>\n\t\t\t\t\t<\/div>\n\t\t<\/section>\n\t\t\t\t<section class=\"elementor-section elementor-top-section elementor-element elementor-element-2abe1a1 elementor-section-boxed elementor-section-height-default elementor-section-height-default\" data-id=\"2abe1a1\" data-element_type=\"section\" data-settings=\"{&quot;background_background&quot;:&quot;classic&quot;}\">\n\t\t\t\t\t\t<div class=\"elementor-container elementor-column-gap-extended\">\n\t\t\t\t\t<div class=\"elementor-column elementor-col-100 elementor-top-column elementor-element elementor-element-f39fccd sc_inner_width_none sc_layouts_column_icons_position_left\" data-id=\"f39fccd\" data-element_type=\"column\">\n\t\t\t<div class=\"elementor-widget-wrap elementor-element-populated\">\n\t\t\t\t\t\t<div class=\"elementor-element elementor-element-2e45deb sc_fly_static elementor-widget elementor-widget-text-editor\" data-id=\"2e45deb\" data-element_type=\"widget\" data-widget_type=\"text-editor.default\">\n\t\t\t\t<div class=\"elementor-widget-container\">\n\t\t\t\t\t\t\t<p>Non si \u00e8 immerso ultimamente e desidera un rapido aggiornamento subacqueo? Il programma ReActivate\u2122 \u00e8 il modo perfetto per aggiornare le sue abilit\u00e0 e conoscenze subacquee del PADI Open Water Diver Course prima di tornare in acqua. Sia che desideri qualche promemoria o che abbia bisogno di ripassare le nozioni di base, ReActivate \u00e8 personalizzato per lei: Pu\u00f2 comodamente rivedere i concetti subacquei sul suo tablet, dispositivo mobile o computer, e poi immergersi con un professionista PADI. \u00c8 facile e veloce, ed \u00e8 un buon modo per prepararsi al prossimo corso PADI o per prepararsi ad una vacanza subacquea. La parte migliore \u00e8 che i subacquei che completano l'aggiornamento delle conoscenze e delle abilit\u00e0 in acqua ricevono una carta di certificazione sostitutiva con la data di RiAttivazione.<\/p><p>Tutti i subacquei certificati PADI che desiderano un aggiornamento o un aggiornamento pre-viaggio dovrebbero RiAttivarsi. I negozi di immersione apprezzano il fatto di vedere una data recente di RiAttivazione sulla sua scheda di certificazione, perch\u00e9 significa che \u00e8 pronto per immergersi.<\/p><p>Se vuole imparare di pi\u00f9 sulle immersioni in una nuova area o in condizioni di immersione diverse, chieda anche di completare un'esperienza Discover Local Diving in un sito di immersione locale.<\/p><p>ReActivate \u00e8 un nuovo programma PADI che potrebbe non essere ancora disponibile in tutte le aree. Se non pu\u00f2 accedere a ReActivate, o non pu\u00f2 accedervi nella sua lingua, il suo PADI Instructor pu\u00f2 comunque completare con lei una revisione delle competenze subacquee e pu\u00f2 aggiornare le sue conoscenze subacquee con Scuba Tune-Up Online.<\/p><p>*La sua certificazione PADI non scade. La partecipazione al corso PADI ReActivate\u2122 non \u00e8 obbligatoria, ma \u00e8 consigliata come modo semplice per rinfrescare le conoscenze e le abilit\u00e0 fondamentali della sicurezza subacquea se non si immerge da un po' di tempo. I subacquei che completano l'aggiornamento delle conoscenze e delle abilit\u00e0 in acqua ricevono una tessera di certificazione sostitutiva con la data \"ReActivate thru\".<\/p>\t\t\t\t\t\t<\/div>\n\t\t\t\t<\/div>\n\t\t\t\t<div class=\"elementor-element elementor-element-f12d713 elementor-widget-divider--view-line sc_fly_static elementor-widget elementor-widget-divider\" data-id=\"f12d713\" data-element_type=\"widget\" data-widget_type=\"divider.default\">\n\t\t\t\t<div class=\"elementor-widget-container\">\n\t\t\t\t\t<div class=\"elementor-divider\">\n\t\t\t<span class=\"elementor-divider-separator\">\n\t\t\t\t\t\t<\/span>\n\t\t<\/div>\n\t\t\t\t<\/div>\n\t\t\t\t<\/div>\n\t\t\t\t<div class=\"elementor-element elementor-element-e560c35 sc_fly_static elementor-widget elementor-widget-text-editor\" data-id=\"e560c35\" data-element_type=\"widget\" data-widget_type=\"text-editor.default\">\n\t\t\t\t<div class=\"elementor-widget-container\">\n\t\t\t\t\t\t\t<p><strong>Accademico<\/strong><\/p><p>Utilizzando\u00a0<em>Riattivare il tocco<\/em>\u00a0(per tablet o dispositivi mobili) o ReActivate Online (per il suo computer), si immerger\u00e0 in scenari di immersione e prender\u00e0 decisioni che metteranno alla prova la sua comprensione di importanti concetti di sicurezza subacquea, elementi essenziali di pianificazione delle immersioni e gestione dei problemi. Si muova in ReActivate al suo ritmo e approfondisca gli argomenti quando ne ha bisogno o lo desidera.<\/p><p>In acqua, il suo Professionista PADI la aiuter\u00e0 a ritrovare il comfort e la fiducia nelle immersioni subacquee. Eserciter\u00e0 alcune abilit\u00e0 legate alla sicurezza e poi ripasser\u00e0 tutto ci\u00f2 che desidera rivedere.<\/p><p><strong style=\"font-size: 1rem; letter-spacing: 0.38px;\">Attrezzatura<\/strong><\/p><p>Utilizzer\u00e0 l'attrezzatura subacquea di base, tra cui maschera, boccaglio, pinne, erogatore, BCD e bombola. La protezione dall'esposizione di cui ha bisogno dipender\u00e0 dal fatto che si immerga in una piscina, in acque confinate o in acque libere. Il suo istruttore le spiegher\u00e0 altri equipaggiamenti di cui potrebbe aver bisogno per la RiAttivit\u00e0.<\/p><p><strong>Per iniziare<\/strong><\/p><p>Ci contatti per ottenere\u00a0<em>Riattivare il tocco<\/em>\u00a0o RiAttivarsi online e iniziare a lavorare attraverso gli scenari. Oppure, scarichi l'App PADI sul suo tablet o dispositivo mobile (se non l'ha gi\u00e0 fatto) e acquisti\u00a0<em>Riattivare\u00a0<\/em>per iniziare subito. Poi, fissi la sua sessione di abilit\u00e0 acquatiche ReActivate.<\/p>\t\t\t\t\t\t<\/div>\n\t\t\t\t<\/div>\n\t\t\t\t<div class=\"elementor-element elementor-element-91f7d92 elementor-widget-divider--view-line sc_fly_static elementor-widget elementor-widget-divider\" data-id=\"91f7d92\" data-element_type=\"widget\" data-widget_type=\"divider.default\">\n\t\t\t\t<div class=\"elementor-widget-container\">\n\t\t\t\t\t<div class=\"elementor-divider\">\n\t\t\t<span class=\"elementor-divider-separator\">\n\t\t\t\t\t\t<\/span>\n\t\t<\/div>\n\t\t\t\t<\/div>\n\t\t\t\t<\/div>\n\t\t\t\t<div class=\"elementor-element elementor-element-ff4be43 sc_fly_static elementor-widget elementor-widget-heading\" data-id=\"ff4be43\" data-element_type=\"widget\" data-widget_type=\"heading.default\">\n\t\t\t\t<div class=\"elementor-widget-container\">\n\t\t\t<h4 class=\"elementor-heading-title elementor-size-default\">Prezzi<\/h4>\t\t<\/div>\n\t\t\t\t<\/div>\n\t\t\t\t<div class=\"elementor-element elementor-element-7044a8a sc_fly_static elementor-widget elementor-widget-trx_sc_table\" data-id=\"7044a8a\" data-element_type=\"widget\" data-widget_type=\"trx_sc_table.default\">\n\t\t\t\t<div class=\"elementor-widget-container\">\n\t\t\t<div id=\"trx_sc_table_534776300_wrap\" class=\"sc_table_wrap\"><div id=\"trx_sc_table_534776300\"\n\t\t\tclass=\"sc_table sc_table_default trx_addons_inline_692659521\"><table summary=\"pricing\" cellspacing=\"0\"><tbody><tr><th style=\"text-align: center;\">Scuba Re-Activate Course<\/th><th style=\"text-align: center;\">Prezzo (\u20ac)<\/th><\/tr><tr><td style=\"text-align: center;\">Scuba Re-Activate Course Tassa per un'immersione e una ricertificazione<\/td><td style=\"text-align: center;\">195<\/td><\/tr><tr><td style=\"text-align: center;\">Scuba Re-Activate Course Pacchetto di due immersioni (seconda immersione in barca)<\/td><td style=\"text-align: center;\">245<\/td><\/tr><\/tbody><\/table><\/div><\/div><!-- \/.sc_table_wrap -->\t\t<\/div>\n\t\t\t\t<\/div>\n\t\t\t\t<div class=\"elementor-element elementor-element-0548205 elementor-widget-divider--view-line sc_fly_static elementor-widget elementor-widget-divider\" data-id=\"0548205\" data-element_type=\"widget\" data-widget_type=\"divider.default\">\n\t\t\t\t<div class=\"elementor-widget-container\">\n\t\t\t\t\t<div class=\"elementor-divider\">\n\t\t\t<span class=\"elementor-divider-separator\">\n\t\t\t\t\t\t<\/span>\n\t\t<\/div>\n\t\t\t\t<\/div>\n\t\t\t\t<\/div>\n\t\t\t\t<section class=\"elementor-section elementor-inner-section elementor-element elementor-element-accbd53 elementor-section-boxed elementor-section-height-default elementor-section-height-default\" data-id=\"accbd53\" data-element_type=\"section\">\n\t\t\t\t\t\t<div class=\"elementor-container elementor-column-gap-extended\">\n\t\t\t\t\t<div class=\"make-column-clickable-elementor elementor-column elementor-col-100 elementor-inner-column elementor-element elementor-element-1031c2c sc_inner_width_none sc_layouts_column_icons_position_left\" style=\"cursor: pointer;\" data-column-clickable=\"https:\/\/apps.padi.com\/scuba-diving\/elearning\/purchasecourse.aspx?courseid=56&amp;_ga=2.143748147.764057478.1571210490-1216068278.1570006227&amp;fbclid=IwAR2wwNMK6xWNdb5jq8KzUDx5na1JimO8l46zyG7hewhY7PPip4sVOSME1io\" data-column-clickable-blank=\"_blank\" data-id=\"1031c2c\" data-element_type=\"column\">\n\t\t\t<div class=\"elementor-widget-wrap elementor-element-populated\">\n\t\t\t\t\t\t<div class=\"elementor-element elementor-element-3061a74 sc_fly_static elementor-widget elementor-widget-heading\" data-id=\"3061a74\" data-element_type=\"widget\" data-widget_type=\"heading.default\">\n\t\t\t\t<div class=\"elementor-widget-container\">\n\t\t\t<h4 class=\"elementor-heading-title elementor-size-default\">Acquistare un corso di e-learning<\/h4>\t\t<\/div>\n\t\t\t\t<\/div>\n\t\t\t\t<div class=\"elementor-element elementor-element-3893e03 sc_fly_static elementor-widget elementor-widget-image\" data-id=\"3893e03\" data-element_type=\"widget\" data-widget_type=\"image.default\">\n\t\t\t\t<div class=\"elementor-widget-container\">\n\t\t\t\t\t\t\t\t\t\t\t\t\t<img decoding=\"async\" width=\"300\" height=\"39\" data-src=\"https:\/\/www.dive.gr\/wp-content\/smush-webp\/2024\/09\/dive.gr-padi-eLearning-logo-300x39.png.webp\" class=\"attachment-medium size-medium wp-image-10258 lazyload\" alt=\"\" data-srcset=\"https:\/\/www.dive.gr\/wp-content\/smush-webp\/2024\/09\/dive.gr-padi-eLearning-logo-300x39.png.webp 300w, https:\/\/www.dive.gr\/wp-content\/smush-webp\/2024\/09\/dive.gr-padi-eLearning-logo-18x2.png.webp 18w, https:\/\/www.dive.gr\/wp-content\/smush-webp\/2024\/09\/dive.gr-padi-eLearning-logo-370x48.png.webp 370w, https:\/\/www.dive.gr\/wp-content\/smush-webp\/2024\/09\/dive.gr-padi-eLearning-logo.png.webp 436w\" data-sizes=\"(max-width: 300px) 100vw, 300px\" src=\"data:image\/svg+xml;base64,PHN2ZyB3aWR0aD0iMSIgaGVpZ2h0PSIxIiB4bWxucz0iaHR0cDovL3d3dy53My5vcmcvMjAwMC9zdmciPjwvc3ZnPg==\" style=\"--smush-placeholder-width: 300px; --smush-placeholder-aspect-ratio: 300\/39;\" \/>\t\t\t\t\t\t\t\t\t\t\t\t\t<\/div>\n\t\t\t\t<\/div>\n\t\t\t\t\t<\/div>\n\t\t<\/div>\n\t\t\t\t\t<\/div>\n\t\t<\/section>\n\t\t\t\t<div class=\"elementor-element elementor-element-cfa92e5 elementor-widget-divider--view-line sc_fly_static elementor-widget elementor-widget-divider\" data-id=\"cfa92e5\" data-element_type=\"widget\" data-widget_type=\"divider.default\">\n\t\t\t\t<div class=\"elementor-widget-container\">\n\t\t\t\t\t<div class=\"elementor-divider\">\n\t\t\t<span class=\"elementor-divider-separator\">\n\t\t\t\t\t\t<\/span>\n\t\t<\/div>\n\t\t\t\t<\/div>\n\t\t\t\t<\/div>\n\t\t\t\t<div class=\"elementor-element elementor-element-d71be12 sc_fly_static elementor-widget elementor-widget-heading\" data-id=\"d71be12\" data-element_type=\"widget\" data-widget_type=\"heading.default\">\n\t\t\t\t<div class=\"elementor-widget-container\">\n\t\t\t<h4 class=\"elementor-heading-title elementor-size-default\">Prenota ora<\/h4>\t\t<\/div>\n\t\t\t\t<\/div>\n\t\t\t\t<div class=\"elementor-element elementor-element-5dd152e sc_fly_static elementor-widget elementor-widget-shortcode\" data-id=\"5dd152e\" data-element_type=\"widget\" data-widget_type=\"shortcode.default\">\n\t\t\t\t<div class=\"elementor-widget-container\">\n\t\t\t\t\t<div class=\"elementor-shortcode\"><form id=\"forminator-module-9933\" class=\"forminator-custom-form forminator-custom-form-9933\" method=\"post\" data-forminator-render=\"0\" data-uid=\"69d610308fa67\" action=\"\"><div role=\"alert\" aria-live=\"polite\" class=\"forminator-response-message forminator-error\" aria-hidden=\"true\"><\/div><input type=\"hidden\" name=\"trp-form-language\" value=\"it\"\/><\/form><\/div>\n\t\t\t\t<\/div>\n\t\t\t\t<\/div>\n\t\t\t\t\t<\/div>\n\t\t<\/div>\n\t\t\t\t\t<\/div>\n\t\t<\/section>\n\t\t\t\t<\/div>","protected":false},"excerpt":{"rendered":"<p>Update your dive skills and knowledge with a quick scuba refresher from&hellip;<\/p>","protected":false},"author":1,"featured_media":8753,"parent":0,"menu_order":0,"comment_status":"closed","ping_status":"closed","template":"","meta":{"_acf_changed":false,"footnotes":""},"program":[181],"class_list":["post-5431","page","type-page","status-publish","has-post-thumbnail","hentry","program-entry-level-courses"],"acf":[],"_links":{"self":[{"href":"https:\/\/www.dive.gr\/it\/wp-json\/wp\/v2\/pages\/5431","targetHints":{"allow":["GET"]}}],"collection":[{"href":"https:\/\/www.dive.gr\/it\/wp-json\/wp\/v2\/pages"}],"about":[{"href":"https:\/\/www.dive.gr\/it\/wp-json\/wp\/v2\/types\/page"}],"author":[{"embeddable":true,"href":"https:\/\/www.dive.gr\/it\/wp-json\/wp\/v2\/users\/1"}],"replies":[{"embeddable":true,"href":"https:\/\/www.dive.gr\/it\/wp-json\/wp\/v2\/comments?post=5431"}],"version-history":[{"count":16,"href":"https:\/\/www.dive.gr\/it\/wp-json\/wp\/v2\/pages\/5431\/revisions"}],"predecessor-version":[{"id":14809,"href":"https:\/\/www.dive.gr\/it\/wp-json\/wp\/v2\/pages\/5431\/revisions\/14809"}],"wp:featuredmedia":[{"embeddable":true,"href":"https:\/\/www.dive.gr\/it\/wp-json\/wp\/v2\/media\/8753"}],"wp:attachment":[{"href":"https:\/\/www.dive.gr\/it\/wp-json\/wp\/v2\/media?parent=5431"}],"wp:term":[{"taxonomy":"program","embeddable":true,"href":"https:\/\/www.dive.gr\/it\/wp-json\/wp\/v2\/program?post=5431"}],"curies":[{"name":"wp","href":"https:\/\/api.w.org\/{rel}","templated":true}]}}