{"id":5413,"date":"2024-08-05T22:12:00","date_gmt":"2024-08-05T22:12:00","guid":{"rendered":"https:\/\/www.dive.gr\/newsite\/?page_id=5413"},"modified":"2024-10-02T08:08:29","modified_gmt":"2024-10-02T08:08:29","slug":"search-and-recovery-diver-diving-course","status":"publish","type":"page","link":"https:\/\/www.dive.gr\/it\/search-and-recovery-diver-diving-course\/","title":{"rendered":"Sommozzatore di ricerca e recupero"},"content":{"rendered":"<div data-elementor-type=\"wp-post\" data-elementor-id=\"5413\" class=\"elementor elementor-5413\" data-elementor-post-type=\"page\">\n\t\t\t\t\t\t<section class=\"elementor-section elementor-top-section elementor-element elementor-element-b230b6f elementor-section-stretched elementor-section-full_width scheme_dark elementor-reverse-tablet elementor-reverse-mobile elementor-section-height-default elementor-section-height-default\" data-id=\"b230b6f\" data-element_type=\"section\" data-settings=\"{&quot;stretch_section&quot;:&quot;section-stretched&quot;}\">\n\t\t\t\t\t\t<div class=\"elementor-container elementor-column-gap-no\">\n\t\t\t\t\t<div class=\"elementor-column elementor-col-50 elementor-top-column elementor-element elementor-element-098adc1 sc_inner_width_none sc_layouts_column_icons_position_left\" data-id=\"098adc1\" data-element_type=\"column\" data-settings=\"{&quot;background_background&quot;:&quot;classic&quot;}\">\n\t\t\t<div class=\"elementor-widget-wrap elementor-element-populated\">\n\t\t\t\t\t\t<div class=\"elementor-element elementor-element-d92a0b5 sc_fly_static elementor-widget elementor-widget-heading\" data-id=\"d92a0b5\" data-element_type=\"widget\" data-widget_type=\"heading.default\">\n\t\t\t\t<div class=\"elementor-widget-container\">\n\t\t\t<h2 class=\"elementor-heading-title elementor-size-default\">Sommozzatore di ricerca e recupero<\/h2>\t\t<\/div>\n\t\t\t\t<\/div>\n\t\t\t\t<div class=\"elementor-element elementor-element-a3680cf sc_fly_static elementor-widget elementor-widget-text-editor\" data-id=\"a3680cf\" data-element_type=\"widget\" data-widget_type=\"text-editor.default\">\n\t\t\t\t<div class=\"elementor-widget-container\">\n\t\t\t\t\t\t\t<p>Recuperare gli oggetti persi che sono caduti in mare o su un molo. Imparare a nuotare in modo efficace e a utilizzare una borsa di sollevamento per gli oggetti pesanti.<\/p>\t\t\t\t\t\t<\/div>\n\t\t\t\t<\/div>\n\t\t\t\t\t<\/div>\n\t\t<\/div>\n\t\t\t\t<div class=\"elementor-column elementor-col-50 elementor-top-column elementor-element elementor-element-bd94493 sc_inner_width_none sc_layouts_column_icons_position_left\" data-id=\"bd94493\" data-element_type=\"column\" data-settings=\"{&quot;background_background&quot;:&quot;classic&quot;}\">\n\t\t\t<div class=\"elementor-widget-wrap elementor-element-populated\">\n\t\t\t\t\t\t<section class=\"elementor-section elementor-inner-section elementor-element elementor-element-0130909 elementor-section-height-min-height elementor-section-boxed elementor-section-height-default\" data-id=\"0130909\" data-element_type=\"section\" data-settings=\"{&quot;background_background&quot;:&quot;video&quot;,&quot;background_video_link&quot;:&quot;https:\\\/\\\/www.dive.gr\\\/wp-content\\\/uploads\\\/2024\\\/09\\\/dive.gr-Mykonos-diving-center-intro-video.mp4&quot;}\">\n\t\t\t\t\t\t\t\t<div class=\"elementor-background-video-container elementor-hidden-phone\">\n\t\t\t\t\t\t\t\t\t\t\t\t\t<video class=\"elementor-background-video-hosted elementor-html5-video\" autoplay muted playsinline loop><\/video>\n\t\t\t\t\t\t\t\t\t\t\t<\/div>\n\t\t\t\t\t\t\t\t<div class=\"elementor-container elementor-column-gap-extended\">\n\t\t\t\t\t<div class=\"elementor-column elementor-col-100 elementor-inner-column elementor-element elementor-element-0016c9e sc_inner_width_none sc_layouts_column_icons_position_left\" data-id=\"0016c9e\" data-element_type=\"column\" data-settings=\"{&quot;background_background&quot;:&quot;classic&quot;}\">\n\t\t\t<div class=\"elementor-widget-wrap\">\n\t\t\t\t\t\t\t<\/div>\n\t\t<\/div>\n\t\t\t\t\t<\/div>\n\t\t<\/section>\n\t\t\t\t\t<\/div>\n\t\t<\/div>\n\t\t\t\t\t<\/div>\n\t\t<\/section>\n\t\t\t\t<section class=\"elementor-section elementor-top-section elementor-element elementor-element-2abe1a1 elementor-section-boxed elementor-section-height-default elementor-section-height-default\" data-id=\"2abe1a1\" data-element_type=\"section\" data-settings=\"{&quot;background_background&quot;:&quot;classic&quot;}\">\n\t\t\t\t\t\t<div class=\"elementor-container elementor-column-gap-extended\">\n\t\t\t\t\t<div class=\"elementor-column elementor-col-100 elementor-top-column elementor-element elementor-element-f39fccd sc_inner_width_none sc_layouts_column_icons_position_left\" data-id=\"f39fccd\" data-element_type=\"column\">\n\t\t\t<div class=\"elementor-widget-wrap elementor-element-populated\">\n\t\t\t\t\t\t<div class=\"elementor-element elementor-element-2e45deb sc_fly_static elementor-widget elementor-widget-text-editor\" data-id=\"2e45deb\" data-element_type=\"widget\" data-widget_type=\"text-editor.default\">\n\t\t\t\t<div class=\"elementor-widget-container\">\n\t\t\t\t\t\t\t<p>Succede: Le persone lasciano cadere accidentalmente gli oggetti dai moli, dalle barche o persino durante le immersioni subacquee. Se le \u00e8 mai capitato di perdere qualcosa in acqua e di volerlo ritrovare, il corso di specializzazione PADI Search and Recovery Diver \u00e8 quello che fa per lei. Ci sono modi efficaci per cercare oggetti sott'acqua che aumentano le possibilit\u00e0 di successo. E ci sono metodi validi e migliori per riportare a galla oggetti piccoli, grandi o semplicemente scomodi. La ricerca e il recupero possono essere impegnativi, ma anche molto divertenti.<\/p><p>I PADI (Junior) Advanced Open Water Diver che hanno almeno 12 anni possono iscriversi al corso Search and Recover Diver. Si qualificano anche gli PADI (Junior) Open Water Diver con una certificazione di Navigatore subacqueo PADI.<\/p>\t\t\t\t\t\t<\/div>\n\t\t\t\t<\/div>\n\t\t\t\t<div class=\"elementor-element elementor-element-f12d713 elementor-widget-divider--view-line sc_fly_static elementor-widget elementor-widget-divider\" data-id=\"f12d713\" data-element_type=\"widget\" data-widget_type=\"divider.default\">\n\t\t\t\t<div class=\"elementor-widget-container\">\n\t\t\t\t\t<div class=\"elementor-divider\">\n\t\t\t<span class=\"elementor-divider-separator\">\n\t\t\t\t\t\t<\/span>\n\t\t<\/div>\n\t\t\t\t<\/div>\n\t\t\t\t<\/div>\n\t\t\t\t<div class=\"elementor-element elementor-element-e560c35 sc_fly_static elementor-widget elementor-widget-text-editor\" data-id=\"e560c35\" data-element_type=\"widget\" data-widget_type=\"text-editor.default\">\n\t\t\t\t<div class=\"elementor-widget-container\">\n\t\t\t\t\t\t\t<p><strong>Accademico<\/strong><\/p><p>Raccogliere informazioni e risorse, quindi pianificare attentamente una ricerca sono i primi passi importanti che imparer\u00e0. Durante quattro immersioni subacquee, far\u00e0 pratica:<\/p><ul><li><p>Nuotare per cercare schemi di ricerca utilizzando la bussola e la navigazione naturale.<\/p><\/li><li><p>Individuare oggetti grandi e piccoli utilizzando vari modelli di ricerca.<\/p><\/li><li><p>Utilizzare una borsa di sollevamento per oggetti grandi o pesanti, oltre ad altri metodi di recupero.<\/p><\/li><li><p>Pianificare un'operazione di ricerca in base ai fatti raccolti su un oggetto smarrito prima dell'immersione.<\/p><\/li><\/ul><p>Potrebbe ottenere crediti universitari per il corso di Ricerca e Recupero - chieda al suo istruttore.<\/p><p>Inoltre, la prima immersione di questo corso di specialit\u00e0 PADI pu\u00f2 essere accreditata come immersione di avventura per la certificazione Advanced Open Water Diver - chieda al suo istruttore se pu\u00f2 ottenere il credito.<\/p><p><strong style=\"font-size: 1rem; letter-spacing: 0.38px;\">Attrezzatura<\/strong><\/p><p>Oltre all'attrezzatura subacquea di base, avr\u00e0 bisogno di una bussola e di una lavagna subacquea. Il suo PADI Instructor potrebbe suggerirle altri attrezzi che potrebbero aiutarla nelle ricerche, come una luce subacquea, boe di segnalazione, cime e mulinelli.<\/p><p><strong>Per iniziare<\/strong><\/p><p>Venga a trovarci per iscriversi al corso e ottenere un PADI Search and\u00a0<em>Equipaggio di recupero-Pak\u00a0<\/em>che include il manuale e il video. Studiando prima della lezione, sar\u00e0 meglio preparato per iniziare a praticare le sue abilit\u00e0 di ricerca e recupero quando incontrer\u00e0 il suo istruttore.<\/p>\t\t\t\t\t\t<\/div>\n\t\t\t\t<\/div>\n\t\t\t\t<div class=\"elementor-element elementor-element-fe8c87c elementor-widget-divider--view-line sc_fly_static elementor-widget elementor-widget-divider\" data-id=\"fe8c87c\" data-element_type=\"widget\" data-widget_type=\"divider.default\">\n\t\t\t\t<div class=\"elementor-widget-container\">\n\t\t\t\t\t<div class=\"elementor-divider\">\n\t\t\t<span class=\"elementor-divider-separator\">\n\t\t\t\t\t\t<\/span>\n\t\t<\/div>\n\t\t\t\t<\/div>\n\t\t\t\t<\/div>\n\t\t\t\t<div class=\"elementor-element elementor-element-d71be12 sc_fly_static elementor-widget elementor-widget-heading\" data-id=\"d71be12\" data-element_type=\"widget\" data-widget_type=\"heading.default\">\n\t\t\t\t<div class=\"elementor-widget-container\">\n\t\t\t<h4 class=\"elementor-heading-title elementor-size-default\">Prenota ora<\/h4>\t\t<\/div>\n\t\t\t\t<\/div>\n\t\t\t\t<div class=\"elementor-element elementor-element-5dd152e sc_fly_static elementor-widget elementor-widget-shortcode\" data-id=\"5dd152e\" data-element_type=\"widget\" data-widget_type=\"shortcode.default\">\n\t\t\t\t<div class=\"elementor-widget-container\">\n\t\t\t\t\t<div class=\"elementor-shortcode\"><form id=\"forminator-module-9933\" class=\"forminator-custom-form forminator-custom-form-9933\" method=\"post\" data-forminator-render=\"0\" data-uid=\"69f2880ca3e37\" action=\"\"><div role=\"alert\" aria-live=\"polite\" class=\"forminator-response-message forminator-error\" aria-hidden=\"true\"><\/div><input type=\"hidden\" name=\"trp-form-language\" value=\"it\"\/><\/form><\/div>\n\t\t\t\t<\/div>\n\t\t\t\t<\/div>\n\t\t\t\t\t<\/div>\n\t\t<\/div>\n\t\t\t\t\t<\/div>\n\t\t<\/section>\n\t\t\t\t<\/div>","protected":false},"excerpt":{"rendered":"<p>Recupera gli oggetti smarriti che sono caduti in mare o su un molo. Imparare...<\/p>","protected":false},"author":1,"featured_media":7762,"parent":0,"menu_order":0,"comment_status":"closed","ping_status":"closed","template":"","meta":{"_acf_changed":false,"footnotes":""},"program":[179],"class_list":["post-5413","page","type-page","status-publish","has-post-thumbnail","hentry","program-specialty-courses"],"acf":[],"_links":{"self":[{"href":"https:\/\/www.dive.gr\/it\/wp-json\/wp\/v2\/pages\/5413","targetHints":{"allow":["GET"]}}],"collection":[{"href":"https:\/\/www.dive.gr\/it\/wp-json\/wp\/v2\/pages"}],"about":[{"href":"https:\/\/www.dive.gr\/it\/wp-json\/wp\/v2\/types\/page"}],"author":[{"embeddable":true,"href":"https:\/\/www.dive.gr\/it\/wp-json\/wp\/v2\/users\/1"}],"replies":[{"embeddable":true,"href":"https:\/\/www.dive.gr\/it\/wp-json\/wp\/v2\/comments?post=5413"}],"version-history":[{"count":16,"href":"https:\/\/www.dive.gr\/it\/wp-json\/wp\/v2\/pages\/5413\/revisions"}],"predecessor-version":[{"id":14839,"href":"https:\/\/www.dive.gr\/it\/wp-json\/wp\/v2\/pages\/5413\/revisions\/14839"}],"wp:featuredmedia":[{"embeddable":true,"href":"https:\/\/www.dive.gr\/it\/wp-json\/wp\/v2\/media\/7762"}],"wp:attachment":[{"href":"https:\/\/www.dive.gr\/it\/wp-json\/wp\/v2\/media?parent=5413"}],"wp:term":[{"taxonomy":"program","embeddable":true,"href":"https:\/\/www.dive.gr\/it\/wp-json\/wp\/v2\/program?post=5413"}],"curies":[{"name":"wp","href":"https:\/\/api.w.org\/{rel}","templated":true}]}}