{"id":5388,"date":"2024-08-07T21:55:37","date_gmt":"2024-08-07T21:55:37","guid":{"rendered":"https:\/\/www.dive.gr\/newsite\/?page_id=5388"},"modified":"2024-10-02T08:14:14","modified_gmt":"2024-10-02T08:14:14","slug":"assistant-instructor","status":"publish","type":"page","link":"https:\/\/www.dive.gr\/it\/assistant-instructor\/","title":{"rendered":"Assistant Instructor"},"content":{"rendered":"<div data-elementor-type=\"wp-post\" data-elementor-id=\"5388\" class=\"elementor elementor-5388\" data-elementor-post-type=\"page\">\n\t\t\t\t\t\t<section class=\"elementor-section elementor-top-section elementor-element elementor-element-b230b6f elementor-section-stretched elementor-section-full_width scheme_dark elementor-reverse-tablet elementor-reverse-mobile elementor-section-height-default elementor-section-height-default\" data-id=\"b230b6f\" data-element_type=\"section\" data-settings=\"{&quot;stretch_section&quot;:&quot;section-stretched&quot;}\">\n\t\t\t\t\t\t<div class=\"elementor-container elementor-column-gap-no\">\n\t\t\t\t\t<div class=\"elementor-column elementor-col-50 elementor-top-column elementor-element elementor-element-098adc1 sc_inner_width_none sc_layouts_column_icons_position_left\" data-id=\"098adc1\" data-element_type=\"column\" data-settings=\"{&quot;background_background&quot;:&quot;classic&quot;}\">\n\t\t\t<div class=\"elementor-widget-wrap elementor-element-populated\">\n\t\t\t\t\t\t<div class=\"elementor-element elementor-element-d92a0b5 sc_fly_static elementor-widget elementor-widget-heading\" data-id=\"d92a0b5\" data-element_type=\"widget\" data-widget_type=\"heading.default\">\n\t\t\t\t<div class=\"elementor-widget-container\">\n\t\t\t<h2 class=\"elementor-heading-title elementor-size-default\">Assistant Instructor<\/h2>\t\t<\/div>\n\t\t\t\t<\/div>\n\t\t\t\t<div class=\"elementor-element elementor-element-a3680cf sc_fly_static elementor-widget elementor-widget-text-editor\" data-id=\"a3680cf\" data-element_type=\"widget\" data-widget_type=\"text-editor.default\">\n\t\t\t\t<div class=\"elementor-widget-container\">\n\t\t\t\t\t\t\t<p>Inizi qui per diventare un PADI Dive Instructor. Condivida la sua passione con altri e li aiuti a provare la stessa gioia che lei ha per le immersioni subacquee.<\/p>\t\t\t\t\t\t<\/div>\n\t\t\t\t<\/div>\n\t\t\t\t\t<\/div>\n\t\t<\/div>\n\t\t\t\t<div class=\"elementor-column elementor-col-50 elementor-top-column elementor-element elementor-element-bd94493 sc_inner_width_none sc_layouts_column_icons_position_left\" data-id=\"bd94493\" data-element_type=\"column\" data-settings=\"{&quot;background_background&quot;:&quot;classic&quot;}\">\n\t\t\t<div class=\"elementor-widget-wrap elementor-element-populated\">\n\t\t\t\t\t\t<section class=\"elementor-section elementor-inner-section elementor-element elementor-element-0130909 elementor-section-height-min-height elementor-section-boxed elementor-section-height-default\" data-id=\"0130909\" data-element_type=\"section\" data-settings=\"{&quot;background_background&quot;:&quot;video&quot;,&quot;background_video_link&quot;:&quot;https:\\\/\\\/www.dive.gr\\\/wp-content\\\/uploads\\\/2024\\\/09\\\/dive.gr-Mykonos-diving-center-intro-video.mp4&quot;}\">\n\t\t\t\t\t\t\t\t<div class=\"elementor-background-video-container elementor-hidden-phone\">\n\t\t\t\t\t\t\t\t\t\t\t\t\t<video class=\"elementor-background-video-hosted elementor-html5-video\" autoplay muted playsinline loop><\/video>\n\t\t\t\t\t\t\t\t\t\t\t<\/div>\n\t\t\t\t\t\t\t\t<div class=\"elementor-container elementor-column-gap-extended\">\n\t\t\t\t\t<div class=\"elementor-column elementor-col-100 elementor-inner-column elementor-element elementor-element-0016c9e sc_inner_width_none sc_layouts_column_icons_position_left\" data-id=\"0016c9e\" data-element_type=\"column\" data-settings=\"{&quot;background_background&quot;:&quot;classic&quot;}\">\n\t\t\t<div class=\"elementor-widget-wrap\">\n\t\t\t\t\t\t\t<\/div>\n\t\t<\/div>\n\t\t\t\t\t<\/div>\n\t\t<\/section>\n\t\t\t\t\t<\/div>\n\t\t<\/div>\n\t\t\t\t\t<\/div>\n\t\t<\/section>\n\t\t\t\t<section class=\"elementor-section elementor-top-section elementor-element elementor-element-2abe1a1 elementor-section-boxed elementor-section-height-default elementor-section-height-default\" data-id=\"2abe1a1\" data-element_type=\"section\" data-settings=\"{&quot;background_background&quot;:&quot;classic&quot;}\">\n\t\t\t\t\t\t<div class=\"elementor-container elementor-column-gap-extended\">\n\t\t\t\t\t<div class=\"elementor-column elementor-col-100 elementor-top-column elementor-element elementor-element-f39fccd sc_inner_width_none sc_layouts_column_icons_position_left\" data-id=\"f39fccd\" data-element_type=\"column\">\n\t\t\t<div class=\"elementor-widget-wrap elementor-element-populated\">\n\t\t\t\t\t\t<div class=\"elementor-element elementor-element-2e45deb sc_fly_static elementor-widget elementor-widget-text-editor\" data-id=\"2e45deb\" data-element_type=\"widget\" data-widget_type=\"text-editor.default\">\n\t\t\t\t<div class=\"elementor-widget-container\">\n\t\t\t\t\t\t\t<p>Se le piacciono le persone, ha una passione per le immersioni subacquee e desidera una vita straordinaria - diventi un PADI Instructor. Insegnare immersioni subacquee le permette di condividere il suo amore per il mondo acquatico con gli altri, facendo ci\u00f2 che le piace: stare dentro, intorno e sott'acqua. I PADI Open Water Scuba Instructor e PADI Assistant Instructor sono i professionisti dell'immersione pi\u00f9 richiesti in tutto il mondo, perch\u00e9 hanno completato il programma che stabilisce lo standard per la formazione dei professionisti dell'immersione. Lei\u00a0<i>guadagnare<\/i>\u00a0un rating PADI Instructor grazie al duro lavoro e all'impegno, ma viene ricompensato con un lavoro che le permette di condividere con gli altri incredibili avventure subacquee, trasformando la loro vita in meglio e arricchendo la sua.<\/p><p>\u00c8 pronto a unirsi ai ranghi dei professionisti dedicati che insegnano i programmi di formazione subacquea pi\u00f9 avanzati e popolari al mondo? Allora vada PRO<sup>SM<\/sup>\u00a0con un Instructor Sviluppo Course.<\/p><p>L'Instructor Development Course (IDC) \u00e8 composto da due parti: il corso Assistant Instructor (AI) e il programma Open Water Scuba Instructor (OWSI). La maggior parte dei professionisti dell'immersione completa l'intero IDC e prosegue con un esame Instructor (IE), che \u00e8 il passo finale per ottenere la certificazione PADI Instructor.<\/p><p>Completando con successo solo il corso AI si ottiene una qualifica PADI Assistant Instructor. Quando un AI \u00e8 pronto a progredire, la partecipazione a un programma OWSI consente di entrare in un IE per ottenere l'abilitazione completa PADI Instructor.<\/p><p>I professionisti dell'immersione che possiedono un'abilitazione di istruttore con un'altra organizzazione di formazione subacquea possono essere idonei a iscriversi direttamente al programma OWSI. Questo riconosce la formazione precedente di istruttore e fornisce un percorso per diventare PADI Instructor.<\/p><p>Un Divemaster PADI che ha conseguito la certificazione subacquea da sei mesi pu\u00f2 iscriversi al corso PADI Instructor Sviluppo Course. Sono necessari anche:<\/p><ul><li><p>Almeno 60 immersioni registrate e 100 immersioni per partecipare a un IE.<\/p><\/li><li><p>Formazione in Emergency First Response Primary and Secondary Care (RCP e Primo Soccorso) negli ultimi 24 mesi.<\/p><\/li><li><p>Una dichiarazione medica firmata da un medico negli ultimi 12 mesi.<\/p><\/li><\/ul><p>Deve anche essere un First Response di emergenza Instructor, ma pu\u00f2 ottenere questa qualifica durante la formazione di istruttore.<\/p><p>Un Esame Instructor (IE) \u00e8 un programma di valutazione di due giorni che verifica la capacit\u00e0 di insegnamento di un candidato istruttore, la conoscenza della teoria dell'immersione, il livello di abilit\u00e0, la comprensione del Sistema PADI, l'atteggiamento e la professionalit\u00e0. Gli IE PADI sono standardizzati e condotti da esaminatori PADI Instructor appositamente formati. L'ubicazione degli IE, l'ambiente di prova e le sessioni d'esame sono organizzati in modo da essere il pi\u00f9 oggettivi possibile, per valutare in modo equo e coerente le capacit\u00e0 di un candidato. Solo coloro che soddisfano i requisiti di performance dell'IE ottengono la rispettata certificazione PADI Instructor. La partecipazione a un IE \u00e8 a pagamento.<\/p>\t\t\t\t\t\t<\/div>\n\t\t\t\t<\/div>\n\t\t\t\t<div class=\"elementor-element elementor-element-f12d713 elementor-widget-divider--view-line sc_fly_static elementor-widget elementor-widget-divider\" data-id=\"f12d713\" data-element_type=\"widget\" data-widget_type=\"divider.default\">\n\t\t\t\t<div class=\"elementor-widget-container\">\n\t\t\t\t\t<div class=\"elementor-divider\">\n\t\t\t<span class=\"elementor-divider-separator\">\n\t\t\t\t\t\t<\/span>\n\t\t<\/div>\n\t\t\t\t<\/div>\n\t\t\t\t<\/div>\n\t\t\t\t<div class=\"elementor-element elementor-element-e560c35 sc_fly_static elementor-widget elementor-widget-text-editor\" data-id=\"e560c35\" data-element_type=\"widget\" data-widget_type=\"text-editor.default\">\n\t\t\t\t<div class=\"elementor-widget-container\">\n\t\t\t\t\t\t\t<p><strong>Accademico<\/strong><\/p><p>Nell'arco di un minimo di cinque giorni, ma di solito sono pi\u00f9 sette, l'IDC le insegna a condurre tutti i corsi base PADI. Sar\u00e0 in grado di organizzare e presentare informazioni, condurre sessioni di sviluppo delle abilit\u00e0 e controllare le immersioni in acque libere. In pratica, diventer\u00e0 un oratore migliore e diventer\u00e0 molto bravo a dimostrare le abilit\u00e0, facendo attenzione alla sicurezza degli studenti subacquei. Gli argomenti principali includono:<\/p><ul><li><p>PADI Standard e procedure per i corsi che pu\u00f2 insegnare nei laboratori acquatici<\/p><\/li><li><p>L'apprendimento, l'istruzione e il sistema PADI<\/p><\/li><li><p>Gestione del rischio e sicurezza subacquea<\/p><\/li><li><p>Il business delle immersioni e il suo ruolo come istruttore<\/p><\/li><li><p>Immersione nel marketing e consulenza alle vendite<\/p><\/li><\/ul><p>Potrebbe ottenere crediti universitari o il corso Assistant Instructor e Instructor Sviluppo Course.<\/p><p><strong style=\"font-size: 1rem; letter-spacing: 0.38px;\">Attrezzatura<\/strong><\/p><p>In qualit\u00e0 di professionista subacqueo, dovrebbe avere tutta l'attrezzatura subacquea di base, compresi un computer subacqueo, un coltello subacqueo e almeno due dispositivi di segnalazione in superficie. Durante gli esercizi di abilit\u00e0 pratica, come la mappatura subacquea e la ricerca e il recupero, utilizzer\u00e0 una bussola, galleggianti, boe di segnalazione, sacchi di sollevamento e lavagne. Il suo PADI Instructor pu\u00f2 suggerirle un equipaggiamento aggiuntivo che le sar\u00e0 utile nel corso della sua carriera subacquea.<\/p><p>Si rivolga al centro immersioni locale per ottenere consigli su tutto ci\u00f2 di cui avr\u00e0 bisogno come professionista delle immersioni.<\/p><p><strong>Per iniziare<\/strong><\/p><p>Si iscriva all'IDC Online - l'opzione di eLearning dell'PADI che le consente di studiare in modo indipendente al suo ritmo prima della lezione. Ci sono nove sezioni interattive per lo sviluppo delle conoscenze. Lo studio online consente di risparmiare tempo in aula, e quindi di esercitarsi maggiormente nelle competenze che la distinguono come PADI Instructor.<\/p><p>Inoltre, si iscriva al corso di Teoria dell'immersione online, se non l'ha ancora completato o se \u00e8 passato pi\u00f9 di un anno da quando l'ha affrontato. Il programma \u00e8 un semplice ripasso della fisica dell'immersione, della fisiologia, delle abilit\u00e0, dell'attrezzatura e dell'ambiente, oltre all'utilizzo del Piano di immersione ricreativo (RDP). Completando con successo il corso di Teoria delle immersioni online, potr\u00e0 ottenere un credito per l'esame di teoria delle immersioni richiesto durante il suo IDC.<\/p><p>Visiti il nostro resort subacqueo PADI Five Star e chieda informazioni sull'IDC.<\/p>\t\t\t\t\t\t<\/div>\n\t\t\t\t<\/div>\n\t\t\t\t<div class=\"elementor-element elementor-element-fe8c87c elementor-widget-divider--view-line sc_fly_static elementor-widget elementor-widget-divider\" data-id=\"fe8c87c\" data-element_type=\"widget\" data-widget_type=\"divider.default\">\n\t\t\t\t<div class=\"elementor-widget-container\">\n\t\t\t\t\t<div class=\"elementor-divider\">\n\t\t\t<span class=\"elementor-divider-separator\">\n\t\t\t\t\t\t<\/span>\n\t\t<\/div>\n\t\t\t\t<\/div>\n\t\t\t\t<\/div>\n\t\t\t\t<div class=\"elementor-element elementor-element-d71be12 sc_fly_static elementor-widget elementor-widget-heading\" data-id=\"d71be12\" data-element_type=\"widget\" data-widget_type=\"heading.default\">\n\t\t\t\t<div class=\"elementor-widget-container\">\n\t\t\t<h4 class=\"elementor-heading-title elementor-size-default\">Prenota ora<\/h4>\t\t<\/div>\n\t\t\t\t<\/div>\n\t\t\t\t<div class=\"elementor-element elementor-element-5dd152e sc_fly_static elementor-widget elementor-widget-shortcode\" data-id=\"5dd152e\" data-element_type=\"widget\" data-widget_type=\"shortcode.default\">\n\t\t\t\t<div class=\"elementor-widget-container\">\n\t\t\t\t\t<div class=\"elementor-shortcode\"><form id=\"forminator-module-9933\" class=\"forminator-custom-form forminator-custom-form-9933\" method=\"post\" data-forminator-render=\"0\" data-uid=\"69d46fd9e7544\" action=\"\"><div role=\"alert\" aria-live=\"polite\" class=\"forminator-response-message forminator-error\" aria-hidden=\"true\"><\/div><input type=\"hidden\" name=\"trp-form-language\" value=\"it\"\/><\/form><\/div>\n\t\t\t\t<\/div>\n\t\t\t\t<\/div>\n\t\t\t\t\t<\/div>\n\t\t<\/div>\n\t\t\t\t\t<\/div>\n\t\t<\/section>\n\t\t\t\t<\/div>","protected":false},"excerpt":{"rendered":"<p>Inizia qui per diventare un PADI Dive Instructor. Condividi la tua passione con...<\/p>","protected":false},"author":1,"featured_media":7719,"parent":0,"menu_order":0,"comment_status":"closed","ping_status":"closed","template":"","meta":{"_acf_changed":false,"footnotes":""},"program":[178],"class_list":["post-5388","page","type-page","status-publish","has-post-thumbnail","hentry","program-leadership-courses"],"acf":[],"_links":{"self":[{"href":"https:\/\/www.dive.gr\/it\/wp-json\/wp\/v2\/pages\/5388","targetHints":{"allow":["GET"]}}],"collection":[{"href":"https:\/\/www.dive.gr\/it\/wp-json\/wp\/v2\/pages"}],"about":[{"href":"https:\/\/www.dive.gr\/it\/wp-json\/wp\/v2\/types\/page"}],"author":[{"embeddable":true,"href":"https:\/\/www.dive.gr\/it\/wp-json\/wp\/v2\/users\/1"}],"replies":[{"embeddable":true,"href":"https:\/\/www.dive.gr\/it\/wp-json\/wp\/v2\/comments?post=5388"}],"version-history":[{"count":13,"href":"https:\/\/www.dive.gr\/it\/wp-json\/wp\/v2\/pages\/5388\/revisions"}],"predecessor-version":[{"id":14854,"href":"https:\/\/www.dive.gr\/it\/wp-json\/wp\/v2\/pages\/5388\/revisions\/14854"}],"wp:featuredmedia":[{"embeddable":true,"href":"https:\/\/www.dive.gr\/it\/wp-json\/wp\/v2\/media\/7719"}],"wp:attachment":[{"href":"https:\/\/www.dive.gr\/it\/wp-json\/wp\/v2\/media?parent=5388"}],"wp:term":[{"taxonomy":"program","embeddable":true,"href":"https:\/\/www.dive.gr\/it\/wp-json\/wp\/v2\/program?post=5388"}],"curies":[{"name":"wp","href":"https:\/\/api.w.org\/{rel}","templated":true}]}}