{"id":5382,"date":"2024-08-05T21:48:15","date_gmt":"2024-08-05T21:48:15","guid":{"rendered":"https:\/\/www.dive.gr\/newsite\/?page_id=5382"},"modified":"2024-10-02T08:14:21","modified_gmt":"2024-10-02T08:14:21","slug":"divemaster-diving-course","status":"publish","type":"page","link":"https:\/\/www.dive.gr\/it\/divemaster-diving-course\/","title":{"rendered":"Divemaster"},"content":{"rendered":"<div data-elementor-type=\"wp-post\" data-elementor-id=\"5382\" class=\"elementor elementor-5382\" data-elementor-post-type=\"page\">\n\t\t\t\t\t\t<section class=\"elementor-section elementor-top-section elementor-element elementor-element-b230b6f elementor-section-stretched elementor-section-full_width scheme_dark elementor-reverse-tablet elementor-reverse-mobile elementor-section-height-default elementor-section-height-default\" data-id=\"b230b6f\" data-element_type=\"section\" data-settings=\"{&quot;stretch_section&quot;:&quot;section-stretched&quot;}\">\n\t\t\t\t\t\t<div class=\"elementor-container elementor-column-gap-no\">\n\t\t\t\t\t<div class=\"elementor-column elementor-col-50 elementor-top-column elementor-element elementor-element-098adc1 sc_inner_width_none sc_layouts_column_icons_position_left\" data-id=\"098adc1\" data-element_type=\"column\" data-settings=\"{&quot;background_background&quot;:&quot;classic&quot;}\">\n\t\t\t<div class=\"elementor-widget-wrap elementor-element-populated\">\n\t\t\t\t\t\t<div class=\"elementor-element elementor-element-d92a0b5 sc_fly_static elementor-widget elementor-widget-heading\" data-id=\"d92a0b5\" data-element_type=\"widget\" data-widget_type=\"heading.default\">\n\t\t\t\t<div class=\"elementor-widget-container\">\n\t\t\t<h2 class=\"elementor-heading-title elementor-size-default\">Divemaster<\/h2>\t\t<\/div>\n\t\t\t\t<\/div>\n\t\t\t\t<div class=\"elementor-element elementor-element-a3680cf sc_fly_static elementor-widget elementor-widget-text-editor\" data-id=\"a3680cf\" data-element_type=\"widget\" data-widget_type=\"text-editor.default\">\n\t\t\t\t<div class=\"elementor-widget-container\">\n\t\t\t\t\t\t\t<p>Essere un leader che fa da mentore e motiva gli altri. Acquisire conoscenze sulle immersioni, capacit\u00e0 di supervisione e diventare un modello per i subacquei di tutto il mondo.<\/p>\t\t\t\t\t\t<\/div>\n\t\t\t\t<\/div>\n\t\t\t\t\t<\/div>\n\t\t<\/div>\n\t\t\t\t<div class=\"elementor-column elementor-col-50 elementor-top-column elementor-element elementor-element-bd94493 sc_inner_width_none sc_layouts_column_icons_position_left\" data-id=\"bd94493\" data-element_type=\"column\" data-settings=\"{&quot;background_background&quot;:&quot;classic&quot;}\">\n\t\t\t<div class=\"elementor-widget-wrap elementor-element-populated\">\n\t\t\t\t\t\t<section class=\"elementor-section elementor-inner-section elementor-element elementor-element-0130909 elementor-section-height-min-height elementor-section-boxed elementor-section-height-default\" data-id=\"0130909\" data-element_type=\"section\" data-settings=\"{&quot;background_background&quot;:&quot;video&quot;,&quot;background_video_link&quot;:&quot;https:\\\/\\\/www.dive.gr\\\/wp-content\\\/uploads\\\/2024\\\/09\\\/dive.gr-Mykonos-diving-center-intro-video.mp4&quot;}\">\n\t\t\t\t\t\t\t\t<div class=\"elementor-background-video-container elementor-hidden-phone\">\n\t\t\t\t\t\t\t\t\t\t\t\t\t<video class=\"elementor-background-video-hosted elementor-html5-video\" autoplay muted playsinline loop><\/video>\n\t\t\t\t\t\t\t\t\t\t\t<\/div>\n\t\t\t\t\t\t\t\t<div class=\"elementor-container elementor-column-gap-extended\">\n\t\t\t\t\t<div class=\"elementor-column elementor-col-100 elementor-inner-column elementor-element elementor-element-0016c9e sc_inner_width_none sc_layouts_column_icons_position_left\" data-id=\"0016c9e\" data-element_type=\"column\" data-settings=\"{&quot;background_background&quot;:&quot;classic&quot;}\">\n\t\t\t<div class=\"elementor-widget-wrap\">\n\t\t\t\t\t\t\t<\/div>\n\t\t<\/div>\n\t\t\t\t\t<\/div>\n\t\t<\/section>\n\t\t\t\t\t<\/div>\n\t\t<\/div>\n\t\t\t\t\t<\/div>\n\t\t<\/section>\n\t\t\t\t<section class=\"elementor-section elementor-top-section elementor-element elementor-element-2abe1a1 elementor-section-boxed elementor-section-height-default elementor-section-height-default\" data-id=\"2abe1a1\" data-element_type=\"section\" data-settings=\"{&quot;background_background&quot;:&quot;classic&quot;}\">\n\t\t\t\t\t\t<div class=\"elementor-container elementor-column-gap-extended\">\n\t\t\t\t\t<div class=\"elementor-column elementor-col-100 elementor-top-column elementor-element elementor-element-f39fccd sc_inner_width_none sc_layouts_column_icons_position_left\" data-id=\"f39fccd\" data-element_type=\"column\">\n\t\t\t<div class=\"elementor-widget-wrap elementor-element-populated\">\n\t\t\t\t\t\t<div class=\"elementor-element elementor-element-2e45deb sc_fly_static elementor-widget elementor-widget-text-editor\" data-id=\"2e45deb\" data-element_type=\"widget\" data-widget_type=\"text-editor.default\">\n\t\t\t\t<div class=\"elementor-widget-container\">\n\t\t\t\t\t\t\t<p>Ama le immersioni subacquee? Vuole condividerla con gli altri ad un livello completamente nuovo? Segua il corso PADI Divemaster e faccia quello che ama fare come carriera. I subacquei guardano con ammirazione ai divemaster perch\u00e9 sono leader che guidano e motivano gli altri. Come divemaster, non solo potr\u00e0 immergersi molto, ma anche sperimentare la gioia di vedere gli altri divertirsi come lei.<\/p><p>Il corso PADI Divemaster \u00e8 il suo primo livello di formazione professionale. Lavorando a stretto contatto con un PADI Instructor, perfezioner\u00e0 le sue abilit\u00e0 subacquee, come il perfezionamento dell'hover senza sforzo, e affiner\u00e0 le sue abilit\u00e0 di salvataggio in modo da anticipare e risolvere facilmente i problemi pi\u00f9 comuni. Acquisir\u00e0 conoscenze subacquee, capacit\u00e0 di gestione e di supervisione, in modo da diventare un modello per i subacquei di tutto il mondo.<\/p><p>Come Divemaster PADI, guider\u00e0 gli altri mentre supervisiona le attivit\u00e0 subacquee e assiste nell'addestramento dei subacquei. Che voglia lavorare in una destinazione subacquea lontana o vicino a casa in un negozio di immersioni locale, l'avventura di una vita la aspetta.<\/p><p>I Divemaster PADI sono professionisti dell'immersione rispettati e allineati con l'organizzazione subacquea pi\u00f9 grande e rispettata al mondo - PADI.<\/p><p>I PADI Rescue Diver che hanno almeno 18 anni possono iscriversi al corso PADI Divemaster. \u00c8 inoltre necessario avere:<\/p><ul><li>Formazione in Emergency First Response Primary and Secondary Care (RCP e Primo Soccorso) negli ultimi 24 mesi.<\/li><li>Una dichiarazione medica firmata da un medico negli ultimi 12 mesi.<\/li><li>Almeno 40 immersioni registrate per iniziare il corso e 60 immersioni per ottenere la certificazione.<\/li><\/ul><p>Si noti che possono essere richieste certificazioni qualificanti da parte di altre organizzazioni di formazione subacquea - chiedere al proprio PADI Instructor<\/p>\t\t\t\t\t\t<\/div>\n\t\t\t\t<\/div>\n\t\t\t\t<div class=\"elementor-element elementor-element-f12d713 elementor-widget-divider--view-line sc_fly_static elementor-widget elementor-widget-divider\" data-id=\"f12d713\" data-element_type=\"widget\" data-widget_type=\"divider.default\">\n\t\t\t\t<div class=\"elementor-widget-container\">\n\t\t\t\t\t<div class=\"elementor-divider\">\n\t\t\t<span class=\"elementor-divider-separator\">\n\t\t\t\t\t\t<\/span>\n\t\t<\/div>\n\t\t\t\t<\/div>\n\t\t\t\t<\/div>\n\t\t\t\t<div class=\"elementor-element elementor-element-e560c35 sc_fly_static elementor-widget elementor-widget-text-editor\" data-id=\"e560c35\" data-element_type=\"widget\" data-widget_type=\"text-editor.default\">\n\t\t\t\t<div class=\"elementor-widget-container\">\n\t\t\t\t\t\t\t<p><strong>Accademico<\/strong><\/p><p>Il corso PADI Divemaster le insegna ad essere un leader e a prendere il comando delle attivit\u00e0 subacquee. Attraverso sessioni di sviluppo delle conoscenze, esercizi e laboratori di abilit\u00e0 acquatiche e valutazioni pratiche, svilupper\u00e0 le capacit\u00e0 di organizzare e dirigere una serie di attivit\u00e0 subacquee. Gli argomenti e i laboratori pratici includono:<\/p><ul><li>Il ruolo e le caratteristiche del Divemaster PADI<\/li><li>Supervisiona le attivit\u00e0 di immersione e assiste gli studenti subacquei.<\/li><li>Sicurezza subacquea e gestione del rischio<\/li><li>Programmi condotti da Divemaster e competenze specialistiche<\/li><li>Il business delle immersioni e la sua carriera<\/li><li>Consapevolezza dell'ambiente di immersione<\/li><li>Impostazione e gestione delle immersioni<\/li><li>Mappatura di un sito in acque libere<\/li><li>Conduzione di briefing sulle immersioni<\/li><li>Organizzare un progetto di ricerca e recupero e un'immersione profonda<\/li><li>Conduzione di un corso di revisione subacquea e di skin diver<\/li><li>Assistere con il Discover Scuba Diving e condurre i programmi di immersioni locali Discover Local Diving.<\/li><\/ul><p>Potrebbe ottenere crediti universitari per il corso Divemaster - chieda al suo istruttore.<\/p><p><strong style=\"font-size: 1rem; letter-spacing: 0.38px;\">Attrezzatura<\/strong><\/p><p>In qualit\u00e0 di professionista subacqueo, dovrebbe avere tutta l'attrezzatura subacquea di base, compresi un computer subacqueo, un coltello subacqueo e almeno due dispositivi di segnalazione in superficie. Durante gli esercizi di abilit\u00e0 pratica, come la mappatura subacquea e la ricerca e il recupero, utilizzer\u00e0 una bussola, galleggianti, boe di segnalazione, sacchi di sollevamento e lavagne. Il suo PADI Instructor pu\u00f2 suggerirle un equipaggiamento aggiuntivo che le sar\u00e0 utile nel corso della sua carriera subacquea.<\/p><p>Si rivolga al centro immersioni locale per ottenere consigli su tutto ci\u00f2 di cui avr\u00e0 bisogno come professionista delle immersioni.<\/p><p><strong>Per iniziare<\/strong><\/p><p>Si iscriva a Divemaster Online - l'opzione eLearning di PADI - per iniziare subito. Pu\u00f2 lavorare attraverso otto sezioni di sviluppo delle conoscenze, utilizzando un sistema basato sul web che le consente di imparare al suo ritmo. Inoltre, ha accesso a una versione online del Manuale del Divemaster, da consultare durante e dopo il corso. Un'altra opzione \u00e8 quella di studiare leggendo il Manuale del Divemaster e guardando il Divemaster Video (un pacchetto di libro e DVD). Visiti il suo PADI Dive Center o Resort locale per iscriversi al corso e ricevere il Divemaster Crew-Pak, che include anche altri materiali di riferimento - come il Manuale PADI Instructor e l'Enciclopedia delle immersioni ricreative - che le serviranno durante il corso.<\/p><p>Prenda in considerazione la possibilit\u00e0 di seguire il corso di Teoria dell'immersione online, un altro programma di eLearning\u00ae di PADI, che la guida passo dopo passo attraverso la fisica dell'immersione, la fisiologia, le abilit\u00e0, l'attrezzatura e l'ambiente, oltre a un ripasso del Piano di immersione ricreativo (RDP). Completando con successo la Teoria dell'immersione online, potr\u00e0 ottenere un credito per met\u00e0 dell'esame finale Divemaster. Il suo PADI Instructor le spiegher\u00e0 come funziona quando vi incontrerete per programmare le sessioni di revisione delle conoscenze insieme agli esercizi di abilit\u00e0 in acqua, ai workshop e alle valutazioni pratiche.<\/p>\t\t\t\t\t\t<\/div>\n\t\t\t\t<\/div>\n\t\t\t\t<div class=\"elementor-element elementor-element-fe8c87c elementor-widget-divider--view-line sc_fly_static elementor-widget elementor-widget-divider\" data-id=\"fe8c87c\" data-element_type=\"widget\" data-widget_type=\"divider.default\">\n\t\t\t\t<div class=\"elementor-widget-container\">\n\t\t\t\t\t<div class=\"elementor-divider\">\n\t\t\t<span class=\"elementor-divider-separator\">\n\t\t\t\t\t\t<\/span>\n\t\t<\/div>\n\t\t\t\t<\/div>\n\t\t\t\t<\/div>\n\t\t\t\t<div class=\"elementor-element elementor-element-d71be12 sc_fly_static elementor-widget elementor-widget-heading\" data-id=\"d71be12\" data-element_type=\"widget\" data-widget_type=\"heading.default\">\n\t\t\t\t<div class=\"elementor-widget-container\">\n\t\t\t<h4 class=\"elementor-heading-title elementor-size-default\">Prenota ora<\/h4>\t\t<\/div>\n\t\t\t\t<\/div>\n\t\t\t\t<div class=\"elementor-element elementor-element-5dd152e sc_fly_static elementor-widget elementor-widget-shortcode\" data-id=\"5dd152e\" data-element_type=\"widget\" data-widget_type=\"shortcode.default\">\n\t\t\t\t<div class=\"elementor-widget-container\">\n\t\t\t\t\t<div class=\"elementor-shortcode\"><form id=\"forminator-module-9933\" class=\"forminator-custom-form forminator-custom-form-9933\" method=\"post\" data-forminator-render=\"0\" data-uid=\"69ee2530e04e4\" action=\"\"><div role=\"alert\" aria-live=\"polite\" class=\"forminator-response-message forminator-error\" aria-hidden=\"true\"><\/div><input type=\"hidden\" name=\"trp-form-language\" value=\"it\"\/><\/form><\/div>\n\t\t\t\t<\/div>\n\t\t\t\t<\/div>\n\t\t\t\t\t<\/div>\n\t\t<\/div>\n\t\t\t\t\t<\/div>\n\t\t<\/section>\n\t\t\t\t<\/div>","protected":false},"excerpt":{"rendered":"<p>Essere un leader che fa da mentore e motiva gli altri. Acquisire la conoscenza delle immersioni, la supervisione...<\/p>","protected":false},"author":1,"featured_media":8738,"parent":0,"menu_order":0,"comment_status":"closed","ping_status":"closed","template":"","meta":{"_acf_changed":false,"footnotes":""},"program":[178],"class_list":["post-5382","page","type-page","status-publish","has-post-thumbnail","hentry","program-leadership-courses"],"acf":[],"_links":{"self":[{"href":"https:\/\/www.dive.gr\/it\/wp-json\/wp\/v2\/pages\/5382","targetHints":{"allow":["GET"]}}],"collection":[{"href":"https:\/\/www.dive.gr\/it\/wp-json\/wp\/v2\/pages"}],"about":[{"href":"https:\/\/www.dive.gr\/it\/wp-json\/wp\/v2\/types\/page"}],"author":[{"embeddable":true,"href":"https:\/\/www.dive.gr\/it\/wp-json\/wp\/v2\/users\/1"}],"replies":[{"embeddable":true,"href":"https:\/\/www.dive.gr\/it\/wp-json\/wp\/v2\/comments?post=5382"}],"version-history":[{"count":13,"href":"https:\/\/www.dive.gr\/it\/wp-json\/wp\/v2\/pages\/5382\/revisions"}],"predecessor-version":[{"id":14857,"href":"https:\/\/www.dive.gr\/it\/wp-json\/wp\/v2\/pages\/5382\/revisions\/14857"}],"wp:featuredmedia":[{"embeddable":true,"href":"https:\/\/www.dive.gr\/it\/wp-json\/wp\/v2\/media\/8738"}],"wp:attachment":[{"href":"https:\/\/www.dive.gr\/it\/wp-json\/wp\/v2\/media?parent=5382"}],"wp:term":[{"taxonomy":"program","embeddable":true,"href":"https:\/\/www.dive.gr\/it\/wp-json\/wp\/v2\/program?post=5382"}],"curies":[{"name":"wp","href":"https:\/\/api.w.org\/{rel}","templated":true}]}}