{"id":5426,"date":"2024-08-05T22:16:12","date_gmt":"2024-08-05T22:16:12","guid":{"rendered":"https:\/\/www.dive.gr\/newsite\/?page_id=5426"},"modified":"2024-10-02T08:12:44","modified_gmt":"2024-10-02T08:12:44","slug":"boat-diver-diving-course","status":"publish","type":"page","link":"https:\/\/www.dive.gr\/fr\/boat-diver-diving-course\/","title":{"rendered":"Boat Diver"},"content":{"rendered":"<div data-elementor-type=\"wp-post\" data-elementor-id=\"5426\" class=\"elementor elementor-5426\" data-elementor-post-type=\"page\">\n\t\t\t\t\t\t<section class=\"elementor-section elementor-top-section elementor-element elementor-element-b230b6f elementor-section-stretched elementor-section-full_width scheme_dark elementor-reverse-tablet elementor-reverse-mobile elementor-section-height-default elementor-section-height-default\" data-id=\"b230b6f\" data-element_type=\"section\" data-settings=\"{&quot;stretch_section&quot;:&quot;section-stretched&quot;}\">\n\t\t\t\t\t\t<div class=\"elementor-container elementor-column-gap-no\">\n\t\t\t\t\t<div class=\"elementor-column elementor-col-50 elementor-top-column elementor-element elementor-element-098adc1 sc_inner_width_none sc_layouts_column_icons_position_left\" data-id=\"098adc1\" data-element_type=\"column\" data-settings=\"{&quot;background_background&quot;:&quot;classic&quot;}\">\n\t\t\t<div class=\"elementor-widget-wrap elementor-element-populated\">\n\t\t\t\t\t\t<div class=\"elementor-element elementor-element-d92a0b5 sc_fly_static elementor-widget elementor-widget-heading\" data-id=\"d92a0b5\" data-element_type=\"widget\" data-widget_type=\"heading.default\">\n\t\t\t\t<div class=\"elementor-widget-container\">\n\t\t\t<h2 class=\"elementor-heading-title elementor-size-default\">Boat Diver<\/h2>\t\t<\/div>\n\t\t\t\t<\/div>\n\t\t\t\t<div class=\"elementor-element elementor-element-a3680cf sc_fly_static elementor-widget elementor-widget-text-editor\" data-id=\"a3680cf\" data-element_type=\"widget\" data-widget_type=\"text-editor.default\">\n\t\t\t\t<div class=\"elementor-widget-container\">\n\t\t\t\t\t\t\t<p>Ce cours vous permet d'approfondir vos connaissances sur les bateaux, qu'il s'agisse de petites embarcations gonflables ou de grands bateaux de croisi\u00e8re. Vous acquerrez de l'exp\u00e9rience en mati\u00e8re de plong\u00e9e sous-marine en effectuant deux plong\u00e9es \u00e0 partir d'un bateau.<\/p>\t\t\t\t\t\t<\/div>\n\t\t\t\t<\/div>\n\t\t\t\t\t<\/div>\n\t\t<\/div>\n\t\t\t\t<div class=\"elementor-column elementor-col-50 elementor-top-column elementor-element elementor-element-bd94493 sc_inner_width_none sc_layouts_column_icons_position_left\" data-id=\"bd94493\" data-element_type=\"column\" data-settings=\"{&quot;background_background&quot;:&quot;classic&quot;}\">\n\t\t\t<div class=\"elementor-widget-wrap elementor-element-populated\">\n\t\t\t\t\t\t<section class=\"elementor-section elementor-inner-section elementor-element elementor-element-0130909 elementor-section-height-min-height elementor-section-boxed elementor-section-height-default\" data-id=\"0130909\" data-element_type=\"section\" data-settings=\"{&quot;background_background&quot;:&quot;video&quot;,&quot;background_video_link&quot;:&quot;https:\\\/\\\/www.dive.gr\\\/wp-content\\\/uploads\\\/2024\\\/09\\\/dive.gr-Mykonos-diving-center-intro-video.mp4&quot;}\">\n\t\t\t\t\t\t\t\t<div class=\"elementor-background-video-container elementor-hidden-phone\">\n\t\t\t\t\t\t\t\t\t\t\t\t\t<video class=\"elementor-background-video-hosted elementor-html5-video\" autoplay muted playsinline loop><\/video>\n\t\t\t\t\t\t\t\t\t\t\t<\/div>\n\t\t\t\t\t\t\t\t<div class=\"elementor-container elementor-column-gap-extended\">\n\t\t\t\t\t<div class=\"elementor-column elementor-col-100 elementor-inner-column elementor-element elementor-element-0016c9e sc_inner_width_none sc_layouts_column_icons_position_left\" data-id=\"0016c9e\" data-element_type=\"column\" data-settings=\"{&quot;background_background&quot;:&quot;classic&quot;}\">\n\t\t\t<div class=\"elementor-widget-wrap\">\n\t\t\t\t\t\t\t<\/div>\n\t\t<\/div>\n\t\t\t\t\t<\/div>\n\t\t<\/section>\n\t\t\t\t\t<\/div>\n\t\t<\/div>\n\t\t\t\t\t<\/div>\n\t\t<\/section>\n\t\t\t\t<section class=\"elementor-section elementor-top-section elementor-element elementor-element-2abe1a1 elementor-section-boxed elementor-section-height-default elementor-section-height-default\" data-id=\"2abe1a1\" data-element_type=\"section\" data-settings=\"{&quot;background_background&quot;:&quot;classic&quot;}\">\n\t\t\t\t\t\t<div class=\"elementor-container elementor-column-gap-extended\">\n\t\t\t\t\t<div class=\"elementor-column elementor-col-100 elementor-top-column elementor-element elementor-element-f39fccd sc_inner_width_none sc_layouts_column_icons_position_left\" data-id=\"f39fccd\" data-element_type=\"column\">\n\t\t\t<div class=\"elementor-widget-wrap elementor-element-populated\">\n\t\t\t\t\t\t<div class=\"elementor-element elementor-element-2e45deb sc_fly_static elementor-widget elementor-widget-text-editor\" data-id=\"2e45deb\" data-element_type=\"widget\" data-widget_type=\"text-editor.default\">\n\t\t\t\t<div class=\"elementor-widget-container\">\n\t\t\t\t\t\t\t<p>La plupart des meilleures plong\u00e9es sous-marines du monde ne sont accessibles que par bateau. Que vous n'ayez jamais effectu\u00e9 de plong\u00e9e en bateau ou que vous en ayez effectu\u00e9 des dizaines, le cours de sp\u00e9cialit\u00e9 PADI Boat Diver vous sera utile, car les bateaux ne fonctionnent pas de la m\u00eame mani\u00e8re dans toutes les r\u00e9gions du monde. La plong\u00e9e sous-marine \u00e0 partir d'un bateau est amusante et relativement facile car vous descendez g\u00e9n\u00e9ralement directement sur votre site de plong\u00e9e.<\/p><p>Si vous \u00eates un PADI (Junior) Open Water Diver \u00e2g\u00e9 d'au moins 10 ans, vous pouvez vous inscrire au cours Boat Diver.<\/p>\t\t\t\t\t\t<\/div>\n\t\t\t\t<\/div>\n\t\t\t\t<div class=\"elementor-element elementor-element-f12d713 elementor-widget-divider--view-line sc_fly_static elementor-widget elementor-widget-divider\" data-id=\"f12d713\" data-element_type=\"widget\" data-widget_type=\"divider.default\">\n\t\t\t\t<div class=\"elementor-widget-container\">\n\t\t\t\t\t<div class=\"elementor-divider\">\n\t\t\t<span class=\"elementor-divider-separator\">\n\t\t\t\t\t\t<\/span>\n\t\t<\/div>\n\t\t\t\t<\/div>\n\t\t\t\t<\/div>\n\t\t\t\t<div class=\"elementor-element elementor-element-e560c35 sc_fly_static elementor-widget elementor-widget-text-editor\" data-id=\"e560c35\" data-element_type=\"widget\" data-widget_type=\"text-editor.default\">\n\t\t\t\t<div class=\"elementor-widget-container\">\n\t\t\t\t\t\t\t<p><strong>Acad\u00e9mique<\/strong><\/p><p>Le cours PADI Boat Diver vous permettra d'approfondir vos connaissances sur les bateaux, qu'il s'agisse de petits pneumatiques ou de grands bateaux de croisi\u00e8re. Vous acquerrez de l'exp\u00e9rience en mati\u00e8re de plong\u00e9e sous-marine en effectuant deux plong\u00e9es \u00e0 partir d'un bateau dans votre r\u00e9gion et apprendrez :<\/p><ul><li><p>Terminologie des bateaux.<\/p><\/li><li><p>Proc\u00e9dures et \u00e9tiquette de la plong\u00e9e en bateau, y compris comment entrer et sortir, et o\u00f9 ranger votre mat\u00e9riel.<\/p><\/li><li><p>S\u00e9curit\u00e9 nautique, y compris comment trouver l'\u00e9quipement de s\u00e9curit\u00e9.<\/p><\/li><\/ul><p>Obtenez des cr\u00e9dits ! La premi\u00e8re plong\u00e9e de ce cours PADI Specialty Diver peut \u00eatre cr\u00e9dit\u00e9e en tant que plong\u00e9e aventure pour votre certification Advanced Open Water Diver - renseignez-vous aupr\u00e8s de votre instructeur sur les possibilit\u00e9s de cr\u00e9dit.<\/p><p><strong style=\"font-size: 1rem; letter-spacing: 0.38px;\">Equipement<\/strong><\/p><p>Outre l'\u00e9quipement de plong\u00e9e de base, vous devez disposer d'un dispositif de signalisation en surface, tel qu'un tube de signalisation gonflable. Il est \u00e9galement conseill\u00e9 d'avoir un kit complet de pi\u00e8ces d\u00e9tach\u00e9es. Votre PADI Instructor peut vous sugg\u00e9rer des \u00e9quipements suppl\u00e9mentaires en fonction du type de bateau et de l'endroit o\u00f9 vos aventures de plong\u00e9e en bateau vous m\u00e8neront.<\/p><p><strong>Pour commencer<\/strong><\/p><p>Vous pouvez commencer par lire le\u00a0<em>PADI Boat Diver Manuel<\/em>\u00a0et en regardant le\u00a0<em>Plong\u00e9e en bateau<\/em>\u00a0vid\u00e9o en pr\u00e9paration de la rencontre avec votre instructeur pour programmer les plong\u00e9es en bateau. Passez nous voir pour vous inscrire au cours et obtenir votre Boat Diver Crew-Pak et commencez \u00e0 apprendre.<\/p>\t\t\t\t\t\t<\/div>\n\t\t\t\t<\/div>\n\t\t\t\t<div class=\"elementor-element elementor-element-fe8c87c elementor-widget-divider--view-line sc_fly_static elementor-widget elementor-widget-divider\" data-id=\"fe8c87c\" data-element_type=\"widget\" data-widget_type=\"divider.default\">\n\t\t\t\t<div class=\"elementor-widget-container\">\n\t\t\t\t\t<div class=\"elementor-divider\">\n\t\t\t<span class=\"elementor-divider-separator\">\n\t\t\t\t\t\t<\/span>\n\t\t<\/div>\n\t\t\t\t<\/div>\n\t\t\t\t<\/div>\n\t\t\t\t<section class=\"elementor-section elementor-inner-section elementor-element elementor-element-a29c797 elementor-section-boxed elementor-section-height-default elementor-section-height-default\" data-id=\"a29c797\" data-element_type=\"section\">\n\t\t\t\t\t\t<div class=\"elementor-container elementor-column-gap-extended\">\n\t\t\t\t\t<div class=\"make-column-clickable-elementor elementor-column elementor-col-100 elementor-inner-column elementor-element elementor-element-cf0ffa2 sc_inner_width_none sc_layouts_column_icons_position_left\" style=\"cursor: pointer;\" data-column-clickable=\"https:\/\/apps.padi.com\/scuba-diving\/elearning\/purchasecourse.aspx?courseid=56&amp;_ga=2.143748147.764057478.1571210490-1216068278.1570006227&amp;fbclid=IwAR2wwNMK6xWNdb5jq8KzUDx5na1JimO8l46zyG7hewhY7PPip4sVOSME1io\" data-column-clickable-blank=\"_blank\" data-id=\"cf0ffa2\" data-element_type=\"column\">\n\t\t\t<div class=\"elementor-widget-wrap elementor-element-populated\">\n\t\t\t\t\t\t<div class=\"elementor-element elementor-element-b804bd5 sc_fly_static elementor-widget elementor-widget-heading\" data-id=\"b804bd5\" data-element_type=\"widget\" data-widget_type=\"heading.default\">\n\t\t\t\t<div class=\"elementor-widget-container\">\n\t\t\t<h4 class=\"elementor-heading-title elementor-size-default\">Acheter une formation en ligne<\/h4>\t\t<\/div>\n\t\t\t\t<\/div>\n\t\t\t\t<div class=\"elementor-element elementor-element-7ea74c1 sc_fly_static elementor-widget elementor-widget-image\" data-id=\"7ea74c1\" data-element_type=\"widget\" data-widget_type=\"image.default\">\n\t\t\t\t<div class=\"elementor-widget-container\">\n\t\t\t\t\t\t\t\t\t\t\t\t\t<img decoding=\"async\" width=\"300\" height=\"39\" data-src=\"https:\/\/www.dive.gr\/wp-content\/smush-webp\/2024\/09\/dive.gr-padi-eLearning-logo-300x39.png.webp\" class=\"attachment-medium size-medium wp-image-10258 lazyload\" alt=\"\" data-srcset=\"https:\/\/www.dive.gr\/wp-content\/smush-webp\/2024\/09\/dive.gr-padi-eLearning-logo-300x39.png.webp 300w, https:\/\/www.dive.gr\/wp-content\/smush-webp\/2024\/09\/dive.gr-padi-eLearning-logo-18x2.png.webp 18w, https:\/\/www.dive.gr\/wp-content\/smush-webp\/2024\/09\/dive.gr-padi-eLearning-logo-370x48.png.webp 370w, https:\/\/www.dive.gr\/wp-content\/smush-webp\/2024\/09\/dive.gr-padi-eLearning-logo.png.webp 436w\" data-sizes=\"(max-width: 300px) 100vw, 300px\" src=\"data:image\/svg+xml;base64,PHN2ZyB3aWR0aD0iMSIgaGVpZ2h0PSIxIiB4bWxucz0iaHR0cDovL3d3dy53My5vcmcvMjAwMC9zdmciPjwvc3ZnPg==\" style=\"--smush-placeholder-width: 300px; --smush-placeholder-aspect-ratio: 300\/39;\" \/>\t\t\t\t\t\t\t\t\t\t\t\t\t<\/div>\n\t\t\t\t<\/div>\n\t\t\t\t\t<\/div>\n\t\t<\/div>\n\t\t\t\t\t<\/div>\n\t\t<\/section>\n\t\t\t\t<div class=\"elementor-element elementor-element-98e3694 elementor-widget-divider--view-line sc_fly_static elementor-widget elementor-widget-divider\" data-id=\"98e3694\" data-element_type=\"widget\" data-widget_type=\"divider.default\">\n\t\t\t\t<div class=\"elementor-widget-container\">\n\t\t\t\t\t<div class=\"elementor-divider\">\n\t\t\t<span class=\"elementor-divider-separator\">\n\t\t\t\t\t\t<\/span>\n\t\t<\/div>\n\t\t\t\t<\/div>\n\t\t\t\t<\/div>\n\t\t\t\t<div class=\"elementor-element elementor-element-d71be12 sc_fly_static elementor-widget elementor-widget-heading\" data-id=\"d71be12\" data-element_type=\"widget\" data-widget_type=\"heading.default\">\n\t\t\t\t<div class=\"elementor-widget-container\">\n\t\t\t<h4 class=\"elementor-heading-title elementor-size-default\">R\u00e9servez d\u00e8s maintenant<\/h4>\t\t<\/div>\n\t\t\t\t<\/div>\n\t\t\t\t<div class=\"elementor-element elementor-element-5dd152e sc_fly_static elementor-widget elementor-widget-shortcode\" data-id=\"5dd152e\" data-element_type=\"widget\" data-widget_type=\"shortcode.default\">\n\t\t\t\t<div class=\"elementor-widget-container\">\n\t\t\t\t\t<div class=\"elementor-shortcode\"><form id=\"forminator-module-9933\" class=\"forminator-custom-form forminator-custom-form-9933\" method=\"post\" data-forminator-render=\"0\" data-uid=\"69de7fb3b4e65\" action=\"\"><div role=\"alert\" aria-live=\"polite\" class=\"forminator-response-message forminator-error\" aria-hidden=\"true\"><\/div><input type=\"hidden\" name=\"trp-form-language\" value=\"fr\"\/><\/form><\/div>\n\t\t\t\t<\/div>\n\t\t\t\t<\/div>\n\t\t\t\t\t<\/div>\n\t\t<\/div>\n\t\t\t\t\t<\/div>\n\t\t<\/section>\n\t\t\t\t<\/div>","protected":false},"excerpt":{"rendered":"<p>This course helps you expand your knowledge about boats from small inflatables&hellip;<\/p>","protected":false},"author":1,"featured_media":7312,"parent":0,"menu_order":0,"comment_status":"closed","ping_status":"closed","template":"","meta":{"_acf_changed":false,"footnotes":""},"program":[179],"class_list":["post-5426","page","type-page","status-publish","has-post-thumbnail","hentry","program-specialty-courses"],"acf":[],"_links":{"self":[{"href":"https:\/\/www.dive.gr\/fr\/wp-json\/wp\/v2\/pages\/5426","targetHints":{"allow":["GET"]}}],"collection":[{"href":"https:\/\/www.dive.gr\/fr\/wp-json\/wp\/v2\/pages"}],"about":[{"href":"https:\/\/www.dive.gr\/fr\/wp-json\/wp\/v2\/types\/page"}],"author":[{"embeddable":true,"href":"https:\/\/www.dive.gr\/fr\/wp-json\/wp\/v2\/users\/1"}],"replies":[{"embeddable":true,"href":"https:\/\/www.dive.gr\/fr\/wp-json\/wp\/v2\/comments?post=5426"}],"version-history":[{"count":16,"href":"https:\/\/www.dive.gr\/fr\/wp-json\/wp\/v2\/pages\/5426\/revisions"}],"predecessor-version":[{"id":14845,"href":"https:\/\/www.dive.gr\/fr\/wp-json\/wp\/v2\/pages\/5426\/revisions\/14845"}],"wp:featuredmedia":[{"embeddable":true,"href":"https:\/\/www.dive.gr\/fr\/wp-json\/wp\/v2\/media\/7312"}],"wp:attachment":[{"href":"https:\/\/www.dive.gr\/fr\/wp-json\/wp\/v2\/media?parent=5426"}],"wp:term":[{"taxonomy":"program","embeddable":true,"href":"https:\/\/www.dive.gr\/fr\/wp-json\/wp\/v2\/program?post=5426"}],"curies":[{"name":"wp","href":"https:\/\/api.w.org\/{rel}","templated":true}]}}