{"id":5421,"date":"2024-08-05T22:13:51","date_gmt":"2024-08-05T22:13:51","guid":{"rendered":"https:\/\/www.dive.gr\/newsite\/?page_id=5421"},"modified":"2024-10-02T08:11:13","modified_gmt":"2024-10-02T08:11:13","slug":"peak-performance-buoyancy-diving-course","status":"publish","type":"page","link":"https:\/\/www.dive.gr\/fr\/peak-performance-buoyancy-diving-course\/","title":{"rendered":"Peak Performance Buoyancy"},"content":{"rendered":"<div data-elementor-type=\"wp-post\" data-elementor-id=\"5421\" class=\"elementor elementor-5421\" data-elementor-post-type=\"page\">\n\t\t\t\t\t\t<section class=\"elementor-section elementor-top-section elementor-element elementor-element-b230b6f elementor-section-stretched elementor-section-full_width scheme_dark elementor-reverse-tablet elementor-reverse-mobile elementor-section-height-default elementor-section-height-default\" data-id=\"b230b6f\" data-element_type=\"section\" data-settings=\"{&quot;stretch_section&quot;:&quot;section-stretched&quot;}\">\n\t\t\t\t\t\t<div class=\"elementor-container elementor-column-gap-no\">\n\t\t\t\t\t<div class=\"elementor-column elementor-col-50 elementor-top-column elementor-element elementor-element-098adc1 sc_inner_width_none sc_layouts_column_icons_position_left\" data-id=\"098adc1\" data-element_type=\"column\" data-settings=\"{&quot;background_background&quot;:&quot;classic&quot;}\">\n\t\t\t<div class=\"elementor-widget-wrap elementor-element-populated\">\n\t\t\t\t\t\t<div class=\"elementor-element elementor-element-d92a0b5 sc_fly_static elementor-widget elementor-widget-heading\" data-id=\"d92a0b5\" data-element_type=\"widget\" data-widget_type=\"heading.default\">\n\t\t\t\t<div class=\"elementor-widget-container\">\n\t\t\t<h2 class=\"elementor-heading-title elementor-size-default\">Peak Performance Buoyancy<\/h2>\t\t<\/div>\n\t\t\t\t<\/div>\n\t\t\t\t<div class=\"elementor-element elementor-element-a3680cf sc_fly_static elementor-widget elementor-widget-text-editor\" data-id=\"a3680cf\" data-element_type=\"widget\" data-widget_type=\"text-editor.default\">\n\t\t\t\t<div class=\"elementor-widget-container\">\n\t\t\t\t\t\t\t<p>Observez la vie aquatique sans d\u00e9ranger votre entourage. Am\u00e9liorez les techniques de flottabilit\u00e9 que vous avez apprises en tant que plongeur d\u00e9butant et passez au niveau sup\u00e9rieur.<\/p>\t\t\t\t\t\t<\/div>\n\t\t\t\t<\/div>\n\t\t\t\t\t<\/div>\n\t\t<\/div>\n\t\t\t\t<div class=\"elementor-column elementor-col-50 elementor-top-column elementor-element elementor-element-bd94493 sc_inner_width_none sc_layouts_column_icons_position_left\" data-id=\"bd94493\" data-element_type=\"column\" data-settings=\"{&quot;background_background&quot;:&quot;classic&quot;}\">\n\t\t\t<div class=\"elementor-widget-wrap elementor-element-populated\">\n\t\t\t\t\t\t<section class=\"elementor-section elementor-inner-section elementor-element elementor-element-0130909 elementor-section-height-min-height elementor-section-boxed elementor-section-height-default\" data-id=\"0130909\" data-element_type=\"section\" data-settings=\"{&quot;background_background&quot;:&quot;video&quot;,&quot;background_video_link&quot;:&quot;https:\\\/\\\/www.dive.gr\\\/wp-content\\\/uploads\\\/2024\\\/09\\\/dive.gr-Mykonos-diving-center-intro-video.mp4&quot;}\">\n\t\t\t\t\t\t\t\t<div class=\"elementor-background-video-container elementor-hidden-phone\">\n\t\t\t\t\t\t\t\t\t\t\t\t\t<video class=\"elementor-background-video-hosted elementor-html5-video\" autoplay muted playsinline loop><\/video>\n\t\t\t\t\t\t\t\t\t\t\t<\/div>\n\t\t\t\t\t\t\t\t<div class=\"elementor-container elementor-column-gap-extended\">\n\t\t\t\t\t<div class=\"elementor-column elementor-col-100 elementor-inner-column elementor-element elementor-element-0016c9e sc_inner_width_none sc_layouts_column_icons_position_left\" data-id=\"0016c9e\" data-element_type=\"column\" data-settings=\"{&quot;background_background&quot;:&quot;classic&quot;}\">\n\t\t\t<div class=\"elementor-widget-wrap\">\n\t\t\t\t\t\t\t<\/div>\n\t\t<\/div>\n\t\t\t\t\t<\/div>\n\t\t<\/section>\n\t\t\t\t\t<\/div>\n\t\t<\/div>\n\t\t\t\t\t<\/div>\n\t\t<\/section>\n\t\t\t\t<section class=\"elementor-section elementor-top-section elementor-element elementor-element-2abe1a1 elementor-section-boxed elementor-section-height-default elementor-section-height-default\" data-id=\"2abe1a1\" data-element_type=\"section\" data-settings=\"{&quot;background_background&quot;:&quot;classic&quot;}\">\n\t\t\t\t\t\t<div class=\"elementor-container elementor-column-gap-extended\">\n\t\t\t\t\t<div class=\"elementor-column elementor-col-100 elementor-top-column elementor-element elementor-element-f39fccd sc_inner_width_none sc_layouts_column_icons_position_left\" data-id=\"f39fccd\" data-element_type=\"column\">\n\t\t\t<div class=\"elementor-widget-wrap elementor-element-populated\">\n\t\t\t\t\t\t<div class=\"elementor-element elementor-element-2e45deb sc_fly_static elementor-widget elementor-widget-text-editor\" data-id=\"2e45deb\" data-element_type=\"widget\" data-widget_type=\"text-editor.default\">\n\t\t\t\t<div class=\"elementor-widget-container\">\n\t\t\t\t\t\t\t<p>Un excellent contr\u00f4le de la flottabilit\u00e9 est ce qui caract\u00e9rise les plongeurs qualifi\u00e9s. Vous les avez vus sous l'eau. Ils glissent sans effort, utilisent moins d'air et montent, descendent ou planent presque par la pens\u00e9e. Ils observent plus facilement la vie aquatique sans perturber leur environnement. Vous aussi, vous pouvez y parvenir. Le cours de sp\u00e9cialit\u00e9 PADI Peak Performance Buoyancy am\u00e9liore les comp\u00e9tences de flottabilit\u00e9 que vous avez acquises en tant que nouveau plongeur et les \u00e9l\u00e8ve \u00e0 un niveau sup\u00e9rieur.<\/p><p>PADI (Junior) Les Open Water Diver ou plus, \u00e2g\u00e9s d'au moins 10 ans, peuvent suivre le cours Peak Performance Buoyancy.<\/p>\t\t\t\t\t\t<\/div>\n\t\t\t\t<\/div>\n\t\t\t\t<div class=\"elementor-element elementor-element-f12d713 elementor-widget-divider--view-line sc_fly_static elementor-widget elementor-widget-divider\" data-id=\"f12d713\" data-element_type=\"widget\" data-widget_type=\"divider.default\">\n\t\t\t\t<div class=\"elementor-widget-container\">\n\t\t\t\t\t<div class=\"elementor-divider\">\n\t\t\t<span class=\"elementor-divider-separator\">\n\t\t\t\t\t\t<\/span>\n\t\t<\/div>\n\t\t\t\t<\/div>\n\t\t\t\t<\/div>\n\t\t\t\t<div class=\"elementor-element elementor-element-e560c35 sc_fly_static elementor-widget elementor-widget-text-editor\" data-id=\"e560c35\" data-element_type=\"widget\" data-widget_type=\"text-editor.default\">\n\t\t\t\t<div class=\"elementor-widget-container\">\n\t\t\t\t\t\t\t<p><strong>Acad\u00e9mique<\/strong><\/p><p>Au cours de deux plong\u00e9es, vous apprendrez \u00e0.. :<\/p><ul><li><p>D\u00e9terminez le poids exact dont vous avez besoin, afin de ne pas \u00eatre trop l\u00e9ger ou trop lourd.<\/p><\/li><li><p>Ajustez votre syst\u00e8me de poids et votre \u00e9quipement de plong\u00e9e afin d'\u00eatre parfaitement \u00e9quilibr\u00e9 dans l'eau.<\/p><\/li><li><p>La rationalisation permet d'\u00e9conomiser de l'\u00e9nergie, d'utiliser l'air plus efficacement et de se d\u00e9placer plus facilement dans l'eau.<\/p><\/li><li><p>Le vol stationnaire s'effectue sans effort dans n'importe quelle position - verticale ou horizontale.<\/p><\/li><\/ul><p>Obtenez des cr\u00e9dits ! La premi\u00e8re plong\u00e9e de ce cours PADI Specialty Diver peut \u00eatre cr\u00e9dit\u00e9e en tant que plong\u00e9e aventure pour votre certification Advanced Open Water Diver - renseignez-vous aupr\u00e8s de votre instructeur sur les possibilit\u00e9s de cr\u00e9dit.<\/p><p>Vous \u00eates novice en mati\u00e8re de recycleur ? Ce cours contient de nombreux conseils utiles pour obtenir un bon contr\u00f4le de la flottabilit\u00e9 lors de la plong\u00e9e en recycleur.<\/p><p><strong style=\"font-size: 1rem; letter-spacing: 0.38px;\">Equipement<\/strong><\/p><p>Il est pr\u00e9f\u00e9rable d'utiliser votre propre \u00e9quipement de plong\u00e9e, y compris un syst\u00e8me de poids, afin d'ajuster votre flottabilit\u00e9 dans l'\u00e9quipement que vous utiliserez \u00e0 chaque plong\u00e9e. Votre PADI Instructor peut vous aider \u00e0 trouver l'\u00e9quipement le mieux adapt\u00e9 \u00e0 vos besoins et \u00e0 vos aventures de plong\u00e9e.<\/p><p><strong>Pour commencer<\/strong><\/p><p>Visitez-nous pour vous inscrire au cours et obtenir votre PADI\u00a0<em>Manuel Peak Performance Buoyancy\u00a0<\/em>et<em>\u00a0Peak Performance Buoyancy\u00a0<\/em>vid\u00e9o. En lisant le manuel et en regardant la vid\u00e9o avant le cours, vous serez pr\u00eat \u00e0 entrer dans l'eau et \u00e0 commencer \u00e0 pratiquer vos comp\u00e9tences de flottabilit\u00e9 lorsque vous rencontrerez votre PADI Instructor.<\/p>\t\t\t\t\t\t<\/div>\n\t\t\t\t<\/div>\n\t\t\t\t<div class=\"elementor-element elementor-element-fe8c87c elementor-widget-divider--view-line sc_fly_static elementor-widget elementor-widget-divider\" data-id=\"fe8c87c\" data-element_type=\"widget\" data-widget_type=\"divider.default\">\n\t\t\t\t<div class=\"elementor-widget-container\">\n\t\t\t\t\t<div class=\"elementor-divider\">\n\t\t\t<span class=\"elementor-divider-separator\">\n\t\t\t\t\t\t<\/span>\n\t\t<\/div>\n\t\t\t\t<\/div>\n\t\t\t\t<\/div>\n\t\t\t\t<div class=\"elementor-element elementor-element-d71be12 sc_fly_static elementor-widget elementor-widget-heading\" data-id=\"d71be12\" data-element_type=\"widget\" data-widget_type=\"heading.default\">\n\t\t\t\t<div class=\"elementor-widget-container\">\n\t\t\t<h4 class=\"elementor-heading-title elementor-size-default\">R\u00e9servez d\u00e8s maintenant<\/h4>\t\t<\/div>\n\t\t\t\t<\/div>\n\t\t\t\t<div class=\"elementor-element elementor-element-5dd152e sc_fly_static elementor-widget elementor-widget-shortcode\" data-id=\"5dd152e\" data-element_type=\"widget\" data-widget_type=\"shortcode.default\">\n\t\t\t\t<div class=\"elementor-widget-container\">\n\t\t\t\t\t<div class=\"elementor-shortcode\"><form id=\"forminator-module-9933\" class=\"forminator-custom-form forminator-custom-form-9933\" method=\"post\" data-forminator-render=\"0\" data-uid=\"69de510b403aa\" action=\"\"><div role=\"alert\" aria-live=\"polite\" class=\"forminator-response-message forminator-error\" aria-hidden=\"true\"><\/div><input type=\"hidden\" name=\"trp-form-language\" value=\"fr\"\/><\/form><\/div>\n\t\t\t\t<\/div>\n\t\t\t\t<\/div>\n\t\t\t\t\t<\/div>\n\t\t<\/div>\n\t\t\t\t\t<\/div>\n\t\t<\/section>\n\t\t\t\t<\/div>","protected":false},"excerpt":{"rendered":"<p>Observez la vie aquatique sans perturber leur environnement. Am\u00e9liorez vos capacit\u00e9s de flottabilit\u00e9...<\/p>","protected":false},"author":1,"featured_media":8724,"parent":0,"menu_order":0,"comment_status":"closed","ping_status":"closed","template":"","meta":{"_acf_changed":false,"footnotes":""},"program":[179],"class_list":["post-5421","page","type-page","status-publish","has-post-thumbnail","hentry","program-specialty-courses"],"acf":[],"_links":{"self":[{"href":"https:\/\/www.dive.gr\/fr\/wp-json\/wp\/v2\/pages\/5421","targetHints":{"allow":["GET"]}}],"collection":[{"href":"https:\/\/www.dive.gr\/fr\/wp-json\/wp\/v2\/pages"}],"about":[{"href":"https:\/\/www.dive.gr\/fr\/wp-json\/wp\/v2\/types\/page"}],"author":[{"embeddable":true,"href":"https:\/\/www.dive.gr\/fr\/wp-json\/wp\/v2\/users\/1"}],"replies":[{"embeddable":true,"href":"https:\/\/www.dive.gr\/fr\/wp-json\/wp\/v2\/comments?post=5421"}],"version-history":[{"count":13,"href":"https:\/\/www.dive.gr\/fr\/wp-json\/wp\/v2\/pages\/5421\/revisions"}],"predecessor-version":[{"id":14842,"href":"https:\/\/www.dive.gr\/fr\/wp-json\/wp\/v2\/pages\/5421\/revisions\/14842"}],"wp:featuredmedia":[{"embeddable":true,"href":"https:\/\/www.dive.gr\/fr\/wp-json\/wp\/v2\/media\/8724"}],"wp:attachment":[{"href":"https:\/\/www.dive.gr\/fr\/wp-json\/wp\/v2\/media?parent=5421"}],"wp:term":[{"taxonomy":"program","embeddable":true,"href":"https:\/\/www.dive.gr\/fr\/wp-json\/wp\/v2\/program?post=5421"}],"curies":[{"name":"wp","href":"https:\/\/api.w.org\/{rel}","templated":true}]}}