{"id":5413,"date":"2024-08-05T22:12:00","date_gmt":"2024-08-05T22:12:00","guid":{"rendered":"https:\/\/www.dive.gr\/newsite\/?page_id=5413"},"modified":"2024-10-02T08:08:29","modified_gmt":"2024-10-02T08:08:29","slug":"search-and-recovery-diver-diving-course","status":"publish","type":"page","link":"https:\/\/www.dive.gr\/fr\/search-and-recovery-diver-diving-course\/","title":{"rendered":"Plongeur de recherche et de r\u00e9cup\u00e9ration"},"content":{"rendered":"<div data-elementor-type=\"wp-post\" data-elementor-id=\"5413\" class=\"elementor elementor-5413\" data-elementor-post-type=\"page\">\n\t\t\t\t\t\t<section class=\"elementor-section elementor-top-section elementor-element elementor-element-b230b6f elementor-section-stretched elementor-section-full_width scheme_dark elementor-reverse-tablet elementor-reverse-mobile elementor-section-height-default elementor-section-height-default\" data-id=\"b230b6f\" data-element_type=\"section\" data-settings=\"{&quot;stretch_section&quot;:&quot;section-stretched&quot;}\">\n\t\t\t\t\t\t<div class=\"elementor-container elementor-column-gap-no\">\n\t\t\t\t\t<div class=\"elementor-column elementor-col-50 elementor-top-column elementor-element elementor-element-098adc1 sc_inner_width_none sc_layouts_column_icons_position_left\" data-id=\"098adc1\" data-element_type=\"column\" data-settings=\"{&quot;background_background&quot;:&quot;classic&quot;}\">\n\t\t\t<div class=\"elementor-widget-wrap elementor-element-populated\">\n\t\t\t\t\t\t<div class=\"elementor-element elementor-element-d92a0b5 sc_fly_static elementor-widget elementor-widget-heading\" data-id=\"d92a0b5\" data-element_type=\"widget\" data-widget_type=\"heading.default\">\n\t\t\t\t<div class=\"elementor-widget-container\">\n\t\t\t<h2 class=\"elementor-heading-title elementor-size-default\">Plongeur de recherche et de r\u00e9cup\u00e9ration<\/h2>\t\t<\/div>\n\t\t\t\t<\/div>\n\t\t\t\t<div class=\"elementor-element elementor-element-a3680cf sc_fly_static elementor-widget elementor-widget-text-editor\" data-id=\"a3680cf\" data-element_type=\"widget\" data-widget_type=\"text-editor.default\">\n\t\t\t\t<div class=\"elementor-widget-container\">\n\t\t\t\t\t\t\t<p>R\u00e9cup\u00e9rer les objets perdus qui sont tomb\u00e9s par-dessus bord ou sur un quai. Apprenez \u00e0 nager efficacement et \u00e0 utiliser un sac de levage pour les objets lourds.<\/p>\t\t\t\t\t\t<\/div>\n\t\t\t\t<\/div>\n\t\t\t\t\t<\/div>\n\t\t<\/div>\n\t\t\t\t<div class=\"elementor-column elementor-col-50 elementor-top-column elementor-element elementor-element-bd94493 sc_inner_width_none sc_layouts_column_icons_position_left\" data-id=\"bd94493\" data-element_type=\"column\" data-settings=\"{&quot;background_background&quot;:&quot;classic&quot;}\">\n\t\t\t<div class=\"elementor-widget-wrap elementor-element-populated\">\n\t\t\t\t\t\t<section class=\"elementor-section elementor-inner-section elementor-element elementor-element-0130909 elementor-section-height-min-height elementor-section-boxed elementor-section-height-default\" data-id=\"0130909\" data-element_type=\"section\" data-settings=\"{&quot;background_background&quot;:&quot;video&quot;,&quot;background_video_link&quot;:&quot;https:\\\/\\\/www.dive.gr\\\/wp-content\\\/uploads\\\/2024\\\/09\\\/dive.gr-Mykonos-diving-center-intro-video.mp4&quot;}\">\n\t\t\t\t\t\t\t\t<div class=\"elementor-background-video-container elementor-hidden-phone\">\n\t\t\t\t\t\t\t\t\t\t\t\t\t<video class=\"elementor-background-video-hosted elementor-html5-video\" autoplay muted playsinline loop><\/video>\n\t\t\t\t\t\t\t\t\t\t\t<\/div>\n\t\t\t\t\t\t\t\t<div class=\"elementor-container elementor-column-gap-extended\">\n\t\t\t\t\t<div class=\"elementor-column elementor-col-100 elementor-inner-column elementor-element elementor-element-0016c9e sc_inner_width_none sc_layouts_column_icons_position_left\" data-id=\"0016c9e\" data-element_type=\"column\" data-settings=\"{&quot;background_background&quot;:&quot;classic&quot;}\">\n\t\t\t<div class=\"elementor-widget-wrap\">\n\t\t\t\t\t\t\t<\/div>\n\t\t<\/div>\n\t\t\t\t\t<\/div>\n\t\t<\/section>\n\t\t\t\t\t<\/div>\n\t\t<\/div>\n\t\t\t\t\t<\/div>\n\t\t<\/section>\n\t\t\t\t<section class=\"elementor-section elementor-top-section elementor-element elementor-element-2abe1a1 elementor-section-boxed elementor-section-height-default elementor-section-height-default\" data-id=\"2abe1a1\" data-element_type=\"section\" data-settings=\"{&quot;background_background&quot;:&quot;classic&quot;}\">\n\t\t\t\t\t\t<div class=\"elementor-container elementor-column-gap-extended\">\n\t\t\t\t\t<div class=\"elementor-column elementor-col-100 elementor-top-column elementor-element elementor-element-f39fccd sc_inner_width_none sc_layouts_column_icons_position_left\" data-id=\"f39fccd\" data-element_type=\"column\">\n\t\t\t<div class=\"elementor-widget-wrap elementor-element-populated\">\n\t\t\t\t\t\t<div class=\"elementor-element elementor-element-2e45deb sc_fly_static elementor-widget elementor-widget-text-editor\" data-id=\"2e45deb\" data-element_type=\"widget\" data-widget_type=\"text-editor.default\">\n\t\t\t\t<div class=\"elementor-widget-container\">\n\t\t\t\t\t\t\t<p>Cela arrive : Les gens laissent tomber accidentellement des objets depuis les quais, les bateaux ou m\u00eame pendant la plong\u00e9e sous-marine. Si vous avez d\u00e9j\u00e0 perdu un objet dans l'eau et que vous vouliez le retrouver, le cours de sp\u00e9cialit\u00e9 PADI Search and Recovery Diver (plongeur sp\u00e9cialis\u00e9 dans la recherche et la r\u00e9cup\u00e9ration) est fait pour vous. Il existe des m\u00e9thodes efficaces de recherche d'objets sous l'eau qui augmentent vos chances de r\u00e9ussite. Il existe \u00e9galement de bonnes et de meilleures m\u00e9thodes pour remonter des objets petits, grands ou simplement encombrants. La recherche et la r\u00e9cup\u00e9ration peuvent \u00eatre un d\u00e9fi, mais aussi beaucoup de plaisir.<\/p><p>Les PADI (Junior) Advanced Open Water Diver \u00e2g\u00e9s d'au moins 12 ans peuvent s'inscrire au cours de plong\u00e9e de recherche et de r\u00e9cup\u00e9ration. Les PADI (Junior) Open Water Diver titulaires d'une certification PADI Underwater Navigator peuvent \u00e9galement s'inscrire.<\/p>\t\t\t\t\t\t<\/div>\n\t\t\t\t<\/div>\n\t\t\t\t<div class=\"elementor-element elementor-element-f12d713 elementor-widget-divider--view-line sc_fly_static elementor-widget elementor-widget-divider\" data-id=\"f12d713\" data-element_type=\"widget\" data-widget_type=\"divider.default\">\n\t\t\t\t<div class=\"elementor-widget-container\">\n\t\t\t\t\t<div class=\"elementor-divider\">\n\t\t\t<span class=\"elementor-divider-separator\">\n\t\t\t\t\t\t<\/span>\n\t\t<\/div>\n\t\t\t\t<\/div>\n\t\t\t\t<\/div>\n\t\t\t\t<div class=\"elementor-element elementor-element-e560c35 sc_fly_static elementor-widget elementor-widget-text-editor\" data-id=\"e560c35\" data-element_type=\"widget\" data-widget_type=\"text-editor.default\">\n\t\t\t\t<div class=\"elementor-widget-container\">\n\t\t\t\t\t\t\t<p><strong>Acad\u00e9mique<\/strong><\/p><p>La collecte d'informations et de ressources, puis la planification minutieuse d'une recherche sont les premi\u00e8res \u00e9tapes importantes que vous apprendrez. Au cours de quatre plong\u00e9es, vous vous entra\u00eenerez :<\/p><ul><li><p>Recherchez des mod\u00e8les de nage en utilisant votre boussole et la navigation naturelle.<\/p><\/li><li><p>Localiser des objets de petite et de grande taille en utilisant diff\u00e9rents mod\u00e8les de recherche.<\/p><\/li><li><p>Utilisation d'un sac de levage pour les objets lourds ou de grande taille, ainsi que d'autres m\u00e9thodes de r\u00e9cup\u00e9ration.<\/p><\/li><li><p>Planification d'une op\u00e9ration de recherche sur la base des informations recueillies sur un objet perdu avant la plong\u00e9e.<\/p><\/li><\/ul><p>Vous pouvez peut-\u00eatre obtenir des cr\u00e9dits universitaires pour le cours de recherche et de r\u00e9cup\u00e9ration - demandez \u00e0 votre instructeur.<\/p><p>De plus, la premi\u00e8re plong\u00e9e de ce cours PADI Specialty Diver peut \u00eatre consid\u00e9r\u00e9e comme une plong\u00e9e aventure en vue de l'obtention de votre certification Advanced Open Water Diver - renseignez-vous aupr\u00e8s de votre instructeur pour savoir comment obtenir ce cr\u00e9dit.<\/p><p><strong style=\"font-size: 1rem; letter-spacing: 0.38px;\">Equipement<\/strong><\/p><p>Outre votre \u00e9quipement de plong\u00e9e de base, vous aurez besoin d'une boussole et d'une ardoise sous-marine. Votre PADI Instructor peut vous sugg\u00e9rer d'autres \u00e9quipements susceptibles de vous aider dans vos recherches, tels qu'un phare de plong\u00e9e, des bou\u00e9es de marquage, des lignes et des moulinets.<\/p><p><strong>Pour commencer<\/strong><\/p><p>Visitez-nous pour vous inscrire \u00e0 la formation et obtenir un PADI Search and\u00a0<em>R\u00e9cup\u00e9ration Crew-Pak\u00a0<\/em>qui comprend votre manuel et la vid\u00e9o. En \u00e9tudiant avant le cours, vous serez mieux pr\u00e9par\u00e9 \u00e0 mettre en pratique vos comp\u00e9tences en mati\u00e8re de recherche et de r\u00e9cup\u00e9ration lorsque vous rencontrerez votre instructeur.<\/p>\t\t\t\t\t\t<\/div>\n\t\t\t\t<\/div>\n\t\t\t\t<div class=\"elementor-element elementor-element-fe8c87c elementor-widget-divider--view-line sc_fly_static elementor-widget elementor-widget-divider\" data-id=\"fe8c87c\" data-element_type=\"widget\" data-widget_type=\"divider.default\">\n\t\t\t\t<div class=\"elementor-widget-container\">\n\t\t\t\t\t<div class=\"elementor-divider\">\n\t\t\t<span class=\"elementor-divider-separator\">\n\t\t\t\t\t\t<\/span>\n\t\t<\/div>\n\t\t\t\t<\/div>\n\t\t\t\t<\/div>\n\t\t\t\t<div class=\"elementor-element elementor-element-d71be12 sc_fly_static elementor-widget elementor-widget-heading\" data-id=\"d71be12\" data-element_type=\"widget\" data-widget_type=\"heading.default\">\n\t\t\t\t<div class=\"elementor-widget-container\">\n\t\t\t<h4 class=\"elementor-heading-title elementor-size-default\">R\u00e9servez d\u00e8s maintenant<\/h4>\t\t<\/div>\n\t\t\t\t<\/div>\n\t\t\t\t<div class=\"elementor-element elementor-element-5dd152e sc_fly_static elementor-widget elementor-widget-shortcode\" data-id=\"5dd152e\" data-element_type=\"widget\" data-widget_type=\"shortcode.default\">\n\t\t\t\t<div class=\"elementor-widget-container\">\n\t\t\t\t\t<div class=\"elementor-shortcode\"><form id=\"forminator-module-9933\" class=\"forminator-custom-form forminator-custom-form-9933\" method=\"post\" data-forminator-render=\"0\" data-uid=\"69de52c668341\" action=\"\"><div role=\"alert\" aria-live=\"polite\" class=\"forminator-response-message forminator-error\" aria-hidden=\"true\"><\/div><input type=\"hidden\" name=\"trp-form-language\" value=\"fr\"\/><\/form><\/div>\n\t\t\t\t<\/div>\n\t\t\t\t<\/div>\n\t\t\t\t\t<\/div>\n\t\t<\/div>\n\t\t\t\t\t<\/div>\n\t\t<\/section>\n\t\t\t\t<\/div>","protected":false},"excerpt":{"rendered":"<p>R\u00e9cup\u00e9rez les objets perdus qui sont tomb\u00e9s par-dessus bord ou sur un quai. Apprenez...<\/p>","protected":false},"author":1,"featured_media":7762,"parent":0,"menu_order":0,"comment_status":"closed","ping_status":"closed","template":"","meta":{"_acf_changed":false,"footnotes":""},"program":[179],"class_list":["post-5413","page","type-page","status-publish","has-post-thumbnail","hentry","program-specialty-courses"],"acf":[],"_links":{"self":[{"href":"https:\/\/www.dive.gr\/fr\/wp-json\/wp\/v2\/pages\/5413","targetHints":{"allow":["GET"]}}],"collection":[{"href":"https:\/\/www.dive.gr\/fr\/wp-json\/wp\/v2\/pages"}],"about":[{"href":"https:\/\/www.dive.gr\/fr\/wp-json\/wp\/v2\/types\/page"}],"author":[{"embeddable":true,"href":"https:\/\/www.dive.gr\/fr\/wp-json\/wp\/v2\/users\/1"}],"replies":[{"embeddable":true,"href":"https:\/\/www.dive.gr\/fr\/wp-json\/wp\/v2\/comments?post=5413"}],"version-history":[{"count":16,"href":"https:\/\/www.dive.gr\/fr\/wp-json\/wp\/v2\/pages\/5413\/revisions"}],"predecessor-version":[{"id":14839,"href":"https:\/\/www.dive.gr\/fr\/wp-json\/wp\/v2\/pages\/5413\/revisions\/14839"}],"wp:featuredmedia":[{"embeddable":true,"href":"https:\/\/www.dive.gr\/fr\/wp-json\/wp\/v2\/media\/7762"}],"wp:attachment":[{"href":"https:\/\/www.dive.gr\/fr\/wp-json\/wp\/v2\/media?parent=5413"}],"wp:term":[{"taxonomy":"program","embeddable":true,"href":"https:\/\/www.dive.gr\/fr\/wp-json\/wp\/v2\/program?post=5413"}],"curies":[{"name":"wp","href":"https:\/\/api.w.org\/{rel}","templated":true}]}}