{"id":5408,"date":"2024-08-05T22:07:47","date_gmt":"2024-08-05T22:07:47","guid":{"rendered":"https:\/\/www.dive.gr\/newsite\/?page_id=5408"},"modified":"2024-10-02T08:08:09","modified_gmt":"2024-10-02T08:08:09","slug":"digital-underwater-photographer-diving-course","status":"publish","type":"page","link":"https:\/\/www.dive.gr\/fr\/digital-underwater-photographer-diving-course\/","title":{"rendered":"Photographe num\u00e9rique sous-marin"},"content":{"rendered":"<div data-elementor-type=\"wp-post\" data-elementor-id=\"5408\" class=\"elementor elementor-5408\" data-elementor-post-type=\"page\">\n\t\t\t\t\t\t<section class=\"elementor-section elementor-top-section elementor-element elementor-element-b230b6f elementor-section-stretched elementor-section-full_width scheme_dark elementor-reverse-tablet elementor-reverse-mobile elementor-section-height-default elementor-section-height-default\" data-id=\"b230b6f\" data-element_type=\"section\" data-settings=\"{&quot;stretch_section&quot;:&quot;section-stretched&quot;}\">\n\t\t\t\t\t\t<div class=\"elementor-container elementor-column-gap-no\">\n\t\t\t\t\t<div class=\"elementor-column elementor-col-50 elementor-top-column elementor-element elementor-element-098adc1 sc_inner_width_none sc_layouts_column_icons_position_left\" data-id=\"098adc1\" data-element_type=\"column\" data-settings=\"{&quot;background_background&quot;:&quot;classic&quot;}\">\n\t\t\t<div class=\"elementor-widget-wrap elementor-element-populated\">\n\t\t\t\t\t\t<div class=\"elementor-element elementor-element-d92a0b5 sc_fly_static elementor-widget elementor-widget-heading\" data-id=\"d92a0b5\" data-element_type=\"widget\" data-widget_type=\"heading.default\">\n\t\t\t\t<div class=\"elementor-widget-container\">\n\t\t\t<h2 class=\"elementor-heading-title elementor-size-default\">Photographe num\u00e9rique sous-marin<\/h2>\t\t<\/div>\n\t\t\t\t<\/div>\n\t\t\t\t<div class=\"elementor-element elementor-element-a3680cf sc_fly_static elementor-widget elementor-widget-text-editor\" data-id=\"a3680cf\" data-element_type=\"widget\" data-widget_type=\"text-editor.default\">\n\t\t\t\t<div class=\"elementor-widget-container\">\n\t\t\t\t\t\t\t<p>Le cours de sp\u00e9cialit\u00e9 de plong\u00e9e le plus populaire. Il est facile et amusant de capturer des images de vos aventures sous-marines.<\/p>\t\t\t\t\t\t<\/div>\n\t\t\t\t<\/div>\n\t\t\t\t\t<\/div>\n\t\t<\/div>\n\t\t\t\t<div class=\"elementor-column elementor-col-50 elementor-top-column elementor-element elementor-element-bd94493 sc_inner_width_none sc_layouts_column_icons_position_left\" data-id=\"bd94493\" data-element_type=\"column\" data-settings=\"{&quot;background_background&quot;:&quot;classic&quot;}\">\n\t\t\t<div class=\"elementor-widget-wrap elementor-element-populated\">\n\t\t\t\t\t\t<section class=\"elementor-section elementor-inner-section elementor-element elementor-element-0130909 elementor-section-height-min-height elementor-section-boxed elementor-section-height-default\" data-id=\"0130909\" data-element_type=\"section\" data-settings=\"{&quot;background_background&quot;:&quot;video&quot;,&quot;background_video_start&quot;:65,&quot;background_video_end&quot;:160,&quot;background_video_link&quot;:&quot;https:\\\/\\\/www.dive.gr\\\/wp-content\\\/uploads\\\/2024\\\/09\\\/dive.gr-Mykonos-diving-center-intro-video.mp4&quot;}\">\n\t\t\t\t\t\t\t\t<div class=\"elementor-background-video-container elementor-hidden-phone\">\n\t\t\t\t\t\t\t\t\t\t\t\t\t<video class=\"elementor-background-video-hosted elementor-html5-video\" autoplay muted playsinline loop><\/video>\n\t\t\t\t\t\t\t\t\t\t\t<\/div>\n\t\t\t\t\t\t\t\t<div class=\"elementor-container elementor-column-gap-extended\">\n\t\t\t\t\t<div class=\"elementor-column elementor-col-100 elementor-inner-column elementor-element elementor-element-0016c9e sc_inner_width_none sc_layouts_column_icons_position_left\" data-id=\"0016c9e\" data-element_type=\"column\" data-settings=\"{&quot;background_background&quot;:&quot;classic&quot;}\">\n\t\t\t<div class=\"elementor-widget-wrap\">\n\t\t\t\t\t\t\t<\/div>\n\t\t<\/div>\n\t\t\t\t\t<\/div>\n\t\t<\/section>\n\t\t\t\t\t<\/div>\n\t\t<\/div>\n\t\t\t\t\t<\/div>\n\t\t<\/section>\n\t\t\t\t<section class=\"elementor-section elementor-top-section elementor-element elementor-element-2abe1a1 elementor-section-boxed elementor-section-height-default elementor-section-height-default\" data-id=\"2abe1a1\" data-element_type=\"section\" data-settings=\"{&quot;background_background&quot;:&quot;classic&quot;}\">\n\t\t\t\t\t\t<div class=\"elementor-container elementor-column-gap-extended\">\n\t\t\t\t\t<div class=\"elementor-column elementor-col-100 elementor-top-column elementor-element elementor-element-f39fccd sc_inner_width_none sc_layouts_column_icons_position_left\" data-id=\"f39fccd\" data-element_type=\"column\">\n\t\t\t<div class=\"elementor-widget-wrap elementor-element-populated\">\n\t\t\t\t\t\t<div class=\"elementor-element elementor-element-2e45deb sc_fly_static elementor-widget elementor-widget-text-editor\" data-id=\"2e45deb\" data-element_type=\"widget\" data-widget_type=\"text-editor.default\">\n\t\t\t\t<div class=\"elementor-widget-container\">\n\t\t\t\t\t\t\t<p>La photographie sous-marine est l'une des sp\u00e9cialit\u00e9s les plus populaires de la plong\u00e9e, et avec le grand choix d'appareils photo sous-marins, il est devenu plus facile et plus amusant que jamais de capturer des images de vos aventures sous-marines. Le cours PADI Digital Underwater Photographer vous permet de d\u00e9marrer rapidement, que vous utilisiez un appareil photo point-and-shoot ou un dSLR sophistiqu\u00e9 comme les professionnels.<\/p><p>Les PADI (Junior) Open Water Diver \u00e2g\u00e9s d'au moins 10 ans peuvent suivre le cours de photographe num\u00e9rique sous-marin.<\/p><p>La photographie sous-marine \u00e9tant \u00e9galement populaire aupr\u00e8s des amateurs de plong\u00e9e avec tuba, il existe une option permettant aux amateurs de plong\u00e9e avec tuba et de plong\u00e9e en apn\u00e9e de suivre le cours. V\u00e9rifiez aupr\u00e8s de nous si cela vous int\u00e9resse.<\/p>\t\t\t\t\t\t<\/div>\n\t\t\t\t<\/div>\n\t\t\t\t<div class=\"elementor-element elementor-element-f12d713 elementor-widget-divider--view-line sc_fly_static elementor-widget elementor-widget-divider\" data-id=\"f12d713\" data-element_type=\"widget\" data-widget_type=\"divider.default\">\n\t\t\t\t<div class=\"elementor-widget-container\">\n\t\t\t\t\t<div class=\"elementor-divider\">\n\t\t\t<span class=\"elementor-divider-separator\">\n\t\t\t\t\t\t<\/span>\n\t\t<\/div>\n\t\t\t\t<\/div>\n\t\t\t\t<\/div>\n\t\t\t\t<div class=\"elementor-element elementor-element-e560c35 sc_fly_static elementor-widget elementor-widget-text-editor\" data-id=\"e560c35\" data-element_type=\"widget\" data-widget_type=\"text-editor.default\">\n\t\t\t\t<div class=\"elementor-widget-container\">\n\t\t\t\t\t\t\t<p><strong>Acad\u00e9mique<\/strong><\/p><p>Gr\u00e2ce \u00e0 une formation pratique au cours de deux plong\u00e9es et aux conseils de votre professionnel PADI, vous d\u00e9couvrirez.. :<\/p><ul><li><p>Comment choisir le syst\u00e8me de cam\u00e9ra sous-marine qui vous convient le mieux.<\/p><\/li><li><p>La m\u00e9thode PADI SEA (Shoot, Examine, Adjust) permet d'obtenir rapidement de bonnes prises de vue.<\/p><\/li><li><p>Principes pour une bonne composition des images sous-marines.<\/p><\/li><li><p>Techniques pratiques pour prendre de superbes photos avec votre appareil photo num\u00e9rique.<\/p><\/li><\/ul><p>Obtenez des cr\u00e9dits ! La deuxi\u00e8me plong\u00e9e de ce cours PADI Specialty Diver peut \u00eatre cr\u00e9dit\u00e9e en tant que plong\u00e9e aventure pour votre certification Advanced Open Water Diver - renseignez-vous aupr\u00e8s de votre instructeur sur les possibilit\u00e9s de cr\u00e9dit.<\/p><p><strong style=\"font-size: 1rem; letter-spacing: 0.38px;\">Equipement<\/strong><\/p><p>Outre l'\u00e9quipement de plong\u00e9e de base, vous aurez besoin d'un appareil photo num\u00e9rique sous-marin et d'un ordinateur ou d'un autre appareil pour t\u00e9l\u00e9charger et visualiser vos images. Votre PADI Pro peut vous sugg\u00e9rer des \u00e9quipements et des accessoires suppl\u00e9mentaires en fonction de votre syst\u00e8me d'appareil photo.<\/p><p>Contactez-nous pour obtenir des conseils sur tout ce dont vous avez besoin pour vos aventures photographiques sous-marines.<\/p><p><strong>Pour commencer<\/strong><\/p><p>Inscrivez-vous \u00e0 Digital Underwater Photographer Online - l'option eLearning de PADI - pour commencer imm\u00e9diatement. Ce syst\u00e8me en ligne vous guide \u00e0 travers les principes de la photographie sous-marine, avec une section suppl\u00e9mentaire sur l'imagerie sous-marine (y compris la vid\u00e9o). Vous \u00e9tudiez \u00e0 votre rythme gr\u00e2ce \u00e0 un programme interactif facile \u00e0 utiliser. Vous avez \u00e9galement acc\u00e8s \u00e0 une version en ligne de l'ouvrage\u00a0<em>Manuel du photographe num\u00e9rique sous-marin<\/em>.<\/p><p>Vous pouvez \u00e9galement choisir de lire la version papier de la\u00a0<em>Manuel du photographe num\u00e9rique sous-marin<\/em>. Passez nous voir pour vous inscrire au cours, obtenir votre mat\u00e9riel et commencer \u00e0 apprendre. Votre professionnel PADI vous rencontrera pour planifier des sessions de r\u00e9vision des connaissances en m\u00eame temps que vos plong\u00e9es.<\/p>\t\t\t\t\t\t<\/div>\n\t\t\t\t<\/div>\n\t\t\t\t<div class=\"elementor-element elementor-element-fe8c87c elementor-widget-divider--view-line sc_fly_static elementor-widget elementor-widget-divider\" data-id=\"fe8c87c\" data-element_type=\"widget\" data-widget_type=\"divider.default\">\n\t\t\t\t<div class=\"elementor-widget-container\">\n\t\t\t\t\t<div class=\"elementor-divider\">\n\t\t\t<span class=\"elementor-divider-separator\">\n\t\t\t\t\t\t<\/span>\n\t\t<\/div>\n\t\t\t\t<\/div>\n\t\t\t\t<\/div>\n\t\t\t\t<div class=\"elementor-element elementor-element-d71be12 sc_fly_static elementor-widget elementor-widget-heading\" data-id=\"d71be12\" data-element_type=\"widget\" data-widget_type=\"heading.default\">\n\t\t\t\t<div class=\"elementor-widget-container\">\n\t\t\t<h4 class=\"elementor-heading-title elementor-size-default\">R\u00e9servez d\u00e8s maintenant<\/h4>\t\t<\/div>\n\t\t\t\t<\/div>\n\t\t\t\t<div class=\"elementor-element elementor-element-5dd152e sc_fly_static elementor-widget elementor-widget-shortcode\" data-id=\"5dd152e\" data-element_type=\"widget\" data-widget_type=\"shortcode.default\">\n\t\t\t\t<div class=\"elementor-widget-container\">\n\t\t\t\t\t<div class=\"elementor-shortcode\"><form id=\"forminator-module-9933\" class=\"forminator-custom-form forminator-custom-form-9933\" method=\"post\" data-forminator-render=\"0\" data-uid=\"69de1ec9e4db1\" action=\"\"><div role=\"alert\" aria-live=\"polite\" class=\"forminator-response-message forminator-error\" aria-hidden=\"true\"><\/div><input type=\"hidden\" name=\"trp-form-language\" value=\"fr\"\/><\/form><\/div>\n\t\t\t\t<\/div>\n\t\t\t\t<\/div>\n\t\t\t\t\t<\/div>\n\t\t<\/div>\n\t\t\t\t\t<\/div>\n\t\t<\/section>\n\t\t\t\t<\/div>","protected":false},"excerpt":{"rendered":"<p>Le cours de sp\u00e9cialit\u00e9s de plong\u00e9e le plus populaire. C'est facile et amusant de capturer...<\/p>","protected":false},"author":1,"featured_media":7738,"parent":0,"menu_order":0,"comment_status":"closed","ping_status":"closed","template":"","meta":{"_acf_changed":false,"footnotes":""},"program":[179],"class_list":["post-5408","page","type-page","status-publish","has-post-thumbnail","hentry","program-specialty-courses"],"acf":[],"_links":{"self":[{"href":"https:\/\/www.dive.gr\/fr\/wp-json\/wp\/v2\/pages\/5408","targetHints":{"allow":["GET"]}}],"collection":[{"href":"https:\/\/www.dive.gr\/fr\/wp-json\/wp\/v2\/pages"}],"about":[{"href":"https:\/\/www.dive.gr\/fr\/wp-json\/wp\/v2\/types\/page"}],"author":[{"embeddable":true,"href":"https:\/\/www.dive.gr\/fr\/wp-json\/wp\/v2\/users\/1"}],"replies":[{"embeddable":true,"href":"https:\/\/www.dive.gr\/fr\/wp-json\/wp\/v2\/comments?post=5408"}],"version-history":[{"count":13,"href":"https:\/\/www.dive.gr\/fr\/wp-json\/wp\/v2\/pages\/5408\/revisions"}],"predecessor-version":[{"id":14836,"href":"https:\/\/www.dive.gr\/fr\/wp-json\/wp\/v2\/pages\/5408\/revisions\/14836"}],"wp:featuredmedia":[{"embeddable":true,"href":"https:\/\/www.dive.gr\/fr\/wp-json\/wp\/v2\/media\/7738"}],"wp:attachment":[{"href":"https:\/\/www.dive.gr\/fr\/wp-json\/wp\/v2\/media?parent=5408"}],"wp:term":[{"taxonomy":"program","embeddable":true,"href":"https:\/\/www.dive.gr\/fr\/wp-json\/wp\/v2\/program?post=5408"}],"curies":[{"name":"wp","href":"https:\/\/api.w.org\/{rel}","templated":true}]}}