{"id":5403,"date":"2024-08-05T22:04:46","date_gmt":"2024-08-05T22:04:46","guid":{"rendered":"https:\/\/www.dive.gr\/newsite\/?page_id=5403"},"modified":"2024-10-02T08:04:03","modified_gmt":"2024-10-02T08:04:03","slug":"night-diver-diving-course","status":"publish","type":"page","link":"https:\/\/www.dive.gr\/fr\/night-diver-diving-course\/","title":{"rendered":"Night Diver"},"content":{"rendered":"<div data-elementor-type=\"wp-post\" data-elementor-id=\"5403\" class=\"elementor elementor-5403\" data-elementor-post-type=\"page\">\n\t\t\t\t\t\t<section class=\"elementor-section elementor-top-section elementor-element elementor-element-b230b6f elementor-section-stretched elementor-section-full_width scheme_dark elementor-reverse-tablet elementor-reverse-mobile elementor-section-height-default elementor-section-height-default\" data-id=\"b230b6f\" data-element_type=\"section\" data-settings=\"{&quot;stretch_section&quot;:&quot;section-stretched&quot;}\">\n\t\t\t\t\t\t<div class=\"elementor-container elementor-column-gap-no\">\n\t\t\t\t\t<div class=\"elementor-column elementor-col-50 elementor-top-column elementor-element elementor-element-098adc1 sc_inner_width_none sc_layouts_column_icons_position_left\" data-id=\"098adc1\" data-element_type=\"column\" data-settings=\"{&quot;background_background&quot;:&quot;classic&quot;}\">\n\t\t\t<div class=\"elementor-widget-wrap elementor-element-populated\">\n\t\t\t\t\t\t<div class=\"elementor-element elementor-element-d92a0b5 sc_fly_static elementor-widget elementor-widget-heading\" data-id=\"d92a0b5\" data-element_type=\"widget\" data-widget_type=\"heading.default\">\n\t\t\t\t<div class=\"elementor-widget-container\">\n\t\t\t<h2 class=\"elementor-heading-title elementor-size-default\">Night Diver<\/h2>\t\t<\/div>\n\t\t\t\t<\/div>\n\t\t\t\t<div class=\"elementor-element elementor-element-a3680cf sc_fly_static elementor-widget elementor-widget-text-editor\" data-id=\"a3680cf\" data-element_type=\"widget\" data-widget_type=\"text-editor.default\">\n\t\t\t\t<div class=\"elementor-widget-container\">\n\t\t\t\t\t\t\t<p>Le monde sous-marin change \u00e0 mesure que les cr\u00e9atures diurnes se retirent et que les organismes nocturnes apparaissent. Si vous vous demandez ce qui se passe sous l'eau une fois le soleil couch\u00e9, inscrivez-vous au cours de sp\u00e9cialit\u00e9 PADI Night Diver.<\/p>\t\t\t\t\t\t<\/div>\n\t\t\t\t<\/div>\n\t\t\t\t\t<\/div>\n\t\t<\/div>\n\t\t\t\t<div class=\"elementor-column elementor-col-50 elementor-top-column elementor-element elementor-element-bd94493 sc_inner_width_none sc_layouts_column_icons_position_left\" data-id=\"bd94493\" data-element_type=\"column\" data-settings=\"{&quot;background_background&quot;:&quot;classic&quot;}\">\n\t\t\t<div class=\"elementor-widget-wrap elementor-element-populated\">\n\t\t\t\t\t\t<section class=\"elementor-section elementor-inner-section elementor-element elementor-element-0130909 elementor-section-height-min-height elementor-section-boxed elementor-section-height-default\" data-id=\"0130909\" data-element_type=\"section\" data-settings=\"{&quot;background_background&quot;:&quot;video&quot;,&quot;background_video_link&quot;:&quot;https:\\\/\\\/www.dive.gr\\\/wp-content\\\/uploads\\\/2024\\\/09\\\/dive.gr-Mykonos-diving-center-intro-video.mp4&quot;}\">\n\t\t\t\t\t\t\t\t<div class=\"elementor-background-video-container elementor-hidden-phone\">\n\t\t\t\t\t\t\t\t\t\t\t\t\t<video class=\"elementor-background-video-hosted elementor-html5-video\" autoplay muted playsinline loop><\/video>\n\t\t\t\t\t\t\t\t\t\t\t<\/div>\n\t\t\t\t\t\t\t\t<div class=\"elementor-container elementor-column-gap-extended\">\n\t\t\t\t\t<div class=\"elementor-column elementor-col-100 elementor-inner-column elementor-element elementor-element-0016c9e sc_inner_width_none sc_layouts_column_icons_position_left\" data-id=\"0016c9e\" data-element_type=\"column\" data-settings=\"{&quot;background_background&quot;:&quot;classic&quot;}\">\n\t\t\t<div class=\"elementor-widget-wrap\">\n\t\t\t\t\t\t\t<\/div>\n\t\t<\/div>\n\t\t\t\t\t<\/div>\n\t\t<\/section>\n\t\t\t\t\t<\/div>\n\t\t<\/div>\n\t\t\t\t\t<\/div>\n\t\t<\/section>\n\t\t\t\t<section class=\"elementor-section elementor-top-section elementor-element elementor-element-2abe1a1 elementor-section-boxed elementor-section-height-default elementor-section-height-default\" data-id=\"2abe1a1\" data-element_type=\"section\" data-settings=\"{&quot;background_background&quot;:&quot;classic&quot;}\">\n\t\t\t\t\t\t<div class=\"elementor-container elementor-column-gap-extended\">\n\t\t\t\t\t<div class=\"elementor-column elementor-col-100 elementor-top-column elementor-element elementor-element-f39fccd sc_inner_width_none sc_layouts_column_icons_position_left\" data-id=\"f39fccd\" data-element_type=\"column\">\n\t\t\t<div class=\"elementor-widget-wrap elementor-element-populated\">\n\t\t\t\t\t\t<div class=\"elementor-element elementor-element-2e45deb sc_fly_static elementor-widget elementor-widget-text-editor\" data-id=\"2e45deb\" data-element_type=\"widget\" data-widget_type=\"text-editor.default\">\n\t\t\t\t<div class=\"elementor-widget-container\">\n\t\t\t\t\t\t\t<p>L'id\u00e9e de plonger sous la surface la nuit semble myst\u00e9rieuse, mais tellement s\u00e9duisante. M\u00eame si vous avez d\u00e9j\u00e0 fait de la plong\u00e9e sous-marine sur un site \u00e0 maintes reprises, la nuit vous plongez dans un tout nouveau monde et vous le regardez s'animer \u00e0 la lueur de votre lampe de plong\u00e9e. La sc\u00e8ne change au fur et \u00e0 mesure que les cr\u00e9atures diurnes se retirent et que les organismes nocturnes \u00e9mergent. Si vous vous demandez ce qui se passe sous l'eau une fois le soleil couch\u00e9, inscrivez-vous au cours de sp\u00e9cialit\u00e9 PADI Night Diver.<\/p><p>PADI (Junior) Les Open Water Diver ou plus, \u00e2g\u00e9s d'au moins 12 ans, peuvent s'inscrire au cours de sp\u00e9cialit\u00e9 Night Diver.<\/p>\t\t\t\t\t\t<\/div>\n\t\t\t\t<\/div>\n\t\t\t\t<div class=\"elementor-element elementor-element-f12d713 elementor-widget-divider--view-line sc_fly_static elementor-widget elementor-widget-divider\" data-id=\"f12d713\" data-element_type=\"widget\" data-widget_type=\"divider.default\">\n\t\t\t\t<div class=\"elementor-widget-container\">\n\t\t\t\t\t<div class=\"elementor-divider\">\n\t\t\t<span class=\"elementor-divider-separator\">\n\t\t\t\t\t\t<\/span>\n\t\t<\/div>\n\t\t\t\t<\/div>\n\t\t\t\t<\/div>\n\t\t\t\t<div class=\"elementor-element elementor-element-e560c35 sc_fly_static elementor-widget elementor-widget-text-editor\" data-id=\"e560c35\" data-element_type=\"widget\" data-widget_type=\"text-editor.default\">\n\t\t\t\t<div class=\"elementor-widget-container\">\n\t\t\t\t\t\t\t<p><strong>Acad\u00e9mique<\/strong><\/p><p>La plong\u00e9e de nuit vous apprend \u00e0 vous concentrer sur ce que vous pouvez voir dans le faisceau de votre lampe, \u00e0 contr\u00f4ler votre flottabilit\u00e9 au feeling, \u00e0 rester avec votre bin\u00f4me et \u00e0 pr\u00eater attention aux d\u00e9tails que vous pourriez n\u00e9gliger pendant la journ\u00e9e. Au cours de trois plong\u00e9es de nuit, vous vous entra\u00eenerez :<\/p><ul><li><p>Techniques de manipulation de la lumi\u00e8re et de communication.<\/p><\/li><li><p>Entrer, sortir et naviguer dans l'obscurit\u00e9.<\/p><\/li><li><p>Identifier comment les plantes et les animaux diff\u00e8rent ou changent de comportement la nuit.<\/p><\/li><\/ul><p>Vous pouvez peut-\u00eatre obtenir des cr\u00e9dits universitaires pour le cours Night Diver - demandez \u00e0 votre instructeur.<\/p><p>De plus, la premi\u00e8re plong\u00e9e de ce cours PADI Specialty Diver peut \u00eatre consid\u00e9r\u00e9e comme une plong\u00e9e aventure en vue de l'obtention de votre certification Advanced Open Water Diver - renseignez-vous aupr\u00e8s de votre instructeur pour savoir comment obtenir ce cr\u00e9dit.<\/p><p><strong style=\"font-size: 1rem; letter-spacing: 0.38px;\">Equipement<\/strong><\/p><p>En plus de votre \u00e9quipement de plong\u00e9e de base, vous aurez besoin d'une lampe de plong\u00e9e principale et d'une lampe de secours. Votre PADI Instructor peut vous sugg\u00e9rer d'autres options d'\u00e9quipement, comme le port d'une protection plus importante pour rester \u00e0 l'aise apr\u00e8s la tomb\u00e9e de la nuit.<\/p><p><strong>Pour commencer<\/strong><\/p><p>Visitez-nous pour vous inscrire au cours et obtenir un PADI\u00a0<em>Night Diver Crew-Pak\u00a0<\/em>qui comprend votre manuel et la vid\u00e9o. En \u00e9tudiant avant le cours, vous serez mieux pr\u00e9par\u00e9 \u00e0 explorer le monde sous-marin la nuit.<\/p>\t\t\t\t\t\t<\/div>\n\t\t\t\t<\/div>\n\t\t\t\t<div class=\"elementor-element elementor-element-fe8c87c elementor-widget-divider--view-line sc_fly_static elementor-widget elementor-widget-divider\" data-id=\"fe8c87c\" data-element_type=\"widget\" data-widget_type=\"divider.default\">\n\t\t\t\t<div class=\"elementor-widget-container\">\n\t\t\t\t\t<div class=\"elementor-divider\">\n\t\t\t<span class=\"elementor-divider-separator\">\n\t\t\t\t\t\t<\/span>\n\t\t<\/div>\n\t\t\t\t<\/div>\n\t\t\t\t<\/div>\n\t\t\t\t<div class=\"elementor-element elementor-element-d71be12 sc_fly_static elementor-widget elementor-widget-heading\" data-id=\"d71be12\" data-element_type=\"widget\" data-widget_type=\"heading.default\">\n\t\t\t\t<div class=\"elementor-widget-container\">\n\t\t\t<h4 class=\"elementor-heading-title elementor-size-default\">R\u00e9servez d\u00e8s maintenant<\/h4>\t\t<\/div>\n\t\t\t\t<\/div>\n\t\t\t\t<div class=\"elementor-element elementor-element-5dd152e sc_fly_static elementor-widget elementor-widget-shortcode\" data-id=\"5dd152e\" data-element_type=\"widget\" data-widget_type=\"shortcode.default\">\n\t\t\t\t<div class=\"elementor-widget-container\">\n\t\t\t\t\t<div class=\"elementor-shortcode\"><form id=\"forminator-module-9933\" class=\"forminator-custom-form forminator-custom-form-9933\" method=\"post\" data-forminator-render=\"0\" data-uid=\"69de538433ea1\" action=\"\"><div role=\"alert\" aria-live=\"polite\" class=\"forminator-response-message forminator-error\" aria-hidden=\"true\"><\/div><input type=\"hidden\" name=\"trp-form-language\" value=\"fr\"\/><\/form><\/div>\n\t\t\t\t<\/div>\n\t\t\t\t<\/div>\n\t\t\t\t\t<\/div>\n\t\t<\/div>\n\t\t\t\t\t<\/div>\n\t\t<\/section>\n\t\t\t\t<\/div>","protected":false},"excerpt":{"rendered":"<p>Le monde sous-marin change \u00e0 mesure que les cr\u00e9atures diurnes se retirent et que les organismes nocturnes \u00e9mergent....<\/p>","protected":false},"author":1,"featured_media":7727,"parent":0,"menu_order":0,"comment_status":"closed","ping_status":"closed","template":"","meta":{"_acf_changed":false,"footnotes":""},"program":[179],"class_list":["post-5403","page","type-page","status-publish","has-post-thumbnail","hentry","program-specialty-courses"],"acf":[],"_links":{"self":[{"href":"https:\/\/www.dive.gr\/fr\/wp-json\/wp\/v2\/pages\/5403","targetHints":{"allow":["GET"]}}],"collection":[{"href":"https:\/\/www.dive.gr\/fr\/wp-json\/wp\/v2\/pages"}],"about":[{"href":"https:\/\/www.dive.gr\/fr\/wp-json\/wp\/v2\/types\/page"}],"author":[{"embeddable":true,"href":"https:\/\/www.dive.gr\/fr\/wp-json\/wp\/v2\/users\/1"}],"replies":[{"embeddable":true,"href":"https:\/\/www.dive.gr\/fr\/wp-json\/wp\/v2\/comments?post=5403"}],"version-history":[{"count":13,"href":"https:\/\/www.dive.gr\/fr\/wp-json\/wp\/v2\/pages\/5403\/revisions"}],"predecessor-version":[{"id":14833,"href":"https:\/\/www.dive.gr\/fr\/wp-json\/wp\/v2\/pages\/5403\/revisions\/14833"}],"wp:featuredmedia":[{"embeddable":true,"href":"https:\/\/www.dive.gr\/fr\/wp-json\/wp\/v2\/media\/7727"}],"wp:attachment":[{"href":"https:\/\/www.dive.gr\/fr\/wp-json\/wp\/v2\/media?parent=5403"}],"wp:term":[{"taxonomy":"program","embeddable":true,"href":"https:\/\/www.dive.gr\/fr\/wp-json\/wp\/v2\/program?post=5403"}],"curies":[{"name":"wp","href":"https:\/\/api.w.org\/{rel}","templated":true}]}}