{"id":5388,"date":"2024-08-07T21:55:37","date_gmt":"2024-08-07T21:55:37","guid":{"rendered":"https:\/\/www.dive.gr\/newsite\/?page_id=5388"},"modified":"2024-10-02T08:14:14","modified_gmt":"2024-10-02T08:14:14","slug":"assistant-instructor","status":"publish","type":"page","link":"https:\/\/www.dive.gr\/fr\/assistant-instructor\/","title":{"rendered":"Assistant Instructor"},"content":{"rendered":"<div data-elementor-type=\"wp-post\" data-elementor-id=\"5388\" class=\"elementor elementor-5388\" data-elementor-post-type=\"page\">\n\t\t\t\t\t\t<section class=\"elementor-section elementor-top-section elementor-element elementor-element-b230b6f elementor-section-stretched elementor-section-full_width scheme_dark elementor-reverse-tablet elementor-reverse-mobile elementor-section-height-default elementor-section-height-default\" data-id=\"b230b6f\" data-element_type=\"section\" data-settings=\"{&quot;stretch_section&quot;:&quot;section-stretched&quot;}\">\n\t\t\t\t\t\t<div class=\"elementor-container elementor-column-gap-no\">\n\t\t\t\t\t<div class=\"elementor-column elementor-col-50 elementor-top-column elementor-element elementor-element-098adc1 sc_inner_width_none sc_layouts_column_icons_position_left\" data-id=\"098adc1\" data-element_type=\"column\" data-settings=\"{&quot;background_background&quot;:&quot;classic&quot;}\">\n\t\t\t<div class=\"elementor-widget-wrap elementor-element-populated\">\n\t\t\t\t\t\t<div class=\"elementor-element elementor-element-d92a0b5 sc_fly_static elementor-widget elementor-widget-heading\" data-id=\"d92a0b5\" data-element_type=\"widget\" data-widget_type=\"heading.default\">\n\t\t\t\t<div class=\"elementor-widget-container\">\n\t\t\t<h2 class=\"elementor-heading-title elementor-size-default\">Assistant Instructor<\/h2>\t\t<\/div>\n\t\t\t\t<\/div>\n\t\t\t\t<div class=\"elementor-element elementor-element-a3680cf sc_fly_static elementor-widget elementor-widget-text-editor\" data-id=\"a3680cf\" data-element_type=\"widget\" data-widget_type=\"text-editor.default\">\n\t\t\t\t<div class=\"elementor-widget-container\">\n\t\t\t\t\t\t\t<p>Commencez ici \u00e0 devenir un PADI Dive Instructor. Partagez votre passion avec d'autres et aidez-les \u00e0 vivre la m\u00eame joie que vous avez pour la plong\u00e9e sous-marine.<\/p>\t\t\t\t\t\t<\/div>\n\t\t\t\t<\/div>\n\t\t\t\t\t<\/div>\n\t\t<\/div>\n\t\t\t\t<div class=\"elementor-column elementor-col-50 elementor-top-column elementor-element elementor-element-bd94493 sc_inner_width_none sc_layouts_column_icons_position_left\" data-id=\"bd94493\" data-element_type=\"column\" data-settings=\"{&quot;background_background&quot;:&quot;classic&quot;}\">\n\t\t\t<div class=\"elementor-widget-wrap elementor-element-populated\">\n\t\t\t\t\t\t<section class=\"elementor-section elementor-inner-section elementor-element elementor-element-0130909 elementor-section-height-min-height elementor-section-boxed elementor-section-height-default\" data-id=\"0130909\" data-element_type=\"section\" data-settings=\"{&quot;background_background&quot;:&quot;video&quot;,&quot;background_video_link&quot;:&quot;https:\\\/\\\/www.dive.gr\\\/wp-content\\\/uploads\\\/2024\\\/09\\\/dive.gr-Mykonos-diving-center-intro-video.mp4&quot;}\">\n\t\t\t\t\t\t\t\t<div class=\"elementor-background-video-container elementor-hidden-phone\">\n\t\t\t\t\t\t\t\t\t\t\t\t\t<video class=\"elementor-background-video-hosted elementor-html5-video\" autoplay muted playsinline loop><\/video>\n\t\t\t\t\t\t\t\t\t\t\t<\/div>\n\t\t\t\t\t\t\t\t<div class=\"elementor-container elementor-column-gap-extended\">\n\t\t\t\t\t<div class=\"elementor-column elementor-col-100 elementor-inner-column elementor-element elementor-element-0016c9e sc_inner_width_none sc_layouts_column_icons_position_left\" data-id=\"0016c9e\" data-element_type=\"column\" data-settings=\"{&quot;background_background&quot;:&quot;classic&quot;}\">\n\t\t\t<div class=\"elementor-widget-wrap\">\n\t\t\t\t\t\t\t<\/div>\n\t\t<\/div>\n\t\t\t\t\t<\/div>\n\t\t<\/section>\n\t\t\t\t\t<\/div>\n\t\t<\/div>\n\t\t\t\t\t<\/div>\n\t\t<\/section>\n\t\t\t\t<section class=\"elementor-section elementor-top-section elementor-element elementor-element-2abe1a1 elementor-section-boxed elementor-section-height-default elementor-section-height-default\" data-id=\"2abe1a1\" data-element_type=\"section\" data-settings=\"{&quot;background_background&quot;:&quot;classic&quot;}\">\n\t\t\t\t\t\t<div class=\"elementor-container elementor-column-gap-extended\">\n\t\t\t\t\t<div class=\"elementor-column elementor-col-100 elementor-top-column elementor-element elementor-element-f39fccd sc_inner_width_none sc_layouts_column_icons_position_left\" data-id=\"f39fccd\" data-element_type=\"column\">\n\t\t\t<div class=\"elementor-widget-wrap elementor-element-populated\">\n\t\t\t\t\t\t<div class=\"elementor-element elementor-element-2e45deb sc_fly_static elementor-widget elementor-widget-text-editor\" data-id=\"2e45deb\" data-element_type=\"widget\" data-widget_type=\"text-editor.default\">\n\t\t\t\t<div class=\"elementor-widget-container\">\n\t\t\t\t\t\t\t<p>Si vous aimez les gens, que vous \u00eates passionn\u00e9 de plong\u00e9e sous-marine et que vous voulez vivre une vie extraordinaire, devenez un PADI Instructor. Enseigner la plong\u00e9e sous-marine vous permet de partager votre amour du monde aquatique avec d'autres personnes tout en faisant ce que vous aimez - \u00eatre dans, autour et sous l'eau. Les PADI Open Water Scuba Instructor et les PADI Assistant Instructor sont les professionnels de la plong\u00e9e les plus recherch\u00e9s dans le monde parce qu'ils ont suivi le programme qui \u00e9tablit la norme pour la formation des professionnels de la plong\u00e9e. Vous \u00eates\u00a0<i>gagner<\/i>\u00a0Vous \u00eates r\u00e9compens\u00e9 par un emploi qui vous permet de partager d'incroyables aventures sous-marines avec d'autres personnes - transformant leur vie pour le mieux et enrichissant la v\u00f4tre.<\/p><p>\u00cates-vous pr\u00eat \u00e0 rejoindre les rangs des professionnels d\u00e9vou\u00e9s qui enseignent les programmes de formation des plongeurs les plus progressifs et les plus populaires au monde ? Alors, choisissez Go PRO<sup>SM<\/sup>\u00a0avec un Instructor Development Course.<\/p><p>Le Instructor Development Course (IDC) se compose de deux parties : le cours Assistant Instructor (AI) et le programme Open Water Scuba Instructor (OWSI). La plupart des professionnels de la plong\u00e9e suivent le cours IDC dans son int\u00e9gralit\u00e9 et se pr\u00e9sentent \u00e0 l'examen Instructor (IE), qui est la derni\u00e8re \u00e9tape pour obtenir la certification PADI Instructor.<\/p><p>La r\u00e9ussite du cours AI seul permet d'obtenir la qualification PADI Assistant Instructor. Lorsqu'un IA est pr\u00eat \u00e0 progresser, la participation \u00e0 un programme OWSI permet d'entrer dans un IE pour obtenir la qualification compl\u00e8te PADI Instructor.<\/p><p>Les professionnels de la plong\u00e9e qui d\u00e9tiennent une qualification d'instructeur aupr\u00e8s d'un autre organisme de formation de plongeurs peuvent s'inscrire directement au programme OWSI. Ce programme reconna\u00eet la formation ant\u00e9rieure d'instructeur et permet de devenir un PADI Instructor.<\/p><p>Un Divemaster PADI qui a \u00e9t\u00e9 un plongeur certifi\u00e9 pendant six mois peut s'inscrire au PADI Instructor Development Course. Vous avez \u00e9galement besoin de :<\/p><ul><li><p>Au moins 60 plong\u00e9es enregistr\u00e9es et 100 plong\u00e9es pour participer \u00e0 un IE.<\/p><\/li><li><p>Formation aux premiers secours en soins primaires et secondaires (RCP et premiers secours) au cours des 24 derniers mois.<\/p><\/li><li><p>Une d\u00e9claration m\u00e9dicale sign\u00e9e par un m\u00e9decin au cours des 12 derniers mois<\/p><\/li><\/ul><p>Vous devez \u00e9galement \u00eatre un Emergency First Response Instructor, mais vous pouvez obtenir cette qualification pendant votre formation d'instructeur.<\/p><p>Un examen Instructor (IE) est un programme d'\u00e9valuation de deux jours qui teste la capacit\u00e9 d'enseignement d'un candidat instructeur, sa connaissance de la th\u00e9orie de la plong\u00e9e, son niveau de comp\u00e9tence, sa compr\u00e9hension du syst\u00e8me PADI, ainsi que son attitude et son professionnalisme. Les IE du PADI sont standardis\u00e9s et conduits par des examinateurs du PADI Instructor sp\u00e9cialement form\u00e9s. Le lieu de l'examen, l'environnement de test et les sessions d'examen sont organis\u00e9s de mani\u00e8re \u00e0 \u00eatre aussi objectifs que possible afin d'\u00e9valuer de mani\u00e8re \u00e9quitable et coh\u00e9rente les capacit\u00e9s d'un candidat. Seules les personnes qui satisfont aux exigences de performance de l'IE obtiennent la certification PADI Instructor. La participation \u00e0 un IE est payante.<\/p>\t\t\t\t\t\t<\/div>\n\t\t\t\t<\/div>\n\t\t\t\t<div class=\"elementor-element elementor-element-f12d713 elementor-widget-divider--view-line sc_fly_static elementor-widget elementor-widget-divider\" data-id=\"f12d713\" data-element_type=\"widget\" data-widget_type=\"divider.default\">\n\t\t\t\t<div class=\"elementor-widget-container\">\n\t\t\t\t\t<div class=\"elementor-divider\">\n\t\t\t<span class=\"elementor-divider-separator\">\n\t\t\t\t\t\t<\/span>\n\t\t<\/div>\n\t\t\t\t<\/div>\n\t\t\t\t<\/div>\n\t\t\t\t<div class=\"elementor-element elementor-element-e560c35 sc_fly_static elementor-widget elementor-widget-text-editor\" data-id=\"e560c35\" data-element_type=\"widget\" data-widget_type=\"text-editor.default\">\n\t\t\t\t<div class=\"elementor-widget-container\">\n\t\t\t\t\t\t\t<p><strong>Acad\u00e9mique<\/strong><\/p><p>Pendant un minimum de cinq jours, mais g\u00e9n\u00e9ralement plus de sept, l'IDC vous apprend \u00e0 dispenser tous les cours de base du PADI. Vous serez en mesure d'organiser et de pr\u00e9senter des informations, de mener des sessions de d\u00e9veloppement des comp\u00e9tences et de contr\u00f4ler les plong\u00e9es en milieu naturel. En fait, vous devenez un meilleur orateur et vous devenez tr\u00e8s bon dans la d\u00e9monstration des comp\u00e9tences tout en veillant \u00e0 la s\u00e9curit\u00e9 des \u00e9l\u00e8ves plongeurs. Les principaux sujets abord\u00e9s sont les suivants :<\/p><ul><li><p>PADI Normes et proc\u00e9dures pour les cours que vous pouvez enseigner dans les ateliers d'eau<\/p><\/li><li><p>Apprentissage, instruction et syst\u00e8me PADI<\/p><\/li><li><p>Gestion des risques et s\u00e9curit\u00e9 des plongeurs<\/p><\/li><li><p>L'activit\u00e9 de la plong\u00e9e et votre r\u00f4le en tant qu'instructeur<\/p><\/li><li><p>Plong\u00e9e marketing et conseil en vente<\/p><\/li><\/ul><p>Vous pourrez peut-\u00eatre obtenir des cr\u00e9dits universitaires pour le cours Assistant Instructor et le cours Instructor D\u00e9veloppement Course.<\/p><p><strong style=\"font-size: 1rem; letter-spacing: 0.38px;\">Equipement<\/strong><\/p><p>En tant que professionnel de la plong\u00e9e, vous devez disposer de tout votre \u00e9quipement de base, y compris d'un ordinateur de plong\u00e9e, d'un couteau de plong\u00e9e et d'au moins deux dispositifs de signalisation en surface. Lors des exercices pratiques, tels que la cartographie sous-marine et la recherche et la r\u00e9cup\u00e9ration, vous utiliserez un compas, des flotteurs, des bou\u00e9es de marquage, des sacs de levage et des ardoises. Votre PADI Instructor peut vous sugg\u00e9rer du mat\u00e9riel suppl\u00e9mentaire qui vous sera utile tout au long de votre carri\u00e8re de plongeur.<\/p><p>Consultez votre centre de plong\u00e9e local pour obtenir des conseils sur tout ce dont vous aurez besoin en tant que professionnel de la plong\u00e9e.<\/p><p><strong>Pour commencer<\/strong><\/p><p>Inscrivez-vous \u00e0 IDC Online - l'option eLearning de PADI qui vous permet d'\u00e9tudier de mani\u00e8re ind\u00e9pendante et \u00e0 votre rythme avant le cours. Il y a neuf sections interactives de d\u00e9veloppement des connaissances. Prestudy online vous permet d'\u00e9conomiser du temps en classe, ce qui vous laisse plus de temps pour mettre en pratique les comp\u00e9tences qui vous distinguent en tant que PADI Instructor.<\/p><p>Inscrivez-vous \u00e9galement au cours de th\u00e9orie de la plong\u00e9e en ligne, si vous ne l'avez pas encore suivi ou si cela fait plus d'un an que vous ne l'avez pas fait. Le programme est une r\u00e9vision directe de la physique de la plong\u00e9e, de la physiologie, des comp\u00e9tences, de l'\u00e9quipement et de l'environnement, ainsi que de l'utilisation du planificateur de plong\u00e9e r\u00e9cr\u00e9ative (RDP). En r\u00e9ussissant le cours de th\u00e9orie de la plong\u00e9e en ligne, vous pouvez obtenir un cr\u00e9dit pour l'examen de th\u00e9orie de la plong\u00e9e lors de votre IDC.<\/p><p>Visitez notre centre de plong\u00e9e PADI Five Star pour vous renseigner sur l'IDC.<\/p>\t\t\t\t\t\t<\/div>\n\t\t\t\t<\/div>\n\t\t\t\t<div class=\"elementor-element elementor-element-fe8c87c elementor-widget-divider--view-line sc_fly_static elementor-widget elementor-widget-divider\" data-id=\"fe8c87c\" data-element_type=\"widget\" data-widget_type=\"divider.default\">\n\t\t\t\t<div class=\"elementor-widget-container\">\n\t\t\t\t\t<div class=\"elementor-divider\">\n\t\t\t<span class=\"elementor-divider-separator\">\n\t\t\t\t\t\t<\/span>\n\t\t<\/div>\n\t\t\t\t<\/div>\n\t\t\t\t<\/div>\n\t\t\t\t<div class=\"elementor-element elementor-element-d71be12 sc_fly_static elementor-widget elementor-widget-heading\" data-id=\"d71be12\" data-element_type=\"widget\" data-widget_type=\"heading.default\">\n\t\t\t\t<div class=\"elementor-widget-container\">\n\t\t\t<h4 class=\"elementor-heading-title elementor-size-default\">R\u00e9servez d\u00e8s maintenant<\/h4>\t\t<\/div>\n\t\t\t\t<\/div>\n\t\t\t\t<div class=\"elementor-element elementor-element-5dd152e sc_fly_static elementor-widget elementor-widget-shortcode\" data-id=\"5dd152e\" data-element_type=\"widget\" data-widget_type=\"shortcode.default\">\n\t\t\t\t<div class=\"elementor-widget-container\">\n\t\t\t\t\t<div class=\"elementor-shortcode\"><form id=\"forminator-module-9933\" class=\"forminator-custom-form forminator-custom-form-9933\" method=\"post\" data-forminator-render=\"0\" data-uid=\"69eb6c9fb3237\" action=\"\"><div role=\"alert\" aria-live=\"polite\" class=\"forminator-response-message forminator-error\" aria-hidden=\"true\"><\/div><input type=\"hidden\" name=\"trp-form-language\" value=\"fr\"\/><\/form><\/div>\n\t\t\t\t<\/div>\n\t\t\t\t<\/div>\n\t\t\t\t\t<\/div>\n\t\t<\/div>\n\t\t\t\t\t<\/div>\n\t\t<\/section>\n\t\t\t\t<\/div>","protected":false},"excerpt":{"rendered":"<p>Commencez ici \u00e0 devenir un PADI Dive Instructor. Partagez votre passion avec...<\/p>","protected":false},"author":1,"featured_media":7719,"parent":0,"menu_order":0,"comment_status":"closed","ping_status":"closed","template":"","meta":{"_acf_changed":false,"footnotes":""},"program":[178],"class_list":["post-5388","page","type-page","status-publish","has-post-thumbnail","hentry","program-leadership-courses"],"acf":[],"_links":{"self":[{"href":"https:\/\/www.dive.gr\/fr\/wp-json\/wp\/v2\/pages\/5388","targetHints":{"allow":["GET"]}}],"collection":[{"href":"https:\/\/www.dive.gr\/fr\/wp-json\/wp\/v2\/pages"}],"about":[{"href":"https:\/\/www.dive.gr\/fr\/wp-json\/wp\/v2\/types\/page"}],"author":[{"embeddable":true,"href":"https:\/\/www.dive.gr\/fr\/wp-json\/wp\/v2\/users\/1"}],"replies":[{"embeddable":true,"href":"https:\/\/www.dive.gr\/fr\/wp-json\/wp\/v2\/comments?post=5388"}],"version-history":[{"count":13,"href":"https:\/\/www.dive.gr\/fr\/wp-json\/wp\/v2\/pages\/5388\/revisions"}],"predecessor-version":[{"id":14854,"href":"https:\/\/www.dive.gr\/fr\/wp-json\/wp\/v2\/pages\/5388\/revisions\/14854"}],"wp:featuredmedia":[{"embeddable":true,"href":"https:\/\/www.dive.gr\/fr\/wp-json\/wp\/v2\/media\/7719"}],"wp:attachment":[{"href":"https:\/\/www.dive.gr\/fr\/wp-json\/wp\/v2\/media?parent=5388"}],"wp:term":[{"taxonomy":"program","embeddable":true,"href":"https:\/\/www.dive.gr\/fr\/wp-json\/wp\/v2\/program?post=5388"}],"curies":[{"name":"wp","href":"https:\/\/api.w.org\/{rel}","templated":true}]}}