{"id":5382,"date":"2024-08-05T21:48:15","date_gmt":"2024-08-05T21:48:15","guid":{"rendered":"https:\/\/www.dive.gr\/newsite\/?page_id=5382"},"modified":"2024-10-02T08:14:21","modified_gmt":"2024-10-02T08:14:21","slug":"divemaster-diving-course","status":"publish","type":"page","link":"https:\/\/www.dive.gr\/fr\/divemaster-diving-course\/","title":{"rendered":"Ma\u00eetre de plong\u00e9e"},"content":{"rendered":"<div data-elementor-type=\"wp-post\" data-elementor-id=\"5382\" class=\"elementor elementor-5382\" data-elementor-post-type=\"page\">\n\t\t\t\t\t\t<section class=\"elementor-section elementor-top-section elementor-element elementor-element-b230b6f elementor-section-stretched elementor-section-full_width scheme_dark elementor-reverse-tablet elementor-reverse-mobile elementor-section-height-default elementor-section-height-default\" data-id=\"b230b6f\" data-element_type=\"section\" data-settings=\"{&quot;stretch_section&quot;:&quot;section-stretched&quot;}\">\n\t\t\t\t\t\t<div class=\"elementor-container elementor-column-gap-no\">\n\t\t\t\t\t<div class=\"elementor-column elementor-col-50 elementor-top-column elementor-element elementor-element-098adc1 sc_inner_width_none sc_layouts_column_icons_position_left\" data-id=\"098adc1\" data-element_type=\"column\" data-settings=\"{&quot;background_background&quot;:&quot;classic&quot;}\">\n\t\t\t<div class=\"elementor-widget-wrap elementor-element-populated\">\n\t\t\t\t\t\t<div class=\"elementor-element elementor-element-d92a0b5 sc_fly_static elementor-widget elementor-widget-heading\" data-id=\"d92a0b5\" data-element_type=\"widget\" data-widget_type=\"heading.default\">\n\t\t\t\t<div class=\"elementor-widget-container\">\n\t\t\t<h2 class=\"elementor-heading-title elementor-size-default\">Ma\u00eetre de plong\u00e9e<\/h2>\t\t<\/div>\n\t\t\t\t<\/div>\n\t\t\t\t<div class=\"elementor-element elementor-element-a3680cf sc_fly_static elementor-widget elementor-widget-text-editor\" data-id=\"a3680cf\" data-element_type=\"widget\" data-widget_type=\"text-editor.default\">\n\t\t\t\t<div class=\"elementor-widget-container\">\n\t\t\t\t\t\t\t<p>Devenez un leader qui encadre et motive les autres. Acqu\u00e9rir des connaissances en mati\u00e8re de plong\u00e9e, des capacit\u00e9s de supervision et devenir un mod\u00e8le pour les plongeurs du monde entier.<\/p>\t\t\t\t\t\t<\/div>\n\t\t\t\t<\/div>\n\t\t\t\t\t<\/div>\n\t\t<\/div>\n\t\t\t\t<div class=\"elementor-column elementor-col-50 elementor-top-column elementor-element elementor-element-bd94493 sc_inner_width_none sc_layouts_column_icons_position_left\" data-id=\"bd94493\" data-element_type=\"column\" data-settings=\"{&quot;background_background&quot;:&quot;classic&quot;}\">\n\t\t\t<div class=\"elementor-widget-wrap elementor-element-populated\">\n\t\t\t\t\t\t<section class=\"elementor-section elementor-inner-section elementor-element elementor-element-0130909 elementor-section-height-min-height elementor-section-boxed elementor-section-height-default\" data-id=\"0130909\" data-element_type=\"section\" data-settings=\"{&quot;background_background&quot;:&quot;video&quot;,&quot;background_video_link&quot;:&quot;https:\\\/\\\/www.dive.gr\\\/wp-content\\\/uploads\\\/2024\\\/09\\\/dive.gr-Mykonos-diving-center-intro-video.mp4&quot;}\">\n\t\t\t\t\t\t\t\t<div class=\"elementor-background-video-container elementor-hidden-phone\">\n\t\t\t\t\t\t\t\t\t\t\t\t\t<video class=\"elementor-background-video-hosted elementor-html5-video\" autoplay muted playsinline loop><\/video>\n\t\t\t\t\t\t\t\t\t\t\t<\/div>\n\t\t\t\t\t\t\t\t<div class=\"elementor-container elementor-column-gap-extended\">\n\t\t\t\t\t<div class=\"elementor-column elementor-col-100 elementor-inner-column elementor-element elementor-element-0016c9e sc_inner_width_none sc_layouts_column_icons_position_left\" data-id=\"0016c9e\" data-element_type=\"column\" data-settings=\"{&quot;background_background&quot;:&quot;classic&quot;}\">\n\t\t\t<div class=\"elementor-widget-wrap\">\n\t\t\t\t\t\t\t<\/div>\n\t\t<\/div>\n\t\t\t\t\t<\/div>\n\t\t<\/section>\n\t\t\t\t\t<\/div>\n\t\t<\/div>\n\t\t\t\t\t<\/div>\n\t\t<\/section>\n\t\t\t\t<section class=\"elementor-section elementor-top-section elementor-element elementor-element-2abe1a1 elementor-section-boxed elementor-section-height-default elementor-section-height-default\" data-id=\"2abe1a1\" data-element_type=\"section\" data-settings=\"{&quot;background_background&quot;:&quot;classic&quot;}\">\n\t\t\t\t\t\t<div class=\"elementor-container elementor-column-gap-extended\">\n\t\t\t\t\t<div class=\"elementor-column elementor-col-100 elementor-top-column elementor-element elementor-element-f39fccd sc_inner_width_none sc_layouts_column_icons_position_left\" data-id=\"f39fccd\" data-element_type=\"column\">\n\t\t\t<div class=\"elementor-widget-wrap elementor-element-populated\">\n\t\t\t\t\t\t<div class=\"elementor-element elementor-element-2e45deb sc_fly_static elementor-widget elementor-widget-text-editor\" data-id=\"2e45deb\" data-element_type=\"widget\" data-widget_type=\"text-editor.default\">\n\t\t\t\t<div class=\"elementor-widget-container\">\n\t\t\t\t\t\t\t<p>Vous aimez la plong\u00e9e sous-marine ? Vous voulez la partager avec d'autres \u00e0 un tout autre niveau ? Suivez le cours PADI Divemaster et faites carri\u00e8re dans ce que vous aimez. Les plongeurs sous-marins admirent les divemasters parce qu'ils sont des leaders qui encadrent et motivent les autres. En tant que divemaster, vous pourrez non seulement plonger beaucoup, mais aussi \u00e9prouver la joie de voir les autres prendre autant de plaisir \u00e0 plonger que vous.<\/p><p>Le cours de Divemaster PADI est votre premier niveau de formation professionnelle. En travaillant en \u00e9troite collaboration avec un PADI Instructor, vous perfectionnerez vos techniques de plong\u00e9e, comme le vol stationnaire sans effort, et vous affinerez vos techniques de sauvetage afin d'anticiper et de r\u00e9soudre facilement les probl\u00e8mes les plus courants. Vous acquerrez des connaissances en mati\u00e8re de plong\u00e9e, ainsi que des capacit\u00e9s de gestion et de supervision, afin de devenir un mod\u00e8le pour tous les plongeurs.<\/p><p>En tant que Divemaster PADI, vous dirigerez d'autres personnes en supervisant les activit\u00e9s de plong\u00e9e sous-marine et en aidant \u00e0 la formation des plongeurs. Que vous souhaitiez travailler dans une destination de plong\u00e9e lointaine ou pr\u00e8s de chez vous dans un magasin de plong\u00e9e local, l'aventure d'une vie vous attend.<\/p><p>Les Divemasters de PADI sont des professionnels de la plong\u00e9e respect\u00e9s qui font partie de l'organisation de plong\u00e9e la plus importante et la plus respect\u00e9e au monde - PADI.<\/p><p>PADI Les Rescue Diver \u00e2g\u00e9s d'au moins 18 ans peuvent s'inscrire au cours PADI Divemaster. Vous devez \u00e9galement avoir :<\/p><ul><li>Formation aux premiers secours en soins primaires et secondaires (RCP et premiers secours) au cours des 24 derniers mois.<\/li><li>Une d\u00e9claration m\u00e9dicale sign\u00e9e par un m\u00e9decin au cours des 12 derniers mois.<\/li><li>Au moins 40 plong\u00e9es enregistr\u00e9es pour commencer le cours et 60 plong\u00e9es pour obtenir la certification.<\/li><\/ul><p>Notez que des certifications qualifiantes d'autres organismes de formation de plongeurs peuvent s'appliquer - demandez \u00e0 votre PADI Instructor<\/p>\t\t\t\t\t\t<\/div>\n\t\t\t\t<\/div>\n\t\t\t\t<div class=\"elementor-element elementor-element-f12d713 elementor-widget-divider--view-line sc_fly_static elementor-widget elementor-widget-divider\" data-id=\"f12d713\" data-element_type=\"widget\" data-widget_type=\"divider.default\">\n\t\t\t\t<div class=\"elementor-widget-container\">\n\t\t\t\t\t<div class=\"elementor-divider\">\n\t\t\t<span class=\"elementor-divider-separator\">\n\t\t\t\t\t\t<\/span>\n\t\t<\/div>\n\t\t\t\t<\/div>\n\t\t\t\t<\/div>\n\t\t\t\t<div class=\"elementor-element elementor-element-e560c35 sc_fly_static elementor-widget elementor-widget-text-editor\" data-id=\"e560c35\" data-element_type=\"widget\" data-widget_type=\"text-editor.default\">\n\t\t\t\t<div class=\"elementor-widget-container\">\n\t\t\t\t\t\t\t<p><strong>Acad\u00e9mique<\/strong><\/p><p>Le cours PADI Divemaster vous apprend \u00e0 \u00eatre un leader et \u00e0 prendre en charge des activit\u00e9s de plong\u00e9e. Gr\u00e2ce \u00e0 des sessions de d\u00e9veloppement des connaissances, des exercices et des ateliers d'habilet\u00e9 aquatique, et des \u00e9valuations pratiques, vous d\u00e9veloppez les comp\u00e9tences n\u00e9cessaires pour organiser et diriger une vari\u00e9t\u00e9 d'activit\u00e9s de plong\u00e9e sous-marine. Les sujets et les ateliers pratiques incluent :<\/p><ul><li>Le r\u00f4le et les caract\u00e9ristiques du Divemaster PADI<\/li><li>Superviser les activit\u00e9s de plong\u00e9e et aider les \u00e9l\u00e8ves plongeurs.<\/li><li>S\u00e9curit\u00e9 des plongeurs et gestion des risques<\/li><li>Programmes de formation de divemaster et comp\u00e9tences sp\u00e9cialis\u00e9es<\/li><li>Les affaires de la plong\u00e9e et votre carri\u00e8re<\/li><li>Conscience de l'environnement de plong\u00e9e<\/li><li>Pr\u00e9paration et gestion des plong\u00e9es<\/li><li>Cartographie d'un site d'eau libre<\/li><li>Organiser des s\u00e9ances d'information sur les plong\u00e9es<\/li><li>Organiser un projet de recherche et de r\u00e9cup\u00e9ration et une plong\u00e9e en profondeur<\/li><li>Conduite d'une revue de plong\u00e9e et d'un cours de plong\u00e9e en scaphandre autonome<\/li><li>Aide au Discover Scuba Diving et animation des programmes de d\u00e9couverte de la plong\u00e9e locale<\/li><\/ul><p>Vous pouvez peut-\u00eatre obtenir des cr\u00e9dits universitaires pour le cours de Divemaster - demandez \u00e0 votre instructeur.<\/p><p><strong style=\"font-size: 1rem; letter-spacing: 0.38px;\">Equipement<\/strong><\/p><p>En tant que professionnel de la plong\u00e9e, vous devez disposer de tout votre \u00e9quipement de base, y compris d'un ordinateur de plong\u00e9e, d'un couteau de plong\u00e9e et d'au moins deux dispositifs de signalisation en surface. Lors des exercices pratiques, tels que la cartographie sous-marine et la recherche et la r\u00e9cup\u00e9ration, vous utiliserez un compas, des flotteurs, des bou\u00e9es de marquage, des sacs de levage et des ardoises. Votre PADI Instructor peut vous sugg\u00e9rer du mat\u00e9riel suppl\u00e9mentaire qui vous sera utile tout au long de votre carri\u00e8re de plongeur.<\/p><p>Consultez votre centre de plong\u00e9e local pour obtenir des conseils sur tout ce dont vous aurez besoin en tant que professionnel de la plong\u00e9e.<\/p><p><strong>Pour commencer<\/strong><\/p><p>Inscrivez-vous \u00e0 Divemaster Online - l'option eLearning de PADI - pour commencer d\u00e8s maintenant. Vous pouvez travailler sur huit sections de d\u00e9veloppement des connaissances en utilisant un syst\u00e8me bas\u00e9 sur le web qui vous permet d'apprendre \u00e0 votre propre rythme. Vous avez \u00e9galement acc\u00e8s \u00e0 une version en ligne du manuel du Divemaster pour vous y r\u00e9f\u00e9rer pendant et apr\u00e8s le cours. Vous pouvez \u00e9galement \u00e9tudier en lisant le manuel du Divemaster et en regardant la vid\u00e9o du Divemaster (un livre et un DVD). Rendez-vous dans votre centre de plong\u00e9e PADI local pour vous inscrire au cours et obtenir votre Divemaster Crew-Pak, qui comprend \u00e9galement d'autres documents de r\u00e9f\u00e9rence - comme le manuel PADI Instructor et l'Encyclop\u00e9die de la plong\u00e9e r\u00e9cr\u00e9ative - dont vous aurez besoin pendant le cours.<\/p><p>Envisagez de suivre la th\u00e9orie de la plong\u00e9e en ligne, un autre programme eLearning\u00ae de PADI, qui vous guide pas \u00e0 pas \u00e0 travers la physique de la plong\u00e9e, la physiologie, les comp\u00e9tences, l'\u00e9quipement et l'environnement, ainsi qu'une r\u00e9vision du plan de plong\u00e9e r\u00e9cr\u00e9ative (RDP). En r\u00e9ussissant la th\u00e9orie de la plong\u00e9e en ligne, vous pouvez obtenir un cr\u00e9dit pour la moiti\u00e9 de l'examen final du Divemaster. Votre PADI Instructor peut vous expliquer comment cela fonctionne lorsque vous vous rencontrez pour planifier des sessions de r\u00e9vision des connaissances en m\u00eame temps que vos exercices de comp\u00e9tences aquatiques, vos ateliers et vos \u00e9valuations pratiques.<\/p>\t\t\t\t\t\t<\/div>\n\t\t\t\t<\/div>\n\t\t\t\t<div class=\"elementor-element elementor-element-fe8c87c elementor-widget-divider--view-line sc_fly_static elementor-widget elementor-widget-divider\" data-id=\"fe8c87c\" data-element_type=\"widget\" data-widget_type=\"divider.default\">\n\t\t\t\t<div class=\"elementor-widget-container\">\n\t\t\t\t\t<div class=\"elementor-divider\">\n\t\t\t<span class=\"elementor-divider-separator\">\n\t\t\t\t\t\t<\/span>\n\t\t<\/div>\n\t\t\t\t<\/div>\n\t\t\t\t<\/div>\n\t\t\t\t<div class=\"elementor-element elementor-element-d71be12 sc_fly_static elementor-widget elementor-widget-heading\" data-id=\"d71be12\" data-element_type=\"widget\" data-widget_type=\"heading.default\">\n\t\t\t\t<div class=\"elementor-widget-container\">\n\t\t\t<h4 class=\"elementor-heading-title elementor-size-default\">R\u00e9servez d\u00e8s maintenant<\/h4>\t\t<\/div>\n\t\t\t\t<\/div>\n\t\t\t\t<div class=\"elementor-element elementor-element-5dd152e sc_fly_static elementor-widget elementor-widget-shortcode\" data-id=\"5dd152e\" data-element_type=\"widget\" data-widget_type=\"shortcode.default\">\n\t\t\t\t<div class=\"elementor-widget-container\">\n\t\t\t\t\t<div class=\"elementor-shortcode\"><form id=\"forminator-module-9933\" class=\"forminator-custom-form forminator-custom-form-9933\" method=\"post\" data-forminator-render=\"0\" data-uid=\"69ee38522ca11\" action=\"\"><div role=\"alert\" aria-live=\"polite\" class=\"forminator-response-message forminator-error\" aria-hidden=\"true\"><\/div><input type=\"hidden\" name=\"trp-form-language\" value=\"fr\"\/><\/form><\/div>\n\t\t\t\t<\/div>\n\t\t\t\t<\/div>\n\t\t\t\t\t<\/div>\n\t\t<\/div>\n\t\t\t\t\t<\/div>\n\t\t<\/section>\n\t\t\t\t<\/div>","protected":false},"excerpt":{"rendered":"<p>Soyez un leader qui encadre et motive les autres. Acqu\u00e9rir des connaissances en mati\u00e8re de plong\u00e9e, de supervision...<\/p>","protected":false},"author":1,"featured_media":8738,"parent":0,"menu_order":0,"comment_status":"closed","ping_status":"closed","template":"","meta":{"_acf_changed":false,"footnotes":""},"program":[178],"class_list":["post-5382","page","type-page","status-publish","has-post-thumbnail","hentry","program-leadership-courses"],"acf":[],"_links":{"self":[{"href":"https:\/\/www.dive.gr\/fr\/wp-json\/wp\/v2\/pages\/5382","targetHints":{"allow":["GET"]}}],"collection":[{"href":"https:\/\/www.dive.gr\/fr\/wp-json\/wp\/v2\/pages"}],"about":[{"href":"https:\/\/www.dive.gr\/fr\/wp-json\/wp\/v2\/types\/page"}],"author":[{"embeddable":true,"href":"https:\/\/www.dive.gr\/fr\/wp-json\/wp\/v2\/users\/1"}],"replies":[{"embeddable":true,"href":"https:\/\/www.dive.gr\/fr\/wp-json\/wp\/v2\/comments?post=5382"}],"version-history":[{"count":13,"href":"https:\/\/www.dive.gr\/fr\/wp-json\/wp\/v2\/pages\/5382\/revisions"}],"predecessor-version":[{"id":14857,"href":"https:\/\/www.dive.gr\/fr\/wp-json\/wp\/v2\/pages\/5382\/revisions\/14857"}],"wp:featuredmedia":[{"embeddable":true,"href":"https:\/\/www.dive.gr\/fr\/wp-json\/wp\/v2\/media\/8738"}],"wp:attachment":[{"href":"https:\/\/www.dive.gr\/fr\/wp-json\/wp\/v2\/media?parent=5382"}],"wp:term":[{"taxonomy":"program","embeddable":true,"href":"https:\/\/www.dive.gr\/fr\/wp-json\/wp\/v2\/program?post=5382"}],"curies":[{"name":"wp","href":"https:\/\/api.w.org\/{rel}","templated":true}]}}