{"id":5372,"date":"2024-08-09T21:42:18","date_gmt":"2024-08-09T21:42:18","guid":{"rendered":"https:\/\/www.dive.gr\/newsite\/?page_id=5372"},"modified":"2024-10-02T07:49:29","modified_gmt":"2024-10-02T07:49:29","slug":"emergency-first-response-diving-course","status":"publish","type":"page","link":"https:\/\/www.dive.gr\/fr\/emergency-first-response-diving-course\/","title":{"rendered":"Premi\u00e8re intervention d'urgence"},"content":{"rendered":"<div data-elementor-type=\"wp-post\" data-elementor-id=\"5372\" class=\"elementor elementor-5372\" data-elementor-post-type=\"page\">\n\t\t\t\t\t\t<section class=\"elementor-section elementor-top-section elementor-element elementor-element-b230b6f elementor-section-stretched elementor-section-full_width scheme_dark elementor-reverse-tablet elementor-reverse-mobile elementor-section-height-default elementor-section-height-default\" data-id=\"b230b6f\" data-element_type=\"section\" data-settings=\"{&quot;stretch_section&quot;:&quot;section-stretched&quot;}\">\n\t\t\t\t\t\t<div class=\"elementor-container elementor-column-gap-no\">\n\t\t\t\t\t<div class=\"elementor-column elementor-col-50 elementor-top-column elementor-element elementor-element-098adc1 sc_inner_width_none sc_layouts_column_icons_position_left\" data-id=\"098adc1\" data-element_type=\"column\" data-settings=\"{&quot;background_background&quot;:&quot;classic&quot;}\">\n\t\t\t<div class=\"elementor-widget-wrap elementor-element-populated\">\n\t\t\t\t\t\t<div class=\"elementor-element elementor-element-d92a0b5 sc_fly_static elementor-widget elementor-widget-heading\" data-id=\"d92a0b5\" data-element_type=\"widget\" data-widget_type=\"heading.default\">\n\t\t\t\t<div class=\"elementor-widget-container\">\n\t\t\t<h2 class=\"elementor-heading-title elementor-size-default\">Premi\u00e8re intervention d'urgence<\/h2>\t\t<\/div>\n\t\t\t\t<\/div>\n\t\t\t\t<div class=\"elementor-element elementor-element-a3680cf sc_fly_static elementor-widget elementor-widget-text-editor\" data-id=\"a3680cf\" data-element_type=\"widget\" data-widget_type=\"text-editor.default\">\n\t\t\t\t<div class=\"elementor-widget-container\">\n\t\t\t\t\t\t\t<p>D\u00e9couvrez les \u00e9tapes simples \u00e0 suivre pour les soins d'urgence. Ce cours se concentre sur la mise en confiance des sauveteurs non professionnels et sur l'augmentation de leur volont\u00e9 de r\u00e9pondre \u00e0 une urgence m\u00e9dicale.<\/p>\t\t\t\t\t\t<\/div>\n\t\t\t\t<\/div>\n\t\t\t\t\t<\/div>\n\t\t<\/div>\n\t\t\t\t<div class=\"elementor-column elementor-col-50 elementor-top-column elementor-element elementor-element-bd94493 sc_inner_width_none sc_layouts_column_icons_position_left\" data-id=\"bd94493\" data-element_type=\"column\" data-settings=\"{&quot;background_background&quot;:&quot;classic&quot;}\">\n\t\t\t<div class=\"elementor-widget-wrap elementor-element-populated\">\n\t\t\t\t\t\t<section class=\"elementor-section elementor-inner-section elementor-element elementor-element-0130909 elementor-section-height-min-height elementor-section-boxed elementor-section-height-default\" data-id=\"0130909\" data-element_type=\"section\" data-settings=\"{&quot;background_background&quot;:&quot;video&quot;,&quot;background_video_start&quot;:65,&quot;background_video_end&quot;:160,&quot;background_video_link&quot;:&quot;https:\\\/\\\/www.dive.gr\\\/wp-content\\\/uploads\\\/2024\\\/09\\\/dive.gr-Mykonos-diving-center-intro-video.mp4&quot;}\">\n\t\t\t\t\t\t\t\t<div class=\"elementor-background-video-container elementor-hidden-phone\">\n\t\t\t\t\t\t\t\t\t\t\t\t\t<video class=\"elementor-background-video-hosted elementor-html5-video\" autoplay muted playsinline loop><\/video>\n\t\t\t\t\t\t\t\t\t\t\t<\/div>\n\t\t\t\t\t\t\t\t<div class=\"elementor-container elementor-column-gap-extended\">\n\t\t\t\t\t<div class=\"elementor-column elementor-col-100 elementor-inner-column elementor-element elementor-element-0016c9e sc_inner_width_none sc_layouts_column_icons_position_left\" data-id=\"0016c9e\" data-element_type=\"column\" data-settings=\"{&quot;background_background&quot;:&quot;classic&quot;}\">\n\t\t\t<div class=\"elementor-widget-wrap\">\n\t\t\t\t\t\t\t<\/div>\n\t\t<\/div>\n\t\t\t\t\t<\/div>\n\t\t<\/section>\n\t\t\t\t\t<\/div>\n\t\t<\/div>\n\t\t\t\t\t<\/div>\n\t\t<\/section>\n\t\t\t\t<section class=\"elementor-section elementor-top-section elementor-element elementor-element-2abe1a1 elementor-section-boxed elementor-section-height-default elementor-section-height-default\" data-id=\"2abe1a1\" data-element_type=\"section\" data-settings=\"{&quot;background_background&quot;:&quot;classic&quot;}\">\n\t\t\t\t\t\t<div class=\"elementor-container elementor-column-gap-extended\">\n\t\t\t\t\t<div class=\"elementor-column elementor-col-100 elementor-top-column elementor-element elementor-element-f39fccd sc_inner_width_none sc_layouts_column_icons_position_left\" data-id=\"f39fccd\" data-element_type=\"column\">\n\t\t\t<div class=\"elementor-widget-wrap elementor-element-populated\">\n\t\t\t\t\t\t<div class=\"elementor-element elementor-element-2e45deb sc_fly_static elementor-widget elementor-widget-text-editor\" data-id=\"2e45deb\" data-element_type=\"widget\" data-widget_type=\"text-editor.default\">\n\t\t\t\t<div class=\"elementor-widget-container\">\n\t\t\t\t\t\t\t<p>La formation aux premiers secours d'urgence vise \u00e0 renforcer la confiance des sauveteurs non professionnels et leur volont\u00e9 d'intervenir en cas d'urgence m\u00e9dicale. Les participants \u00e0 Course apprennent des \u00e9tapes simples \u00e0 suivre pour les soins d'urgence et s'exercent \u00e0 appliquer les comp\u00e9tences dans un environnement d'apprentissage non stressant. Tous les cours sont accompagn\u00e9s de manuels d'auto-apprentissage, de vid\u00e9os et de cartes de r\u00e9f\u00e9rence rapide afin d'am\u00e9liorer l'apprentissage et de vous permettre de commencer \u00e0 apprendre imm\u00e9diatement.<\/p><p>Les cours EFR r\u00e9pondent aux exigences de formation en mati\u00e8re de RCP et de premiers secours pour le cours PADI Rescue Diver et toutes les qualifications de niveau professionnel. La plupart des PADI Instructor sont \u00e9galement des Instructor Emergency First Response.<\/p><p>Les cours EFR suivants sont bas\u00e9s sur les directives m\u00e9dicales internationalement reconnues en mati\u00e8re de soins d'urgence.<\/p>\t\t\t\t\t\t<\/div>\n\t\t\t\t<\/div>\n\t\t\t\t<div class=\"elementor-element elementor-element-f12d713 elementor-widget-divider--view-line sc_fly_static elementor-widget elementor-widget-divider\" data-id=\"f12d713\" data-element_type=\"widget\" data-widget_type=\"divider.default\">\n\t\t\t\t<div class=\"elementor-widget-container\">\n\t\t\t\t\t<div class=\"elementor-divider\">\n\t\t\t<span class=\"elementor-divider-separator\">\n\t\t\t\t\t\t<\/span>\n\t\t<\/div>\n\t\t\t\t<\/div>\n\t\t\t\t<\/div>\n\t\t\t\t<div class=\"elementor-element elementor-element-e560c35 sc_fly_static elementor-widget elementor-widget-text-editor\" data-id=\"e560c35\" data-element_type=\"widget\" data-widget_type=\"text-editor.default\">\n\t\t\t\t<div class=\"elementor-widget-container\">\n\t\t\t\t\t\t\t<p><strong>Acad\u00e9mique<\/strong><\/p><ul><li><p><strong>Soins primaires (CPR)<\/strong>\u00a0- Ce cours vous enseigne les \u00e9tapes et les techniques de prise en charge des urgences vitales. Vous pratiquerez huit techniques pour aider les patients qui ne respirent pas, qui n'ont pas de battements cardiaques, qui peuvent avoir une blessure \u00e0 la colonne vert\u00e9brale, qui peuvent \u00eatre en \u00e9tat de choc ou qui peuvent avoir une h\u00e9morragie grave. Vous apprendrez \u00e0 pratiquer la r\u00e9animation cardio-pulmonaire et \u00e0 continuer \u00e0 surveiller le patient, afin de lui donner toutes les chances de survie en attendant l'arriv\u00e9e des services m\u00e9dicaux d'urgence.<\/p><\/li><li><p><strong>Soins secondaires (premiers secours)<\/strong>\u00a0- \u00c9tant donn\u00e9 que de nombreuses affections ne mettent pas la vie en danger et que les services m\u00e9dicaux d'urgence sont parfois retard\u00e9s ou indisponibles, ce cours vous apprend \u00e0 prodiguer les premiers soins qui soulagent la douleur et r\u00e9duisent le risque d'aggravation du mal. Vous apprendrez \u00e0 \u00e9valuer une vari\u00e9t\u00e9 de blessures et de maladies et vous vous exercerez \u00e0 poser des bandages et des attelles.<\/p><\/li><li><p><strong>Soins aux enfants<\/strong>\u00a0- Ce cours permet aux participants d'apprendre, de pratiquer et d'appliquer les comp\u00e9tences en mati\u00e8re de soins d'urgence sp\u00e9cifiques \u00e0 l'aide aux nourrissons et aux enfants en cas d'urgence m\u00e9dicale. Il est con\u00e7u pour les personnes qui travaillent avec des enfants ou qui sont susceptibles de devoir r\u00e9pondre \u00e0 des urgences impliquant des enfants. Ce cours est souvent int\u00e9gr\u00e9 aux cours de soins primaires (RCP) et de soins secondaires (premiers secours).<\/p><\/li><li><p><strong>RCP ET DEA<\/strong>\u00a0- Ce cours se concentre sur la formation \u00e0 la RCP et apprend aux participants \u00e0 utiliser un DEA (d\u00e9fibrillateur externe automatis\u00e9). Lorsque les exigences du lieu de travail ou du gouvernement sp\u00e9cifient cette formation, le cours RCP et DEA r\u00e9pond \u00e0 ce besoin. Ce cours est souvent int\u00e9gr\u00e9 dans les programmes de secourisme au travail.<\/p><\/li><li><p><strong>Recyclage EFR<\/strong>\u00a0- C'est une bonne id\u00e9e de rafra\u00eechir vos comp\u00e9tences en mati\u00e8re de RCP et de premiers secours tous les 24 mois, et c'est ce que le cours de recyclage de l'EFR est con\u00e7u pour faire. En se concentrant sur les comp\u00e9tences cl\u00e9s, ce cours vous permet de rester \u00e0 jour et pr\u00eat \u00e0 apporter votre aide en cas de besoin.<\/p><\/li><\/ul>\t\t\t\t\t\t<\/div>\n\t\t\t\t<\/div>\n\t\t\t\t<div class=\"elementor-element elementor-element-fe8c87c elementor-widget-divider--view-line sc_fly_static elementor-widget elementor-widget-divider\" data-id=\"fe8c87c\" data-element_type=\"widget\" data-widget_type=\"divider.default\">\n\t\t\t\t<div class=\"elementor-widget-container\">\n\t\t\t\t\t<div class=\"elementor-divider\">\n\t\t\t<span class=\"elementor-divider-separator\">\n\t\t\t\t\t\t<\/span>\n\t\t<\/div>\n\t\t\t\t<\/div>\n\t\t\t\t<\/div>\n\t\t\t\t<section class=\"elementor-section elementor-inner-section elementor-element elementor-element-eb9d6c6 elementor-section-boxed elementor-section-height-default elementor-section-height-default\" data-id=\"eb9d6c6\" data-element_type=\"section\">\n\t\t\t\t\t\t<div class=\"elementor-container elementor-column-gap-extended\">\n\t\t\t\t\t<div class=\"make-column-clickable-elementor elementor-column elementor-col-100 elementor-inner-column elementor-element elementor-element-763a6b5 sc_inner_width_none sc_layouts_column_icons_position_left\" style=\"cursor: pointer;\" data-column-clickable=\"https:\/\/apps.padi.com\/scuba-diving\/elearning\/purchasecourse.aspx?courseid=56&amp;_ga=2.143748147.764057478.1571210490-1216068278.1570006227&amp;fbclid=IwAR2wwNMK6xWNdb5jq8KzUDx5na1JimO8l46zyG7hewhY7PPip4sVOSME1io\" data-column-clickable-blank=\"_blank\" data-id=\"763a6b5\" data-element_type=\"column\">\n\t\t\t<div class=\"elementor-widget-wrap elementor-element-populated\">\n\t\t\t\t\t\t<div class=\"elementor-element elementor-element-a009ab1 sc_fly_static elementor-widget elementor-widget-heading\" data-id=\"a009ab1\" data-element_type=\"widget\" data-widget_type=\"heading.default\">\n\t\t\t\t<div class=\"elementor-widget-container\">\n\t\t\t<h4 class=\"elementor-heading-title elementor-size-default\">Acheter une formation en ligne<\/h4>\t\t<\/div>\n\t\t\t\t<\/div>\n\t\t\t\t<div class=\"elementor-element elementor-element-6a6e857 sc_fly_static elementor-widget elementor-widget-image\" data-id=\"6a6e857\" data-element_type=\"widget\" data-widget_type=\"image.default\">\n\t\t\t\t<div class=\"elementor-widget-container\">\n\t\t\t\t\t\t\t\t\t\t\t\t\t<img decoding=\"async\" width=\"300\" height=\"39\" data-src=\"https:\/\/www.dive.gr\/wp-content\/smush-webp\/2024\/09\/dive.gr-padi-eLearning-logo-300x39.png.webp\" class=\"attachment-medium size-medium wp-image-10258 lazyload\" alt=\"\" data-srcset=\"https:\/\/www.dive.gr\/wp-content\/smush-webp\/2024\/09\/dive.gr-padi-eLearning-logo-300x39.png.webp 300w, https:\/\/www.dive.gr\/wp-content\/smush-webp\/2024\/09\/dive.gr-padi-eLearning-logo-18x2.png.webp 18w, https:\/\/www.dive.gr\/wp-content\/smush-webp\/2024\/09\/dive.gr-padi-eLearning-logo-370x48.png.webp 370w, https:\/\/www.dive.gr\/wp-content\/smush-webp\/2024\/09\/dive.gr-padi-eLearning-logo.png.webp 436w\" data-sizes=\"(max-width: 300px) 100vw, 300px\" src=\"data:image\/svg+xml;base64,PHN2ZyB3aWR0aD0iMSIgaGVpZ2h0PSIxIiB4bWxucz0iaHR0cDovL3d3dy53My5vcmcvMjAwMC9zdmciPjwvc3ZnPg==\" style=\"--smush-placeholder-width: 300px; --smush-placeholder-aspect-ratio: 300\/39;\" \/>\t\t\t\t\t\t\t\t\t\t\t\t\t<\/div>\n\t\t\t\t<\/div>\n\t\t\t\t\t<\/div>\n\t\t<\/div>\n\t\t\t\t\t<\/div>\n\t\t<\/section>\n\t\t\t\t<div class=\"elementor-element elementor-element-2bd613d elementor-widget-divider--view-line sc_fly_static elementor-widget elementor-widget-divider\" data-id=\"2bd613d\" data-element_type=\"widget\" data-widget_type=\"divider.default\">\n\t\t\t\t<div class=\"elementor-widget-container\">\n\t\t\t\t\t<div class=\"elementor-divider\">\n\t\t\t<span class=\"elementor-divider-separator\">\n\t\t\t\t\t\t<\/span>\n\t\t<\/div>\n\t\t\t\t<\/div>\n\t\t\t\t<\/div>\n\t\t\t\t<div class=\"elementor-element elementor-element-d71be12 sc_fly_static elementor-widget elementor-widget-heading\" data-id=\"d71be12\" data-element_type=\"widget\" data-widget_type=\"heading.default\">\n\t\t\t\t<div class=\"elementor-widget-container\">\n\t\t\t<h4 class=\"elementor-heading-title elementor-size-default\">R\u00e9servez d\u00e8s maintenant<\/h4>\t\t<\/div>\n\t\t\t\t<\/div>\n\t\t\t\t<div class=\"elementor-element elementor-element-5dd152e sc_fly_static elementor-widget elementor-widget-shortcode\" data-id=\"5dd152e\" data-element_type=\"widget\" data-widget_type=\"shortcode.default\">\n\t\t\t\t<div class=\"elementor-widget-container\">\n\t\t\t\t\t<div class=\"elementor-shortcode\"><form id=\"forminator-module-9933\" class=\"forminator-custom-form forminator-custom-form-9933\" method=\"post\" data-forminator-render=\"0\" data-uid=\"6a04f9c72b4c4\" action=\"\"><div role=\"alert\" aria-live=\"polite\" class=\"forminator-response-message forminator-error\" aria-hidden=\"true\"><\/div><input type=\"hidden\" name=\"trp-form-language\" value=\"fr\"\/><\/form><\/div>\n\t\t\t\t<\/div>\n\t\t\t\t<\/div>\n\t\t\t\t\t<\/div>\n\t\t<\/div>\n\t\t\t\t\t<\/div>\n\t\t<\/section>\n\t\t\t\t<\/div>","protected":false},"excerpt":{"rendered":"<p>D\u00e9couvrez les \u00e9tapes simples \u00e0 suivre pour les soins d'urgence. Ce cours se concentre sur...<\/p>","protected":false},"author":1,"featured_media":7712,"parent":0,"menu_order":0,"comment_status":"closed","ping_status":"closed","template":"","meta":{"_acf_changed":false,"footnotes":""},"program":[177],"class_list":["post-5372","page","type-page","status-publish","has-post-thumbnail","hentry","program-advanced-level-courses"],"acf":[],"_links":{"self":[{"href":"https:\/\/www.dive.gr\/fr\/wp-json\/wp\/v2\/pages\/5372","targetHints":{"allow":["GET"]}}],"collection":[{"href":"https:\/\/www.dive.gr\/fr\/wp-json\/wp\/v2\/pages"}],"about":[{"href":"https:\/\/www.dive.gr\/fr\/wp-json\/wp\/v2\/types\/page"}],"author":[{"embeddable":true,"href":"https:\/\/www.dive.gr\/fr\/wp-json\/wp\/v2\/users\/1"}],"replies":[{"embeddable":true,"href":"https:\/\/www.dive.gr\/fr\/wp-json\/wp\/v2\/comments?post=5372"}],"version-history":[{"count":13,"href":"https:\/\/www.dive.gr\/fr\/wp-json\/wp\/v2\/pages\/5372\/revisions"}],"predecessor-version":[{"id":14821,"href":"https:\/\/www.dive.gr\/fr\/wp-json\/wp\/v2\/pages\/5372\/revisions\/14821"}],"wp:featuredmedia":[{"embeddable":true,"href":"https:\/\/www.dive.gr\/fr\/wp-json\/wp\/v2\/media\/7712"}],"wp:attachment":[{"href":"https:\/\/www.dive.gr\/fr\/wp-json\/wp\/v2\/media?parent=5372"}],"wp:term":[{"taxonomy":"program","embeddable":true,"href":"https:\/\/www.dive.gr\/fr\/wp-json\/wp\/v2\/program?post=5372"}],"curies":[{"name":"wp","href":"https:\/\/api.w.org\/{rel}","templated":true}]}}