{"id":5353,"date":"2024-08-06T21:26:37","date_gmt":"2024-08-06T21:26:37","guid":{"rendered":"https:\/\/www.dive.gr\/newsite\/?page_id=5353"},"modified":"2024-10-02T07:48:44","modified_gmt":"2024-10-02T07:48:44","slug":"advanced-open-water","status":"publish","type":"page","link":"https:\/\/www.dive.gr\/fr\/advanced-open-water\/","title":{"rendered":"Eau libre avanc\u00e9e"},"content":{"rendered":"<div data-elementor-type=\"wp-post\" data-elementor-id=\"5353\" class=\"elementor elementor-5353\" data-elementor-post-type=\"page\">\n\t\t\t\t\t\t<section class=\"elementor-section elementor-top-section elementor-element elementor-element-b230b6f elementor-section-stretched elementor-section-full_width scheme_dark elementor-reverse-tablet elementor-reverse-mobile elementor-section-height-default elementor-section-height-default\" data-id=\"b230b6f\" data-element_type=\"section\" data-settings=\"{&quot;stretch_section&quot;:&quot;section-stretched&quot;}\">\n\t\t\t\t\t\t<div class=\"elementor-container elementor-column-gap-no\">\n\t\t\t\t\t<div class=\"elementor-column elementor-col-50 elementor-top-column elementor-element elementor-element-098adc1 sc_inner_width_none sc_layouts_column_icons_position_left\" data-id=\"098adc1\" data-element_type=\"column\" data-settings=\"{&quot;background_background&quot;:&quot;classic&quot;}\">\n\t\t\t<div class=\"elementor-widget-wrap elementor-element-populated\">\n\t\t\t\t\t\t<div class=\"elementor-element elementor-element-d92a0b5 sc_fly_static elementor-widget elementor-widget-heading\" data-id=\"d92a0b5\" data-element_type=\"widget\" data-widget_type=\"heading.default\">\n\t\t\t\t<div class=\"elementor-widget-container\">\n\t\t\t<h2 class=\"elementor-heading-title elementor-size-default\">Eau libre avanc\u00e9e<\/h2>\t\t<\/div>\n\t\t\t\t<\/div>\n\t\t\t\t<div class=\"elementor-element elementor-element-a3680cf sc_fly_static elementor-widget elementor-widget-text-editor\" data-id=\"a3680cf\" data-element_type=\"widget\" data-widget_type=\"text-editor.default\">\n\t\t\t\t<div class=\"elementor-widget-container\">\n\t\t\t\t\t\t\t<p>Ce cours peut \u00eatre suivi apr\u00e8s avoir obtenu la certification PADI Open Water Diver. Il est intitul\u00e9 PADI Advanced Open Water Diver car il vous permet d'approfondir vos connaissances et comp\u00e9tences en mati\u00e8re de plong\u00e9e.<\/p>\t\t\t\t\t\t<\/div>\n\t\t\t\t<\/div>\n\t\t\t\t\t<\/div>\n\t\t<\/div>\n\t\t\t\t<div class=\"elementor-column elementor-col-50 elementor-top-column elementor-element elementor-element-bd94493 sc_inner_width_none sc_layouts_column_icons_position_left\" data-id=\"bd94493\" data-element_type=\"column\" data-settings=\"{&quot;background_background&quot;:&quot;classic&quot;}\">\n\t\t\t<div class=\"elementor-widget-wrap elementor-element-populated\">\n\t\t\t\t\t\t<section class=\"elementor-section elementor-inner-section elementor-element elementor-element-0130909 elementor-section-height-min-height elementor-section-boxed elementor-section-height-default\" data-id=\"0130909\" data-element_type=\"section\" data-settings=\"{&quot;background_background&quot;:&quot;video&quot;,&quot;background_video_link&quot;:&quot;https:\\\/\\\/www.dive.gr\\\/wp-content\\\/uploads\\\/2024\\\/09\\\/dive.gr-Mykonos-diving-center-intro-video.mp4&quot;}\">\n\t\t\t\t\t\t\t\t<div class=\"elementor-background-video-container elementor-hidden-phone\">\n\t\t\t\t\t\t\t\t\t\t\t\t\t<video class=\"elementor-background-video-hosted elementor-html5-video\" autoplay muted playsinline loop><\/video>\n\t\t\t\t\t\t\t\t\t\t\t<\/div>\n\t\t\t\t\t\t\t\t<div class=\"elementor-container elementor-column-gap-extended\">\n\t\t\t\t\t<div class=\"elementor-column elementor-col-100 elementor-inner-column elementor-element elementor-element-0016c9e sc_inner_width_none sc_layouts_column_icons_position_left\" data-id=\"0016c9e\" data-element_type=\"column\" data-settings=\"{&quot;background_background&quot;:&quot;classic&quot;}\">\n\t\t\t<div class=\"elementor-widget-wrap\">\n\t\t\t\t\t\t\t<\/div>\n\t\t<\/div>\n\t\t\t\t\t<\/div>\n\t\t<\/section>\n\t\t\t\t\t<\/div>\n\t\t<\/div>\n\t\t\t\t\t<\/div>\n\t\t<\/section>\n\t\t\t\t<section class=\"elementor-section elementor-top-section elementor-element elementor-element-2abe1a1 elementor-section-boxed elementor-section-height-default elementor-section-height-default\" data-id=\"2abe1a1\" data-element_type=\"section\" data-settings=\"{&quot;background_background&quot;:&quot;classic&quot;}\">\n\t\t\t\t\t\t<div class=\"elementor-container elementor-column-gap-extended\">\n\t\t\t\t\t<div class=\"elementor-column elementor-col-100 elementor-top-column elementor-element elementor-element-f39fccd sc_inner_width_none sc_layouts_column_icons_position_left\" data-id=\"f39fccd\" data-element_type=\"column\">\n\t\t\t<div class=\"elementor-widget-wrap elementor-element-populated\">\n\t\t\t\t\t\t<div class=\"elementor-element elementor-element-2e45deb sc_fly_static elementor-widget elementor-widget-text-editor\" data-id=\"2e45deb\" data-element_type=\"widget\" data-widget_type=\"text-editor.default\">\n\t\t\t\t<div class=\"elementor-widget-container\">\n\t\t\t\t\t\t\t<p>Le cours PADI Advanced Open Water Diver vous permet d'approfondir vos connaissances et vos comp\u00e9tences. Vous n'avez pas besoin d'\u00eatre \"avanc\u00e9\" pour le suivre - il est con\u00e7u pour\u00a0<em>avancer<\/em>\u00a0Vous pouvez donc commencer d\u00e8s l'obtention de votre certification PADI Open Water Diver.<\/p><p>Ce cours vous permet de prendre confiance en vous et d'\u00e9largir vos comp\u00e9tences en mati\u00e8re de plong\u00e9e gr\u00e2ce \u00e0 diff\u00e9rents Adventure Dives et vous permet de plonger jusqu'\u00e0 30m\/100ft. Vous essayez diff\u00e9rentes sp\u00e9cialit\u00e9s tout en acqu\u00e9rant de l'exp\u00e9rience sous la supervision de votre PADI Instructor. Vous enregistrez vos plong\u00e9es et d\u00e9veloppez vos capacit\u00e9s tout en d\u00e9couvrant de nouvelles fa\u00e7ons de vous amuser en plong\u00e9e sous-marine.<br \/><br \/>Obtenez des cr\u00e9dits ! Chaque plong\u00e9e aventure peut \u00eatre cr\u00e9dit\u00e9e pour la premi\u00e8re plong\u00e9e du cours PADI Specialty Diver Course correspondant. Si vous avez d\u00e9j\u00e0 suivi un cours de plongeur de sp\u00e9cialit\u00e9, demandez \u00e0 votre instructeur si vous avez obtenu un cr\u00e9dit pour une plong\u00e9e aventure.<\/p><p>Les PADI (Junior) Open Water Diver \u00e2g\u00e9s d'au moins 12 ans sont pr\u00eats \u00e0 passer \u00e0 la vitesse sup\u00e9rieure et \u00e0 s'inscrire \u00e0 un cours Open Water Diver avanc\u00e9. Les jeunes plongeurs ne peuvent participer qu'\u00e0 certaines plong\u00e9es d'aventure - v\u00e9rifiez avec votre PADI Instructor.<\/p><p>Si vous \u00eates d\u00e9j\u00e0 titulaire d'un Adventure Diver, il vous suffit de suivre deux autres Adventure Dives pour obtenir la certification Advanced Open Water Diver.<\/p>\t\t\t\t\t\t<\/div>\n\t\t\t\t<\/div>\n\t\t\t\t<div class=\"elementor-element elementor-element-f12d713 elementor-widget-divider--view-line sc_fly_static elementor-widget elementor-widget-divider\" data-id=\"f12d713\" data-element_type=\"widget\" data-widget_type=\"divider.default\">\n\t\t\t\t<div class=\"elementor-widget-container\">\n\t\t\t\t\t<div class=\"elementor-divider\">\n\t\t\t<span class=\"elementor-divider-separator\">\n\t\t\t\t\t\t<\/span>\n\t\t<\/div>\n\t\t\t\t<\/div>\n\t\t\t\t<\/div>\n\t\t\t\t<div class=\"elementor-element elementor-element-e560c35 sc_fly_static elementor-widget elementor-widget-text-editor\" data-id=\"e560c35\" data-element_type=\"widget\" data-widget_type=\"text-editor.default\">\n\t\t\t\t<div class=\"elementor-widget-container\">\n\t\t\t\t\t\t\t<p><strong>Acad\u00e9mique<\/strong><\/p><p>Vous planifierez votre parcours d'apprentissage avec votre instructeur en choisissant parmi une longue liste de Adventure Dives. Deux plong\u00e9es sont obligatoires - Deep et Underwater Navigation - et vous choisissez les trois autres, pour un total de cinq plong\u00e9es.<\/p><p>Au cours de la plong\u00e9e aventure profonde, vous apprenez \u00e0 planifier des plong\u00e9es pour faire face aux effets physiologiques et aux d\u00e9fis de la plong\u00e9e profonde. La plong\u00e9e aventure Underwater Navigation vous permet d'affiner vos comp\u00e9tences en mati\u00e8re de navigation au compas et vous aide \u00e0 mieux vous orienter \u00e0 l'aide de kick-cycles, de rep\u00e8res visuels et de l'heure.<\/p><p>Les autres connaissances et comp\u00e9tences que vous acqu\u00e9rez varient en fonction de vos int\u00e9r\u00eats et des aventures que vous vivez : photographie, contr\u00f4le de la flottabilit\u00e9, identification des poissons, exploration d'\u00e9paves et bien d'autres choses encore.<\/p><p>Vous pourrez peut-\u00eatre obtenir des cr\u00e9dits universitaires pour le cours Advanced Open Water Diver.<\/p><p><strong style=\"font-size: 1rem; letter-spacing: 0.38px;\">Equipement<\/strong><\/p><p>En plus de l'\u00e9quipement de plong\u00e9e de base, vous aurez besoin d'un compas et d'un couteau ou d'un outil de plong\u00e9e. Vous utiliserez \u00e9galement un \u00e9quipement sp\u00e9cialis\u00e9 en fonction de la Adventure Dives que vous choisirez. Par exemple, vous utiliserez \u00e9videmment une combinaison \u00e9tanche pour la plong\u00e9e aventure en combinaison \u00e9tanche ou une configuration sidemount pour la plong\u00e9e aventure en sidemount. Votre PADI Instructor vous expliquera l'\u00e9quipement dont vous avez besoin et pourra vous sugg\u00e9rer du mat\u00e9riel suppl\u00e9mentaire, comme une lampe de plong\u00e9e pour la plong\u00e9e de nuit ou un sac de transport pour la plong\u00e9e de recherche et de r\u00e9cup\u00e9ration.<\/p><p>Visitez le centre de plong\u00e9e de Mykonos pour en savoir plus sur l'\u00e9quipement dont vous aurez besoin pour commencer vos aventures dans le cours Advanced Open Water Diver.<\/p><p><strong>Pour commencer<\/strong><\/p><p>Inscrivez-vous \u00e0 Advanced Open Water Diver Online - l'option d'apprentissage en ligne de PADI - pour commencer imm\u00e9diatement. Le syst\u00e8me en ligne vous permet d'apprendre sept des plong\u00e9es Adventures les plus populaires - y compris les plong\u00e9es profondes et Underwater Navigation Adventure Dives obligatoires, ainsi que les plong\u00e9es bateau, de nuit, Peak Performance Buoyancy, Underwater Naturalist et \u00e9pave Adventure Dives. Vous \u00e9tudiez \u00e0 votre rythme gr\u00e2ce \u00e0 un programme interactif facile \u00e0 utiliser. Vous avez \u00e9galement acc\u00e8s \u00e0 une version en ligne de la\u00a0<em>Aventures de plong\u00e9e<\/em>\u00a0et peut compl\u00e9ter les sections pour d'autres Adventure Dives selon les instructions de votre PADI Instructor.<\/p><p>Vous pouvez \u00e9galement choisir de lire le\u00a0<em>Aventures de plong\u00e9e\u00a0<\/em>et regardez le manuel\u00a0<em>Aventures de plong\u00e9e<\/em>\u00a0vid\u00e9o (un livre et un DVD). Passez au centre de plong\u00e9e de Mykonos pour vous inscrire au cours, obtenir votre mat\u00e9riel et commencer \u00e0 apprendre. Votre PADI Instructor vous rencontrera pour planifier des sessions de r\u00e9vision des connaissances avec votre Adventure Dives.<\/p>\t\t\t\t\t\t<\/div>\n\t\t\t\t<\/div>\n\t\t\t\t<div class=\"elementor-element elementor-element-91f7d92 elementor-widget-divider--view-line sc_fly_static elementor-widget elementor-widget-divider\" data-id=\"91f7d92\" data-element_type=\"widget\" data-widget_type=\"divider.default\">\n\t\t\t\t<div class=\"elementor-widget-container\">\n\t\t\t\t\t<div class=\"elementor-divider\">\n\t\t\t<span class=\"elementor-divider-separator\">\n\t\t\t\t\t\t<\/span>\n\t\t<\/div>\n\t\t\t\t<\/div>\n\t\t\t\t<\/div>\n\t\t\t\t<div class=\"elementor-element elementor-element-ff4be43 sc_fly_static elementor-widget elementor-widget-heading\" data-id=\"ff4be43\" data-element_type=\"widget\" data-widget_type=\"heading.default\">\n\t\t\t\t<div class=\"elementor-widget-container\">\n\t\t\t<h4 class=\"elementor-heading-title elementor-size-default\">Tarification<\/h4>\t\t<\/div>\n\t\t\t\t<\/div>\n\t\t\t\t<div class=\"elementor-element elementor-element-7044a8a sc_fly_static elementor-widget elementor-widget-trx_sc_table\" data-id=\"7044a8a\" data-element_type=\"widget\" data-widget_type=\"trx_sc_table.default\">\n\t\t\t\t<div class=\"elementor-widget-container\">\n\t\t\t<div id=\"trx_sc_table_1723429816_wrap\" class=\"sc_table_wrap\"><div id=\"trx_sc_table_1723429816\"\n\t\t\tclass=\"sc_table sc_table_default trx_addons_inline_1281733783\"><table summary=\"pricing\" cellspacing=\"0\"><tbody><tr><th style=\"text-align: center;\">Eau libre avanc\u00e9e<\/th><th style=\"text-align: center;\">Prix (\u20ac)<\/th><\/tr><tr><td style=\"text-align: center;\">5 plong\u00e9es<\/td><td style=\"text-align: center;\">390<\/td><\/tr><tr><td style=\"text-align: center;\">En cas de combinaison avec <a href=\"https:\/\/www.dive.gr\/fr\/open-water-diver\/\">Eau libre Course<\/a><\/td><td style=\"text-align: center;\">290<\/td><\/tr><\/tbody><\/table><\/div><\/div><!-- \/.sc_table_wrap -->\t\t<\/div>\n\t\t\t\t<\/div>\n\t\t\t\t<div class=\"elementor-element elementor-element-0548205 elementor-widget-divider--view-line sc_fly_static elementor-widget elementor-widget-divider\" data-id=\"0548205\" data-element_type=\"widget\" data-widget_type=\"divider.default\">\n\t\t\t\t<div class=\"elementor-widget-container\">\n\t\t\t\t\t<div class=\"elementor-divider\">\n\t\t\t<span class=\"elementor-divider-separator\">\n\t\t\t\t\t\t<\/span>\n\t\t<\/div>\n\t\t\t\t<\/div>\n\t\t\t\t<\/div>\n\t\t\t\t<section class=\"elementor-section elementor-inner-section elementor-element elementor-element-b2ff12c elementor-section-boxed elementor-section-height-default elementor-section-height-default\" data-id=\"b2ff12c\" data-element_type=\"section\">\n\t\t\t\t\t\t<div class=\"elementor-container elementor-column-gap-extended\">\n\t\t\t\t\t<div class=\"make-column-clickable-elementor elementor-column elementor-col-100 elementor-inner-column elementor-element elementor-element-415e1aa sc_inner_width_none sc_layouts_column_icons_position_left\" style=\"cursor: pointer;\" data-column-clickable=\"https:\/\/apps.padi.com\/scuba-diving\/elearning\/purchasecourse.aspx?courseid=56&amp;_ga=2.143748147.764057478.1571210490-1216068278.1570006227&amp;fbclid=IwAR2wwNMK6xWNdb5jq8KzUDx5na1JimO8l46zyG7hewhY7PPip4sVOSME1io\" data-column-clickable-blank=\"_blank\" data-id=\"415e1aa\" data-element_type=\"column\">\n\t\t\t<div class=\"elementor-widget-wrap elementor-element-populated\">\n\t\t\t\t\t\t<div class=\"elementor-element elementor-element-c1331b7 sc_fly_static elementor-widget elementor-widget-heading\" data-id=\"c1331b7\" data-element_type=\"widget\" data-widget_type=\"heading.default\">\n\t\t\t\t<div class=\"elementor-widget-container\">\n\t\t\t<h4 class=\"elementor-heading-title elementor-size-default\">Acheter une formation en ligne<\/h4>\t\t<\/div>\n\t\t\t\t<\/div>\n\t\t\t\t<div class=\"elementor-element elementor-element-96dd8e2 sc_fly_static elementor-widget elementor-widget-image\" data-id=\"96dd8e2\" data-element_type=\"widget\" data-widget_type=\"image.default\">\n\t\t\t\t<div class=\"elementor-widget-container\">\n\t\t\t\t\t\t\t\t\t\t\t\t\t<img decoding=\"async\" width=\"300\" height=\"39\" data-src=\"https:\/\/www.dive.gr\/wp-content\/smush-webp\/2024\/09\/dive.gr-padi-eLearning-logo-300x39.png.webp\" class=\"attachment-medium size-medium wp-image-10258 lazyload\" alt=\"\" data-srcset=\"https:\/\/www.dive.gr\/wp-content\/smush-webp\/2024\/09\/dive.gr-padi-eLearning-logo-300x39.png.webp 300w, https:\/\/www.dive.gr\/wp-content\/smush-webp\/2024\/09\/dive.gr-padi-eLearning-logo-18x2.png.webp 18w, https:\/\/www.dive.gr\/wp-content\/smush-webp\/2024\/09\/dive.gr-padi-eLearning-logo-370x48.png.webp 370w, https:\/\/www.dive.gr\/wp-content\/smush-webp\/2024\/09\/dive.gr-padi-eLearning-logo.png.webp 436w\" data-sizes=\"(max-width: 300px) 100vw, 300px\" src=\"data:image\/svg+xml;base64,PHN2ZyB3aWR0aD0iMSIgaGVpZ2h0PSIxIiB4bWxucz0iaHR0cDovL3d3dy53My5vcmcvMjAwMC9zdmciPjwvc3ZnPg==\" style=\"--smush-placeholder-width: 300px; --smush-placeholder-aspect-ratio: 300\/39;\" \/>\t\t\t\t\t\t\t\t\t\t\t\t\t<\/div>\n\t\t\t\t<\/div>\n\t\t\t\t\t<\/div>\n\t\t<\/div>\n\t\t\t\t\t<\/div>\n\t\t<\/section>\n\t\t\t\t<div class=\"elementor-element elementor-element-53a112c elementor-widget-divider--view-line sc_fly_static elementor-widget elementor-widget-divider\" data-id=\"53a112c\" data-element_type=\"widget\" data-widget_type=\"divider.default\">\n\t\t\t\t<div class=\"elementor-widget-container\">\n\t\t\t\t\t<div class=\"elementor-divider\">\n\t\t\t<span class=\"elementor-divider-separator\">\n\t\t\t\t\t\t<\/span>\n\t\t<\/div>\n\t\t\t\t<\/div>\n\t\t\t\t<\/div>\n\t\t\t\t<div class=\"elementor-element elementor-element-d71be12 sc_fly_static elementor-widget elementor-widget-heading\" data-id=\"d71be12\" data-element_type=\"widget\" data-widget_type=\"heading.default\">\n\t\t\t\t<div class=\"elementor-widget-container\">\n\t\t\t<h4 class=\"elementor-heading-title elementor-size-default\">R\u00e9servez d\u00e8s maintenant<\/h4>\t\t<\/div>\n\t\t\t\t<\/div>\n\t\t\t\t<div class=\"elementor-element elementor-element-5dd152e sc_fly_static elementor-widget elementor-widget-shortcode\" data-id=\"5dd152e\" data-element_type=\"widget\" data-widget_type=\"shortcode.default\">\n\t\t\t\t<div class=\"elementor-widget-container\">\n\t\t\t\t\t<div class=\"elementor-shortcode\"><form id=\"forminator-module-9933\" class=\"forminator-custom-form forminator-custom-form-9933\" method=\"post\" data-forminator-render=\"0\" data-uid=\"69dea63318ead\" action=\"\"><div role=\"alert\" aria-live=\"polite\" class=\"forminator-response-message forminator-error\" aria-hidden=\"true\"><\/div><input type=\"hidden\" name=\"trp-form-language\" value=\"fr\"\/><\/form><\/div>\n\t\t\t\t<\/div>\n\t\t\t\t<\/div>\n\t\t\t\t\t<\/div>\n\t\t<\/div>\n\t\t\t\t\t<\/div>\n\t\t<\/section>\n\t\t\t\t<\/div>","protected":false},"excerpt":{"rendered":"<p>Ce cours peut \u00eatre suivi apr\u00e8s avoir compl\u00e9t\u00e9 le PADI Open Water Diver...<\/p>","protected":false},"author":1,"featured_media":7737,"parent":0,"menu_order":0,"comment_status":"closed","ping_status":"closed","template":"","meta":{"_acf_changed":false,"footnotes":""},"program":[177],"class_list":["post-5353","page","type-page","status-publish","has-post-thumbnail","hentry","program-advanced-level-courses"],"acf":[],"_links":{"self":[{"href":"https:\/\/www.dive.gr\/fr\/wp-json\/wp\/v2\/pages\/5353","targetHints":{"allow":["GET"]}}],"collection":[{"href":"https:\/\/www.dive.gr\/fr\/wp-json\/wp\/v2\/pages"}],"about":[{"href":"https:\/\/www.dive.gr\/fr\/wp-json\/wp\/v2\/types\/page"}],"author":[{"embeddable":true,"href":"https:\/\/www.dive.gr\/fr\/wp-json\/wp\/v2\/users\/1"}],"replies":[{"embeddable":true,"href":"https:\/\/www.dive.gr\/fr\/wp-json\/wp\/v2\/comments?post=5353"}],"version-history":[{"count":16,"href":"https:\/\/www.dive.gr\/fr\/wp-json\/wp\/v2\/pages\/5353\/revisions"}],"predecessor-version":[{"id":14818,"href":"https:\/\/www.dive.gr\/fr\/wp-json\/wp\/v2\/pages\/5353\/revisions\/14818"}],"wp:featuredmedia":[{"embeddable":true,"href":"https:\/\/www.dive.gr\/fr\/wp-json\/wp\/v2\/media\/7737"}],"wp:attachment":[{"href":"https:\/\/www.dive.gr\/fr\/wp-json\/wp\/v2\/media?parent=5353"}],"wp:term":[{"taxonomy":"program","embeddable":true,"href":"https:\/\/www.dive.gr\/fr\/wp-json\/wp\/v2\/program?post=5353"}],"curies":[{"name":"wp","href":"https:\/\/api.w.org\/{rel}","templated":true}]}}