{"id":5331,"date":"2024-08-07T20:40:30","date_gmt":"2024-08-07T20:40:30","guid":{"rendered":"https:\/\/www.dive.gr\/newsite\/?page_id=5331"},"modified":"2024-10-02T07:37:13","modified_gmt":"2024-10-02T07:37:13","slug":"scuba-review-diving-course","status":"publish","type":"page","link":"https:\/\/www.dive.gr\/fr\/scuba-review-diving-course\/","title":{"rendered":"Scuba Review"},"content":{"rendered":"<div data-elementor-type=\"wp-post\" data-elementor-id=\"5331\" class=\"elementor elementor-5331\" data-elementor-post-type=\"page\">\n\t\t\t\t\t\t<section class=\"elementor-section elementor-top-section elementor-element elementor-element-b230b6f elementor-section-stretched elementor-section-full_width scheme_dark elementor-reverse-tablet elementor-reverse-mobile elementor-section-height-default elementor-section-height-default\" data-id=\"b230b6f\" data-element_type=\"section\" data-settings=\"{&quot;stretch_section&quot;:&quot;section-stretched&quot;}\">\n\t\t\t\t\t\t<div class=\"elementor-container elementor-column-gap-no\">\n\t\t\t\t\t<div class=\"elementor-column elementor-col-50 elementor-top-column elementor-element elementor-element-098adc1 sc_inner_width_none sc_layouts_column_icons_position_left\" data-id=\"098adc1\" data-element_type=\"column\" data-settings=\"{&quot;background_background&quot;:&quot;classic&quot;}\">\n\t\t\t<div class=\"elementor-widget-wrap elementor-element-populated\">\n\t\t\t\t\t\t<div class=\"elementor-element elementor-element-d92a0b5 sc_fly_static elementor-widget elementor-widget-heading\" data-id=\"d92a0b5\" data-element_type=\"widget\" data-widget_type=\"heading.default\">\n\t\t\t\t<div class=\"elementor-widget-container\">\n\t\t\t<h2 class=\"elementor-heading-title elementor-size-default\">Scuba Review<\/h2>\t\t<\/div>\n\t\t\t\t<\/div>\n\t\t\t\t<div class=\"elementor-element elementor-element-a3680cf sc_fly_static elementor-widget elementor-widget-text-editor\" data-id=\"a3680cf\" data-element_type=\"widget\" data-widget_type=\"text-editor.default\">\n\t\t\t\t<div class=\"elementor-widget-container\">\n\t\t\t\t\t\t\t<p>Rafra\u00eechissez vos comp\u00e9tences et vos connaissances en mati\u00e8re de plong\u00e9e sous-marine. Passez en revue les concepts importants de la s\u00e9curit\u00e9 en plong\u00e9e, les \u00e9l\u00e9ments essentiels de la planification de la plong\u00e9e et la gestion des probl\u00e8mes.<\/p>\t\t\t\t\t\t<\/div>\n\t\t\t\t<\/div>\n\t\t\t\t\t<\/div>\n\t\t<\/div>\n\t\t\t\t<div class=\"elementor-column elementor-col-50 elementor-top-column elementor-element elementor-element-bd94493 sc_inner_width_none sc_layouts_column_icons_position_left\" data-id=\"bd94493\" data-element_type=\"column\" data-settings=\"{&quot;background_background&quot;:&quot;classic&quot;}\">\n\t\t\t<div class=\"elementor-widget-wrap elementor-element-populated\">\n\t\t\t\t\t\t<section class=\"elementor-section elementor-inner-section elementor-element elementor-element-0130909 elementor-section-height-min-height elementor-section-boxed elementor-section-height-default\" data-id=\"0130909\" data-element_type=\"section\" data-settings=\"{&quot;background_background&quot;:&quot;video&quot;,&quot;background_video_start&quot;:65,&quot;background_video_end&quot;:160,&quot;background_video_link&quot;:&quot;https:\\\/\\\/www.dive.gr\\\/wp-content\\\/uploads\\\/2024\\\/09\\\/dive.gr-Mykonos-diving-center-intro-video.mp4&quot;}\">\n\t\t\t\t\t\t\t\t<div class=\"elementor-background-video-container elementor-hidden-phone\">\n\t\t\t\t\t\t\t\t\t\t\t\t\t<video class=\"elementor-background-video-hosted elementor-html5-video\" autoplay muted playsinline loop><\/video>\n\t\t\t\t\t\t\t\t\t\t\t<\/div>\n\t\t\t\t\t\t\t\t<div class=\"elementor-container elementor-column-gap-extended\">\n\t\t\t\t\t<div class=\"elementor-column elementor-col-100 elementor-inner-column elementor-element elementor-element-0016c9e sc_inner_width_none sc_layouts_column_icons_position_left\" data-id=\"0016c9e\" data-element_type=\"column\" data-settings=\"{&quot;background_background&quot;:&quot;classic&quot;}\">\n\t\t\t<div class=\"elementor-widget-wrap\">\n\t\t\t\t\t\t\t<\/div>\n\t\t<\/div>\n\t\t\t\t\t<\/div>\n\t\t<\/section>\n\t\t\t\t\t<\/div>\n\t\t<\/div>\n\t\t\t\t\t<\/div>\n\t\t<\/section>\n\t\t\t\t<section class=\"elementor-section elementor-top-section elementor-element elementor-element-2abe1a1 elementor-section-boxed elementor-section-height-default elementor-section-height-default\" data-id=\"2abe1a1\" data-element_type=\"section\" data-settings=\"{&quot;background_background&quot;:&quot;classic&quot;}\">\n\t\t\t\t\t\t<div class=\"elementor-container elementor-column-gap-extended\">\n\t\t\t\t\t<div class=\"elementor-column elementor-col-100 elementor-top-column elementor-element elementor-element-f39fccd sc_inner_width_none sc_layouts_column_icons_position_left\" data-id=\"f39fccd\" data-element_type=\"column\">\n\t\t\t<div class=\"elementor-widget-wrap elementor-element-populated\">\n\t\t\t\t\t\t<div class=\"elementor-element elementor-element-2e45deb sc_fly_static elementor-widget elementor-widget-text-editor\" data-id=\"2e45deb\" data-element_type=\"widget\" data-widget_type=\"text-editor.default\">\n\t\t\t\t<div class=\"elementor-widget-container\">\n\t\t\t\t\t\t\t<p>Vous n'avez pas fait de plong\u00e9e sous-marine ces derniers temps ? Vous vous sentez un peu rouill\u00e9 ? Le programme Scuba Review est exactement la remise \u00e0 niveau dont vous avez besoin pour rafra\u00eechir vos connaissances et vos comp\u00e9tences. Le programme PADI Professional vous permettra de vous amuser dans l'eau et de vous sentir \u00e0 nouveau \u00e0 l'aise. C'est rapide et facile, et c'est un bon moyen de se pr\u00e9parer pour votre prochain cours PADI ou pour partir \u00e0 l'aventure lors de vos vacances de plong\u00e9e.<\/p><p>Tout plongeur certifi\u00e9 qui a besoin d'un rafra\u00eechissement, d'une mise \u00e0 jour avant un voyage, d'une pr\u00e9-\u00e9valuation pour un cours de formation continue ou d'une mise \u00e0 niveau de plongeur junior peut effectuer un Scuba Review.<\/p><p>Scuba Review est \u00e9galement id\u00e9al pour les plongeurs non certifi\u00e9s \u00e0 qui l'on demande de compl\u00e9ter leur formation ou pour les PADI Scuba Diver qui s'appr\u00eatent \u00e0 passer la certification Open Water Diver.<\/p><p>Si vous souhaitez continuer \u00e0 vous perfectionner, renseignez-vous sur la possibilit\u00e9 d'effectuer un stage de d\u00e9couverte de la plong\u00e9e locale sur un site de plong\u00e9e local.<\/p>\t\t\t\t\t\t<\/div>\n\t\t\t\t<\/div>\n\t\t\t\t<div class=\"elementor-element elementor-element-f12d713 elementor-widget-divider--view-line sc_fly_static elementor-widget elementor-widget-divider\" data-id=\"f12d713\" data-element_type=\"widget\" data-widget_type=\"divider.default\">\n\t\t\t\t<div class=\"elementor-widget-container\">\n\t\t\t\t\t<div class=\"elementor-divider\">\n\t\t\t<span class=\"elementor-divider-separator\">\n\t\t\t\t\t\t<\/span>\n\t\t<\/div>\n\t\t\t\t<\/div>\n\t\t\t\t<\/div>\n\t\t\t\t<div class=\"elementor-element elementor-element-e560c35 sc_fly_static elementor-widget elementor-widget-text-editor\" data-id=\"e560c35\" data-element_type=\"widget\" data-widget_type=\"text-editor.default\">\n\t\t\t\t<div class=\"elementor-widget-container\">\n\t\t\t\t\t\t\t<p><strong>Acad\u00e9mique<\/strong><\/p><p>Vous passerez en revue les concepts importants de la s\u00e9curit\u00e9 en plong\u00e9e, les \u00e9l\u00e9ments essentiels de la planification de la plong\u00e9e et la gestion des probl\u00e8mes. Votre professionnel PADI vous fera pratiquer la mise en place de votre \u00e9quipement et effectuera un contr\u00f4le de s\u00e9curit\u00e9 avant la plong\u00e9e avec votre bin\u00f4me. Dans l'eau, vous passerez en revue toutes les techniques de base de la plong\u00e9e en mettant l'accent sur le contr\u00f4le de la flottabilit\u00e9.<\/p><p><strong>Equipement<\/strong><\/p><p>Vous utiliserez un \u00e9quipement de plong\u00e9e de base, comprenant un masque, un tuba, des palmes, un d\u00e9tendeur, un gilet de sauvetage, un ordinateur de plong\u00e9e et une bouteille de plong\u00e9e. La protection dont vous aurez besoin d\u00e9pendra de la piscine ou du site de plong\u00e9e en milieu confin\u00e9 que vous visiterez. Votre instructeur vous expliquera les autres \u00e9quipements dont vous pourriez avoir besoin pour votre remise \u00e0 niveau.<\/p><p><strong>Pour commencer<\/strong><\/p><p>Inscrivez-vous \u00e0 Scuba Tune-up Online - l'option eLearning de PADI - pour commencer imm\u00e9diatement. Ce syst\u00e8me bas\u00e9 sur le web vous permet de revoir les concepts cl\u00e9s \u00e0 votre rythme gr\u00e2ce \u00e0 un programme convivial et interactif.<\/p><p>Vous pouvez \u00e9galement choisir de travailler par l'interm\u00e9diaire du\u00a0<em>Guide de mise au point de la plong\u00e9e\u00a0<\/em>- un cahier d'exercices qui permet de rafra\u00eechir et de tester vos connaissances \u00e0 l'aide de petits quiz. Passez nous voir pour vous inscrire \u00e0 Scuba Review et obtenir votre guide.<\/p>\t\t\t\t\t\t<\/div>\n\t\t\t\t<\/div>\n\t\t\t\t<div class=\"elementor-element elementor-element-e059156 elementor-widget-divider--view-line sc_fly_static elementor-widget elementor-widget-divider\" data-id=\"e059156\" data-element_type=\"widget\" data-widget_type=\"divider.default\">\n\t\t\t\t<div class=\"elementor-widget-container\">\n\t\t\t\t\t<div class=\"elementor-divider\">\n\t\t\t<span class=\"elementor-divider-separator\">\n\t\t\t\t\t\t<\/span>\n\t\t<\/div>\n\t\t\t\t<\/div>\n\t\t\t\t<\/div>\n\t\t\t\t<div class=\"elementor-element elementor-element-375c9f7 sc_fly_static elementor-widget elementor-widget-heading\" data-id=\"375c9f7\" data-element_type=\"widget\" data-widget_type=\"heading.default\">\n\t\t\t\t<div class=\"elementor-widget-container\">\n\t\t\t<h4 class=\"elementor-heading-title elementor-size-default\">Tarification<\/h4>\t\t<\/div>\n\t\t\t\t<\/div>\n\t\t\t\t<div class=\"elementor-element elementor-element-6c52a52 sc_fly_static elementor-widget elementor-widget-trx_sc_table\" data-id=\"6c52a52\" data-element_type=\"widget\" data-widget_type=\"trx_sc_table.default\">\n\t\t\t\t<div class=\"elementor-widget-container\">\n\t\t\t<div id=\"trx_sc_table_1939187126_wrap\" class=\"sc_table_wrap\"><div id=\"trx_sc_table_1939187126\"\n\t\t\tclass=\"sc_table sc_table_default trx_addons_inline_1215578093\"><table summary=\"pricing\" cellspacing=\"0\"><tbody><tr><th style=\"text-align: center;\">Discover Scuba Diving<\/th><th style=\"text-align: center;\">Prix (\u20ac)<\/th><\/tr><tr><td style=\"text-align: center;\">Scuba Review One Beach Dive<\/td><td style=\"text-align: center;\">120<\/td><\/tr><tr><td style=\"text-align: center;\">Scuba Review Deuxi\u00e8me plong\u00e9e en bateau<\/td><td style=\"text-align: center;\">70<\/td><\/tr><\/tbody><\/table><\/div><\/div><!-- \/.sc_table_wrap -->\t\t<\/div>\n\t\t\t\t<\/div>\n\t\t\t\t<div class=\"elementor-element elementor-element-91f7d92 elementor-widget-divider--view-line sc_fly_static elementor-widget elementor-widget-divider\" data-id=\"91f7d92\" data-element_type=\"widget\" data-widget_type=\"divider.default\">\n\t\t\t\t<div class=\"elementor-widget-container\">\n\t\t\t\t\t<div class=\"elementor-divider\">\n\t\t\t<span class=\"elementor-divider-separator\">\n\t\t\t\t\t\t<\/span>\n\t\t<\/div>\n\t\t\t\t<\/div>\n\t\t\t\t<\/div>\n\t\t\t\t<div class=\"elementor-element elementor-element-d71be12 sc_fly_static elementor-widget elementor-widget-heading\" data-id=\"d71be12\" data-element_type=\"widget\" data-widget_type=\"heading.default\">\n\t\t\t\t<div class=\"elementor-widget-container\">\n\t\t\t<h4 class=\"elementor-heading-title elementor-size-default\">R\u00e9servez d\u00e8s maintenant<\/h4>\t\t<\/div>\n\t\t\t\t<\/div>\n\t\t\t\t<div class=\"elementor-element elementor-element-5dd152e sc_fly_static elementor-widget elementor-widget-shortcode\" data-id=\"5dd152e\" data-element_type=\"widget\" data-widget_type=\"shortcode.default\">\n\t\t\t\t<div class=\"elementor-widget-container\">\n\t\t\t\t\t<div class=\"elementor-shortcode\"><form id=\"forminator-module-9933\" class=\"forminator-custom-form forminator-custom-form-9933\" method=\"post\" data-forminator-render=\"0\" data-uid=\"69de81dd15d94\" action=\"\"><div role=\"alert\" aria-live=\"polite\" class=\"forminator-response-message forminator-error\" aria-hidden=\"true\"><\/div><input type=\"hidden\" name=\"trp-form-language\" value=\"fr\"\/><\/form><\/div>\n\t\t\t\t<\/div>\n\t\t\t\t<\/div>\n\t\t\t\t\t<\/div>\n\t\t<\/div>\n\t\t\t\t\t<\/div>\n\t\t<\/section>\n\t\t\t\t<\/div>","protected":false},"excerpt":{"rendered":"<p>Rafra\u00eechissez vos comp\u00e9tences et vos connaissances en mati\u00e8re de plong\u00e9e sous-marine. Passez en revue les aspects importants de la s\u00e9curit\u00e9...<\/p>","protected":false},"author":1,"featured_media":9339,"parent":0,"menu_order":0,"comment_status":"closed","ping_status":"closed","template":"","meta":{"_acf_changed":false,"footnotes":""},"program":[183],"class_list":["post-5331","page","type-page","status-publish","has-post-thumbnail","hentry","program-fun-dives"],"acf":[],"_links":{"self":[{"href":"https:\/\/www.dive.gr\/fr\/wp-json\/wp\/v2\/pages\/5331","targetHints":{"allow":["GET"]}}],"collection":[{"href":"https:\/\/www.dive.gr\/fr\/wp-json\/wp\/v2\/pages"}],"about":[{"href":"https:\/\/www.dive.gr\/fr\/wp-json\/wp\/v2\/types\/page"}],"author":[{"embeddable":true,"href":"https:\/\/www.dive.gr\/fr\/wp-json\/wp\/v2\/users\/1"}],"replies":[{"embeddable":true,"href":"https:\/\/www.dive.gr\/fr\/wp-json\/wp\/v2\/comments?post=5331"}],"version-history":[{"count":13,"href":"https:\/\/www.dive.gr\/fr\/wp-json\/wp\/v2\/pages\/5331\/revisions"}],"predecessor-version":[{"id":14794,"href":"https:\/\/www.dive.gr\/fr\/wp-json\/wp\/v2\/pages\/5331\/revisions\/14794"}],"wp:featuredmedia":[{"embeddable":true,"href":"https:\/\/www.dive.gr\/fr\/wp-json\/wp\/v2\/media\/9339"}],"wp:attachment":[{"href":"https:\/\/www.dive.gr\/fr\/wp-json\/wp\/v2\/media?parent=5331"}],"wp:term":[{"taxonomy":"program","embeddable":true,"href":"https:\/\/www.dive.gr\/fr\/wp-json\/wp\/v2\/program?post=5331"}],"curies":[{"name":"wp","href":"https:\/\/api.w.org\/{rel}","templated":true}]}}