{"id":5061,"date":"2024-08-05T00:04:32","date_gmt":"2024-08-05T00:04:32","guid":{"rendered":"https:\/\/www.dive.gr\/newsite\/?page_id=5061"},"modified":"2024-09-05T18:45:54","modified_gmt":"2024-09-05T18:45:54","slug":"become-a-padi-pro-diving-course","status":"publish","type":"page","link":"https:\/\/www.dive.gr\/fr\/become-a-padi-pro-diving-course\/","title":{"rendered":"Devenez PADI Pro"},"content":{"rendered":"<div data-elementor-type=\"wp-post\" data-elementor-id=\"5061\" class=\"elementor elementor-5061\" data-elementor-post-type=\"page\">\n\t\t\t\t\t\t<section class=\"elementor-section elementor-top-section elementor-element elementor-element-b230b6f elementor-section-stretched elementor-section-full_width scheme_dark elementor-reverse-tablet elementor-reverse-mobile elementor-section-height-default elementor-section-height-default\" data-id=\"b230b6f\" data-element_type=\"section\" data-settings=\"{&quot;stretch_section&quot;:&quot;section-stretched&quot;}\">\n\t\t\t\t\t\t<div class=\"elementor-container elementor-column-gap-no\">\n\t\t\t\t\t<div class=\"elementor-column elementor-col-50 elementor-top-column elementor-element elementor-element-098adc1 sc_inner_width_none sc_layouts_column_icons_position_left\" data-id=\"098adc1\" data-element_type=\"column\" data-settings=\"{&quot;background_background&quot;:&quot;classic&quot;}\">\n\t\t\t<div class=\"elementor-widget-wrap elementor-element-populated\">\n\t\t\t\t\t\t<div class=\"elementor-element elementor-element-d92a0b5 sc_fly_static elementor-widget elementor-widget-heading\" data-id=\"d92a0b5\" data-element_type=\"widget\" data-widget_type=\"heading.default\">\n\t\t\t\t<div class=\"elementor-widget-container\">\n\t\t\t<h2 class=\"elementor-heading-title elementor-size-default\">Devenez PADI Pro<\/h2>\t\t<\/div>\n\t\t\t\t<\/div>\n\t\t\t\t<div class=\"elementor-element elementor-element-a3680cf sc_fly_static elementor-widget elementor-widget-text-editor\" data-id=\"a3680cf\" data-element_type=\"widget\" data-widget_type=\"text-editor.default\">\n\t\t\t\t<div class=\"elementor-widget-container\">\n\t\t\t\t\t\t\t<p>Vous souhaitez rejoindre la communaut\u00e9 mondiale des professionnels de la plong\u00e9e ? Rejoignez l'un de nos programmes de stage.<\/p>\t\t\t\t\t\t<\/div>\n\t\t\t\t<\/div>\n\t\t\t\t\t<\/div>\n\t\t<\/div>\n\t\t\t\t<div class=\"elementor-column elementor-col-50 elementor-top-column elementor-element elementor-element-bd94493 sc_inner_width_none sc_layouts_column_icons_position_left\" data-id=\"bd94493\" data-element_type=\"column\" data-settings=\"{&quot;background_background&quot;:&quot;classic&quot;}\">\n\t\t\t<div class=\"elementor-widget-wrap elementor-element-populated\">\n\t\t\t\t\t\t<section class=\"elementor-section elementor-inner-section elementor-element elementor-element-0130909 elementor-section-height-min-height elementor-section-boxed elementor-section-height-default\" data-id=\"0130909\" data-element_type=\"section\" data-settings=\"{&quot;background_background&quot;:&quot;video&quot;,&quot;background_video_link&quot;:&quot;https:\\\/\\\/www.dive.gr\\\/wp-content\\\/uploads\\\/2024\\\/09\\\/dive.gr-Mykonos-diving-center-intro-video.mp4&quot;}\">\n\t\t\t\t\t\t\t\t<div class=\"elementor-background-video-container elementor-hidden-phone\">\n\t\t\t\t\t\t\t\t\t\t\t\t\t<video class=\"elementor-background-video-hosted elementor-html5-video\" autoplay muted playsinline loop><\/video>\n\t\t\t\t\t\t\t\t\t\t\t<\/div>\n\t\t\t\t\t\t\t\t<div class=\"elementor-container elementor-column-gap-extended\">\n\t\t\t\t\t<div class=\"elementor-column elementor-col-100 elementor-inner-column elementor-element elementor-element-0016c9e sc_inner_width_none sc_layouts_column_icons_position_left\" data-id=\"0016c9e\" data-element_type=\"column\" data-settings=\"{&quot;background_background&quot;:&quot;classic&quot;}\">\n\t\t\t<div class=\"elementor-widget-wrap\">\n\t\t\t\t\t\t\t<\/div>\n\t\t<\/div>\n\t\t\t\t\t<\/div>\n\t\t<\/section>\n\t\t\t\t\t<\/div>\n\t\t<\/div>\n\t\t\t\t\t<\/div>\n\t\t<\/section>\n\t\t\t\t<section class=\"elementor-section elementor-top-section elementor-element elementor-element-2abe1a1 elementor-section-boxed elementor-section-height-default elementor-section-height-default\" data-id=\"2abe1a1\" data-element_type=\"section\" data-settings=\"{&quot;background_background&quot;:&quot;classic&quot;}\">\n\t\t\t\t\t\t<div class=\"elementor-container elementor-column-gap-extended\">\n\t\t\t\t\t<div class=\"elementor-column elementor-col-100 elementor-top-column elementor-element elementor-element-f39fccd sc_inner_width_none sc_layouts_column_icons_position_left\" data-id=\"f39fccd\" data-element_type=\"column\">\n\t\t\t<div class=\"elementor-widget-wrap elementor-element-populated\">\n\t\t\t\t\t\t<div class=\"elementor-element elementor-element-2e45deb sc_fly_static elementor-widget elementor-widget-text-editor\" data-id=\"2e45deb\" data-element_type=\"widget\" data-widget_type=\"text-editor.default\">\n\t\t\t\t<div class=\"elementor-widget-container\">\n\t\t\t\t\t\t\t<p>Si vous lisez ces lignes, c'est que vous souhaitez probablement devenir un professionnel de la plong\u00e9e.<\/p>\t\t\t\t\t\t<\/div>\n\t\t\t\t<\/div>\n\t\t\t\t<div class=\"elementor-element elementor-element-f12d713 elementor-widget-divider--view-line sc_fly_static elementor-widget elementor-widget-divider\" data-id=\"f12d713\" data-element_type=\"widget\" data-widget_type=\"divider.default\">\n\t\t\t\t<div class=\"elementor-widget-container\">\n\t\t\t\t\t<div class=\"elementor-divider\">\n\t\t\t<span class=\"elementor-divider-separator\">\n\t\t\t\t\t\t<\/span>\n\t\t<\/div>\n\t\t\t\t<\/div>\n\t\t\t\t<\/div>\n\t\t\t\t<div class=\"elementor-element elementor-element-e560c35 sc_fly_static elementor-widget elementor-widget-text-editor\" data-id=\"e560c35\" data-element_type=\"widget\" data-widget_type=\"text-editor.default\">\n\t\t\t\t<div class=\"elementor-widget-container\">\n\t\t\t\t\t\t\t<p><strong>Divermaster Course<\/strong><\/p><p>Leadership, aventure et voyage ne sont que quelques-unes des r\u00e9compenses que vous obtiendrez en terminant le programme DIVE ADVENTURES Divemaster. Au cours de ce programme, vous apprendrez et d\u00e9velopperez des comp\u00e9tences pour guider d'autres personnes sous l'eau, travailler en tant qu'assistant de s\u00e9curit\u00e9 pour l'instruction, organiser des activit\u00e9s de plong\u00e9e et diriger des plong\u00e9es. Tout cela, et bien plus encore, sera accompli gr\u00e2ce \u00e0 une formation approfondie sur le bateau de l'homme de l'eau, les techniques de plong\u00e9e et les connaissances g\u00e9n\u00e9rales en mati\u00e8re de plong\u00e9e. Tout sera d\u00e9crit \u00e0 l'aide de directives sp\u00e9cifiques et d'un mat\u00e9riel de formation complet.<\/p><p>Le DIVE ADVENTURES Divemaster Course - un engagement significatif de votre part pour devenir un v\u00e9ritable professionnel de la plong\u00e9e et une \u00e9tape int\u00e9grale dans le Instructor Development Course, tel qu'enseign\u00e9 par le DIVE ADVENTURES. N'h\u00e9sitez pas \u00e0 venir discuter des opportunit\u00e9s d'emploi disponibles.<\/p><p>PREREQUIS : Advance Open Water et Rescue Diver<\/p><p><strong>Assistant Instructor<\/strong><\/p><p>Le Assistant Instructor doit \u00eatre patient, compr\u00e9hensif et d\u00e9sireux d'aider les autres \u00e0 apprendre la plong\u00e9e. Le Assistant Instructor est autoris\u00e9 \u00e0 enseigner la plong\u00e9e sous la supervision directe d'un Instructor et se trouve dans la meilleure position possible pour d\u00e9velopper ses propres comp\u00e9tences p\u00e9dagogiques. La qualification peut \u00eatre une \u00e9tape sur la voie de la certification Instructor ou sur la base du volontariat.<\/p><p>Faites correspondre votre temps, votre talent et vos int\u00e9r\u00eats avec les programmes DIVE ADVENTURES, et profitez de l'am\u00e9lioration de vos comp\u00e9tences personnelles et professionnelles en mati\u00e8re de plong\u00e9e.<\/p><p><strong>Instructor<\/strong><\/p><p>Un Instructor est une personne qui se consacre \u00e0 la devise de la plong\u00e9e en toute s\u00e9curit\u00e9 par le biais de l'\u00e9ducation. En tant que Instructor, vous pouvez \u00eatre vous-m\u00eame tout en aidant les autres \u00e0 d\u00e9velopper leurs comp\u00e9tences en mati\u00e8re de plong\u00e9e. Un Instructor est une personne vers laquelle les autres se tournent pour obtenir des conseils et des connaissances. DIVE ADVENTURES vous invite \u00e0 participer. Si vous aimez travailler, si vous \u00eates d\u00e9sireux de diriger les autres, si vous pensez que pour former les meilleurs, il faut \u00eatre soi-m\u00eame le mieux form\u00e9, devenez un Instructor form\u00e9 par DIVE ADVENTURES.<\/p><p>Rejoignez les meilleurs.<\/p>\t\t\t\t\t\t<\/div>\n\t\t\t\t<\/div>\n\t\t\t\t<div class=\"elementor-element elementor-element-e059156 elementor-widget-divider--view-line sc_fly_static elementor-widget elementor-widget-divider\" data-id=\"e059156\" data-element_type=\"widget\" data-widget_type=\"divider.default\">\n\t\t\t\t<div class=\"elementor-widget-container\">\n\t\t\t\t\t<div class=\"elementor-divider\">\n\t\t\t<span class=\"elementor-divider-separator\">\n\t\t\t\t\t\t<\/span>\n\t\t<\/div>\n\t\t\t\t<\/div>\n\t\t\t\t<\/div>\n\t\t\t\t<div class=\"elementor-element elementor-element-375c9f7 sc_fly_static elementor-widget elementor-widget-heading\" data-id=\"375c9f7\" data-element_type=\"widget\" data-widget_type=\"heading.default\">\n\t\t\t\t<div class=\"elementor-widget-container\">\n\t\t\t<h4 class=\"elementor-heading-title elementor-size-default\">Tarification<\/h4>\t\t<\/div>\n\t\t\t\t<\/div>\n\t\t\t\t<div class=\"elementor-element elementor-element-6c52a52 sc_fly_static elementor-widget elementor-widget-trx_sc_table\" data-id=\"6c52a52\" data-element_type=\"widget\" data-widget_type=\"trx_sc_table.default\">\n\t\t\t\t<div class=\"elementor-widget-container\">\n\t\t\t<div id=\"trx_sc_table_1733183494_wrap\" class=\"sc_table_wrap\"><div id=\"trx_sc_table_1733183494\"\n\t\t\tclass=\"sc_table sc_table_default trx_addons_inline_2097994651\"><table summary=\"pricing\" cellspacing=\"0\"><tbody><tr><th style=\"text-align: center;\">Devenez PADI Pro<\/th><th style=\"text-align: center;\">Prix (\u20ac)<\/th><\/tr><tr><td style=\"text-align: center;\"><a href=\"https:\/\/www.dive.gr\/fr\/divemaster\/\">Ma\u00eetre de plong\u00e9e<\/a><\/td><td style=\"text-align: center;\">900<\/td><\/tr><tr><td style=\"text-align: center;\"><a href=\"https:\/\/www.dive.gr\/fr\/assistant-instructor\/\">Assistant Instructor<\/a><\/td><td style=\"text-align: center;\">***<\/td><\/tr><tr><td style=\"text-align: center;\">Instructor Preparatory Program (PREP)<\/td><td style=\"text-align: center;\">***<\/td><\/tr><tr><td style=\"text-align: center;\">Instructor Development Course (IDC)<\/td><td style=\"text-align: center;\">***<\/td><\/tr><tr><td style=\"text-align: center;\">Instructor Evaluation (IE)<\/td><td style=\"text-align: center;\">***<\/td><\/tr><tr><td style=\"text-align: center;\">Instructor Crossover Course (ICC)<\/td><td style=\"text-align: center;\">***<\/td><\/tr><tr><td style=\"text-align: center;\">Instructor Trainer Workshop (ITW)<\/td><td style=\"text-align: center;\">***<\/td><\/tr><tr><td style=\"text-align: center;\">Instructor Trainer (IT)<\/td><td style=\"text-align: center;\">***<\/td><\/tr><\/tbody><\/table><\/div><\/div><!-- \/.sc_table_wrap -->\t\t<\/div>\n\t\t\t\t<\/div>\n\t\t\t\t<div class=\"elementor-element elementor-element-91f7d92 elementor-widget-divider--view-line sc_fly_static elementor-widget elementor-widget-divider\" data-id=\"91f7d92\" data-element_type=\"widget\" data-widget_type=\"divider.default\">\n\t\t\t\t<div class=\"elementor-widget-container\">\n\t\t\t\t\t<div class=\"elementor-divider\">\n\t\t\t<span class=\"elementor-divider-separator\">\n\t\t\t\t\t\t<\/span>\n\t\t<\/div>\n\t\t\t\t<\/div>\n\t\t\t\t<\/div>\n\t\t\t\t<div class=\"elementor-element elementor-element-d71be12 sc_fly_static elementor-widget elementor-widget-heading\" data-id=\"d71be12\" data-element_type=\"widget\" data-widget_type=\"heading.default\">\n\t\t\t\t<div class=\"elementor-widget-container\">\n\t\t\t<h4 class=\"elementor-heading-title elementor-size-default\">R\u00e9servez d\u00e8s maintenant<\/h4>\t\t<\/div>\n\t\t\t\t<\/div>\n\t\t\t\t<div class=\"elementor-element elementor-element-5dd152e sc_fly_static elementor-widget elementor-widget-shortcode\" data-id=\"5dd152e\" data-element_type=\"widget\" data-widget_type=\"shortcode.default\">\n\t\t\t\t<div class=\"elementor-widget-container\">\n\t\t\t\t\t<div class=\"elementor-shortcode\"><div class=\"forminator-ui forminator-custom-form forminator-custom-form-5470 forminator-design--flat forminator-custom forminator_ajax\" data-forminator-render=\"0\" data-form=\"forminator-module-5470\" data-uid=\"69f4f5e3a3cc3\"><br\/><\/div><form\r\n\t\t\t\tid=\"forminator-module-5470\"\r\n\t\t\t\tclass=\"forminator-ui forminator-custom-form forminator-custom-form-5470 forminator-design--flat forminator-custom forminator_ajax\"\r\n\t\t\t\tmethod=\"post\"\r\n\t\t\t\tdata-forminator-render=\"0\"\r\n\t\t\t\tdata-form-id=\"5470\"\r\n\t\t\t\t\r\n\t\t\t\tdata-design=\"flat\"\r\n\t\t\t\t\r\n\t\t\t\t\r\n\t\t\t\t\r\n\t\t\t\tdata-grid=\"custom\"\r\n\t\t\t\t\r\n\t\t\t\t\r\n\t\t\t\tstyle=\"display: none;\"\r\n\t\t\t\t\r\n\t\t\t\tdata-uid=\"69f4f5e3a3cc3\" action=\"\"\r\n\t\t\t><div role=\"alert\" aria-live=\"polite\" class=\"forminator-response-message forminator-error\" aria-hidden=\"true\"><\/div><div class=\"forminator-row\"><div id=\"name-1\" class=\"forminator-field-name forminator-col forminator-col-12\"><div class=\"forminator-row forminator-no-margin\" data-multiple=\"true\"><div class=\"forminator-col forminator-col-md-6\"><div class=\"forminator-field\"><label for=\"forminator-field-first-name-1_69f4f5e3a3cc3\" id=\"forminator-field-first-name-1_69f4f5e3a3cc3-label\" class=\"forminator-label\">Pr\u00e9nom<\/label><input type=\"text\" name=\"name-1-first-name\" placeholder=\"Par exemple, John\" id=\"forminator-field-first-name-1_69f4f5e3a3cc3\" class=\"forminator-input\" aria-required=\"false\" data-multi=\"1\" value=\"\" \/><\/div><\/div><div class=\"forminator-col forminator-col-md-6\"><div class=\"forminator-field\"><label for=\"forminator-field-last-name-1_69f4f5e3a3cc3\" id=\"forminator-field-last-name-1_69f4f5e3a3cc3-label\" class=\"forminator-label\">Nom de famille<\/label><input type=\"text\" name=\"name-1-last-name\" placeholder=\"Par exemple, Doe\" id=\"forminator-field-last-name-1_69f4f5e3a3cc3\" class=\"forminator-input\" aria-required=\"false\" data-multi=\"1\" value=\"\" \/><\/div><\/div><\/div><\/div><\/div><div class=\"forminator-row\"><div id=\"email-1\" class=\"forminator-field-email forminator-col forminator-col-6\"><div class=\"forminator-field\"><label for=\"forminator-field-email-1_69f4f5e3a3cc3\" id=\"forminator-field-email-1_69f4f5e3a3cc3-label\" class=\"forminator-label\">Adresse \u00e9lectronique <span class=\"forminator-required\">*<\/span><\/label><input type=\"email\" name=\"email-1\" value=\"\" placeholder=\"Par exemple : john@doe.com\" id=\"forminator-field-email-1_69f4f5e3a3cc3\" class=\"forminator-input forminator-email--field\" data-required=\"1\" aria-required=\"true\" \/><\/div><\/div><div id=\"phone-1\" class=\"forminator-field-phone forminator-col forminator-col-6\"><div class=\"forminator-field\"><label for=\"forminator-field-phone-1_69f4f5e3a3cc3\" id=\"forminator-field-phone-1_69f4f5e3a3cc3-label\" class=\"forminator-label\">T\u00e9l\u00e9phone<\/label><input type=\"text\" name=\"phone-1\" value=\"\" placeholder=\"Par exemple : +1 300 400 5000\" id=\"forminator-field-phone-1_69f4f5e3a3cc3\" class=\"forminator-input forminator-field--phone\" data-required=\"\" aria-required=\"false\" autocomplete=\"off\" \/><\/div><\/div><\/div><div class=\"forminator-row\"><div id=\"date-1\" class=\"forminator-field-date forminator-col forminator-col-6\"><div class=\"forminator-field\"><label for=\"forminator-field-date-1-picker_69f4f5e3a3cc3\" id=\"forminator-field-date-1-picker_69f4f5e3a3cc3-label\" class=\"forminator-label\">Date pr\u00e9f\u00e9r\u00e9e <span class=\"forminator-required\">*<\/span><\/label><div class=\"forminator-input-with-icon\"><span class=\"forminator-icon-calendar\" aria-hidden=\"true\"><\/span><input autocomplete=\"off\" type=\"text\" size=\"1\" name=\"date-1\" value=\"\" placeholder=\"Choisissez la date\" id=\"forminator-field-date-1-picker_69f4f5e3a3cc3\" class=\"forminator-input forminator-datepicker\" data-required=\"1\" data-format=\"dd-mm-yy\" data-restrict-type=\"\" data-restrict=\"\" data-start-year=\"2026\" data-end-year=\"2126\" data-past-dates=\"enable\" data-start-of-week=\"1\" data-start-date=\"2026-05-01\" data-end-date=\"\" data-start-field=\"\" data-end-field=\"\" data-start-offset=\"\" data-end-offset=\"\" data-disable-date=\"\" data-disable-range=\"\" \/><\/div><\/div><\/div><div id=\"select-2\" class=\"forminator-field-select forminator-col forminator-col-6\"><div class=\"forminator-field\"><label for=\"forminator-form-5470__field--select-2_69f4f5e3a3cc3\" id=\"forminator-form-5470__field--select-2_69f4f5e3a3cc3-label\" class=\"forminator-label\">Temps pr\u00e9f\u00e9rentiel<\/label><select  id=\"forminator-form-5470__field--select-2_69f4f5e3a3cc3\" class=\"forminator-select--field forminator-select2 forminator-select2-multiple\" data-required=\"\" name=\"select-2\" data-default-value=\"\" data-hidden-behavior=\"zero\" data-placeholder=\"\" data-search=\"false\" data-search-placeholder=\"\" data-checkbox=\"false\" data-allow-clear=\"false\" aria-labelledby=\"forminator-form-5470__field--select-2_69f4f5e3a3cc3-label\"><option value=\"one\"  data-calculation=\"0\">10:00<\/option><option value=\"two\"  data-calculation=\"0\">13:00<\/option><option value=\"15:30\"  data-calculation=\"0\">15:30<\/option><\/select><\/div><\/div><\/div><div class=\"forminator-row\"><div id=\"select-1\" class=\"forminator-field-select forminator-col forminator-col-6\"><div class=\"forminator-field\"><label for=\"forminator-form-5470__field--select-1_69f4f5e3a3cc3\" id=\"forminator-form-5470__field--select-1_69f4f5e3a3cc3-label\" class=\"forminator-label\">S\u00e9lectionnez le programme<\/label><select  id=\"forminator-form-5470__field--select-1_69f4f5e3a3cc3\" class=\"forminator-select--field forminator-select2 forminator-select2-multiple\" data-required=\"\" name=\"select-1\" data-default-value=\"\" data-placeholder=\"\" data-search=\"false\" data-search-placeholder=\"\" data-checkbox=\"false\" data-allow-clear=\"false\" aria-labelledby=\"forminator-form-5470__field--select-1_69f4f5e3a3cc3-label\"><option value=\"Divemaster\"  data-calculation=\"900\">Ma\u00eetre de plong\u00e9e<\/option><option value=\"Assistant-Instructor\"  data-calculation=\"0\">Assistant Instructor<\/option><option value=\"Instructor-Preparatory-Program-(PREP)\"  data-calculation=\"0\">Instructor Preparatory Program (PREP)<\/option><option value=\"Instructor-Development-Course-(IDC)\"  data-calculation=\"0\">Instructor Development Course (IDC)<\/option><option value=\"Instructor-Evaluation-(IE)\"  data-calculation=\"0\">Instructor Evaluation (IE)<\/option><option value=\"Emergency-First-Response-EFR\"  data-calculation=\"0\">Emergency First Response - EFR<\/option><option value=\"Instructor-Crossover-Course-(ICC)\"  data-calculation=\"0\">Instructor Crossover Course (ICC)<\/option><option value=\"Instructor-Trainer-Workshop-(ITW)\"  data-calculation=\"0\">Instructor Trainer Workshop (ITW)<\/option><option value=\"Instructor-Trainer-(IT)\"  data-calculation=\"0\">Instructor Trainer (IT)<\/option><\/select><\/div><\/div><div id=\"number-1\" class=\"forminator-field-number forminator-col forminator-col-6\"><div class=\"forminator-field\"><label for=\"forminator-field-number-1_69f4f5e3a3cc3\" id=\"forminator-field-number-1_69f4f5e3a3cc3-label\" class=\"forminator-label\">Nombre de participants<\/label><input name=\"number-1\" value=\"1\" placeholder=\"Par exemple, 10\" id=\"forminator-field-number-1_69f4f5e3a3cc3\" class=\"forminator-input forminator-number--field\" inputmode=\"decimal\" data-required=\"\" data-decimals=\"0\" aria-required=\"false\" data-inputmask=\"&#039;groupSeparator&#039;: &#039;&#039;, &#039;radixPoint&#039;: &#039;&#039;, &#039;digits&#039;: &#039;0&#039;\" data-hidden-behavior=\"zero\" type=\"number\" step=\"any\" min=\"1\" max=\"150\" \/><\/div><\/div><\/div><div class=\"forminator-row\"><div id=\"textarea-1\" class=\"forminator-field-textarea forminator-col forminator-col-12\"><div class=\"forminator-field\"><label for=\"forminator-field-textarea-1_69f4f5e3a3cc3\" id=\"forminator-field-textarea-1_69f4f5e3a3cc3-label\" class=\"forminator-label\">Votre message<\/label><textarea name=\"textarea-1\" placeholder=\"\" id=\"forminator-field-textarea-1_69f4f5e3a3cc3\" class=\"forminator-textarea\" rows=\"6\" style=\"min-height:140px;\" ><\/textarea><\/div><\/div><\/div><div class=\"forminator-row\"><div id=\"calculation-1\" class=\"forminator-field-calculation forminator-col forminator-col-12\"><div class=\"forminator-field\"><label for=\"calculation-1-field_69f4f5e3a3cc3\" id=\"calculation-1-field_69f4f5e3a3cc3-label\" class=\"forminator-label\">Prix<\/label><input type=\"text\" name=\"calculation-1\" value=\"\" id=\"calculation-1-field_69f4f5e3a3cc3\" class=\"forminator-calculation forminator-input\" data-formula=\"{select-1} * {number-1}\" data-required=\"\" data-decimal-point=\".\" data-precision=\"2\" data-is-hidden=\"\" disabled=\"disabled\" data-decimals=\"2\" data-inputmask=\"&#039;groupSeparator&#039;: &#039;&#039;, &#039;radixPoint&#039;: &#039;.&#039;, &#039;digits&#039;: &#039;2&#039;\" data-hidden-behavior=\"zero\" \/><\/div><\/div><\/div><div class=\"forminator-row\"><div id=\"consent-1\" class=\"forminator-field-consent forminator-col forminator-col-12\"><div class=\"forminator-field\"><label for=\"forminator-field-consent-1_69f4f5e3a3cc3\" id=\"forminator-field-consent-1_69f4f5e3a3cc3-label\" class=\"forminator-label\">Consentement <span class=\"forminator-required\">*<\/span><\/label><div class=\"forminator-checkbox__wrapper\"><label id=\"forminator-field-consent-1_69f4f5e3a3cc3__label\" class=\"forminator-checkbox forminator-consent\" aria-labelledby=\"forminator-field-consent-1_69f4f5e3a3cc3-label\" aria-hidden=\"true\"><input type=\"checkbox\" name=\"consent-1\" id=\"forminator-field-consent-1_69f4f5e3a3cc3\" value=\"checked\" aria-labelledby=\"forminator-field-consent-1_69f4f5e3a3cc3-label\" aria-describedby=\"forminator-field-consent-1_69f4f5e3a3cc3__description\" data-required=\"true\" aria-required=\"true\" \/><span class=\"forminator-checkbox-box\" aria-hidden=\"true\"><\/span><\/label><div id=\"forminator-field-consent-1_69f4f5e3a3cc3__description\" class=\"forminator-checkbox__label forminator-consent__label\">Confirmez que vous acceptez nos conditions de service et notre politique d'annulation en cochant cette case.<\/div><\/div><\/div><\/div><\/div><div class=\"forminator-row\"><div id=\"captcha-1\" class=\"forminator-field-captcha forminator-col forminator-col-12\"><div class=\"forminator-captcha-left forminator-g-recaptcha\" data-theme=\"light\"  data-sitekey=\"6LftozQqAAAAAKQVL1yuIqiW8TymXpQbMSMcZFuC\" data-size=\"normal\"><\/div> <\/div><\/div><input type=\"hidden\" name=\"referer_url\" value=\"\" \/><div class=\"forminator-row forminator-row-last\"><div class=\"forminator-col\"><div class=\"forminator-field\"><button class=\"forminator-button forminator-button-submit\">Envoyer une demande de r\u00e9servation<\/button><\/div><\/div><\/div><input type=\"hidden\" id=\"forminator_nonce\" name=\"forminator_nonce\" value=\"336dbdbfca\" \/><input type=\"hidden\" name=\"_wp_http_referer\" value=\"\/fr\/wp-json\/wp\/v2\/pages\/5061\" \/><input type=\"hidden\" name=\"form_id\" value=\"5470\"><input type=\"hidden\" name=\"page_id\" value=\"5061\"><input type=\"hidden\" name=\"form_type\" value=\"default\"><input type=\"hidden\" name=\"current_url\" value=\"https:\/\/www.dive.gr\/fr\/become-a-padi-pro-diving-course\/\"><input type=\"hidden\" name=\"render_id\" value=\"0\"><input type=\"hidden\" name=\"action\" value=\"forminator_submit_form_custom-forms\"><input type=\"hidden\" name=\"trp-form-language\" value=\"fr\"\/><\/form><\/div>\n\t\t\t\t<\/div>\n\t\t\t\t<\/div>\n\t\t\t\t\t<\/div>\n\t\t<\/div>\n\t\t\t\t\t<\/div>\n\t\t<\/section>\n\t\t\t\t<\/div>","protected":false},"excerpt":{"rendered":"<p>Vous souhaitez rejoindre la communaut\u00e9 mondiale des professionnels de la plong\u00e9e ? Rejoignez l'un de nos...<\/p>","protected":false},"author":1,"featured_media":7325,"parent":0,"menu_order":0,"comment_status":"closed","ping_status":"closed","template":"","meta":{"_acf_changed":false,"footnotes":""},"program":[],"class_list":["post-5061","page","type-page","status-publish","has-post-thumbnail","hentry"],"acf":[],"_links":{"self":[{"href":"https:\/\/www.dive.gr\/fr\/wp-json\/wp\/v2\/pages\/5061","targetHints":{"allow":["GET"]}}],"collection":[{"href":"https:\/\/www.dive.gr\/fr\/wp-json\/wp\/v2\/pages"}],"about":[{"href":"https:\/\/www.dive.gr\/fr\/wp-json\/wp\/v2\/types\/page"}],"author":[{"embeddable":true,"href":"https:\/\/www.dive.gr\/fr\/wp-json\/wp\/v2\/users\/1"}],"replies":[{"embeddable":true,"href":"https:\/\/www.dive.gr\/fr\/wp-json\/wp\/v2\/comments?post=5061"}],"version-history":[{"count":16,"href":"https:\/\/www.dive.gr\/fr\/wp-json\/wp\/v2\/pages\/5061\/revisions"}],"predecessor-version":[{"id":12345,"href":"https:\/\/www.dive.gr\/fr\/wp-json\/wp\/v2\/pages\/5061\/revisions\/12345"}],"wp:featuredmedia":[{"embeddable":true,"href":"https:\/\/www.dive.gr\/fr\/wp-json\/wp\/v2\/media\/7325"}],"wp:attachment":[{"href":"https:\/\/www.dive.gr\/fr\/wp-json\/wp\/v2\/media?parent=5061"}],"wp:term":[{"taxonomy":"program","embeddable":true,"href":"https:\/\/www.dive.gr\/fr\/wp-json\/wp\/v2\/program?post=5061"}],"curies":[{"name":"wp","href":"https:\/\/api.w.org\/{rel}","templated":true}]}}