{"id":9879,"date":"2024-08-21T11:36:34","date_gmt":"2024-08-21T11:36:34","guid":{"rendered":"https:\/\/www.dive.gr\/newsite\/?page_id=9879"},"modified":"2024-10-02T08:13:43","modified_gmt":"2024-10-02T08:13:43","slug":"master-scuba-diver-diving-course","status":"publish","type":"page","link":"https:\/\/www.dive.gr\/es\/master-scuba-diver-diving-course\/","title":{"rendered":"Maestro Scuba Diver\u2122"},"content":{"rendered":"<div data-elementor-type=\"wp-post\" data-elementor-id=\"9879\" class=\"elementor elementor-9879\" data-elementor-post-type=\"page\">\n\t\t\t\t\t\t<section class=\"elementor-section elementor-top-section elementor-element elementor-element-b230b6f elementor-section-stretched elementor-section-full_width scheme_dark elementor-reverse-tablet elementor-reverse-mobile elementor-section-height-default elementor-section-height-default\" data-id=\"b230b6f\" data-element_type=\"section\" data-settings=\"{&quot;stretch_section&quot;:&quot;section-stretched&quot;}\">\n\t\t\t\t\t\t<div class=\"elementor-container elementor-column-gap-no\">\n\t\t\t\t\t<div class=\"elementor-column elementor-col-50 elementor-top-column elementor-element elementor-element-098adc1 sc_inner_width_none sc_layouts_column_icons_position_left\" data-id=\"098adc1\" data-element_type=\"column\" data-settings=\"{&quot;background_background&quot;:&quot;classic&quot;}\">\n\t\t\t<div class=\"elementor-widget-wrap elementor-element-populated\">\n\t\t\t\t\t\t<div class=\"elementor-element elementor-element-d92a0b5 sc_fly_static elementor-widget elementor-widget-heading\" data-id=\"d92a0b5\" data-element_type=\"widget\" data-widget_type=\"heading.default\">\n\t\t\t\t<div class=\"elementor-widget-container\">\n\t\t\t<h2 class=\"elementor-heading-title elementor-size-default\">Maestro Scuba Diver\u2122<\/h2>\t\t<\/div>\n\t\t\t\t<\/div>\n\t\t\t\t<div class=\"elementor-element elementor-element-a3680cf sc_fly_static elementor-widget elementor-widget-text-editor\" data-id=\"a3680cf\" data-element_type=\"widget\" data-widget_type=\"text-editor.default\">\n\t\t\t\t<div class=\"elementor-widget-container\">\n\t\t\t\t\t\t\t<p>\u00danase a lo mejor de lo mejor, el grupo de \u00e9lite de buceadores respetados que se han ganado esta calificaci\u00f3n tanto por su importante experiencia como por su formaci\u00f3n en submarinismo.<\/p>\t\t\t\t\t\t<\/div>\n\t\t\t\t<\/div>\n\t\t\t\t\t<\/div>\n\t\t<\/div>\n\t\t\t\t<div class=\"elementor-column elementor-col-50 elementor-top-column elementor-element elementor-element-bd94493 sc_inner_width_none sc_layouts_column_icons_position_left\" data-id=\"bd94493\" data-element_type=\"column\" data-settings=\"{&quot;background_background&quot;:&quot;classic&quot;}\">\n\t\t\t<div class=\"elementor-widget-wrap elementor-element-populated\">\n\t\t\t\t\t\t<section class=\"elementor-section elementor-inner-section elementor-element elementor-element-0130909 elementor-section-height-min-height elementor-section-boxed elementor-section-height-default\" data-id=\"0130909\" data-element_type=\"section\" data-settings=\"{&quot;background_background&quot;:&quot;video&quot;,&quot;background_video_link&quot;:&quot;https:\\\/\\\/www.dive.gr\\\/wp-content\\\/uploads\\\/2024\\\/09\\\/dive.gr-Mykonos-diving-center-intro-video.mp4&quot;}\">\n\t\t\t\t\t\t\t\t<div class=\"elementor-background-video-container elementor-hidden-phone\">\n\t\t\t\t\t\t\t\t\t\t\t\t\t<video class=\"elementor-background-video-hosted elementor-html5-video\" autoplay muted playsinline loop><\/video>\n\t\t\t\t\t\t\t\t\t\t\t<\/div>\n\t\t\t\t\t\t\t\t<div class=\"elementor-container elementor-column-gap-extended\">\n\t\t\t\t\t<div class=\"elementor-column elementor-col-100 elementor-inner-column elementor-element elementor-element-0016c9e sc_inner_width_none sc_layouts_column_icons_position_left\" data-id=\"0016c9e\" data-element_type=\"column\" data-settings=\"{&quot;background_background&quot;:&quot;classic&quot;}\">\n\t\t\t<div class=\"elementor-widget-wrap\">\n\t\t\t\t\t\t\t<\/div>\n\t\t<\/div>\n\t\t\t\t\t<\/div>\n\t\t<\/section>\n\t\t\t\t\t<\/div>\n\t\t<\/div>\n\t\t\t\t\t<\/div>\n\t\t<\/section>\n\t\t\t\t<section class=\"elementor-section elementor-top-section elementor-element elementor-element-2abe1a1 elementor-section-boxed elementor-section-height-default elementor-section-height-default\" data-id=\"2abe1a1\" data-element_type=\"section\" data-settings=\"{&quot;background_background&quot;:&quot;classic&quot;}\">\n\t\t\t\t\t\t<div class=\"elementor-container elementor-column-gap-extended\">\n\t\t\t\t\t<div class=\"elementor-column elementor-col-100 elementor-top-column elementor-element elementor-element-f39fccd sc_inner_width_none sc_layouts_column_icons_position_left\" data-id=\"f39fccd\" data-element_type=\"column\">\n\t\t\t<div class=\"elementor-widget-wrap elementor-element-populated\">\n\t\t\t\t\t\t<div class=\"elementor-element elementor-element-2e45deb sc_fly_static elementor-widget elementor-widget-text-editor\" data-id=\"2e45deb\" data-element_type=\"widget\" data-widget_type=\"text-editor.default\">\n\t\t\t\t<div class=\"elementor-widget-container\">\n\t\t\t\t\t\t\t<p>\u00danase a lo mejor de lo mejor en buceo recreativo y viva la vida del buceo como un Master PADI Scuba Diver. La calificaci\u00f3n de Master Scuba Diver le sit\u00faa en un grupo de \u00e9lite de buceadores respetados que se han ganado esta calificaci\u00f3n gracias tanto a una importante experiencia como a su formaci\u00f3n en submarinismo. Menos del dos por ciento de los buceadores alcanzan alguna vez esta calificaci\u00f3n. Cuando exhibe su tarjeta Master Scuba Diver, la gente sabe que ha pasado tiempo bajo el agua en una gran variedad de entornos y que ha vivido su raci\u00f3n de aventuras de buceo.<\/p><p>Todo buceador, que tenga al menos 12 a\u00f1os, deber\u00eda aspirar al Master Scuba Diver.<\/p><p>El camino comienza con la obtenci\u00f3n de una certificaci\u00f3n PADI Open Water Diver, seguida de las certificaciones PADI Avanzado Open Water Diver y PADI Rescue Diver (o certificaciones habilitantes). Tambi\u00e9n es necesario obtener cinco certificaciones de buceador especializado PADI y haber registrado un m\u00ednimo de 50 inmersiones.<\/p><p>Consulte con nosotros acerca de c\u00f3mo iniciar su viaje para convertirse en un PADI Master Scuba Diver y continuar sus aventuras de buceo.<\/p><p>\u00a1Consiga cr\u00e9dito! Cada Inmersi\u00f3n de Aventura puede acreditarse para la primera inmersi\u00f3n del correspondiente curso de buceador especializado PADI Course. Si ya ha realizado un curso de buceador especializado, pregunte a su instructor si ha obtenido cr\u00e9dito por una Inmersi\u00f3n de Aventura.<\/p><p>Los PADI (Junior) Open Water Diver que tengan al menos 10 a\u00f1os y quieran dar el siguiente paso deben inscribirse en un curso Adventure Diver. Los buceadores j\u00f3venes s\u00f3lo pueden participar en ciertas inmersiones de aventura - consulte con su PADI Instructor.<\/p>\t\t\t\t\t\t<\/div>\n\t\t\t\t<\/div>\n\t\t\t\t<div class=\"elementor-element elementor-element-f12d713 elementor-widget-divider--view-line sc_fly_static elementor-widget elementor-widget-divider\" data-id=\"f12d713\" data-element_type=\"widget\" data-widget_type=\"divider.default\">\n\t\t\t\t<div class=\"elementor-widget-container\">\n\t\t\t\t\t<div class=\"elementor-divider\">\n\t\t\t<span class=\"elementor-divider-separator\">\n\t\t\t\t\t\t<\/span>\n\t\t<\/div>\n\t\t\t\t<\/div>\n\t\t\t\t<\/div>\n\t\t\t\t<div class=\"elementor-element elementor-element-d71be12 sc_fly_static elementor-widget elementor-widget-heading\" data-id=\"d71be12\" data-element_type=\"widget\" data-widget_type=\"heading.default\">\n\t\t\t\t<div class=\"elementor-widget-container\">\n\t\t\t<h4 class=\"elementor-heading-title elementor-size-default\">Reserve ahora<\/h4>\t\t<\/div>\n\t\t\t\t<\/div>\n\t\t\t\t<div class=\"elementor-element elementor-element-5dd152e sc_fly_static elementor-widget elementor-widget-shortcode\" data-id=\"5dd152e\" data-element_type=\"widget\" data-widget_type=\"shortcode.default\">\n\t\t\t\t<div class=\"elementor-widget-container\">\n\t\t\t\t\t<div class=\"elementor-shortcode\"><form id=\"forminator-module-9933\" class=\"forminator-custom-form forminator-custom-form-9933\" method=\"post\" data-forminator-render=\"0\" data-uid=\"69de51276ffc7\" action=\"\"><div role=\"alert\" aria-live=\"polite\" class=\"forminator-response-message forminator-error\" aria-hidden=\"true\"><\/div><input type=\"hidden\" name=\"trp-form-language\" value=\"es\"\/><\/form><\/div>\n\t\t\t\t<\/div>\n\t\t\t\t<\/div>\n\t\t\t\t\t<\/div>\n\t\t<\/div>\n\t\t\t\t\t<\/div>\n\t\t<\/section>\n\t\t\t\t<\/div>","protected":false},"excerpt":{"rendered":"<p>\u00danase a lo mejor de lo mejor, al grupo de \u00e9lite de buceadores respetados...,Disfrute a\u00fan m\u00e1s de las inmersiones cuando pueda reconocer e identificar las familias de peces...,Este curso le ayuda a ampliar sus conocimientos sobre las embarcaciones de peque\u00f1os hinchables...,Observe la vida acu\u00e1tica sin perturbar su entorno. Mejore sus habilidades de flotabilidad...,Recupere objetos perdidos que hayan ca\u00eddo por la borda o sobre un muelle. Aprenda...,El curso de especialidades de buceo m\u00e1s popular. Es f\u00e1cil y divertido capturar...,El mundo submarino cambia a medida que las criaturas diurnas se retiran y los organismos nocturnos emergen....,Explore con confianza lugares de inmersi\u00f3n m\u00e1s profundos hasta 40 metros\/130...,El curso de especialidad PADI m\u00e1s popular. Buceo con aire enriquecido nitrox...<\/p>","protected":false},"author":1,"featured_media":7750,"parent":0,"menu_order":0,"comment_status":"closed","ping_status":"closed","template":"","meta":{"_acf_changed":false,"footnotes":""},"program":[179],"class_list":["post-9879","page","type-page","status-publish","has-post-thumbnail","hentry","program-specialty-courses"],"acf":[],"_links":{"self":[{"href":"https:\/\/www.dive.gr\/es\/wp-json\/wp\/v2\/pages\/9879","targetHints":{"allow":["GET"]}}],"collection":[{"href":"https:\/\/www.dive.gr\/es\/wp-json\/wp\/v2\/pages"}],"about":[{"href":"https:\/\/www.dive.gr\/es\/wp-json\/wp\/v2\/types\/page"}],"author":[{"embeddable":true,"href":"https:\/\/www.dive.gr\/es\/wp-json\/wp\/v2\/users\/1"}],"replies":[{"embeddable":true,"href":"https:\/\/www.dive.gr\/es\/wp-json\/wp\/v2\/comments?post=9879"}],"version-history":[{"count":13,"href":"https:\/\/www.dive.gr\/es\/wp-json\/wp\/v2\/pages\/9879\/revisions"}],"predecessor-version":[{"id":14851,"href":"https:\/\/www.dive.gr\/es\/wp-json\/wp\/v2\/pages\/9879\/revisions\/14851"}],"wp:featuredmedia":[{"embeddable":true,"href":"https:\/\/www.dive.gr\/es\/wp-json\/wp\/v2\/media\/7750"}],"wp:attachment":[{"href":"https:\/\/www.dive.gr\/es\/wp-json\/wp\/v2\/media?parent=9879"}],"wp:term":[{"taxonomy":"program","embeddable":true,"href":"https:\/\/www.dive.gr\/es\/wp-json\/wp\/v2\/program?post=9879"}],"curies":[{"name":"wp","href":"https:\/\/api.w.org\/{rel}","templated":true}]}}