{"id":5413,"date":"2024-08-05T22:12:00","date_gmt":"2024-08-05T22:12:00","guid":{"rendered":"https:\/\/www.dive.gr\/newsite\/?page_id=5413"},"modified":"2024-10-02T08:08:29","modified_gmt":"2024-10-02T08:08:29","slug":"search-and-recovery-diver-diving-course","status":"publish","type":"page","link":"https:\/\/www.dive.gr\/es\/search-and-recovery-diver-diving-course\/","title":{"rendered":"Buceador de b\u00fasqueda y recuperaci\u00f3n"},"content":{"rendered":"<div data-elementor-type=\"wp-post\" data-elementor-id=\"5413\" class=\"elementor elementor-5413\" data-elementor-post-type=\"page\">\n\t\t\t\t\t\t<section class=\"elementor-section elementor-top-section elementor-element elementor-element-b230b6f elementor-section-stretched elementor-section-full_width scheme_dark elementor-reverse-tablet elementor-reverse-mobile elementor-section-height-default elementor-section-height-default\" data-id=\"b230b6f\" data-element_type=\"section\" data-settings=\"{&quot;stretch_section&quot;:&quot;section-stretched&quot;}\">\n\t\t\t\t\t\t<div class=\"elementor-container elementor-column-gap-no\">\n\t\t\t\t\t<div class=\"elementor-column elementor-col-50 elementor-top-column elementor-element elementor-element-098adc1 sc_inner_width_none sc_layouts_column_icons_position_left\" data-id=\"098adc1\" data-element_type=\"column\" data-settings=\"{&quot;background_background&quot;:&quot;classic&quot;}\">\n\t\t\t<div class=\"elementor-widget-wrap elementor-element-populated\">\n\t\t\t\t\t\t<div class=\"elementor-element elementor-element-d92a0b5 sc_fly_static elementor-widget elementor-widget-heading\" data-id=\"d92a0b5\" data-element_type=\"widget\" data-widget_type=\"heading.default\">\n\t\t\t\t<div class=\"elementor-widget-container\">\n\t\t\t<h2 class=\"elementor-heading-title elementor-size-default\">Buceador de b\u00fasqueda y recuperaci\u00f3n<\/h2>\t\t<\/div>\n\t\t\t\t<\/div>\n\t\t\t\t<div class=\"elementor-element elementor-element-a3680cf sc_fly_static elementor-widget elementor-widget-text-editor\" data-id=\"a3680cf\" data-element_type=\"widget\" data-widget_type=\"text-editor.default\">\n\t\t\t\t<div class=\"elementor-widget-container\">\n\t\t\t\t\t\t\t<p>Recupere objetos perdidos que hayan ca\u00eddo por la borda o sobre un muelle. Aprenda patrones de nado eficaces y a utilizar una bolsa elevadora para objetos pesados.<\/p>\t\t\t\t\t\t<\/div>\n\t\t\t\t<\/div>\n\t\t\t\t\t<\/div>\n\t\t<\/div>\n\t\t\t\t<div class=\"elementor-column elementor-col-50 elementor-top-column elementor-element elementor-element-bd94493 sc_inner_width_none sc_layouts_column_icons_position_left\" data-id=\"bd94493\" data-element_type=\"column\" data-settings=\"{&quot;background_background&quot;:&quot;classic&quot;}\">\n\t\t\t<div class=\"elementor-widget-wrap elementor-element-populated\">\n\t\t\t\t\t\t<section class=\"elementor-section elementor-inner-section elementor-element elementor-element-0130909 elementor-section-height-min-height elementor-section-boxed elementor-section-height-default\" data-id=\"0130909\" data-element_type=\"section\" data-settings=\"{&quot;background_background&quot;:&quot;video&quot;,&quot;background_video_link&quot;:&quot;https:\\\/\\\/www.dive.gr\\\/wp-content\\\/uploads\\\/2024\\\/09\\\/dive.gr-Mykonos-diving-center-intro-video.mp4&quot;}\">\n\t\t\t\t\t\t\t\t<div class=\"elementor-background-video-container elementor-hidden-phone\">\n\t\t\t\t\t\t\t\t\t\t\t\t\t<video class=\"elementor-background-video-hosted elementor-html5-video\" autoplay muted playsinline loop><\/video>\n\t\t\t\t\t\t\t\t\t\t\t<\/div>\n\t\t\t\t\t\t\t\t<div class=\"elementor-container elementor-column-gap-extended\">\n\t\t\t\t\t<div class=\"elementor-column elementor-col-100 elementor-inner-column elementor-element elementor-element-0016c9e sc_inner_width_none sc_layouts_column_icons_position_left\" data-id=\"0016c9e\" data-element_type=\"column\" data-settings=\"{&quot;background_background&quot;:&quot;classic&quot;}\">\n\t\t\t<div class=\"elementor-widget-wrap\">\n\t\t\t\t\t\t\t<\/div>\n\t\t<\/div>\n\t\t\t\t\t<\/div>\n\t\t<\/section>\n\t\t\t\t\t<\/div>\n\t\t<\/div>\n\t\t\t\t\t<\/div>\n\t\t<\/section>\n\t\t\t\t<section class=\"elementor-section elementor-top-section elementor-element elementor-element-2abe1a1 elementor-section-boxed elementor-section-height-default elementor-section-height-default\" data-id=\"2abe1a1\" data-element_type=\"section\" data-settings=\"{&quot;background_background&quot;:&quot;classic&quot;}\">\n\t\t\t\t\t\t<div class=\"elementor-container elementor-column-gap-extended\">\n\t\t\t\t\t<div class=\"elementor-column elementor-col-100 elementor-top-column elementor-element elementor-element-f39fccd sc_inner_width_none sc_layouts_column_icons_position_left\" data-id=\"f39fccd\" data-element_type=\"column\">\n\t\t\t<div class=\"elementor-widget-wrap elementor-element-populated\">\n\t\t\t\t\t\t<div class=\"elementor-element elementor-element-2e45deb sc_fly_static elementor-widget elementor-widget-text-editor\" data-id=\"2e45deb\" data-element_type=\"widget\" data-widget_type=\"text-editor.default\">\n\t\t\t\t<div class=\"elementor-widget-container\">\n\t\t\t\t\t\t\t<p>Suele ocurrir: A la gente se le caen accidentalmente cosas de los muelles, de los barcos o incluso mientras bucea. Si alguna vez ha perdido algo en el agua y ha querido ir a buscarlo, entonces el curso de especialidad de buceador de b\u00fasqueda y recuperaci\u00f3n PADI es para usted. Hay formas eficaces de buscar objetos bajo el agua que aumentan sus posibilidades de \u00e9xito. Y hay m\u00e9todos buenos y mejores para sacar a flote objetos peque\u00f1os, grandes o simplemente inc\u00f3modos. La b\u00fasqueda y recuperaci\u00f3n puede ser un reto, pero muy divertido.<\/p><p>Los PADI (Junior) Open Water Diver Avanzados que tengan al menos 12 a\u00f1os pueden inscribirse en el curso de Buceador de B\u00fasqueda y Recuperaci\u00f3n. Los PADI (Junior) Open Water Diver con una certificaci\u00f3n de Navegante Subacu\u00e1tico PADI tambi\u00e9n pueden participar.<\/p>\t\t\t\t\t\t<\/div>\n\t\t\t\t<\/div>\n\t\t\t\t<div class=\"elementor-element elementor-element-f12d713 elementor-widget-divider--view-line sc_fly_static elementor-widget elementor-widget-divider\" data-id=\"f12d713\" data-element_type=\"widget\" data-widget_type=\"divider.default\">\n\t\t\t\t<div class=\"elementor-widget-container\">\n\t\t\t\t\t<div class=\"elementor-divider\">\n\t\t\t<span class=\"elementor-divider-separator\">\n\t\t\t\t\t\t<\/span>\n\t\t<\/div>\n\t\t\t\t<\/div>\n\t\t\t\t<\/div>\n\t\t\t\t<div class=\"elementor-element elementor-element-e560c35 sc_fly_static elementor-widget elementor-widget-text-editor\" data-id=\"e560c35\" data-element_type=\"widget\" data-widget_type=\"text-editor.default\">\n\t\t\t\t<div class=\"elementor-widget-container\">\n\t\t\t\t\t\t\t<p><strong>Acad\u00e9mico<\/strong><\/p><p>Recopilar informaci\u00f3n y recursos, y luego planificar cuidadosamente una b\u00fasqueda son los primeros pasos importantes que aprender\u00e1. Durante cuatro inmersiones practicar\u00e1:<\/p><ul><li><p>Busque patrones de nataci\u00f3n utilizando su br\u00fajula y la navegaci\u00f3n natural.<\/p><\/li><li><p>Localizaci\u00f3n de objetos grandes y peque\u00f1os utilizando diversos patrones de b\u00fasqueda.<\/p><\/li><li><p>Utilizaci\u00f3n de una bolsa elevadora para objetos grandes o pesados, adem\u00e1s de otros m\u00e9todos de recuperaci\u00f3n.<\/p><\/li><li><p>Planificaci\u00f3n de una operaci\u00f3n de b\u00fasqueda basada en los datos recabados sobre un objeto perdido antes de la inmersi\u00f3n.<\/p><\/li><\/ul><p>Es posible que pueda obtener cr\u00e9ditos universitarios por el curso de B\u00fasqueda y Recuperaci\u00f3n - pregunte a su instructor.<\/p><p>Adem\u00e1s, la primera inmersi\u00f3n de este curso PADI Specialty Diver puede acreditarse como Inmersi\u00f3n de Aventura hacia su certificaci\u00f3n Open Water Diver Avanzado - pregunte a su instructor sobre la obtenci\u00f3n de cr\u00e9ditos.<\/p><p><strong style=\"font-size: 1rem; letter-spacing: 0.38px;\">Equipamiento<\/strong><\/p><p>Adem\u00e1s de su equipo b\u00e1sico de buceo, necesitar\u00e1 una br\u00fajula y una pizarra subacu\u00e1tica. Su PADI Instructor puede sugerirle otros equipos que pueden ayudarle en sus b\u00fasquedas, como una linterna de buceo, boyas de se\u00f1alizaci\u00f3n, cabos y carretes.<\/p><p><strong>C\u00f3mo empezar<\/strong><\/p><p>Vis\u00edtenos para inscribirse en el curso y obtener un PADI B\u00fasqueda y\u00a0<em>Recuperaci\u00f3n Crew-Pak\u00a0<\/em>que incluye su manual y el v\u00eddeo. Si estudia antes de la clase, estar\u00e1 mejor preparado para empezar a practicar sus habilidades de b\u00fasqueda y recuperaci\u00f3n cuando se re\u00fana con su instructor.<\/p>\t\t\t\t\t\t<\/div>\n\t\t\t\t<\/div>\n\t\t\t\t<div class=\"elementor-element elementor-element-fe8c87c elementor-widget-divider--view-line sc_fly_static elementor-widget elementor-widget-divider\" data-id=\"fe8c87c\" data-element_type=\"widget\" data-widget_type=\"divider.default\">\n\t\t\t\t<div class=\"elementor-widget-container\">\n\t\t\t\t\t<div class=\"elementor-divider\">\n\t\t\t<span class=\"elementor-divider-separator\">\n\t\t\t\t\t\t<\/span>\n\t\t<\/div>\n\t\t\t\t<\/div>\n\t\t\t\t<\/div>\n\t\t\t\t<div class=\"elementor-element elementor-element-d71be12 sc_fly_static elementor-widget elementor-widget-heading\" data-id=\"d71be12\" data-element_type=\"widget\" data-widget_type=\"heading.default\">\n\t\t\t\t<div class=\"elementor-widget-container\">\n\t\t\t<h4 class=\"elementor-heading-title elementor-size-default\">Reserve ahora<\/h4>\t\t<\/div>\n\t\t\t\t<\/div>\n\t\t\t\t<div class=\"elementor-element elementor-element-5dd152e sc_fly_static elementor-widget elementor-widget-shortcode\" data-id=\"5dd152e\" data-element_type=\"widget\" data-widget_type=\"shortcode.default\">\n\t\t\t\t<div class=\"elementor-widget-container\">\n\t\t\t\t\t<div class=\"elementor-shortcode\"><form id=\"forminator-module-9933\" class=\"forminator-custom-form forminator-custom-form-9933\" method=\"post\" data-forminator-render=\"0\" data-uid=\"69de214f26afb\" action=\"\"><div role=\"alert\" aria-live=\"polite\" class=\"forminator-response-message forminator-error\" aria-hidden=\"true\"><\/div><input type=\"hidden\" name=\"trp-form-language\" value=\"es\"\/><\/form><\/div>\n\t\t\t\t<\/div>\n\t\t\t\t<\/div>\n\t\t\t\t\t<\/div>\n\t\t<\/div>\n\t\t\t\t\t<\/div>\n\t\t<\/section>\n\t\t\t\t<\/div>","protected":false},"excerpt":{"rendered":"<p>Retrieve lost items that have fallen overboard or over a dock. Learn\u2026<\/p>","protected":false},"author":1,"featured_media":7762,"parent":0,"menu_order":0,"comment_status":"closed","ping_status":"closed","template":"","meta":{"_acf_changed":false,"footnotes":""},"program":[179],"class_list":["post-5413","page","type-page","status-publish","has-post-thumbnail","hentry","program-specialty-courses"],"acf":[],"_links":{"self":[{"href":"https:\/\/www.dive.gr\/es\/wp-json\/wp\/v2\/pages\/5413","targetHints":{"allow":["GET"]}}],"collection":[{"href":"https:\/\/www.dive.gr\/es\/wp-json\/wp\/v2\/pages"}],"about":[{"href":"https:\/\/www.dive.gr\/es\/wp-json\/wp\/v2\/types\/page"}],"author":[{"embeddable":true,"href":"https:\/\/www.dive.gr\/es\/wp-json\/wp\/v2\/users\/1"}],"replies":[{"embeddable":true,"href":"https:\/\/www.dive.gr\/es\/wp-json\/wp\/v2\/comments?post=5413"}],"version-history":[{"count":16,"href":"https:\/\/www.dive.gr\/es\/wp-json\/wp\/v2\/pages\/5413\/revisions"}],"predecessor-version":[{"id":14839,"href":"https:\/\/www.dive.gr\/es\/wp-json\/wp\/v2\/pages\/5413\/revisions\/14839"}],"wp:featuredmedia":[{"embeddable":true,"href":"https:\/\/www.dive.gr\/es\/wp-json\/wp\/v2\/media\/7762"}],"wp:attachment":[{"href":"https:\/\/www.dive.gr\/es\/wp-json\/wp\/v2\/media?parent=5413"}],"wp:term":[{"taxonomy":"program","embeddable":true,"href":"https:\/\/www.dive.gr\/es\/wp-json\/wp\/v2\/program?post=5413"}],"curies":[{"name":"wp","href":"https:\/\/api.w.org\/{rel}","templated":true}]}}