{"id":5388,"date":"2024-08-07T21:55:37","date_gmt":"2024-08-07T21:55:37","guid":{"rendered":"https:\/\/www.dive.gr\/newsite\/?page_id=5388"},"modified":"2024-10-02T08:14:14","modified_gmt":"2024-10-02T08:14:14","slug":"assistant-instructor","status":"publish","type":"page","link":"https:\/\/www.dive.gr\/es\/assistant-instructor\/","title":{"rendered":"Assistant Instructor"},"content":{"rendered":"<div data-elementor-type=\"wp-post\" data-elementor-id=\"5388\" class=\"elementor elementor-5388\" data-elementor-post-type=\"page\">\n\t\t\t\t\t\t<section class=\"elementor-section elementor-top-section elementor-element elementor-element-b230b6f elementor-section-stretched elementor-section-full_width scheme_dark elementor-reverse-tablet elementor-reverse-mobile elementor-section-height-default elementor-section-height-default\" data-id=\"b230b6f\" data-element_type=\"section\" data-settings=\"{&quot;stretch_section&quot;:&quot;section-stretched&quot;}\">\n\t\t\t\t\t\t<div class=\"elementor-container elementor-column-gap-no\">\n\t\t\t\t\t<div class=\"elementor-column elementor-col-50 elementor-top-column elementor-element elementor-element-098adc1 sc_inner_width_none sc_layouts_column_icons_position_left\" data-id=\"098adc1\" data-element_type=\"column\" data-settings=\"{&quot;background_background&quot;:&quot;classic&quot;}\">\n\t\t\t<div class=\"elementor-widget-wrap elementor-element-populated\">\n\t\t\t\t\t\t<div class=\"elementor-element elementor-element-d92a0b5 sc_fly_static elementor-widget elementor-widget-heading\" data-id=\"d92a0b5\" data-element_type=\"widget\" data-widget_type=\"heading.default\">\n\t\t\t\t<div class=\"elementor-widget-container\">\n\t\t\t<h2 class=\"elementor-heading-title elementor-size-default\">Assistant Instructor<\/h2>\t\t<\/div>\n\t\t\t\t<\/div>\n\t\t\t\t<div class=\"elementor-element elementor-element-a3680cf sc_fly_static elementor-widget elementor-widget-text-editor\" data-id=\"a3680cf\" data-element_type=\"widget\" data-widget_type=\"text-editor.default\">\n\t\t\t\t<div class=\"elementor-widget-container\">\n\t\t\t\t\t\t\t<p>Comience aqu\u00ed para convertirse en un PADI Buceo Instructor. Comparta su pasi\u00f3n con los dem\u00e1s y ay\u00fadeles a experimentar la misma alegr\u00eda que usted siente por el submarinismo.<\/p>\t\t\t\t\t\t<\/div>\n\t\t\t\t<\/div>\n\t\t\t\t\t<\/div>\n\t\t<\/div>\n\t\t\t\t<div class=\"elementor-column elementor-col-50 elementor-top-column elementor-element elementor-element-bd94493 sc_inner_width_none sc_layouts_column_icons_position_left\" data-id=\"bd94493\" data-element_type=\"column\" data-settings=\"{&quot;background_background&quot;:&quot;classic&quot;}\">\n\t\t\t<div class=\"elementor-widget-wrap elementor-element-populated\">\n\t\t\t\t\t\t<section class=\"elementor-section elementor-inner-section elementor-element elementor-element-0130909 elementor-section-height-min-height elementor-section-boxed elementor-section-height-default\" data-id=\"0130909\" data-element_type=\"section\" data-settings=\"{&quot;background_background&quot;:&quot;video&quot;,&quot;background_video_link&quot;:&quot;https:\\\/\\\/www.dive.gr\\\/wp-content\\\/uploads\\\/2024\\\/09\\\/dive.gr-Mykonos-diving-center-intro-video.mp4&quot;}\">\n\t\t\t\t\t\t\t\t<div class=\"elementor-background-video-container elementor-hidden-phone\">\n\t\t\t\t\t\t\t\t\t\t\t\t\t<video class=\"elementor-background-video-hosted elementor-html5-video\" autoplay muted playsinline loop><\/video>\n\t\t\t\t\t\t\t\t\t\t\t<\/div>\n\t\t\t\t\t\t\t\t<div class=\"elementor-container elementor-column-gap-extended\">\n\t\t\t\t\t<div class=\"elementor-column elementor-col-100 elementor-inner-column elementor-element elementor-element-0016c9e sc_inner_width_none sc_layouts_column_icons_position_left\" data-id=\"0016c9e\" data-element_type=\"column\" data-settings=\"{&quot;background_background&quot;:&quot;classic&quot;}\">\n\t\t\t<div class=\"elementor-widget-wrap\">\n\t\t\t\t\t\t\t<\/div>\n\t\t<\/div>\n\t\t\t\t\t<\/div>\n\t\t<\/section>\n\t\t\t\t\t<\/div>\n\t\t<\/div>\n\t\t\t\t\t<\/div>\n\t\t<\/section>\n\t\t\t\t<section class=\"elementor-section elementor-top-section elementor-element elementor-element-2abe1a1 elementor-section-boxed elementor-section-height-default elementor-section-height-default\" data-id=\"2abe1a1\" data-element_type=\"section\" data-settings=\"{&quot;background_background&quot;:&quot;classic&quot;}\">\n\t\t\t\t\t\t<div class=\"elementor-container elementor-column-gap-extended\">\n\t\t\t\t\t<div class=\"elementor-column elementor-col-100 elementor-top-column elementor-element elementor-element-f39fccd sc_inner_width_none sc_layouts_column_icons_position_left\" data-id=\"f39fccd\" data-element_type=\"column\">\n\t\t\t<div class=\"elementor-widget-wrap elementor-element-populated\">\n\t\t\t\t\t\t<div class=\"elementor-element elementor-element-2e45deb sc_fly_static elementor-widget elementor-widget-text-editor\" data-id=\"2e45deb\" data-element_type=\"widget\" data-widget_type=\"text-editor.default\">\n\t\t\t\t<div class=\"elementor-widget-container\">\n\t\t\t\t\t\t\t<p>Si le gusta la gente, le apasiona el submarinismo y quiere una vida extraordinaria, convi\u00e9rtase en un PADI Instructor. Ense\u00f1ar submarinismo le permite compartir su amor por el mundo acu\u00e1tico con los dem\u00e1s mientras hace lo que le gusta: estar dentro, alrededor y debajo del agua. Los PADI Open Water Scuba Instructor y los PADI Assistant Instructor son los profesionales del buceo m\u00e1s solicitados en todo el mundo porque han completado el programa que establece el est\u00e1ndar para la formaci\u00f3n de profesionales del buceo. Usted\u00a0<i>gane<\/i>\u00a0una calificaci\u00f3n PADI Instructor a trav\u00e9s del trabajo duro y el compromiso, pero se le recompensa con un trabajo que le permite compartir incre\u00edbles aventuras submarinas con los dem\u00e1s, transformando sus vidas para mejor y enriqueciendo la suya.<\/p><p>\u00bfEst\u00e1 preparado para unirse a las filas de los dedicados profesionales que imparten los programas de formaci\u00f3n de submarinistas m\u00e1s progresistas y populares del mundo? Entonces Go PRO<sup>SM<\/sup>\u00a0con un Instructor Development Course.<\/p><p>El Instructor Development Course (IDC) se compone de dos partes: el curso Assistant Instructor (AI) y el programa Open Water Scuba Instructor (OWSI). La mayor\u00eda de los profesionales del buceo completan todo el IDC y pasan a asistir a un Examen Instructor (IE), que es el paso final para obtener la certificaci\u00f3n PADI Instructor.<\/p><p>Completar con \u00e9xito s\u00f3lo el curso de IA da como resultado una habilitaci\u00f3n PADI Assistant Instructor. Cuando un AI est\u00e1 listo para progresar, asistir a un programa OWSI permite la entrada en un IE para obtener una habilitaci\u00f3n completa PADI Instructor.<\/p><p>Los profesionales del buceo que posean una habilitaci\u00f3n de instructor con otra organizaci\u00f3n de formaci\u00f3n de buceadores pueden optar a inscribirse directamente en el programa OWSI. Esto reconoce la formaci\u00f3n previa de instructor y proporciona una v\u00eda para convertirse en PADI Instructor.<\/p><p>Un Divemaster PADI que ha sido un buceador certificado durante seis meses puede inscribirse en el PADI Instructor Desarrollo Course. Tambi\u00e9n necesita:<\/p><ul><li><p>Al menos 60 inmersiones registradas y 100 inmersiones para asistir a un IE.<\/p><\/li><li><p>Formaci\u00f3n en Atenci\u00f3n Primaria y Secundaria de Primeros Auxilios (RCP y Primeros Auxilios) en los \u00faltimos 24 meses.<\/p><\/li><li><p>Una declaraci\u00f3n m\u00e9dica firmada por un m\u00e9dico en los \u00faltimos 12 meses<\/p><\/li><\/ul><p>Tambi\u00e9n necesita ser un Emergency First Response Instructor, pero puede obtener esta habilitaci\u00f3n durante su formaci\u00f3n como instructor.<\/p><p>Un Examen Instructor (IE) es un programa evaluativo de dos d\u00edas que pone a prueba la capacidad de ense\u00f1anza del candidato a instructor, sus conocimientos te\u00f3ricos de buceo, su nivel de destreza, su comprensi\u00f3n del Sistema PADI y su actitud y profesionalidad. Los IE PADI est\u00e1n estandarizados y son realizados por Examinadores PADI Instructor especialmente formados. La ubicaci\u00f3n de la IE, el entorno de las pruebas y las sesiones de examen se organizan de la forma m\u00e1s objetiva posible para evaluar de forma justa y coherente las capacidades del candidato. S\u00f3lo aquellos que cumplen los requisitos de rendimiento del IE obtienen la respetada certificaci\u00f3n PADI Instructor. La asistencia a un IE conlleva el pago de una tasa.<\/p>\t\t\t\t\t\t<\/div>\n\t\t\t\t<\/div>\n\t\t\t\t<div class=\"elementor-element elementor-element-f12d713 elementor-widget-divider--view-line sc_fly_static elementor-widget elementor-widget-divider\" data-id=\"f12d713\" data-element_type=\"widget\" data-widget_type=\"divider.default\">\n\t\t\t\t<div class=\"elementor-widget-container\">\n\t\t\t\t\t<div class=\"elementor-divider\">\n\t\t\t<span class=\"elementor-divider-separator\">\n\t\t\t\t\t\t<\/span>\n\t\t<\/div>\n\t\t\t\t<\/div>\n\t\t\t\t<\/div>\n\t\t\t\t<div class=\"elementor-element elementor-element-e560c35 sc_fly_static elementor-widget elementor-widget-text-editor\" data-id=\"e560c35\" data-element_type=\"widget\" data-widget_type=\"text-editor.default\">\n\t\t\t\t<div class=\"elementor-widget-container\">\n\t\t\t\t\t\t\t<p><strong>Acad\u00e9mico<\/strong><\/p><p>A lo largo de un m\u00ednimo de cinco d\u00edas, pero normalmente m\u00e1s bien siete, el IDC le ense\u00f1a a dirigir todos los cursos b\u00e1sicos del PADI. Podr\u00e1 organizar y presentar informaci\u00f3n, dirigir sesiones de desarrollo de habilidades y controlar inmersiones en aguas abiertas. B\u00e1sicamente, se convertir\u00e1 en un mejor orador p\u00fablico y se har\u00e1 muy bueno demostrando habilidades al tiempo que vela por la seguridad de los alumnos buceadores. Los temas clave incluyen:<\/p><ul><li><p>PADI Normas y procedimientos para los cursos que puede impartir en los talleres acu\u00e1ticos<\/p><\/li><li><p>Aprendizaje, instrucci\u00f3n y el sistema PADI<\/p><\/li><li><p>Gesti\u00f3n de riesgos y seguridad del buceador<\/p><\/li><li><p>El negocio del buceo y su papel como instructor<\/p><\/li><li><p>Buceo de marketing y asesoramiento de ventas<\/p><\/li><\/ul><p>Es posible que pueda obtener cr\u00e9ditos universitarios o el curso Assistant Instructor y Instructor Desarrollo Course.<\/p><p><strong style=\"font-size: 1rem; letter-spacing: 0.38px;\">Equipamiento<\/strong><\/p><p>Como profesional del buceo, deber\u00e1 disponer de todo el equipo b\u00e1sico de buceo, incluido un ordenador de buceo, un cuchillo de buceo y al menos dos dispositivos de se\u00f1alizaci\u00f3n en superficie. Durante los ejercicios de habilidades pr\u00e1cticas, como la cartograf\u00eda subacu\u00e1tica y la b\u00fasqueda y recuperaci\u00f3n, utilizar\u00e1 una br\u00fajula, flotadores, boyas de se\u00f1alizaci\u00f3n, bolsas elevadoras y pizarras. Su PADI Instructor puede sugerirle equipo adicional que le ser\u00e1 \u00fatil a lo largo de su carrera de buceo.<\/p><p>Consulte con su centro de buceo local para que le asesoren sobre todo lo que necesitar\u00e1 como profesional del buceo.<\/p><p><strong>C\u00f3mo empezar<\/strong><\/p><p>Inscr\u00edbase en IDC Online - la opci\u00f3n de eLearning de PADI que le permite estudiar de forma independiente a su propio ritmo antes de la clase. Hay nueve secciones interactivas de desarrollo de conocimientos. Prestudy en l\u00ednea ahorra tiempo en el aula, lo que permite m\u00e1s tiempo para practicar las habilidades que le distinguen como PADI Instructor.<\/p><p>Adem\u00e1s, ap\u00fantese a Teor\u00eda del buceo en l\u00ednea, si a\u00fan no lo ha completado o ha pasado m\u00e1s de un a\u00f1o desde que lo hizo. El programa es un repaso directo de la f\u00edsica del buceo, la fisiolog\u00eda, las habilidades, el equipo y el entorno, adem\u00e1s del uso del Planificador de Inmersiones Recreativas (RDP). Completando con \u00e9xito Teor\u00eda de Buceo Online, podr\u00e1 obtener cr\u00e9ditos para el requisito del examen de teor\u00eda de buceo durante su IDC.<\/p><p>Visite nuestro centro de buceo PADI Cinco Estrellas para preguntar por el IDC.<\/p>\t\t\t\t\t\t<\/div>\n\t\t\t\t<\/div>\n\t\t\t\t<div class=\"elementor-element elementor-element-fe8c87c elementor-widget-divider--view-line sc_fly_static elementor-widget elementor-widget-divider\" data-id=\"fe8c87c\" data-element_type=\"widget\" data-widget_type=\"divider.default\">\n\t\t\t\t<div class=\"elementor-widget-container\">\n\t\t\t\t\t<div class=\"elementor-divider\">\n\t\t\t<span class=\"elementor-divider-separator\">\n\t\t\t\t\t\t<\/span>\n\t\t<\/div>\n\t\t\t\t<\/div>\n\t\t\t\t<\/div>\n\t\t\t\t<div class=\"elementor-element elementor-element-d71be12 sc_fly_static elementor-widget elementor-widget-heading\" data-id=\"d71be12\" data-element_type=\"widget\" data-widget_type=\"heading.default\">\n\t\t\t\t<div class=\"elementor-widget-container\">\n\t\t\t<h4 class=\"elementor-heading-title elementor-size-default\">Reserve ahora<\/h4>\t\t<\/div>\n\t\t\t\t<\/div>\n\t\t\t\t<div class=\"elementor-element elementor-element-5dd152e sc_fly_static elementor-widget elementor-widget-shortcode\" data-id=\"5dd152e\" data-element_type=\"widget\" data-widget_type=\"shortcode.default\">\n\t\t\t\t<div class=\"elementor-widget-container\">\n\t\t\t\t\t<div class=\"elementor-shortcode\"><form id=\"forminator-module-9933\" class=\"forminator-custom-form forminator-custom-form-9933\" method=\"post\" data-forminator-render=\"0\" data-uid=\"69eafd3f30ba2\" action=\"\"><div role=\"alert\" aria-live=\"polite\" class=\"forminator-response-message forminator-error\" aria-hidden=\"true\"><\/div><input type=\"hidden\" name=\"trp-form-language\" value=\"es\"\/><\/form><\/div>\n\t\t\t\t<\/div>\n\t\t\t\t<\/div>\n\t\t\t\t\t<\/div>\n\t\t<\/div>\n\t\t\t\t\t<\/div>\n\t\t<\/section>\n\t\t\t\t<\/div>","protected":false},"excerpt":{"rendered":"<p>Comience aqu\u00ed para convertirse en un PADI Buceo Instructor. Comparta su pasi\u00f3n con...<\/p>","protected":false},"author":1,"featured_media":7719,"parent":0,"menu_order":0,"comment_status":"closed","ping_status":"closed","template":"","meta":{"_acf_changed":false,"footnotes":""},"program":[178],"class_list":["post-5388","page","type-page","status-publish","has-post-thumbnail","hentry","program-leadership-courses"],"acf":[],"_links":{"self":[{"href":"https:\/\/www.dive.gr\/es\/wp-json\/wp\/v2\/pages\/5388","targetHints":{"allow":["GET"]}}],"collection":[{"href":"https:\/\/www.dive.gr\/es\/wp-json\/wp\/v2\/pages"}],"about":[{"href":"https:\/\/www.dive.gr\/es\/wp-json\/wp\/v2\/types\/page"}],"author":[{"embeddable":true,"href":"https:\/\/www.dive.gr\/es\/wp-json\/wp\/v2\/users\/1"}],"replies":[{"embeddable":true,"href":"https:\/\/www.dive.gr\/es\/wp-json\/wp\/v2\/comments?post=5388"}],"version-history":[{"count":13,"href":"https:\/\/www.dive.gr\/es\/wp-json\/wp\/v2\/pages\/5388\/revisions"}],"predecessor-version":[{"id":14854,"href":"https:\/\/www.dive.gr\/es\/wp-json\/wp\/v2\/pages\/5388\/revisions\/14854"}],"wp:featuredmedia":[{"embeddable":true,"href":"https:\/\/www.dive.gr\/es\/wp-json\/wp\/v2\/media\/7719"}],"wp:attachment":[{"href":"https:\/\/www.dive.gr\/es\/wp-json\/wp\/v2\/media?parent=5388"}],"wp:term":[{"taxonomy":"program","embeddable":true,"href":"https:\/\/www.dive.gr\/es\/wp-json\/wp\/v2\/program?post=5388"}],"curies":[{"name":"wp","href":"https:\/\/api.w.org\/{rel}","templated":true}]}}