{"id":5382,"date":"2024-08-05T21:48:15","date_gmt":"2024-08-05T21:48:15","guid":{"rendered":"https:\/\/www.dive.gr\/newsite\/?page_id=5382"},"modified":"2024-10-02T08:14:21","modified_gmt":"2024-10-02T08:14:21","slug":"divemaster-diving-course","status":"publish","type":"page","link":"https:\/\/www.dive.gr\/es\/divemaster-diving-course\/","title":{"rendered":"Maestro de buceo"},"content":{"rendered":"<div data-elementor-type=\"wp-post\" data-elementor-id=\"5382\" class=\"elementor elementor-5382\" data-elementor-post-type=\"page\">\n\t\t\t\t\t\t<section class=\"elementor-section elementor-top-section elementor-element elementor-element-b230b6f elementor-section-stretched elementor-section-full_width scheme_dark elementor-reverse-tablet elementor-reverse-mobile elementor-section-height-default elementor-section-height-default\" data-id=\"b230b6f\" data-element_type=\"section\" data-settings=\"{&quot;stretch_section&quot;:&quot;section-stretched&quot;}\">\n\t\t\t\t\t\t<div class=\"elementor-container elementor-column-gap-no\">\n\t\t\t\t\t<div class=\"elementor-column elementor-col-50 elementor-top-column elementor-element elementor-element-098adc1 sc_inner_width_none sc_layouts_column_icons_position_left\" data-id=\"098adc1\" data-element_type=\"column\" data-settings=\"{&quot;background_background&quot;:&quot;classic&quot;}\">\n\t\t\t<div class=\"elementor-widget-wrap elementor-element-populated\">\n\t\t\t\t\t\t<div class=\"elementor-element elementor-element-d92a0b5 sc_fly_static elementor-widget elementor-widget-heading\" data-id=\"d92a0b5\" data-element_type=\"widget\" data-widget_type=\"heading.default\">\n\t\t\t\t<div class=\"elementor-widget-container\">\n\t\t\t<h2 class=\"elementor-heading-title elementor-size-default\">Maestro de buceo<\/h2>\t\t<\/div>\n\t\t\t\t<\/div>\n\t\t\t\t<div class=\"elementor-element elementor-element-a3680cf sc_fly_static elementor-widget elementor-widget-text-editor\" data-id=\"a3680cf\" data-element_type=\"widget\" data-widget_type=\"text-editor.default\">\n\t\t\t\t<div class=\"elementor-widget-container\">\n\t\t\t\t\t\t\t<p>Sea un l\u00edder que oriente y motive a los dem\u00e1s. Adquiera conocimientos de buceo, habilidades de supervisi\u00f3n y convi\u00e9rtase en un modelo a seguir para los buceadores de todo el mundo.<\/p>\t\t\t\t\t\t<\/div>\n\t\t\t\t<\/div>\n\t\t\t\t\t<\/div>\n\t\t<\/div>\n\t\t\t\t<div class=\"elementor-column elementor-col-50 elementor-top-column elementor-element elementor-element-bd94493 sc_inner_width_none sc_layouts_column_icons_position_left\" data-id=\"bd94493\" data-element_type=\"column\" data-settings=\"{&quot;background_background&quot;:&quot;classic&quot;}\">\n\t\t\t<div class=\"elementor-widget-wrap elementor-element-populated\">\n\t\t\t\t\t\t<section class=\"elementor-section elementor-inner-section elementor-element elementor-element-0130909 elementor-section-height-min-height elementor-section-boxed elementor-section-height-default\" data-id=\"0130909\" data-element_type=\"section\" data-settings=\"{&quot;background_background&quot;:&quot;video&quot;,&quot;background_video_link&quot;:&quot;https:\\\/\\\/www.dive.gr\\\/wp-content\\\/uploads\\\/2024\\\/09\\\/dive.gr-Mykonos-diving-center-intro-video.mp4&quot;}\">\n\t\t\t\t\t\t\t\t<div class=\"elementor-background-video-container elementor-hidden-phone\">\n\t\t\t\t\t\t\t\t\t\t\t\t\t<video class=\"elementor-background-video-hosted elementor-html5-video\" autoplay muted playsinline loop><\/video>\n\t\t\t\t\t\t\t\t\t\t\t<\/div>\n\t\t\t\t\t\t\t\t<div class=\"elementor-container elementor-column-gap-extended\">\n\t\t\t\t\t<div class=\"elementor-column elementor-col-100 elementor-inner-column elementor-element elementor-element-0016c9e sc_inner_width_none sc_layouts_column_icons_position_left\" data-id=\"0016c9e\" data-element_type=\"column\" data-settings=\"{&quot;background_background&quot;:&quot;classic&quot;}\">\n\t\t\t<div class=\"elementor-widget-wrap\">\n\t\t\t\t\t\t\t<\/div>\n\t\t<\/div>\n\t\t\t\t\t<\/div>\n\t\t<\/section>\n\t\t\t\t\t<\/div>\n\t\t<\/div>\n\t\t\t\t\t<\/div>\n\t\t<\/section>\n\t\t\t\t<section class=\"elementor-section elementor-top-section elementor-element elementor-element-2abe1a1 elementor-section-boxed elementor-section-height-default elementor-section-height-default\" data-id=\"2abe1a1\" data-element_type=\"section\" data-settings=\"{&quot;background_background&quot;:&quot;classic&quot;}\">\n\t\t\t\t\t\t<div class=\"elementor-container elementor-column-gap-extended\">\n\t\t\t\t\t<div class=\"elementor-column elementor-col-100 elementor-top-column elementor-element elementor-element-f39fccd sc_inner_width_none sc_layouts_column_icons_position_left\" data-id=\"f39fccd\" data-element_type=\"column\">\n\t\t\t<div class=\"elementor-widget-wrap elementor-element-populated\">\n\t\t\t\t\t\t<div class=\"elementor-element elementor-element-2e45deb sc_fly_static elementor-widget elementor-widget-text-editor\" data-id=\"2e45deb\" data-element_type=\"widget\" data-widget_type=\"text-editor.default\">\n\t\t\t\t<div class=\"elementor-widget-container\">\n\t\t\t\t\t\t\t<p>\u00bfLe encanta el submarinismo? \u00bfQuiere compartirlo con los dem\u00e1s a un nivel completamente nuevo? Realice el curso de Divemaster PADI y haga de lo que le gusta su profesi\u00f3n. Los submarinistas admiran a los divemasters porque son l\u00edderes que orientan y motivan a los dem\u00e1s. Como divemaster, no s\u00f3lo podr\u00e1 bucear mucho, sino que tambi\u00e9n experimentar\u00e1 la alegr\u00eda de ver a otros divertirse tanto buceando como usted.<\/p><p>El curso de Divemaster PADI es su primer nivel de formaci\u00f3n profesional. Trabajando estrechamente con un PADI Instructor, afinar\u00e1 sus habilidades de buceo, como perfeccionar el planeo sin esfuerzo, y refinar\u00e1 sus habilidades de rescate para que pueda anticipar y resolver f\u00e1cilmente los problemas m\u00e1s comunes. Adquirir\u00e1 conocimientos de buceo y habilidades de gesti\u00f3n y supervisi\u00f3n para convertirse en un modelo a seguir para los buceadores de todo el mundo.<\/p><p>Como Divemaster PADI, dirigir\u00e1 a otros mientras supervisa las actividades de buceo y ayuda en la formaci\u00f3n de buceadores. Tanto si desea trabajar en un destino de buceo lejano como cerca de casa en una tienda de buceo local, le espera la aventura de su vida.<\/p><p>Los Divemasters de PADI son respetados profesionales del buceo que est\u00e1n alineados con la organizaci\u00f3n de buceo m\u00e1s grande y respetada del mundo: PADI.<\/p><p>Los PADI mayores de 18 a\u00f1os pueden inscribirse en el curso de Divemaster PADI. Tambi\u00e9n es necesario tener:<\/p><ul><li>Formaci\u00f3n en Atenci\u00f3n Primaria y Secundaria de Primeros Auxilios (RCP y Primeros Auxilios) en los \u00faltimos 24 meses.<\/li><li>Una declaraci\u00f3n m\u00e9dica firmada por un m\u00e9dico en los \u00faltimos 12 meses.<\/li><li>Al menos 40 inmersiones registradas para comenzar el curso y 60 inmersiones para obtener la certificaci\u00f3n.<\/li><\/ul><p>Tenga en cuenta que las certificaciones de calificaci\u00f3n de otra organizaci\u00f3n de formaci\u00f3n de buceadores pueden aplicarse - pregunte a su PADI Instructor<\/p>\t\t\t\t\t\t<\/div>\n\t\t\t\t<\/div>\n\t\t\t\t<div class=\"elementor-element elementor-element-f12d713 elementor-widget-divider--view-line sc_fly_static elementor-widget elementor-widget-divider\" data-id=\"f12d713\" data-element_type=\"widget\" data-widget_type=\"divider.default\">\n\t\t\t\t<div class=\"elementor-widget-container\">\n\t\t\t\t\t<div class=\"elementor-divider\">\n\t\t\t<span class=\"elementor-divider-separator\">\n\t\t\t\t\t\t<\/span>\n\t\t<\/div>\n\t\t\t\t<\/div>\n\t\t\t\t<\/div>\n\t\t\t\t<div class=\"elementor-element elementor-element-e560c35 sc_fly_static elementor-widget elementor-widget-text-editor\" data-id=\"e560c35\" data-element_type=\"widget\" data-widget_type=\"text-editor.default\">\n\t\t\t\t<div class=\"elementor-widget-container\">\n\t\t\t\t\t\t\t<p><strong>Acad\u00e9mico<\/strong><\/p><p>El curso PADI Divemaster le ense\u00f1a a ser un l\u00edder y a hacerse cargo de las actividades de buceo. A trav\u00e9s de sesiones de desarrollo de conocimientos, ejercicios y talleres de habilidades acu\u00e1ticas y una evaluaci\u00f3n pr\u00e1ctica, desarrollar\u00e1 las destrezas necesarias para organizar y dirigir diversas actividades de buceo. Los temas y talleres pr\u00e1cticos incluyen:<\/p><ul><li>El papel y las caracter\u00edsticas del Divemaster PADI<\/li><li>Supervisar las actividades de buceo y ayudar a los alumnos de buceo<\/li><li>Seguridad del buceador y gesti\u00f3n de riesgos<\/li><li>Programas dirigidos por Divemaster y habilidades especializadas<\/li><li>El negocio del buceo y su carrera<\/li><li>Conocimiento del entorno de buceo<\/li><li>Configuraci\u00f3n y gesti\u00f3n de inmersiones<\/li><li>Cartograf\u00eda de un lugar en aguas abiertas<\/li><li>Realizaci\u00f3n de sesiones informativas de buceo<\/li><li>Organizar un proyecto de b\u00fasqueda y recuperaci\u00f3n y una inmersi\u00f3n profunda<\/li><li>Realizaci\u00f3n de un curso de repaso de submarinismo y skin diver<\/li><li>Ayudar con el Discover Scuba Diving y dirigir los programas Discover Local Diving<\/li><\/ul><p>Es posible que pueda obtener cr\u00e9ditos universitarios por el curso de Divemaster - pregunte a su instructor.<\/p><p><strong style=\"font-size: 1rem; letter-spacing: 0.38px;\">Equipamiento<\/strong><\/p><p>Como profesional del buceo, deber\u00e1 disponer de todo el equipo b\u00e1sico de buceo, incluido un ordenador de buceo, un cuchillo de buceo y al menos dos dispositivos de se\u00f1alizaci\u00f3n en superficie. Durante los ejercicios de habilidades pr\u00e1cticas, como la cartograf\u00eda subacu\u00e1tica y la b\u00fasqueda y recuperaci\u00f3n, utilizar\u00e1 una br\u00fajula, flotadores, boyas de se\u00f1alizaci\u00f3n, bolsas elevadoras y pizarras. Su PADI Instructor puede sugerirle equipo adicional que le ser\u00e1 \u00fatil a lo largo de su carrera de buceo.<\/p><p>Consulte con su centro de buceo local para que le asesoren sobre todo lo que necesitar\u00e1 como profesional del buceo.<\/p><p><strong>C\u00f3mo empezar<\/strong><\/p><p>Inscr\u00edbase en Divemaster Online - la opci\u00f3n de eLearning de PADI - para empezar ahora. Puede trabajar a trav\u00e9s de ocho secciones de desarrollo de conocimientos utilizando un sistema basado en la web que le permite aprender a su propio ritmo. Tambi\u00e9n tiene acceso a una versi\u00f3n en l\u00ednea del Manual Divemaster como referencia durante y despu\u00e9s del curso. Otra opci\u00f3n es estudiar leyendo el Manual Divemaster y viendo el V\u00eddeo Divemaster (un paquete de libro y DVD). Visite su Centro de Buceo PADI o Resort local para inscribirse en el curso y obtener su Divemaster Crew-Pak, que tambi\u00e9n incluye otros materiales de referencia -como el Manual PADI Instructor y La Enciclopedia del Buceo Recreativo- que necesitar\u00e1 durante el curso.<\/p><p>Considere cursar Teor\u00eda del Buceo Online, otro programa eLearning\u00ae de PADI, que le lleva paso a paso a trav\u00e9s de la f\u00edsica del buceo, la fisiolog\u00eda, las habilidades, el equipo y el entorno, adem\u00e1s de un repaso del Planificador de Buceo Recreativo (RDP). Completando con \u00e9xito Teor\u00eda del buceo en l\u00ednea, podr\u00e1 obtener cr\u00e9ditos para la mitad del examen final de Divemaster. Su PADI Instructor puede explicarle c\u00f3mo funciona esto cuando se re\u00fanan para programar las sesiones de repaso de conocimientos junto con sus ejercicios de habilidades acu\u00e1ticas, talleres y evaluaciones pr\u00e1cticas.<\/p>\t\t\t\t\t\t<\/div>\n\t\t\t\t<\/div>\n\t\t\t\t<div class=\"elementor-element elementor-element-fe8c87c elementor-widget-divider--view-line sc_fly_static elementor-widget elementor-widget-divider\" data-id=\"fe8c87c\" data-element_type=\"widget\" data-widget_type=\"divider.default\">\n\t\t\t\t<div class=\"elementor-widget-container\">\n\t\t\t\t\t<div class=\"elementor-divider\">\n\t\t\t<span class=\"elementor-divider-separator\">\n\t\t\t\t\t\t<\/span>\n\t\t<\/div>\n\t\t\t\t<\/div>\n\t\t\t\t<\/div>\n\t\t\t\t<div class=\"elementor-element elementor-element-d71be12 sc_fly_static elementor-widget elementor-widget-heading\" data-id=\"d71be12\" data-element_type=\"widget\" data-widget_type=\"heading.default\">\n\t\t\t\t<div class=\"elementor-widget-container\">\n\t\t\t<h4 class=\"elementor-heading-title elementor-size-default\">Reserve ahora<\/h4>\t\t<\/div>\n\t\t\t\t<\/div>\n\t\t\t\t<div class=\"elementor-element elementor-element-5dd152e sc_fly_static elementor-widget elementor-widget-shortcode\" data-id=\"5dd152e\" data-element_type=\"widget\" data-widget_type=\"shortcode.default\">\n\t\t\t\t<div class=\"elementor-widget-container\">\n\t\t\t\t\t<div class=\"elementor-shortcode\"><form id=\"forminator-module-9933\" class=\"forminator-custom-form forminator-custom-form-9933\" method=\"post\" data-forminator-render=\"0\" data-uid=\"69ee485e2c4d0\" action=\"\"><div role=\"alert\" aria-live=\"polite\" class=\"forminator-response-message forminator-error\" aria-hidden=\"true\"><\/div><input type=\"hidden\" name=\"trp-form-language\" value=\"es\"\/><\/form><\/div>\n\t\t\t\t<\/div>\n\t\t\t\t<\/div>\n\t\t\t\t\t<\/div>\n\t\t<\/div>\n\t\t\t\t\t<\/div>\n\t\t<\/section>\n\t\t\t\t<\/div>","protected":false},"excerpt":{"rendered":"<p>Sea un l\u00edder que oriente y motive a los dem\u00e1s. Adquiera conocimientos de buceo, supervisi\u00f3n...<\/p>","protected":false},"author":1,"featured_media":8738,"parent":0,"menu_order":0,"comment_status":"closed","ping_status":"closed","template":"","meta":{"_acf_changed":false,"footnotes":""},"program":[178],"class_list":["post-5382","page","type-page","status-publish","has-post-thumbnail","hentry","program-leadership-courses"],"acf":[],"_links":{"self":[{"href":"https:\/\/www.dive.gr\/es\/wp-json\/wp\/v2\/pages\/5382","targetHints":{"allow":["GET"]}}],"collection":[{"href":"https:\/\/www.dive.gr\/es\/wp-json\/wp\/v2\/pages"}],"about":[{"href":"https:\/\/www.dive.gr\/es\/wp-json\/wp\/v2\/types\/page"}],"author":[{"embeddable":true,"href":"https:\/\/www.dive.gr\/es\/wp-json\/wp\/v2\/users\/1"}],"replies":[{"embeddable":true,"href":"https:\/\/www.dive.gr\/es\/wp-json\/wp\/v2\/comments?post=5382"}],"version-history":[{"count":13,"href":"https:\/\/www.dive.gr\/es\/wp-json\/wp\/v2\/pages\/5382\/revisions"}],"predecessor-version":[{"id":14857,"href":"https:\/\/www.dive.gr\/es\/wp-json\/wp\/v2\/pages\/5382\/revisions\/14857"}],"wp:featuredmedia":[{"embeddable":true,"href":"https:\/\/www.dive.gr\/es\/wp-json\/wp\/v2\/media\/8738"}],"wp:attachment":[{"href":"https:\/\/www.dive.gr\/es\/wp-json\/wp\/v2\/media?parent=5382"}],"wp:term":[{"taxonomy":"program","embeddable":true,"href":"https:\/\/www.dive.gr\/es\/wp-json\/wp\/v2\/program?post=5382"}],"curies":[{"name":"wp","href":"https:\/\/api.w.org\/{rel}","templated":true}]}}