{"id":5377,"date":"2024-08-10T21:45:08","date_gmt":"2024-08-10T21:45:08","guid":{"rendered":"https:\/\/www.dive.gr\/newsite\/?page_id=5377"},"modified":"2024-10-02T07:50:14","modified_gmt":"2024-10-02T07:50:14","slug":"rescue-diver-diving-course","status":"publish","type":"page","link":"https:\/\/www.dive.gr\/es\/rescue-diver-diving-course\/","title":{"rendered":"Rescue Diver"},"content":{"rendered":"<div data-elementor-type=\"wp-post\" data-elementor-id=\"5377\" class=\"elementor elementor-5377\" data-elementor-post-type=\"page\">\n\t\t\t\t\t\t<section class=\"elementor-section elementor-top-section elementor-element elementor-element-b230b6f elementor-section-stretched elementor-section-full_width scheme_dark elementor-reverse-tablet elementor-reverse-mobile elementor-section-height-default elementor-section-height-default\" data-id=\"b230b6f\" data-element_type=\"section\" data-settings=\"{&quot;stretch_section&quot;:&quot;section-stretched&quot;}\">\n\t\t\t\t\t\t<div class=\"elementor-container elementor-column-gap-no\">\n\t\t\t\t\t<div class=\"elementor-column elementor-col-50 elementor-top-column elementor-element elementor-element-098adc1 sc_inner_width_none sc_layouts_column_icons_position_left\" data-id=\"098adc1\" data-element_type=\"column\" data-settings=\"{&quot;background_background&quot;:&quot;classic&quot;}\">\n\t\t\t<div class=\"elementor-widget-wrap elementor-element-populated\">\n\t\t\t\t\t\t<div class=\"elementor-element elementor-element-d92a0b5 sc_fly_static elementor-widget elementor-widget-heading\" data-id=\"d92a0b5\" data-element_type=\"widget\" data-widget_type=\"heading.default\">\n\t\t\t\t<div class=\"elementor-widget-container\">\n\t\t\t<h2 class=\"elementor-heading-title elementor-size-default\">Rescue Diver<\/h2>\t\t<\/div>\n\t\t\t\t<\/div>\n\t\t\t\t<div class=\"elementor-element elementor-element-a3680cf sc_fly_static elementor-widget elementor-widget-text-editor\" data-id=\"a3680cf\" data-element_type=\"widget\" data-widget_type=\"text-editor.default\">\n\t\t\t\t<div class=\"elementor-widget-container\">\n\t\t\t\t\t\t\t<p>Aprenda a prevenir y gestionar los problemas en el agua, y adquiera m\u00e1s confianza en sus habilidades como buceador. Es un reto, pero muy gratificante.<\/p>\t\t\t\t\t\t<\/div>\n\t\t\t\t<\/div>\n\t\t\t\t\t<\/div>\n\t\t<\/div>\n\t\t\t\t<div class=\"elementor-column elementor-col-50 elementor-top-column elementor-element elementor-element-bd94493 sc_inner_width_none sc_layouts_column_icons_position_left\" data-id=\"bd94493\" data-element_type=\"column\" data-settings=\"{&quot;background_background&quot;:&quot;classic&quot;}\">\n\t\t\t<div class=\"elementor-widget-wrap elementor-element-populated\">\n\t\t\t\t\t\t<section class=\"elementor-section elementor-inner-section elementor-element elementor-element-0130909 elementor-section-height-min-height elementor-section-boxed elementor-section-height-default\" data-id=\"0130909\" data-element_type=\"section\" data-settings=\"{&quot;background_background&quot;:&quot;video&quot;,&quot;background_video_link&quot;:&quot;https:\\\/\\\/www.dive.gr\\\/wp-content\\\/uploads\\\/2024\\\/09\\\/dive.gr-Mykonos-diving-center-intro-video.mp4&quot;}\">\n\t\t\t\t\t\t\t\t<div class=\"elementor-background-video-container elementor-hidden-phone\">\n\t\t\t\t\t\t\t\t\t\t\t\t\t<video class=\"elementor-background-video-hosted elementor-html5-video\" autoplay muted playsinline loop><\/video>\n\t\t\t\t\t\t\t\t\t\t\t<\/div>\n\t\t\t\t\t\t\t\t<div class=\"elementor-container elementor-column-gap-extended\">\n\t\t\t\t\t<div class=\"elementor-column elementor-col-100 elementor-inner-column elementor-element elementor-element-0016c9e sc_inner_width_none sc_layouts_column_icons_position_left\" data-id=\"0016c9e\" data-element_type=\"column\" data-settings=\"{&quot;background_background&quot;:&quot;classic&quot;}\">\n\t\t\t<div class=\"elementor-widget-wrap\">\n\t\t\t\t\t\t\t<\/div>\n\t\t<\/div>\n\t\t\t\t\t<\/div>\n\t\t<\/section>\n\t\t\t\t\t<\/div>\n\t\t<\/div>\n\t\t\t\t\t<\/div>\n\t\t<\/section>\n\t\t\t\t<section class=\"elementor-section elementor-top-section elementor-element elementor-element-2abe1a1 elementor-section-boxed elementor-section-height-default elementor-section-height-default\" data-id=\"2abe1a1\" data-element_type=\"section\" data-settings=\"{&quot;background_background&quot;:&quot;classic&quot;}\">\n\t\t\t\t\t\t<div class=\"elementor-container elementor-column-gap-extended\">\n\t\t\t\t\t<div class=\"elementor-column elementor-col-100 elementor-top-column elementor-element elementor-element-f39fccd sc_inner_width_none sc_layouts_column_icons_position_left\" data-id=\"f39fccd\" data-element_type=\"column\">\n\t\t\t<div class=\"elementor-widget-wrap elementor-element-populated\">\n\t\t\t\t\t\t<div class=\"elementor-element elementor-element-2e45deb sc_fly_static elementor-widget elementor-widget-text-editor\" data-id=\"2e45deb\" data-element_type=\"widget\" data-widget_type=\"text-editor.default\">\n\t\t\t\t<div class=\"elementor-widget-container\">\n\t\t\t\t\t\t\t<p>Los submarinistas describen el curso PADI Rescue Diver como el curso m\u00e1s desafiante y a la vez m\u00e1s gratificante que han realizado nunca. \u00bfPor qu\u00e9? Porque aprende a prevenir y gestionar problemas en el agua, y a tener m\u00e1s confianza en sus habilidades como buceador, sabiendo que puede ayudar a los dem\u00e1s en caso necesario. Durante el curso, aprender\u00e1 a convertirse en un mejor compa\u00f1ero practicando las habilidades de resoluci\u00f3n de problemas hasta que se conviertan en algo natural. Adem\u00e1s, el curso es simplemente divertido - es serio, pero a\u00fan permite muchas risas entre el aprendizaje enfocado.<\/p><p>PADI (Junior) Los Adventure Diver que tengan al menos 12 a\u00f1os y hayan completado la inmersi\u00f3n de aventura Underwater Navigation pueden inscribirse en un curso Rescue Diver. Tambi\u00e9n es necesario que haya recibido formaci\u00f3n en Atenci\u00f3n Primaria y Secundaria de Emergencias (RCP y Primeros Auxilios) en los \u00faltimos 24 meses. Puede completar esta formaci\u00f3n durante el curso Rescue Diver. Su instructor tambi\u00e9n puede ofrecerle al mismo tiempo el curso de buceador especializado Proveedor de Ox\u00edgeno de Emergencia PADI.<\/p>\t\t\t\t\t\t<\/div>\n\t\t\t\t<\/div>\n\t\t\t\t<div class=\"elementor-element elementor-element-f12d713 elementor-widget-divider--view-line sc_fly_static elementor-widget elementor-widget-divider\" data-id=\"f12d713\" data-element_type=\"widget\" data-widget_type=\"divider.default\">\n\t\t\t\t<div class=\"elementor-widget-container\">\n\t\t\t\t\t<div class=\"elementor-divider\">\n\t\t\t<span class=\"elementor-divider-separator\">\n\t\t\t\t\t\t<\/span>\n\t\t<\/div>\n\t\t\t\t<\/div>\n\t\t\t\t<\/div>\n\t\t\t\t<div class=\"elementor-element elementor-element-e560c35 sc_fly_static elementor-widget elementor-widget-text-editor\" data-id=\"e560c35\" data-element_type=\"widget\" data-widget_type=\"text-editor.default\">\n\t\t\t\t<div class=\"elementor-widget-container\">\n\t\t\t\t\t\t\t<p><strong>Acad\u00e9mico<\/strong><\/p><p>El curso PADI Rescue Diver le prepara para hacer frente a emergencias de buceo, menores y mayores, utilizando una variedad de t\u00e9cnicas. Mediante el desarrollo de conocimientos y ejercicios de rescate, aprender\u00e1 qu\u00e9 buscar y c\u00f3mo responder. Durante los escenarios de rescate, usted pone en pr\u00e1ctica sus conocimientos y habilidades. Los temas incluyen:<\/p><ul><li><p>Autorrescate<\/p><\/li><li><p>Reconocer y gestionar el estr\u00e9s en otros buceadores<\/p><\/li><li><p>Gesti\u00f3n de emergencias y equipamiento<\/p><\/li><li><p>Rescate de buceadores en p\u00e1nico<\/p><\/li><li><p>Rescate de buceadores que no responden<\/p><\/li><\/ul><p>Es posible que pueda obtener cr\u00e9ditos universitarios por el curso Rescue Diver - pregunte a su instructor.<\/p><p><strong style=\"font-size: 1rem; letter-spacing: 0.38px;\">Equipamiento<\/strong><\/p><p>Utilizar\u00e1 su equipo b\u00e1sico de buceo y necesitar\u00e1 una m\u00e1scara de bolsillo para practicar la reanimaci\u00f3n en el agua. Durante los ejercicios, trabajar\u00e1 con una unidad de ox\u00edgeno, flotadores, boyas de se\u00f1alizaci\u00f3n y quiz\u00e1s maniqu\u00edes de RCP. Su PADI Instructor le explicar\u00e1 el equipo que necesita y podr\u00e1 sugerirle equipo adicional, como su propio botiqu\u00edn de primeros auxilios, que le ser\u00e1 \u00fatil a lo largo de su carrera de buceo.<\/p><p>Cons\u00faltenos para que le asesoremos sobre todo lo que necesita para sus aventuras de buceo.<\/p><p><strong>C\u00f3mo empezar<\/strong><\/p><p>Reg\u00edstrese en Rescue Diver Online - la opci\u00f3n de eLearning de PADI - para empezar ahora. Usted progresa a trav\u00e9s de cinco secciones de desarrollo de conocimientos mediante un sistema basado en la web que le permite aprender a su propio ritmo a trav\u00e9s de un programa interactivo y f\u00e1cil de usar. Tambi\u00e9n tendr\u00e1 acceso a una versi\u00f3n en l\u00ednea del\u00a0<em>Manual Rescue Diver<\/em>\u00a0como referencia durante y despu\u00e9s del curso.<\/p><p>Si lo prefiere, puede elegir estudiar con el\u00a0<em>Manual Rescue Diver<\/em>\u00a0y vea el\u00a0<em>Rescue Diver<\/em>\u00a0<em>V\u00eddeo<\/em>\u00a0(un paquete de libro y DVD). Venga a nosotros para inscribirse en el curso, obtener sus materiales y empezar a aprender. Su PADI Instructor se reunir\u00e1 con usted para programar sesiones de repaso de conocimientos junto con sus ejercicios y escenarios de rescate.<\/p>\t\t\t\t\t\t<\/div>\n\t\t\t\t<\/div>\n\t\t\t\t<div class=\"elementor-element elementor-element-fe8c87c elementor-widget-divider--view-line sc_fly_static elementor-widget elementor-widget-divider\" data-id=\"fe8c87c\" data-element_type=\"widget\" data-widget_type=\"divider.default\">\n\t\t\t\t<div class=\"elementor-widget-container\">\n\t\t\t\t\t<div class=\"elementor-divider\">\n\t\t\t<span class=\"elementor-divider-separator\">\n\t\t\t\t\t\t<\/span>\n\t\t<\/div>\n\t\t\t\t<\/div>\n\t\t\t\t<\/div>\n\t\t\t\t<section class=\"elementor-section elementor-inner-section elementor-element elementor-element-71ffd23 elementor-section-boxed elementor-section-height-default elementor-section-height-default\" data-id=\"71ffd23\" data-element_type=\"section\">\n\t\t\t\t\t\t<div class=\"elementor-container elementor-column-gap-extended\">\n\t\t\t\t\t<div class=\"make-column-clickable-elementor elementor-column elementor-col-100 elementor-inner-column elementor-element elementor-element-f8afc75 sc_inner_width_none sc_layouts_column_icons_position_left\" style=\"cursor: pointer;\" data-column-clickable=\"https:\/\/apps.padi.com\/scuba-diving\/elearning\/purchasecourse.aspx?courseid=56&amp;_ga=2.143748147.764057478.1571210490-1216068278.1570006227&amp;fbclid=IwAR2wwNMK6xWNdb5jq8KzUDx5na1JimO8l46zyG7hewhY7PPip4sVOSME1io\" data-column-clickable-blank=\"_blank\" data-id=\"f8afc75\" data-element_type=\"column\">\n\t\t\t<div class=\"elementor-widget-wrap elementor-element-populated\">\n\t\t\t\t\t\t<div class=\"elementor-element elementor-element-67f2ea9 sc_fly_static elementor-widget elementor-widget-heading\" data-id=\"67f2ea9\" data-element_type=\"widget\" data-widget_type=\"heading.default\">\n\t\t\t\t<div class=\"elementor-widget-container\">\n\t\t\t<h4 class=\"elementor-heading-title elementor-size-default\">Adquirir un curso de aprendizaje electr\u00f3nico<\/h4>\t\t<\/div>\n\t\t\t\t<\/div>\n\t\t\t\t<div class=\"elementor-element elementor-element-09503b2 sc_fly_static elementor-widget elementor-widget-image\" data-id=\"09503b2\" data-element_type=\"widget\" data-widget_type=\"image.default\">\n\t\t\t\t<div class=\"elementor-widget-container\">\n\t\t\t\t\t\t\t\t\t\t\t\t\t<img decoding=\"async\" width=\"300\" height=\"39\" data-src=\"https:\/\/www.dive.gr\/wp-content\/smush-webp\/2024\/09\/dive.gr-padi-eLearning-logo-300x39.png.webp\" class=\"attachment-medium size-medium wp-image-10258 lazyload\" alt=\"\" data-srcset=\"https:\/\/www.dive.gr\/wp-content\/smush-webp\/2024\/09\/dive.gr-padi-eLearning-logo-300x39.png.webp 300w, https:\/\/www.dive.gr\/wp-content\/smush-webp\/2024\/09\/dive.gr-padi-eLearning-logo-18x2.png.webp 18w, https:\/\/www.dive.gr\/wp-content\/smush-webp\/2024\/09\/dive.gr-padi-eLearning-logo-370x48.png.webp 370w, https:\/\/www.dive.gr\/wp-content\/smush-webp\/2024\/09\/dive.gr-padi-eLearning-logo.png.webp 436w\" data-sizes=\"(max-width: 300px) 100vw, 300px\" src=\"data:image\/svg+xml;base64,PHN2ZyB3aWR0aD0iMSIgaGVpZ2h0PSIxIiB4bWxucz0iaHR0cDovL3d3dy53My5vcmcvMjAwMC9zdmciPjwvc3ZnPg==\" style=\"--smush-placeholder-width: 300px; --smush-placeholder-aspect-ratio: 300\/39;\" \/>\t\t\t\t\t\t\t\t\t\t\t\t\t<\/div>\n\t\t\t\t<\/div>\n\t\t\t\t\t<\/div>\n\t\t<\/div>\n\t\t\t\t\t<\/div>\n\t\t<\/section>\n\t\t\t\t<div class=\"elementor-element elementor-element-f830c0c elementor-widget-divider--view-line sc_fly_static elementor-widget elementor-widget-divider\" data-id=\"f830c0c\" data-element_type=\"widget\" data-widget_type=\"divider.default\">\n\t\t\t\t<div class=\"elementor-widget-container\">\n\t\t\t\t\t<div class=\"elementor-divider\">\n\t\t\t<span class=\"elementor-divider-separator\">\n\t\t\t\t\t\t<\/span>\n\t\t<\/div>\n\t\t\t\t<\/div>\n\t\t\t\t<\/div>\n\t\t\t\t<div class=\"elementor-element elementor-element-d71be12 sc_fly_static elementor-widget elementor-widget-heading\" data-id=\"d71be12\" data-element_type=\"widget\" data-widget_type=\"heading.default\">\n\t\t\t\t<div class=\"elementor-widget-container\">\n\t\t\t<h4 class=\"elementor-heading-title elementor-size-default\">Reserve ahora<\/h4>\t\t<\/div>\n\t\t\t\t<\/div>\n\t\t\t\t<div class=\"elementor-element elementor-element-5dd152e sc_fly_static elementor-widget elementor-widget-shortcode\" data-id=\"5dd152e\" data-element_type=\"widget\" data-widget_type=\"shortcode.default\">\n\t\t\t\t<div class=\"elementor-widget-container\">\n\t\t\t\t\t<div class=\"elementor-shortcode\"><form id=\"forminator-module-9933\" class=\"forminator-custom-form forminator-custom-form-9933\" method=\"post\" data-forminator-render=\"0\" data-uid=\"69de511d6103e\" action=\"\"><div role=\"alert\" aria-live=\"polite\" class=\"forminator-response-message forminator-error\" aria-hidden=\"true\"><\/div><input type=\"hidden\" name=\"trp-form-language\" value=\"es\"\/><\/form><\/div>\n\t\t\t\t<\/div>\n\t\t\t\t<\/div>\n\t\t\t\t\t<\/div>\n\t\t<\/div>\n\t\t\t\t\t<\/div>\n\t\t<\/section>\n\t\t\t\t<\/div>","protected":false},"excerpt":{"rendered":"<p>Learn to prevent and manage problems in the water, and become more&hellip;<\/p>","protected":false},"author":1,"featured_media":7714,"parent":0,"menu_order":0,"comment_status":"closed","ping_status":"closed","template":"","meta":{"_acf_changed":false,"footnotes":""},"program":[177],"class_list":["post-5377","page","type-page","status-publish","has-post-thumbnail","hentry","program-advanced-level-courses"],"acf":[],"_links":{"self":[{"href":"https:\/\/www.dive.gr\/es\/wp-json\/wp\/v2\/pages\/5377","targetHints":{"allow":["GET"]}}],"collection":[{"href":"https:\/\/www.dive.gr\/es\/wp-json\/wp\/v2\/pages"}],"about":[{"href":"https:\/\/www.dive.gr\/es\/wp-json\/wp\/v2\/types\/page"}],"author":[{"embeddable":true,"href":"https:\/\/www.dive.gr\/es\/wp-json\/wp\/v2\/users\/1"}],"replies":[{"embeddable":true,"href":"https:\/\/www.dive.gr\/es\/wp-json\/wp\/v2\/comments?post=5377"}],"version-history":[{"count":13,"href":"https:\/\/www.dive.gr\/es\/wp-json\/wp\/v2\/pages\/5377\/revisions"}],"predecessor-version":[{"id":14824,"href":"https:\/\/www.dive.gr\/es\/wp-json\/wp\/v2\/pages\/5377\/revisions\/14824"}],"wp:featuredmedia":[{"embeddable":true,"href":"https:\/\/www.dive.gr\/es\/wp-json\/wp\/v2\/media\/7714"}],"wp:attachment":[{"href":"https:\/\/www.dive.gr\/es\/wp-json\/wp\/v2\/media?parent=5377"}],"wp:term":[{"taxonomy":"program","embeddable":true,"href":"https:\/\/www.dive.gr\/es\/wp-json\/wp\/v2\/program?post=5377"}],"curies":[{"name":"wp","href":"https:\/\/api.w.org\/{rel}","templated":true}]}}