{"id":5372,"date":"2024-08-09T21:42:18","date_gmt":"2024-08-09T21:42:18","guid":{"rendered":"https:\/\/www.dive.gr\/newsite\/?page_id=5372"},"modified":"2024-10-02T07:49:29","modified_gmt":"2024-10-02T07:49:29","slug":"emergency-first-response-diving-course","status":"publish","type":"page","link":"https:\/\/www.dive.gr\/es\/emergency-first-response-diving-course\/","title":{"rendered":"Primera respuesta de emergencia"},"content":{"rendered":"<div data-elementor-type=\"wp-post\" data-elementor-id=\"5372\" class=\"elementor elementor-5372\" data-elementor-post-type=\"page\">\n\t\t\t\t\t\t<section class=\"elementor-section elementor-top-section elementor-element elementor-element-b230b6f elementor-section-stretched elementor-section-full_width scheme_dark elementor-reverse-tablet elementor-reverse-mobile elementor-section-height-default elementor-section-height-default\" data-id=\"b230b6f\" data-element_type=\"section\" data-settings=\"{&quot;stretch_section&quot;:&quot;section-stretched&quot;}\">\n\t\t\t\t\t\t<div class=\"elementor-container elementor-column-gap-no\">\n\t\t\t\t\t<div class=\"elementor-column elementor-col-50 elementor-top-column elementor-element elementor-element-098adc1 sc_inner_width_none sc_layouts_column_icons_position_left\" data-id=\"098adc1\" data-element_type=\"column\" data-settings=\"{&quot;background_background&quot;:&quot;classic&quot;}\">\n\t\t\t<div class=\"elementor-widget-wrap elementor-element-populated\">\n\t\t\t\t\t\t<div class=\"elementor-element elementor-element-d92a0b5 sc_fly_static elementor-widget elementor-widget-heading\" data-id=\"d92a0b5\" data-element_type=\"widget\" data-widget_type=\"heading.default\">\n\t\t\t\t<div class=\"elementor-widget-container\">\n\t\t\t<h2 class=\"elementor-heading-title elementor-size-default\">Primera respuesta de emergencia<\/h2>\t\t<\/div>\n\t\t\t\t<\/div>\n\t\t\t\t<div class=\"elementor-element elementor-element-a3680cf sc_fly_static elementor-widget elementor-widget-text-editor\" data-id=\"a3680cf\" data-element_type=\"widget\" data-widget_type=\"text-editor.default\">\n\t\t\t\t<div class=\"elementor-widget-container\">\n\t\t\t\t\t\t\t<p>Descubra pasos sencillos de seguir para la atenci\u00f3n de urgencias. Este curso se centra en fomentar la confianza de los reanimadores legos y aumentar su disposici\u00f3n a responder cuando se enfrentan a una emergencia m\u00e9dica.<\/p>\t\t\t\t\t\t<\/div>\n\t\t\t\t<\/div>\n\t\t\t\t\t<\/div>\n\t\t<\/div>\n\t\t\t\t<div class=\"elementor-column elementor-col-50 elementor-top-column elementor-element elementor-element-bd94493 sc_inner_width_none sc_layouts_column_icons_position_left\" data-id=\"bd94493\" data-element_type=\"column\" data-settings=\"{&quot;background_background&quot;:&quot;classic&quot;}\">\n\t\t\t<div class=\"elementor-widget-wrap elementor-element-populated\">\n\t\t\t\t\t\t<section class=\"elementor-section elementor-inner-section elementor-element elementor-element-0130909 elementor-section-height-min-height elementor-section-boxed elementor-section-height-default\" data-id=\"0130909\" data-element_type=\"section\" data-settings=\"{&quot;background_background&quot;:&quot;video&quot;,&quot;background_video_start&quot;:65,&quot;background_video_end&quot;:160,&quot;background_video_link&quot;:&quot;https:\\\/\\\/www.dive.gr\\\/wp-content\\\/uploads\\\/2024\\\/09\\\/dive.gr-Mykonos-diving-center-intro-video.mp4&quot;}\">\n\t\t\t\t\t\t\t\t<div class=\"elementor-background-video-container elementor-hidden-phone\">\n\t\t\t\t\t\t\t\t\t\t\t\t\t<video class=\"elementor-background-video-hosted elementor-html5-video\" autoplay muted playsinline loop><\/video>\n\t\t\t\t\t\t\t\t\t\t\t<\/div>\n\t\t\t\t\t\t\t\t<div class=\"elementor-container elementor-column-gap-extended\">\n\t\t\t\t\t<div class=\"elementor-column elementor-col-100 elementor-inner-column elementor-element elementor-element-0016c9e sc_inner_width_none sc_layouts_column_icons_position_left\" data-id=\"0016c9e\" data-element_type=\"column\" data-settings=\"{&quot;background_background&quot;:&quot;classic&quot;}\">\n\t\t\t<div class=\"elementor-widget-wrap\">\n\t\t\t\t\t\t\t<\/div>\n\t\t<\/div>\n\t\t\t\t\t<\/div>\n\t\t<\/section>\n\t\t\t\t\t<\/div>\n\t\t<\/div>\n\t\t\t\t\t<\/div>\n\t\t<\/section>\n\t\t\t\t<section class=\"elementor-section elementor-top-section elementor-element elementor-element-2abe1a1 elementor-section-boxed elementor-section-height-default elementor-section-height-default\" data-id=\"2abe1a1\" data-element_type=\"section\" data-settings=\"{&quot;background_background&quot;:&quot;classic&quot;}\">\n\t\t\t\t\t\t<div class=\"elementor-container elementor-column-gap-extended\">\n\t\t\t\t\t<div class=\"elementor-column elementor-col-100 elementor-top-column elementor-element elementor-element-f39fccd sc_inner_width_none sc_layouts_column_icons_position_left\" data-id=\"f39fccd\" data-element_type=\"column\">\n\t\t\t<div class=\"elementor-widget-wrap elementor-element-populated\">\n\t\t\t\t\t\t<div class=\"elementor-element elementor-element-2e45deb sc_fly_static elementor-widget elementor-widget-text-editor\" data-id=\"2e45deb\" data-element_type=\"widget\" data-widget_type=\"text-editor.default\">\n\t\t\t\t<div class=\"elementor-widget-container\">\n\t\t\t\t\t\t\t<p>La formaci\u00f3n en Primeros Auxilios de Emergencia se centra en fomentar la confianza de los socorristas legos y aumentar su disposici\u00f3n a responder cuando se enfrentan a una emergencia m\u00e9dica. Los participantes de Course aprenden pasos sencillos de seguir para la atenci\u00f3n de emergencias y practican la aplicaci\u00f3n de habilidades en un entorno de aprendizaje no estresante. Todos los cursos se apoyan en manuales de autoaprendizaje, v\u00eddeos y tarjetas de referencia r\u00e1pida para mejorar el aprendizaje y permitirle empezar a aprender de inmediato.<\/p><p>Los cursos EFR cumplen los requisitos de formaci\u00f3n en RCP y primeros auxilios para el curso PADI Rescue Diver y todas las habilitaciones de nivel profesional. La mayor\u00eda de los PADI Instructor son tambi\u00e9n Emergency First Response Instructor.<\/p><p>Los siguientes cursos EFR se basan en directrices m\u00e9dicas reconocidas internacionalmente para la atenci\u00f3n de urgencias.<\/p>\t\t\t\t\t\t<\/div>\n\t\t\t\t<\/div>\n\t\t\t\t<div class=\"elementor-element elementor-element-f12d713 elementor-widget-divider--view-line sc_fly_static elementor-widget elementor-widget-divider\" data-id=\"f12d713\" data-element_type=\"widget\" data-widget_type=\"divider.default\">\n\t\t\t\t<div class=\"elementor-widget-container\">\n\t\t\t\t\t<div class=\"elementor-divider\">\n\t\t\t<span class=\"elementor-divider-separator\">\n\t\t\t\t\t\t<\/span>\n\t\t<\/div>\n\t\t\t\t<\/div>\n\t\t\t\t<\/div>\n\t\t\t\t<div class=\"elementor-element elementor-element-e560c35 sc_fly_static elementor-widget elementor-widget-text-editor\" data-id=\"e560c35\" data-element_type=\"widget\" data-widget_type=\"text-editor.default\">\n\t\t\t\t<div class=\"elementor-widget-container\">\n\t\t\t\t\t\t\t<p><strong>Acad\u00e9mico<\/strong><\/p><ul><li><p><strong>Atenci\u00f3n Primaria (RCP)<\/strong>\u00a0- Este curso le ense\u00f1a los pasos y t\u00e9cnicas para manejar emergencias que ponen en peligro la vida. Practicar\u00e1 ocho t\u00e9cnicas para ayudar a pacientes que no respiran, no tienen latido cardiaco, pueden tener una lesi\u00f3n medular, pueden estar en estado de shock o pueden tener una hemorragia grave. Aprender\u00e1 a realizar la reanimaci\u00f3n cardiopulmonar y a seguir controlando al paciente, de modo que le proporcione todas las posibilidades de supervivencia posibles mientras espera la llegada de los servicios m\u00e9dicos de urgencia.<\/p><\/li><li><p><strong>Atenci\u00f3n secundaria (primeros auxilios)<\/strong>\u00a0- Dado que muchas afecciones m\u00e9dicas no ponen en peligro la vida y que los servicios m\u00e9dicos de urgencia a veces se retrasan o no est\u00e1n disponibles, este curso le ense\u00f1a a prestar primeros auxilios que alivien el dolor y reduzcan el riesgo de da\u00f1os mayores. Aprender\u00e1 a evaluar una variedad de lesiones y enfermedades y practicar\u00e1 el vendaje y entablillado.<\/p><\/li><li><p><strong>Cuidado de los ni\u00f1os<\/strong>\u00a0- Este curso permite a los participantes aprender, practicar y aplicar habilidades de atenci\u00f3n de emergencia espec\u00edficas para ayudar a beb\u00e9s y ni\u00f1os con emergencias m\u00e9dicas. Est\u00e1 dise\u00f1ado para quienes trabajan con ni\u00f1os o es probable que tengan que responder a emergencias en las que est\u00e9n implicados peque\u00f1os. Este curso suele integrarse con los cursos de Atenci\u00f3n Primaria (RCP) y Atenci\u00f3n Secundaria (Primeros Auxilios).<\/p><\/li><li><p><strong>RCP Y DEA<\/strong>\u00a0- Este curso se centra en la formaci\u00f3n en RCP y en ense\u00f1ar a los participantes a utilizar un DEA (desfibrilador externo autom\u00e1tico). Cuando los requisitos del lugar de trabajo o gubernamentales especifican esta formaci\u00f3n, el curso de RCP y DEA satisface la necesidad. Este curso suele integrarse en los programas de Primeros Auxilios en el Trabajo.<\/p><\/li><li><p><strong>Actualizaci\u00f3n EFR<\/strong>\u00a0- Es una buena idea refrescar sus conocimientos de RCP y primeros auxilios cada 24 meses, y para eso est\u00e1 dise\u00f1ado el curso de actualizaci\u00f3n EFR. Centr\u00e1ndose en las habilidades clave, el curso le permite mantenerse al d\u00eda y listo para prestar ayuda cuando sea necesario.<\/p><\/li><\/ul>\t\t\t\t\t\t<\/div>\n\t\t\t\t<\/div>\n\t\t\t\t<div class=\"elementor-element elementor-element-fe8c87c elementor-widget-divider--view-line sc_fly_static elementor-widget elementor-widget-divider\" data-id=\"fe8c87c\" data-element_type=\"widget\" data-widget_type=\"divider.default\">\n\t\t\t\t<div class=\"elementor-widget-container\">\n\t\t\t\t\t<div class=\"elementor-divider\">\n\t\t\t<span class=\"elementor-divider-separator\">\n\t\t\t\t\t\t<\/span>\n\t\t<\/div>\n\t\t\t\t<\/div>\n\t\t\t\t<\/div>\n\t\t\t\t<section class=\"elementor-section elementor-inner-section elementor-element elementor-element-eb9d6c6 elementor-section-boxed elementor-section-height-default elementor-section-height-default\" data-id=\"eb9d6c6\" data-element_type=\"section\">\n\t\t\t\t\t\t<div class=\"elementor-container elementor-column-gap-extended\">\n\t\t\t\t\t<div class=\"make-column-clickable-elementor elementor-column elementor-col-100 elementor-inner-column elementor-element elementor-element-763a6b5 sc_inner_width_none sc_layouts_column_icons_position_left\" style=\"cursor: pointer;\" data-column-clickable=\"https:\/\/apps.padi.com\/scuba-diving\/elearning\/purchasecourse.aspx?courseid=56&amp;_ga=2.143748147.764057478.1571210490-1216068278.1570006227&amp;fbclid=IwAR2wwNMK6xWNdb5jq8KzUDx5na1JimO8l46zyG7hewhY7PPip4sVOSME1io\" data-column-clickable-blank=\"_blank\" data-id=\"763a6b5\" data-element_type=\"column\">\n\t\t\t<div class=\"elementor-widget-wrap elementor-element-populated\">\n\t\t\t\t\t\t<div class=\"elementor-element elementor-element-a009ab1 sc_fly_static elementor-widget elementor-widget-heading\" data-id=\"a009ab1\" data-element_type=\"widget\" data-widget_type=\"heading.default\">\n\t\t\t\t<div class=\"elementor-widget-container\">\n\t\t\t<h4 class=\"elementor-heading-title elementor-size-default\">Adquirir un curso de aprendizaje electr\u00f3nico<\/h4>\t\t<\/div>\n\t\t\t\t<\/div>\n\t\t\t\t<div class=\"elementor-element elementor-element-6a6e857 sc_fly_static elementor-widget elementor-widget-image\" data-id=\"6a6e857\" data-element_type=\"widget\" data-widget_type=\"image.default\">\n\t\t\t\t<div class=\"elementor-widget-container\">\n\t\t\t\t\t\t\t\t\t\t\t\t\t<img decoding=\"async\" width=\"300\" height=\"39\" data-src=\"https:\/\/www.dive.gr\/wp-content\/smush-webp\/2024\/09\/dive.gr-padi-eLearning-logo-300x39.png.webp\" class=\"attachment-medium size-medium wp-image-10258 lazyload\" alt=\"\" data-srcset=\"https:\/\/www.dive.gr\/wp-content\/smush-webp\/2024\/09\/dive.gr-padi-eLearning-logo-300x39.png.webp 300w, https:\/\/www.dive.gr\/wp-content\/smush-webp\/2024\/09\/dive.gr-padi-eLearning-logo-18x2.png.webp 18w, https:\/\/www.dive.gr\/wp-content\/smush-webp\/2024\/09\/dive.gr-padi-eLearning-logo-370x48.png.webp 370w, https:\/\/www.dive.gr\/wp-content\/smush-webp\/2024\/09\/dive.gr-padi-eLearning-logo.png.webp 436w\" data-sizes=\"(max-width: 300px) 100vw, 300px\" src=\"data:image\/svg+xml;base64,PHN2ZyB3aWR0aD0iMSIgaGVpZ2h0PSIxIiB4bWxucz0iaHR0cDovL3d3dy53My5vcmcvMjAwMC9zdmciPjwvc3ZnPg==\" style=\"--smush-placeholder-width: 300px; --smush-placeholder-aspect-ratio: 300\/39;\" \/>\t\t\t\t\t\t\t\t\t\t\t\t\t<\/div>\n\t\t\t\t<\/div>\n\t\t\t\t\t<\/div>\n\t\t<\/div>\n\t\t\t\t\t<\/div>\n\t\t<\/section>\n\t\t\t\t<div class=\"elementor-element elementor-element-2bd613d elementor-widget-divider--view-line sc_fly_static elementor-widget elementor-widget-divider\" data-id=\"2bd613d\" data-element_type=\"widget\" data-widget_type=\"divider.default\">\n\t\t\t\t<div class=\"elementor-widget-container\">\n\t\t\t\t\t<div class=\"elementor-divider\">\n\t\t\t<span class=\"elementor-divider-separator\">\n\t\t\t\t\t\t<\/span>\n\t\t<\/div>\n\t\t\t\t<\/div>\n\t\t\t\t<\/div>\n\t\t\t\t<div class=\"elementor-element elementor-element-d71be12 sc_fly_static elementor-widget elementor-widget-heading\" data-id=\"d71be12\" data-element_type=\"widget\" data-widget_type=\"heading.default\">\n\t\t\t\t<div class=\"elementor-widget-container\">\n\t\t\t<h4 class=\"elementor-heading-title elementor-size-default\">Reserve ahora<\/h4>\t\t<\/div>\n\t\t\t\t<\/div>\n\t\t\t\t<div class=\"elementor-element elementor-element-5dd152e sc_fly_static elementor-widget elementor-widget-shortcode\" data-id=\"5dd152e\" data-element_type=\"widget\" data-widget_type=\"shortcode.default\">\n\t\t\t\t<div class=\"elementor-widget-container\">\n\t\t\t\t\t<div class=\"elementor-shortcode\"><form id=\"forminator-module-9933\" class=\"forminator-custom-form forminator-custom-form-9933\" method=\"post\" data-forminator-render=\"0\" data-uid=\"69de1fd3bc261\" action=\"\"><div role=\"alert\" aria-live=\"polite\" class=\"forminator-response-message forminator-error\" aria-hidden=\"true\"><\/div><input type=\"hidden\" name=\"trp-form-language\" value=\"es\"\/><\/form><\/div>\n\t\t\t\t<\/div>\n\t\t\t\t<\/div>\n\t\t\t\t\t<\/div>\n\t\t<\/div>\n\t\t\t\t\t<\/div>\n\t\t<\/section>\n\t\t\t\t<\/div>","protected":false},"excerpt":{"rendered":"<p>Descubra pasos sencillos de seguir para la atenci\u00f3n de urgencias. Este curso se centra en...<\/p>","protected":false},"author":1,"featured_media":7712,"parent":0,"menu_order":0,"comment_status":"closed","ping_status":"closed","template":"","meta":{"_acf_changed":false,"footnotes":""},"program":[177],"class_list":["post-5372","page","type-page","status-publish","has-post-thumbnail","hentry","program-advanced-level-courses"],"acf":[],"_links":{"self":[{"href":"https:\/\/www.dive.gr\/es\/wp-json\/wp\/v2\/pages\/5372","targetHints":{"allow":["GET"]}}],"collection":[{"href":"https:\/\/www.dive.gr\/es\/wp-json\/wp\/v2\/pages"}],"about":[{"href":"https:\/\/www.dive.gr\/es\/wp-json\/wp\/v2\/types\/page"}],"author":[{"embeddable":true,"href":"https:\/\/www.dive.gr\/es\/wp-json\/wp\/v2\/users\/1"}],"replies":[{"embeddable":true,"href":"https:\/\/www.dive.gr\/es\/wp-json\/wp\/v2\/comments?post=5372"}],"version-history":[{"count":13,"href":"https:\/\/www.dive.gr\/es\/wp-json\/wp\/v2\/pages\/5372\/revisions"}],"predecessor-version":[{"id":14821,"href":"https:\/\/www.dive.gr\/es\/wp-json\/wp\/v2\/pages\/5372\/revisions\/14821"}],"wp:featuredmedia":[{"embeddable":true,"href":"https:\/\/www.dive.gr\/es\/wp-json\/wp\/v2\/media\/7712"}],"wp:attachment":[{"href":"https:\/\/www.dive.gr\/es\/wp-json\/wp\/v2\/media?parent=5372"}],"wp:term":[{"taxonomy":"program","embeddable":true,"href":"https:\/\/www.dive.gr\/es\/wp-json\/wp\/v2\/program?post=5372"}],"curies":[{"name":"wp","href":"https:\/\/api.w.org\/{rel}","templated":true}]}}