{"id":5353,"date":"2024-08-06T21:26:37","date_gmt":"2024-08-06T21:26:37","guid":{"rendered":"https:\/\/www.dive.gr\/newsite\/?page_id=5353"},"modified":"2024-10-02T07:48:44","modified_gmt":"2024-10-02T07:48:44","slug":"advanced-open-water","status":"publish","type":"page","link":"https:\/\/www.dive.gr\/es\/advanced-open-water\/","title":{"rendered":"Aguas abiertas avanzadas"},"content":{"rendered":"<div data-elementor-type=\"wp-post\" data-elementor-id=\"5353\" class=\"elementor elementor-5353\" data-elementor-post-type=\"page\">\n\t\t\t\t\t\t<section class=\"elementor-section elementor-top-section elementor-element elementor-element-b230b6f elementor-section-stretched elementor-section-full_width scheme_dark elementor-reverse-tablet elementor-reverse-mobile elementor-section-height-default elementor-section-height-default\" data-id=\"b230b6f\" data-element_type=\"section\" data-settings=\"{&quot;stretch_section&quot;:&quot;section-stretched&quot;}\">\n\t\t\t\t\t\t<div class=\"elementor-container elementor-column-gap-no\">\n\t\t\t\t\t<div class=\"elementor-column elementor-col-50 elementor-top-column elementor-element elementor-element-098adc1 sc_inner_width_none sc_layouts_column_icons_position_left\" data-id=\"098adc1\" data-element_type=\"column\" data-settings=\"{&quot;background_background&quot;:&quot;classic&quot;}\">\n\t\t\t<div class=\"elementor-widget-wrap elementor-element-populated\">\n\t\t\t\t\t\t<div class=\"elementor-element elementor-element-d92a0b5 sc_fly_static elementor-widget elementor-widget-heading\" data-id=\"d92a0b5\" data-element_type=\"widget\" data-widget_type=\"heading.default\">\n\t\t\t\t<div class=\"elementor-widget-container\">\n\t\t\t<h2 class=\"elementor-heading-title elementor-size-default\">Aguas abiertas avanzadas<\/h2>\t\t<\/div>\n\t\t\t\t<\/div>\n\t\t\t\t<div class=\"elementor-element elementor-element-a3680cf sc_fly_static elementor-widget elementor-widget-text-editor\" data-id=\"a3680cf\" data-element_type=\"widget\" data-widget_type=\"text-editor.default\">\n\t\t\t\t<div class=\"elementor-widget-container\">\n\t\t\t\t\t\t\t<p>Este curso puede realizarse despu\u00e9s de haber completado la certificaci\u00f3n PADI Open Water Diver. Se titula PADI Avanzado Open Water Diver porque avanza sus conocimientos y habilidades de buceo.<\/p>\t\t\t\t\t\t<\/div>\n\t\t\t\t<\/div>\n\t\t\t\t\t<\/div>\n\t\t<\/div>\n\t\t\t\t<div class=\"elementor-column elementor-col-50 elementor-top-column elementor-element elementor-element-bd94493 sc_inner_width_none sc_layouts_column_icons_position_left\" data-id=\"bd94493\" data-element_type=\"column\" data-settings=\"{&quot;background_background&quot;:&quot;classic&quot;}\">\n\t\t\t<div class=\"elementor-widget-wrap elementor-element-populated\">\n\t\t\t\t\t\t<section class=\"elementor-section elementor-inner-section elementor-element elementor-element-0130909 elementor-section-height-min-height elementor-section-boxed elementor-section-height-default\" data-id=\"0130909\" data-element_type=\"section\" data-settings=\"{&quot;background_background&quot;:&quot;video&quot;,&quot;background_video_link&quot;:&quot;https:\\\/\\\/www.dive.gr\\\/wp-content\\\/uploads\\\/2024\\\/09\\\/dive.gr-Mykonos-diving-center-intro-video.mp4&quot;}\">\n\t\t\t\t\t\t\t\t<div class=\"elementor-background-video-container elementor-hidden-phone\">\n\t\t\t\t\t\t\t\t\t\t\t\t\t<video class=\"elementor-background-video-hosted elementor-html5-video\" autoplay muted playsinline loop><\/video>\n\t\t\t\t\t\t\t\t\t\t\t<\/div>\n\t\t\t\t\t\t\t\t<div class=\"elementor-container elementor-column-gap-extended\">\n\t\t\t\t\t<div class=\"elementor-column elementor-col-100 elementor-inner-column elementor-element elementor-element-0016c9e sc_inner_width_none sc_layouts_column_icons_position_left\" data-id=\"0016c9e\" data-element_type=\"column\" data-settings=\"{&quot;background_background&quot;:&quot;classic&quot;}\">\n\t\t\t<div class=\"elementor-widget-wrap\">\n\t\t\t\t\t\t\t<\/div>\n\t\t<\/div>\n\t\t\t\t\t<\/div>\n\t\t<\/section>\n\t\t\t\t\t<\/div>\n\t\t<\/div>\n\t\t\t\t\t<\/div>\n\t\t<\/section>\n\t\t\t\t<section class=\"elementor-section elementor-top-section elementor-element elementor-element-2abe1a1 elementor-section-boxed elementor-section-height-default elementor-section-height-default\" data-id=\"2abe1a1\" data-element_type=\"section\" data-settings=\"{&quot;background_background&quot;:&quot;classic&quot;}\">\n\t\t\t\t\t\t<div class=\"elementor-container elementor-column-gap-extended\">\n\t\t\t\t\t<div class=\"elementor-column elementor-col-100 elementor-top-column elementor-element elementor-element-f39fccd sc_inner_width_none sc_layouts_column_icons_position_left\" data-id=\"f39fccd\" data-element_type=\"column\">\n\t\t\t<div class=\"elementor-widget-wrap elementor-element-populated\">\n\t\t\t\t\t\t<div class=\"elementor-element elementor-element-2e45deb sc_fly_static elementor-widget elementor-widget-text-editor\" data-id=\"2e45deb\" data-element_type=\"widget\" data-widget_type=\"text-editor.default\">\n\t\t\t\t<div class=\"elementor-widget-container\">\n\t\t\t\t\t\t\t<p>Avanzar en sus conocimientos y habilidades es de lo que trata el curso PADI Avanzado Open Water Diver. No tiene que ser \"avanzado\" para tomarlo - est\u00e1 dise\u00f1ado para\u00a0<em>avance<\/em>\u00a0su buceo, por lo que puede empezar justo despu\u00e9s de obtener su certificaci\u00f3n PADI Open Water Diver.<\/p><p>El curso le ayuda a ganar confianza y a ampliar sus conocimientos de buceo a trav\u00e9s de diferentes Adventure Dives y le permitir\u00e1 bucear hasta 30m\/100ft. Usted prueba diferentes especialidades mientras gana experiencia bajo la supervisi\u00f3n de su PADI Instructor. Registrar\u00e1 inmersiones y desarrollar\u00e1 capacidades mientras encuentra nuevas formas de divertirse buceando.<br \/><br \/>\u00a1Obtenga cr\u00e9dito! Cada Inmersi\u00f3n de Aventura puede acreditarse para la primera inmersi\u00f3n del correspondiente curso de buceador especializado PADI Course. Si ya ha realizado un curso de buceador especializado, pregunte a su instructor si ha obtenido cr\u00e9dito por una Inmersi\u00f3n de Aventura.<\/p><p>Los PADI (Junior) Open Water Diver que tengan al menos 12 a\u00f1os est\u00e1n preparados para dar el paso e inscribirse en un curso Avanzado Open Water Diver. Los buceadores j\u00f3venes s\u00f3lo pueden participar en ciertas Inmersiones de Aventura - consulte con su PADI Instructor.<\/p><p>Si ya es un Adventure Diver, s\u00f3lo necesita completar dos Adventure Dives m\u00e1s para obtener la certificaci\u00f3n Open Water Diver Avanzado.<\/p>\t\t\t\t\t\t<\/div>\n\t\t\t\t<\/div>\n\t\t\t\t<div class=\"elementor-element elementor-element-f12d713 elementor-widget-divider--view-line sc_fly_static elementor-widget elementor-widget-divider\" data-id=\"f12d713\" data-element_type=\"widget\" data-widget_type=\"divider.default\">\n\t\t\t\t<div class=\"elementor-widget-container\">\n\t\t\t\t\t<div class=\"elementor-divider\">\n\t\t\t<span class=\"elementor-divider-separator\">\n\t\t\t\t\t\t<\/span>\n\t\t<\/div>\n\t\t\t\t<\/div>\n\t\t\t\t<\/div>\n\t\t\t\t<div class=\"elementor-element elementor-element-e560c35 sc_fly_static elementor-widget elementor-widget-text-editor\" data-id=\"e560c35\" data-element_type=\"widget\" data-widget_type=\"text-editor.default\">\n\t\t\t\t<div class=\"elementor-widget-container\">\n\t\t\t\t\t\t\t<p><strong>Acad\u00e9mico<\/strong><\/p><p>Planificar\u00e1 su itinerario de aprendizaje con su instructor eligiendo entre una larga lista de Adventure Dives. Hay dos inmersiones obligatorias -profunda y Underwater Navigation- y usted elige las otras tres, para un total de cinco inmersiones.<\/p><p>Durante la Inmersi\u00f3n de Aventura Profunda, aprender\u00e1 a planificar las inmersiones para hacer frente a los efectos fisiol\u00f3gicos y a los retos de las inmersiones m\u00e1s profundas. La Inmersi\u00f3n de Aventura Underwater Navigation perfecciona sus habilidades de navegaci\u00f3n con br\u00fajula y le ayuda a navegar mejor utilizando ciclos de patada, puntos de referencia visuales y el tiempo.<\/p><p>Los dem\u00e1s conocimientos y habilidades que adquiera var\u00edan seg\u00fan su inter\u00e9s y las aventuras que viva: fotograf\u00eda, control de la flotabilidad, identificaci\u00f3n de peces, exploraci\u00f3n de pecios y muchos m\u00e1s.<\/p><p>Es posible que pueda obtener cr\u00e9ditos universitarios por el curso Avanzado Open Water Diver.<\/p><p><strong style=\"font-size: 1rem; letter-spacing: 0.38px;\">Equipamiento<\/strong><\/p><p>Adem\u00e1s de utilizar el equipo b\u00e1sico de buceo, necesitar\u00e1 una br\u00fajula y un cuchillo o herramienta de buceo. Tambi\u00e9n utilizar\u00e1 equipo especializado dependiendo del Adventure Dives que elija. Por ejemplo, obviamente utilizar\u00e1 un traje seco para la Inmersi\u00f3n de Aventura con Traje Seco o una configuraci\u00f3n de montaje lateral durante la Inmersi\u00f3n de Aventura con Montaje Lateral. Su PADI Instructor le explicar\u00e1 el equipo que necesita y puede sugerirle equipo adicional, como una linterna de buceo para inmersiones nocturnas o una bolsa elevadora para inmersiones de b\u00fasqueda y recuperaci\u00f3n.<\/p><p>Visite el centro de buceo Mykonos para saber m\u00e1s sobre el equipo que necesitar\u00e1 para comenzar sus aventuras en el curso Avanzado Open Water Diver.<\/p><p><strong>C\u00f3mo empezar<\/strong><\/p><p>Inscr\u00edbase en Open Water Diver Avanzado Online - la opci\u00f3n de eLearning de PADI - para empezar inmediatamente. El sistema basado en la web le permite aprender sobre siete de las inmersiones de aventura m\u00e1s populares - incluyendo las obligatorias Profundidad y Underwater Navigation Adventure Dives, adem\u00e1s de Embarcaci\u00f3n, Nocturna, Peak Performance Buoyancy, Underwater Naturalist y Pecio Adventure Dives. Usted estudia a su propio ritmo a trav\u00e9s de un programa interactivo y f\u00e1cil de usar. Tambi\u00e9n tiene acceso a una versi\u00f3n en l\u00ednea del\u00a0<em>Aventuras de buceo<\/em>\u00a0manual y puede completar las secciones para otros Adventure Dives seg\u00fan le indique su PADI Instructor.<\/p><p>Tambi\u00e9n puede optar por leer el\u00a0<em>Aventuras de buceo\u00a0<\/em>manual y vea el\u00a0<em>Aventuras de buceo<\/em>\u00a0v\u00eddeo (un paquete de libro y DVD). Pase por el centro de buceo Mykonos para inscribirse en el curso, obtener sus materiales y empezar a aprender. Su PADI Instructor se reunir\u00e1 con usted para programar sesiones de repaso de conocimientos junto con su Adventure Dives.<\/p>\t\t\t\t\t\t<\/div>\n\t\t\t\t<\/div>\n\t\t\t\t<div class=\"elementor-element elementor-element-91f7d92 elementor-widget-divider--view-line sc_fly_static elementor-widget elementor-widget-divider\" data-id=\"91f7d92\" data-element_type=\"widget\" data-widget_type=\"divider.default\">\n\t\t\t\t<div class=\"elementor-widget-container\">\n\t\t\t\t\t<div class=\"elementor-divider\">\n\t\t\t<span class=\"elementor-divider-separator\">\n\t\t\t\t\t\t<\/span>\n\t\t<\/div>\n\t\t\t\t<\/div>\n\t\t\t\t<\/div>\n\t\t\t\t<div class=\"elementor-element elementor-element-ff4be43 sc_fly_static elementor-widget elementor-widget-heading\" data-id=\"ff4be43\" data-element_type=\"widget\" data-widget_type=\"heading.default\">\n\t\t\t\t<div class=\"elementor-widget-container\">\n\t\t\t<h4 class=\"elementor-heading-title elementor-size-default\">Precios<\/h4>\t\t<\/div>\n\t\t\t\t<\/div>\n\t\t\t\t<div class=\"elementor-element elementor-element-7044a8a sc_fly_static elementor-widget elementor-widget-trx_sc_table\" data-id=\"7044a8a\" data-element_type=\"widget\" data-widget_type=\"trx_sc_table.default\">\n\t\t\t\t<div class=\"elementor-widget-container\">\n\t\t\t<div id=\"trx_sc_table_876799264_wrap\" class=\"sc_table_wrap\"><div id=\"trx_sc_table_876799264\"\n\t\t\tclass=\"sc_table sc_table_default trx_addons_inline_697473278\"><table summary=\"pricing\" cellspacing=\"0\"><tbody><tr><th style=\"text-align: center;\">Aguas abiertas avanzadas<\/th><th style=\"text-align: center;\">Precio<\/th><\/tr><tr><td style=\"text-align: center;\">5 Inmersiones<\/td><td style=\"text-align: center;\">390<\/td><\/tr><tr><td style=\"text-align: center;\">Si se combina con <a href=\"https:\/\/www.dive.gr\/es\/open-water-diver\/\">Aguas abiertas Course<\/a><\/td><td style=\"text-align: center;\">290<\/td><\/tr><\/tbody><\/table><\/div><\/div><!-- \/.sc_table_wrap -->\t\t<\/div>\n\t\t\t\t<\/div>\n\t\t\t\t<div class=\"elementor-element elementor-element-0548205 elementor-widget-divider--view-line sc_fly_static elementor-widget elementor-widget-divider\" data-id=\"0548205\" data-element_type=\"widget\" data-widget_type=\"divider.default\">\n\t\t\t\t<div class=\"elementor-widget-container\">\n\t\t\t\t\t<div class=\"elementor-divider\">\n\t\t\t<span class=\"elementor-divider-separator\">\n\t\t\t\t\t\t<\/span>\n\t\t<\/div>\n\t\t\t\t<\/div>\n\t\t\t\t<\/div>\n\t\t\t\t<section class=\"elementor-section elementor-inner-section elementor-element elementor-element-b2ff12c elementor-section-boxed elementor-section-height-default elementor-section-height-default\" data-id=\"b2ff12c\" data-element_type=\"section\">\n\t\t\t\t\t\t<div class=\"elementor-container elementor-column-gap-extended\">\n\t\t\t\t\t<div class=\"make-column-clickable-elementor elementor-column elementor-col-100 elementor-inner-column elementor-element elementor-element-415e1aa sc_inner_width_none sc_layouts_column_icons_position_left\" style=\"cursor: pointer;\" data-column-clickable=\"https:\/\/apps.padi.com\/scuba-diving\/elearning\/purchasecourse.aspx?courseid=56&amp;_ga=2.143748147.764057478.1571210490-1216068278.1570006227&amp;fbclid=IwAR2wwNMK6xWNdb5jq8KzUDx5na1JimO8l46zyG7hewhY7PPip4sVOSME1io\" data-column-clickable-blank=\"_blank\" data-id=\"415e1aa\" data-element_type=\"column\">\n\t\t\t<div class=\"elementor-widget-wrap elementor-element-populated\">\n\t\t\t\t\t\t<div class=\"elementor-element elementor-element-c1331b7 sc_fly_static elementor-widget elementor-widget-heading\" data-id=\"c1331b7\" data-element_type=\"widget\" data-widget_type=\"heading.default\">\n\t\t\t\t<div class=\"elementor-widget-container\">\n\t\t\t<h4 class=\"elementor-heading-title elementor-size-default\">Adquirir un curso de aprendizaje electr\u00f3nico<\/h4>\t\t<\/div>\n\t\t\t\t<\/div>\n\t\t\t\t<div class=\"elementor-element elementor-element-96dd8e2 sc_fly_static elementor-widget elementor-widget-image\" data-id=\"96dd8e2\" data-element_type=\"widget\" data-widget_type=\"image.default\">\n\t\t\t\t<div class=\"elementor-widget-container\">\n\t\t\t\t\t\t\t\t\t\t\t\t\t<img decoding=\"async\" width=\"300\" height=\"39\" data-src=\"https:\/\/www.dive.gr\/wp-content\/smush-webp\/2024\/09\/dive.gr-padi-eLearning-logo-300x39.png.webp\" class=\"attachment-medium size-medium wp-image-10258 lazyload\" alt=\"\" data-srcset=\"https:\/\/www.dive.gr\/wp-content\/smush-webp\/2024\/09\/dive.gr-padi-eLearning-logo-300x39.png.webp 300w, https:\/\/www.dive.gr\/wp-content\/smush-webp\/2024\/09\/dive.gr-padi-eLearning-logo-18x2.png.webp 18w, https:\/\/www.dive.gr\/wp-content\/smush-webp\/2024\/09\/dive.gr-padi-eLearning-logo-370x48.png.webp 370w, https:\/\/www.dive.gr\/wp-content\/smush-webp\/2024\/09\/dive.gr-padi-eLearning-logo.png.webp 436w\" data-sizes=\"(max-width: 300px) 100vw, 300px\" src=\"data:image\/svg+xml;base64,PHN2ZyB3aWR0aD0iMSIgaGVpZ2h0PSIxIiB4bWxucz0iaHR0cDovL3d3dy53My5vcmcvMjAwMC9zdmciPjwvc3ZnPg==\" style=\"--smush-placeholder-width: 300px; --smush-placeholder-aspect-ratio: 300\/39;\" \/>\t\t\t\t\t\t\t\t\t\t\t\t\t<\/div>\n\t\t\t\t<\/div>\n\t\t\t\t\t<\/div>\n\t\t<\/div>\n\t\t\t\t\t<\/div>\n\t\t<\/section>\n\t\t\t\t<div class=\"elementor-element elementor-element-53a112c elementor-widget-divider--view-line sc_fly_static elementor-widget elementor-widget-divider\" data-id=\"53a112c\" data-element_type=\"widget\" data-widget_type=\"divider.default\">\n\t\t\t\t<div class=\"elementor-widget-container\">\n\t\t\t\t\t<div class=\"elementor-divider\">\n\t\t\t<span class=\"elementor-divider-separator\">\n\t\t\t\t\t\t<\/span>\n\t\t<\/div>\n\t\t\t\t<\/div>\n\t\t\t\t<\/div>\n\t\t\t\t<div class=\"elementor-element elementor-element-d71be12 sc_fly_static elementor-widget elementor-widget-heading\" data-id=\"d71be12\" data-element_type=\"widget\" data-widget_type=\"heading.default\">\n\t\t\t\t<div class=\"elementor-widget-container\">\n\t\t\t<h4 class=\"elementor-heading-title elementor-size-default\">Reserve ahora<\/h4>\t\t<\/div>\n\t\t\t\t<\/div>\n\t\t\t\t<div class=\"elementor-element elementor-element-5dd152e sc_fly_static elementor-widget elementor-widget-shortcode\" data-id=\"5dd152e\" data-element_type=\"widget\" data-widget_type=\"shortcode.default\">\n\t\t\t\t<div class=\"elementor-widget-container\">\n\t\t\t\t\t<div class=\"elementor-shortcode\"><form id=\"forminator-module-9933\" class=\"forminator-custom-form forminator-custom-form-9933\" method=\"post\" data-forminator-render=\"0\" data-uid=\"69de5023bfb79\" action=\"\"><div role=\"alert\" aria-live=\"polite\" class=\"forminator-response-message forminator-error\" aria-hidden=\"true\"><\/div><input type=\"hidden\" name=\"trp-form-language\" value=\"es\"\/><\/form><\/div>\n\t\t\t\t<\/div>\n\t\t\t\t<\/div>\n\t\t\t\t\t<\/div>\n\t\t<\/div>\n\t\t\t\t\t<\/div>\n\t\t<\/section>\n\t\t\t\t<\/div>","protected":false},"excerpt":{"rendered":"<p>Este curso puede realizarse tras haber completado el PADI Open Water Diver...<\/p>","protected":false},"author":1,"featured_media":7737,"parent":0,"menu_order":0,"comment_status":"closed","ping_status":"closed","template":"","meta":{"_acf_changed":false,"footnotes":""},"program":[177],"class_list":["post-5353","page","type-page","status-publish","has-post-thumbnail","hentry","program-advanced-level-courses"],"acf":[],"_links":{"self":[{"href":"https:\/\/www.dive.gr\/es\/wp-json\/wp\/v2\/pages\/5353","targetHints":{"allow":["GET"]}}],"collection":[{"href":"https:\/\/www.dive.gr\/es\/wp-json\/wp\/v2\/pages"}],"about":[{"href":"https:\/\/www.dive.gr\/es\/wp-json\/wp\/v2\/types\/page"}],"author":[{"embeddable":true,"href":"https:\/\/www.dive.gr\/es\/wp-json\/wp\/v2\/users\/1"}],"replies":[{"embeddable":true,"href":"https:\/\/www.dive.gr\/es\/wp-json\/wp\/v2\/comments?post=5353"}],"version-history":[{"count":16,"href":"https:\/\/www.dive.gr\/es\/wp-json\/wp\/v2\/pages\/5353\/revisions"}],"predecessor-version":[{"id":14818,"href":"https:\/\/www.dive.gr\/es\/wp-json\/wp\/v2\/pages\/5353\/revisions\/14818"}],"wp:featuredmedia":[{"embeddable":true,"href":"https:\/\/www.dive.gr\/es\/wp-json\/wp\/v2\/media\/7737"}],"wp:attachment":[{"href":"https:\/\/www.dive.gr\/es\/wp-json\/wp\/v2\/media?parent=5353"}],"wp:term":[{"taxonomy":"program","embeddable":true,"href":"https:\/\/www.dive.gr\/es\/wp-json\/wp\/v2\/program?post=5353"}],"curies":[{"name":"wp","href":"https:\/\/api.w.org\/{rel}","templated":true}]}}