{"id":5348,"date":"2024-08-05T21:12:55","date_gmt":"2024-08-05T21:12:55","guid":{"rendered":"https:\/\/www.dive.gr\/newsite\/?page_id=5348"},"modified":"2024-10-02T07:43:20","modified_gmt":"2024-10-02T07:43:20","slug":"open-water-diver-diving-course","status":"publish","type":"page","link":"https:\/\/www.dive.gr\/es\/open-water-diver-diving-course\/","title":{"rendered":"Open Water Diver"},"content":{"rendered":"<div data-elementor-type=\"wp-post\" data-elementor-id=\"5348\" class=\"elementor elementor-5348\" data-elementor-post-type=\"page\">\n\t\t\t\t\t\t<section class=\"elementor-section elementor-top-section elementor-element elementor-element-b230b6f elementor-section-stretched elementor-section-full_width scheme_dark elementor-reverse-tablet elementor-reverse-mobile elementor-section-height-default elementor-section-height-default\" data-id=\"b230b6f\" data-element_type=\"section\" data-settings=\"{&quot;stretch_section&quot;:&quot;section-stretched&quot;}\">\n\t\t\t\t\t\t<div class=\"elementor-container elementor-column-gap-no\">\n\t\t\t\t\t<div class=\"elementor-column elementor-col-50 elementor-top-column elementor-element elementor-element-098adc1 sc_inner_width_none sc_layouts_column_icons_position_left\" data-id=\"098adc1\" data-element_type=\"column\" data-settings=\"{&quot;background_background&quot;:&quot;classic&quot;}\">\n\t\t\t<div class=\"elementor-widget-wrap elementor-element-populated\">\n\t\t\t\t\t\t<div class=\"elementor-element elementor-element-d92a0b5 sc_fly_static elementor-widget elementor-widget-heading\" data-id=\"d92a0b5\" data-element_type=\"widget\" data-widget_type=\"heading.default\">\n\t\t\t\t<div class=\"elementor-widget-container\">\n\t\t\t<h2 class=\"elementor-heading-title elementor-size-default\">Open Water Diver<\/h2>\t\t<\/div>\n\t\t\t\t<\/div>\n\t\t\t\t<div class=\"elementor-element elementor-element-a3680cf sc_fly_static elementor-widget elementor-widget-text-editor\" data-id=\"a3680cf\" data-element_type=\"widget\" data-widget_type=\"text-editor.default\">\n\t\t\t\t<div class=\"elementor-widget-container\">\n\t\t\t\t\t\t\t<p>La certificaci\u00f3n b\u00e1sica y el primer paso en su aventura de buceo. Comience con el curso eLearning en l\u00ednea de PADI, proceda a aguas confinadas y practique sus nuevas habilidades antes de experimentar cuatro inmersiones en aguas abiertas.<\/p>\t\t\t\t\t\t<\/div>\n\t\t\t\t<\/div>\n\t\t\t\t\t<\/div>\n\t\t<\/div>\n\t\t\t\t<div class=\"elementor-column elementor-col-50 elementor-top-column elementor-element elementor-element-bd94493 sc_inner_width_none sc_layouts_column_icons_position_left\" data-id=\"bd94493\" data-element_type=\"column\" data-settings=\"{&quot;background_background&quot;:&quot;classic&quot;}\">\n\t\t\t<div class=\"elementor-widget-wrap elementor-element-populated\">\n\t\t\t\t\t\t<section class=\"elementor-section elementor-inner-section elementor-element elementor-element-0130909 elementor-section-height-min-height elementor-section-boxed elementor-section-height-default\" data-id=\"0130909\" data-element_type=\"section\" data-settings=\"{&quot;background_background&quot;:&quot;video&quot;,&quot;background_video_link&quot;:&quot;https:\\\/\\\/www.dive.gr\\\/wp-content\\\/uploads\\\/2024\\\/09\\\/dive.gr-Mykonos-diving-center-intro-video.mp4&quot;}\">\n\t\t\t\t\t\t\t\t<div class=\"elementor-background-video-container elementor-hidden-phone\">\n\t\t\t\t\t\t\t\t\t\t\t\t\t<video class=\"elementor-background-video-hosted elementor-html5-video\" autoplay muted playsinline loop><\/video>\n\t\t\t\t\t\t\t\t\t\t\t<\/div>\n\t\t\t\t\t\t\t\t<div class=\"elementor-container elementor-column-gap-extended\">\n\t\t\t\t\t<div class=\"elementor-column elementor-col-100 elementor-inner-column elementor-element elementor-element-0016c9e sc_inner_width_none sc_layouts_column_icons_position_left\" data-id=\"0016c9e\" data-element_type=\"column\" data-settings=\"{&quot;background_background&quot;:&quot;classic&quot;}\">\n\t\t\t<div class=\"elementor-widget-wrap\">\n\t\t\t\t\t\t\t<\/div>\n\t\t<\/div>\n\t\t\t\t\t<\/div>\n\t\t<\/section>\n\t\t\t\t\t<\/div>\n\t\t<\/div>\n\t\t\t\t\t<\/div>\n\t\t<\/section>\n\t\t\t\t<section class=\"elementor-section elementor-top-section elementor-element elementor-element-2abe1a1 elementor-section-boxed elementor-section-height-default elementor-section-height-default\" data-id=\"2abe1a1\" data-element_type=\"section\" data-settings=\"{&quot;background_background&quot;:&quot;classic&quot;}\">\n\t\t\t\t\t\t<div class=\"elementor-container elementor-column-gap-extended\">\n\t\t\t\t\t<div class=\"elementor-column elementor-col-100 elementor-top-column elementor-element elementor-element-f39fccd sc_inner_width_none sc_layouts_column_icons_position_left\" data-id=\"f39fccd\" data-element_type=\"column\">\n\t\t\t<div class=\"elementor-widget-wrap elementor-element-populated\">\n\t\t\t\t\t\t<div class=\"elementor-element elementor-element-2e45deb sc_fly_static elementor-widget elementor-widget-text-editor\" data-id=\"2e45deb\" data-element_type=\"widget\" data-widget_type=\"text-editor.default\">\n\t\t\t\t<div class=\"elementor-widget-container\">\n\t\t\t\t\t\t\t<p>Si siempre ha querido tomar clases de submarinismo, vivir una aventura sin igual y ver el mundo bajo las olas, aqu\u00ed es donde empieza. Obtenga su certificaci\u00f3n de submarinismo con el PADI<sup>\u00ae<\/sup>\u00a0Curso Open Water Diver: el curso de submarinismo m\u00e1s popular y reconocido del mundo. Millones de personas han aprendido a bucear y han ido a descubrir las maravillas del mundo acu\u00e1tico a trav\u00e9s de este curso.<\/p><p>Para inscribirse en un curso PADI Open Water Diver (o en un curso Junior Open Water Diver), debe tener al menos 10 a\u00f1os. Debe tener conocimientos adecuados de nataci\u00f3n y gozar de buena salud f\u00edsica. No se requiere experiencia previa en submarinismo.<\/p>\t\t\t\t\t\t<\/div>\n\t\t\t\t<\/div>\n\t\t\t\t<div class=\"elementor-element elementor-element-f12d713 elementor-widget-divider--view-line sc_fly_static elementor-widget elementor-widget-divider\" data-id=\"f12d713\" data-element_type=\"widget\" data-widget_type=\"divider.default\">\n\t\t\t\t<div class=\"elementor-widget-container\">\n\t\t\t\t\t<div class=\"elementor-divider\">\n\t\t\t<span class=\"elementor-divider-separator\">\n\t\t\t\t\t\t<\/span>\n\t\t<\/div>\n\t\t\t\t<\/div>\n\t\t\t\t<\/div>\n\t\t\t\t<div class=\"elementor-element elementor-element-e560c35 sc_fly_static elementor-widget elementor-widget-text-editor\" data-id=\"e560c35\" data-element_type=\"widget\" data-widget_type=\"text-editor.default\">\n\t\t\t\t<div class=\"elementor-widget-container\">\n\t\t\t\t\t\t\t<p><strong>Acad\u00e9mico<\/strong><\/p><p>El curso PADI Open Water Diver consta de tres fases principales:<\/p><ul><li><p>Desarrollo de conocimientos ( en l\u00ednea, estudio independiente o en un aula) para comprender los principios b\u00e1sicos del submarinismo<\/p><\/li><li><p>Inmersiones en aguas confinadas para aprender las t\u00e9cnicas b\u00e1sicas de buceo<\/p><\/li><li><p>Inmersiones en aguas abiertas para utilizar sus habilidades y explorar<\/p><\/li><\/ul><p>Es posible que pueda obtener cr\u00e9ditos universitarios por el curso Open Water Diver.<\/p><p>\u00bfTiene poco tiempo? En<a href=\"https:\/\/www.dive.gr\/es\/scuba-diver\/\"> PADI Scuba Diver<\/a> curso puede ser adecuado para usted.<\/p><p><strong style=\"font-size: 1rem; letter-spacing: 0.38px;\">Equipamiento<\/strong><\/p><p>En el curso PADI Open Water Diver, aprender\u00e1 a utilizar el equipo b\u00e1sico de submarinismo, que incluye una m\u00e1scara, un tubo, aletas, regulador, dispositivo de control de la flotabilidad y una botella. El equipo que lleva var\u00eda, dependiendo de si bucea en aguas tropicales, templadas o fr\u00edas.<\/p><p>Cons\u00faltenos sobre el equipo que utilizar\u00e1 durante este curso y ases\u00f3rese sobre todo lo que necesita de su PADI Instructor.<\/p><p><strong>C\u00f3mo empezar<\/strong><\/p><p>Inscr\u00edbase en Open Water Diver Online - la opci\u00f3n de eLearning de PADI - y podr\u00e1 empezar a aprender de inmediato. PADI Open Water Diver Online le proporciona la informaci\u00f3n b\u00e1sica que necesita para bucear con seguridad y le permite estudiar a su propio ritmo a trav\u00e9s de un programa inform\u00e1tico interactivo.<\/p><p>Tambi\u00e9n puede empezar a aprender con los materiales de estudio en casa de PADI -\u00a0<i>Open Water Diver T\u00e1ctil<\/i><sup><i>TM<\/i><\/sup>\u00a0(una aplicaci\u00f3n para tabletas) o el\u00a0<em>Open Water Diver Manual<\/em>\u00a0y\u00a0<em>Open Water Diver V\u00eddeo<\/em>\u00a0(un paquete de libro y DVD). Pase por el centro de buceo Mykonos para inscribirse en el curso, obtener sus materiales y empezar a leer el libro y ver el v\u00eddeo. Su PADI Instructor programar\u00e1 un tiempo con usted para comprobar su progreso y asegurarse de que entiende la informaci\u00f3n importante sobre el buceo.<\/p>\t\t\t\t\t\t<\/div>\n\t\t\t\t<\/div>\n\t\t\t\t<div class=\"elementor-element elementor-element-91f7d92 elementor-widget-divider--view-line sc_fly_static elementor-widget elementor-widget-divider\" data-id=\"91f7d92\" data-element_type=\"widget\" data-widget_type=\"divider.default\">\n\t\t\t\t<div class=\"elementor-widget-container\">\n\t\t\t\t\t<div class=\"elementor-divider\">\n\t\t\t<span class=\"elementor-divider-separator\">\n\t\t\t\t\t\t<\/span>\n\t\t<\/div>\n\t\t\t\t<\/div>\n\t\t\t\t<\/div>\n\t\t\t\t<section class=\"elementor-section elementor-inner-section elementor-element elementor-element-c9bff1f elementor-section-boxed elementor-section-height-default elementor-section-height-default\" data-id=\"c9bff1f\" data-element_type=\"section\">\n\t\t\t\t\t\t<div class=\"elementor-container elementor-column-gap-extended\">\n\t\t\t\t\t<div class=\"make-column-clickable-elementor elementor-column elementor-col-100 elementor-inner-column elementor-element elementor-element-584ea8c sc_inner_width_none sc_layouts_column_icons_position_left\" style=\"cursor: pointer;\" data-column-clickable=\"https:\/\/apps.padi.com\/scuba-diving\/elearning\/purchasecourse.aspx?courseid=56&amp;_ga=2.143748147.764057478.1571210490-1216068278.1570006227&amp;fbclid=IwAR2wwNMK6xWNdb5jq8KzUDx5na1JimO8l46zyG7hewhY7PPip4sVOSME1io\" data-column-clickable-blank=\"_blank\" data-id=\"584ea8c\" data-element_type=\"column\">\n\t\t\t<div class=\"elementor-widget-wrap elementor-element-populated\">\n\t\t\t\t\t\t<div class=\"elementor-element elementor-element-c389cb1 sc_fly_static elementor-widget elementor-widget-heading\" data-id=\"c389cb1\" data-element_type=\"widget\" data-widget_type=\"heading.default\">\n\t\t\t\t<div class=\"elementor-widget-container\">\n\t\t\t<h4 class=\"elementor-heading-title elementor-size-default\">Adquirir un curso de aprendizaje electr\u00f3nico<\/h4>\t\t<\/div>\n\t\t\t\t<\/div>\n\t\t\t\t<div class=\"elementor-element elementor-element-563d839 sc_fly_static elementor-widget elementor-widget-image\" data-id=\"563d839\" data-element_type=\"widget\" data-widget_type=\"image.default\">\n\t\t\t\t<div class=\"elementor-widget-container\">\n\t\t\t\t\t\t\t\t\t\t\t\t\t<img decoding=\"async\" width=\"300\" height=\"39\" data-src=\"https:\/\/www.dive.gr\/wp-content\/smush-webp\/2024\/09\/dive.gr-padi-eLearning-logo-300x39.png.webp\" class=\"attachment-medium size-medium wp-image-10258 lazyload\" alt=\"\" data-srcset=\"https:\/\/www.dive.gr\/wp-content\/smush-webp\/2024\/09\/dive.gr-padi-eLearning-logo-300x39.png.webp 300w, https:\/\/www.dive.gr\/wp-content\/smush-webp\/2024\/09\/dive.gr-padi-eLearning-logo-18x2.png.webp 18w, https:\/\/www.dive.gr\/wp-content\/smush-webp\/2024\/09\/dive.gr-padi-eLearning-logo-370x48.png.webp 370w, https:\/\/www.dive.gr\/wp-content\/smush-webp\/2024\/09\/dive.gr-padi-eLearning-logo.png.webp 436w\" data-sizes=\"(max-width: 300px) 100vw, 300px\" src=\"data:image\/svg+xml;base64,PHN2ZyB3aWR0aD0iMSIgaGVpZ2h0PSIxIiB4bWxucz0iaHR0cDovL3d3dy53My5vcmcvMjAwMC9zdmciPjwvc3ZnPg==\" style=\"--smush-placeholder-width: 300px; --smush-placeholder-aspect-ratio: 300\/39;\" \/>\t\t\t\t\t\t\t\t\t\t\t\t\t<\/div>\n\t\t\t\t<\/div>\n\t\t\t\t\t<\/div>\n\t\t<\/div>\n\t\t\t\t\t<\/div>\n\t\t<\/section>\n\t\t\t\t<div class=\"elementor-element elementor-element-17d19de elementor-widget-divider--view-line sc_fly_static elementor-widget elementor-widget-divider\" data-id=\"17d19de\" data-element_type=\"widget\" data-widget_type=\"divider.default\">\n\t\t\t\t<div class=\"elementor-widget-container\">\n\t\t\t\t\t<div class=\"elementor-divider\">\n\t\t\t<span class=\"elementor-divider-separator\">\n\t\t\t\t\t\t<\/span>\n\t\t<\/div>\n\t\t\t\t<\/div>\n\t\t\t\t<\/div>\n\t\t\t\t<div class=\"elementor-element elementor-element-d71be12 sc_fly_static elementor-widget elementor-widget-heading\" data-id=\"d71be12\" data-element_type=\"widget\" data-widget_type=\"heading.default\">\n\t\t\t\t<div class=\"elementor-widget-container\">\n\t\t\t<h4 class=\"elementor-heading-title elementor-size-default\">Reserve ahora<\/h4>\t\t<\/div>\n\t\t\t\t<\/div>\n\t\t\t\t<div class=\"elementor-element elementor-element-5dd152e sc_fly_static elementor-widget elementor-widget-shortcode\" data-id=\"5dd152e\" data-element_type=\"widget\" data-widget_type=\"shortcode.default\">\n\t\t\t\t<div class=\"elementor-widget-container\">\n\t\t\t\t\t<div class=\"elementor-shortcode\"><form id=\"forminator-module-9933\" class=\"forminator-custom-form forminator-custom-form-9933\" method=\"post\" data-forminator-render=\"0\" data-uid=\"69f3ab198ffbb\" action=\"\"><div role=\"alert\" aria-live=\"polite\" class=\"forminator-response-message forminator-error\" aria-hidden=\"true\"><\/div><input type=\"hidden\" name=\"trp-form-language\" value=\"es\"\/><\/form><\/div>\n\t\t\t\t<\/div>\n\t\t\t\t<\/div>\n\t\t\t\t\t<\/div>\n\t\t<\/div>\n\t\t\t\t\t<\/div>\n\t\t<\/section>\n\t\t\t\t<\/div>","protected":false},"excerpt":{"rendered":"<p>La certificaci\u00f3n b\u00e1sica y el primer paso en su aventura de buceo. Comience con...<\/p>","protected":false},"author":1,"featured_media":7749,"parent":0,"menu_order":0,"comment_status":"closed","ping_status":"closed","template":"","meta":{"_acf_changed":false,"footnotes":""},"program":[181],"class_list":["post-5348","page","type-page","status-publish","has-post-thumbnail","hentry","program-entry-level-courses"],"acf":[],"_links":{"self":[{"href":"https:\/\/www.dive.gr\/es\/wp-json\/wp\/v2\/pages\/5348","targetHints":{"allow":["GET"]}}],"collection":[{"href":"https:\/\/www.dive.gr\/es\/wp-json\/wp\/v2\/pages"}],"about":[{"href":"https:\/\/www.dive.gr\/es\/wp-json\/wp\/v2\/types\/page"}],"author":[{"embeddable":true,"href":"https:\/\/www.dive.gr\/es\/wp-json\/wp\/v2\/users\/1"}],"replies":[{"embeddable":true,"href":"https:\/\/www.dive.gr\/es\/wp-json\/wp\/v2\/comments?post=5348"}],"version-history":[{"count":16,"href":"https:\/\/www.dive.gr\/es\/wp-json\/wp\/v2\/pages\/5348\/revisions"}],"predecessor-version":[{"id":14806,"href":"https:\/\/www.dive.gr\/es\/wp-json\/wp\/v2\/pages\/5348\/revisions\/14806"}],"wp:featuredmedia":[{"embeddable":true,"href":"https:\/\/www.dive.gr\/es\/wp-json\/wp\/v2\/media\/7749"}],"wp:attachment":[{"href":"https:\/\/www.dive.gr\/es\/wp-json\/wp\/v2\/media?parent=5348"}],"wp:term":[{"taxonomy":"program","embeddable":true,"href":"https:\/\/www.dive.gr\/es\/wp-json\/wp\/v2\/program?post=5348"}],"curies":[{"name":"wp","href":"https:\/\/api.w.org\/{rel}","templated":true}]}}