{"id":5331,"date":"2024-08-07T20:40:30","date_gmt":"2024-08-07T20:40:30","guid":{"rendered":"https:\/\/www.dive.gr\/newsite\/?page_id=5331"},"modified":"2024-10-02T07:37:13","modified_gmt":"2024-10-02T07:37:13","slug":"scuba-review-diving-course","status":"publish","type":"page","link":"https:\/\/www.dive.gr\/es\/scuba-review-diving-course\/","title":{"rendered":"Scuba Review"},"content":{"rendered":"<div data-elementor-type=\"wp-post\" data-elementor-id=\"5331\" class=\"elementor elementor-5331\" data-elementor-post-type=\"page\">\n\t\t\t\t\t\t<section class=\"elementor-section elementor-top-section elementor-element elementor-element-b230b6f elementor-section-stretched elementor-section-full_width scheme_dark elementor-reverse-tablet elementor-reverse-mobile elementor-section-height-default elementor-section-height-default\" data-id=\"b230b6f\" data-element_type=\"section\" data-settings=\"{&quot;stretch_section&quot;:&quot;section-stretched&quot;}\">\n\t\t\t\t\t\t<div class=\"elementor-container elementor-column-gap-no\">\n\t\t\t\t\t<div class=\"elementor-column elementor-col-50 elementor-top-column elementor-element elementor-element-098adc1 sc_inner_width_none sc_layouts_column_icons_position_left\" data-id=\"098adc1\" data-element_type=\"column\" data-settings=\"{&quot;background_background&quot;:&quot;classic&quot;}\">\n\t\t\t<div class=\"elementor-widget-wrap elementor-element-populated\">\n\t\t\t\t\t\t<div class=\"elementor-element elementor-element-d92a0b5 sc_fly_static elementor-widget elementor-widget-heading\" data-id=\"d92a0b5\" data-element_type=\"widget\" data-widget_type=\"heading.default\">\n\t\t\t\t<div class=\"elementor-widget-container\">\n\t\t\t<h2 class=\"elementor-heading-title elementor-size-default\">Scuba Review<\/h2>\t\t<\/div>\n\t\t\t\t<\/div>\n\t\t\t\t<div class=\"elementor-element elementor-element-a3680cf sc_fly_static elementor-widget elementor-widget-text-editor\" data-id=\"a3680cf\" data-element_type=\"widget\" data-widget_type=\"text-editor.default\">\n\t\t\t\t<div class=\"elementor-widget-container\">\n\t\t\t\t\t\t\t<p>Refresque sus habilidades y conocimientos de buceo. Repase importantes conceptos de seguridad en el buceo, aspectos esenciales de la planificaci\u00f3n de inmersiones y gesti\u00f3n de problemas.<\/p>\t\t\t\t\t\t<\/div>\n\t\t\t\t<\/div>\n\t\t\t\t\t<\/div>\n\t\t<\/div>\n\t\t\t\t<div class=\"elementor-column elementor-col-50 elementor-top-column elementor-element elementor-element-bd94493 sc_inner_width_none sc_layouts_column_icons_position_left\" data-id=\"bd94493\" data-element_type=\"column\" data-settings=\"{&quot;background_background&quot;:&quot;classic&quot;}\">\n\t\t\t<div class=\"elementor-widget-wrap elementor-element-populated\">\n\t\t\t\t\t\t<section class=\"elementor-section elementor-inner-section elementor-element elementor-element-0130909 elementor-section-height-min-height elementor-section-boxed elementor-section-height-default\" data-id=\"0130909\" data-element_type=\"section\" data-settings=\"{&quot;background_background&quot;:&quot;video&quot;,&quot;background_video_start&quot;:65,&quot;background_video_end&quot;:160,&quot;background_video_link&quot;:&quot;https:\\\/\\\/www.dive.gr\\\/wp-content\\\/uploads\\\/2024\\\/09\\\/dive.gr-Mykonos-diving-center-intro-video.mp4&quot;}\">\n\t\t\t\t\t\t\t\t<div class=\"elementor-background-video-container elementor-hidden-phone\">\n\t\t\t\t\t\t\t\t\t\t\t\t\t<video class=\"elementor-background-video-hosted elementor-html5-video\" autoplay muted playsinline loop><\/video>\n\t\t\t\t\t\t\t\t\t\t\t<\/div>\n\t\t\t\t\t\t\t\t<div class=\"elementor-container elementor-column-gap-extended\">\n\t\t\t\t\t<div class=\"elementor-column elementor-col-100 elementor-inner-column elementor-element elementor-element-0016c9e sc_inner_width_none sc_layouts_column_icons_position_left\" data-id=\"0016c9e\" data-element_type=\"column\" data-settings=\"{&quot;background_background&quot;:&quot;classic&quot;}\">\n\t\t\t<div class=\"elementor-widget-wrap\">\n\t\t\t\t\t\t\t<\/div>\n\t\t<\/div>\n\t\t\t\t\t<\/div>\n\t\t<\/section>\n\t\t\t\t\t<\/div>\n\t\t<\/div>\n\t\t\t\t\t<\/div>\n\t\t<\/section>\n\t\t\t\t<section class=\"elementor-section elementor-top-section elementor-element elementor-element-2abe1a1 elementor-section-boxed elementor-section-height-default elementor-section-height-default\" data-id=\"2abe1a1\" data-element_type=\"section\" data-settings=\"{&quot;background_background&quot;:&quot;classic&quot;}\">\n\t\t\t\t\t\t<div class=\"elementor-container elementor-column-gap-extended\">\n\t\t\t\t\t<div class=\"elementor-column elementor-col-100 elementor-top-column elementor-element elementor-element-f39fccd sc_inner_width_none sc_layouts_column_icons_position_left\" data-id=\"f39fccd\" data-element_type=\"column\">\n\t\t\t<div class=\"elementor-widget-wrap elementor-element-populated\">\n\t\t\t\t\t\t<div class=\"elementor-element elementor-element-2e45deb sc_fly_static elementor-widget elementor-widget-text-editor\" data-id=\"2e45deb\" data-element_type=\"widget\" data-widget_type=\"text-editor.default\">\n\t\t\t\t<div class=\"elementor-widget-container\">\n\t\t\t\t\t\t\t<p>\u00bfNo ha buceado \u00faltimamente? \u00bfSe siente un poco oxidado? El programa Scuba Review es justo el repaso que necesita para refrescar sus conocimientos y habilidades. El PADI Profesional le har\u00e1 entrar en el agua divirti\u00e9ndose y sinti\u00e9ndose c\u00f3modo de nuevo. Es r\u00e1pido y f\u00e1cil, y una buena manera de prepararse para su pr\u00f3ximo curso PADI o de prepararse para la aventura en unas vacaciones de buceo.<\/p><p>Cualquier buceador certificado que necesite un repaso, una actualizaci\u00f3n previa a un viaje, una evaluaci\u00f3n previa para un curso de formaci\u00f3n continua o una actualizaci\u00f3n de buceador Junior puede completar un Scuba Review.<\/p><p>El Scuba Review tambi\u00e9n es ideal para buceadores no certificados a los que se remite para completar la formaci\u00f3n o para PADI Scuba Diver que van a obtener la certificaci\u00f3n Open Water Diver.<\/p><p>Si desea seguir refrescando sus habilidades, pregunte por la posibilidad de completar una experiencia de Descubrimiento del Buceo Local en un punto de inmersi\u00f3n local.<\/p>\t\t\t\t\t\t<\/div>\n\t\t\t\t<\/div>\n\t\t\t\t<div class=\"elementor-element elementor-element-f12d713 elementor-widget-divider--view-line sc_fly_static elementor-widget elementor-widget-divider\" data-id=\"f12d713\" data-element_type=\"widget\" data-widget_type=\"divider.default\">\n\t\t\t\t<div class=\"elementor-widget-container\">\n\t\t\t\t\t<div class=\"elementor-divider\">\n\t\t\t<span class=\"elementor-divider-separator\">\n\t\t\t\t\t\t<\/span>\n\t\t<\/div>\n\t\t\t\t<\/div>\n\t\t\t\t<\/div>\n\t\t\t\t<div class=\"elementor-element elementor-element-e560c35 sc_fly_static elementor-widget elementor-widget-text-editor\" data-id=\"e560c35\" data-element_type=\"widget\" data-widget_type=\"text-editor.default\">\n\t\t\t\t<div class=\"elementor-widget-container\">\n\t\t\t\t\t\t\t<p><strong>Acad\u00e9mico<\/strong><\/p><p>Repasar\u00e1 importantes conceptos de seguridad en la inmersi\u00f3n, aspectos esenciales de la planificaci\u00f3n de la inmersi\u00f3n y gesti\u00f3n de problemas. Su profesional de PADI le har\u00e1 practicar c\u00f3mo ponerse el equipo y hacer una comprobaci\u00f3n de seguridad previa a la inmersi\u00f3n con su compa\u00f1ero. En el agua, repasar\u00e1 todas las habilidades b\u00e1sicas de buceo con un enfoque en el buen control de la flotabilidad.<\/p><p><strong>Equipamiento<\/strong><\/p><p>Utilizar\u00e1 un equipo de buceo b\u00e1sico, que incluye una m\u00e1scara, un tubo, aletas, regulador, chaleco, ordenador de buceo y una botella de buceo. La protecci\u00f3n contra la exposici\u00f3n que necesite depender\u00e1 de la piscina o el lugar de inmersi\u00f3n en aguas confinadas que vaya a visitar. Su instructor le explicar\u00e1 otros equipos que pueda necesitar para su actualizaci\u00f3n.<\/p><p><strong>C\u00f3mo empezar<\/strong><\/p><p>Reg\u00edstrese en Scuba Tune-up Online - la opci\u00f3n de aprendizaje electr\u00f3nico de PADI - para empezar inmediatamente. El sistema basado en la web le permite repasar los conceptos clave a su propio ritmo a trav\u00e9s de un programa amigable e interactivo.<\/p><p>Tambi\u00e9n puede optar por trabajar a trav\u00e9s del\u00a0<em>Gu\u00eda de puesta a punto para el buceo\u00a0<\/em>- un cuaderno de ejercicios que refresca y pone a prueba sus conocimientos mediante breves cuestionarios. Pase por aqu\u00ed para matricularse en el Scuba Review y obtener su libro de ejercicios<\/p>\t\t\t\t\t\t<\/div>\n\t\t\t\t<\/div>\n\t\t\t\t<div class=\"elementor-element elementor-element-e059156 elementor-widget-divider--view-line sc_fly_static elementor-widget elementor-widget-divider\" data-id=\"e059156\" data-element_type=\"widget\" data-widget_type=\"divider.default\">\n\t\t\t\t<div class=\"elementor-widget-container\">\n\t\t\t\t\t<div class=\"elementor-divider\">\n\t\t\t<span class=\"elementor-divider-separator\">\n\t\t\t\t\t\t<\/span>\n\t\t<\/div>\n\t\t\t\t<\/div>\n\t\t\t\t<\/div>\n\t\t\t\t<div class=\"elementor-element elementor-element-375c9f7 sc_fly_static elementor-widget elementor-widget-heading\" data-id=\"375c9f7\" data-element_type=\"widget\" data-widget_type=\"heading.default\">\n\t\t\t\t<div class=\"elementor-widget-container\">\n\t\t\t<h4 class=\"elementor-heading-title elementor-size-default\">Precios<\/h4>\t\t<\/div>\n\t\t\t\t<\/div>\n\t\t\t\t<div class=\"elementor-element elementor-element-6c52a52 sc_fly_static elementor-widget elementor-widget-trx_sc_table\" data-id=\"6c52a52\" data-element_type=\"widget\" data-widget_type=\"trx_sc_table.default\">\n\t\t\t\t<div class=\"elementor-widget-container\">\n\t\t\t<div id=\"trx_sc_table_270249702_wrap\" class=\"sc_table_wrap\"><div id=\"trx_sc_table_270249702\"\n\t\t\tclass=\"sc_table sc_table_default trx_addons_inline_1616091572\"><table summary=\"pricing\" cellspacing=\"0\"><tbody><tr><th style=\"text-align: center;\">Discover Scuba Diving<\/th><th style=\"text-align: center;\">Precio<\/th><\/tr><tr><td style=\"text-align: center;\">Scuba Review Inmersi\u00f3n en una playa<\/td><td style=\"text-align: center;\">120<\/td><\/tr><tr><td style=\"text-align: center;\">Scuba Review Segunda inmersi\u00f3n en barco<\/td><td style=\"text-align: center;\">70<\/td><\/tr><\/tbody><\/table><\/div><\/div><!-- \/.sc_table_wrap -->\t\t<\/div>\n\t\t\t\t<\/div>\n\t\t\t\t<div class=\"elementor-element elementor-element-91f7d92 elementor-widget-divider--view-line sc_fly_static elementor-widget elementor-widget-divider\" data-id=\"91f7d92\" data-element_type=\"widget\" data-widget_type=\"divider.default\">\n\t\t\t\t<div class=\"elementor-widget-container\">\n\t\t\t\t\t<div class=\"elementor-divider\">\n\t\t\t<span class=\"elementor-divider-separator\">\n\t\t\t\t\t\t<\/span>\n\t\t<\/div>\n\t\t\t\t<\/div>\n\t\t\t\t<\/div>\n\t\t\t\t<div class=\"elementor-element elementor-element-d71be12 sc_fly_static elementor-widget elementor-widget-heading\" data-id=\"d71be12\" data-element_type=\"widget\" data-widget_type=\"heading.default\">\n\t\t\t\t<div class=\"elementor-widget-container\">\n\t\t\t<h4 class=\"elementor-heading-title elementor-size-default\">Reserve ahora<\/h4>\t\t<\/div>\n\t\t\t\t<\/div>\n\t\t\t\t<div class=\"elementor-element elementor-element-5dd152e sc_fly_static elementor-widget elementor-widget-shortcode\" data-id=\"5dd152e\" data-element_type=\"widget\" data-widget_type=\"shortcode.default\">\n\t\t\t\t<div class=\"elementor-widget-container\">\n\t\t\t\t\t<div class=\"elementor-shortcode\"><form id=\"forminator-module-9933\" class=\"forminator-custom-form forminator-custom-form-9933\" method=\"post\" data-forminator-render=\"0\" data-uid=\"69f4ef0283ceb\" action=\"\"><div role=\"alert\" aria-live=\"polite\" class=\"forminator-response-message forminator-error\" aria-hidden=\"true\"><\/div><input type=\"hidden\" name=\"trp-form-language\" value=\"es\"\/><\/form><\/div>\n\t\t\t\t<\/div>\n\t\t\t\t<\/div>\n\t\t\t\t\t<\/div>\n\t\t<\/div>\n\t\t\t\t\t<\/div>\n\t\t<\/section>\n\t\t\t\t<\/div>","protected":false},"excerpt":{"rendered":"<p>Refresque sus habilidades y conocimientos de buceo. Repase los importantes...<\/p>","protected":false},"author":1,"featured_media":9339,"parent":0,"menu_order":0,"comment_status":"closed","ping_status":"closed","template":"","meta":{"_acf_changed":false,"footnotes":""},"program":[183],"class_list":["post-5331","page","type-page","status-publish","has-post-thumbnail","hentry","program-fun-dives"],"acf":[],"_links":{"self":[{"href":"https:\/\/www.dive.gr\/es\/wp-json\/wp\/v2\/pages\/5331","targetHints":{"allow":["GET"]}}],"collection":[{"href":"https:\/\/www.dive.gr\/es\/wp-json\/wp\/v2\/pages"}],"about":[{"href":"https:\/\/www.dive.gr\/es\/wp-json\/wp\/v2\/types\/page"}],"author":[{"embeddable":true,"href":"https:\/\/www.dive.gr\/es\/wp-json\/wp\/v2\/users\/1"}],"replies":[{"embeddable":true,"href":"https:\/\/www.dive.gr\/es\/wp-json\/wp\/v2\/comments?post=5331"}],"version-history":[{"count":13,"href":"https:\/\/www.dive.gr\/es\/wp-json\/wp\/v2\/pages\/5331\/revisions"}],"predecessor-version":[{"id":14794,"href":"https:\/\/www.dive.gr\/es\/wp-json\/wp\/v2\/pages\/5331\/revisions\/14794"}],"wp:featuredmedia":[{"embeddable":true,"href":"https:\/\/www.dive.gr\/es\/wp-json\/wp\/v2\/media\/9339"}],"wp:attachment":[{"href":"https:\/\/www.dive.gr\/es\/wp-json\/wp\/v2\/media?parent=5331"}],"wp:term":[{"taxonomy":"program","embeddable":true,"href":"https:\/\/www.dive.gr\/es\/wp-json\/wp\/v2\/program?post=5331"}],"curies":[{"name":"wp","href":"https:\/\/api.w.org\/{rel}","templated":true}]}}