{"id":5061,"date":"2024-08-05T00:04:32","date_gmt":"2024-08-05T00:04:32","guid":{"rendered":"https:\/\/www.dive.gr\/newsite\/?page_id=5061"},"modified":"2024-09-05T18:45:54","modified_gmt":"2024-09-05T18:45:54","slug":"become-a-padi-pro-diving-course","status":"publish","type":"page","link":"https:\/\/www.dive.gr\/es\/become-a-padi-pro-diving-course\/","title":{"rendered":"Convi\u00e9rtase en profesional PADI"},"content":{"rendered":"<div data-elementor-type=\"wp-post\" data-elementor-id=\"5061\" class=\"elementor elementor-5061\" data-elementor-post-type=\"page\">\n\t\t\t\t\t\t<section class=\"elementor-section elementor-top-section elementor-element elementor-element-b230b6f elementor-section-stretched elementor-section-full_width scheme_dark elementor-reverse-tablet elementor-reverse-mobile elementor-section-height-default elementor-section-height-default\" data-id=\"b230b6f\" data-element_type=\"section\" data-settings=\"{&quot;stretch_section&quot;:&quot;section-stretched&quot;}\">\n\t\t\t\t\t\t<div class=\"elementor-container elementor-column-gap-no\">\n\t\t\t\t\t<div class=\"elementor-column elementor-col-50 elementor-top-column elementor-element elementor-element-098adc1 sc_inner_width_none sc_layouts_column_icons_position_left\" data-id=\"098adc1\" data-element_type=\"column\" data-settings=\"{&quot;background_background&quot;:&quot;classic&quot;}\">\n\t\t\t<div class=\"elementor-widget-wrap elementor-element-populated\">\n\t\t\t\t\t\t<div class=\"elementor-element elementor-element-d92a0b5 sc_fly_static elementor-widget elementor-widget-heading\" data-id=\"d92a0b5\" data-element_type=\"widget\" data-widget_type=\"heading.default\">\n\t\t\t\t<div class=\"elementor-widget-container\">\n\t\t\t<h2 class=\"elementor-heading-title elementor-size-default\">Convi\u00e9rtase en profesional PADI<\/h2>\t\t<\/div>\n\t\t\t\t<\/div>\n\t\t\t\t<div class=\"elementor-element elementor-element-a3680cf sc_fly_static elementor-widget elementor-widget-text-editor\" data-id=\"a3680cf\" data-element_type=\"widget\" data-widget_type=\"text-editor.default\">\n\t\t\t\t<div class=\"elementor-widget-container\">\n\t\t\t\t\t\t\t<p>\u00bfLe interesa unirse a la comunidad profesional de buceo mundial? \u00danase a uno de nuestros programas de pr\u00e1cticas.<\/p>\t\t\t\t\t\t<\/div>\n\t\t\t\t<\/div>\n\t\t\t\t\t<\/div>\n\t\t<\/div>\n\t\t\t\t<div class=\"elementor-column elementor-col-50 elementor-top-column elementor-element elementor-element-bd94493 sc_inner_width_none sc_layouts_column_icons_position_left\" data-id=\"bd94493\" data-element_type=\"column\" data-settings=\"{&quot;background_background&quot;:&quot;classic&quot;}\">\n\t\t\t<div class=\"elementor-widget-wrap elementor-element-populated\">\n\t\t\t\t\t\t<section class=\"elementor-section elementor-inner-section elementor-element elementor-element-0130909 elementor-section-height-min-height elementor-section-boxed elementor-section-height-default\" data-id=\"0130909\" data-element_type=\"section\" data-settings=\"{&quot;background_background&quot;:&quot;video&quot;,&quot;background_video_link&quot;:&quot;https:\\\/\\\/www.dive.gr\\\/wp-content\\\/uploads\\\/2024\\\/09\\\/dive.gr-Mykonos-diving-center-intro-video.mp4&quot;}\">\n\t\t\t\t\t\t\t\t<div class=\"elementor-background-video-container elementor-hidden-phone\">\n\t\t\t\t\t\t\t\t\t\t\t\t\t<video class=\"elementor-background-video-hosted elementor-html5-video\" autoplay muted playsinline loop><\/video>\n\t\t\t\t\t\t\t\t\t\t\t<\/div>\n\t\t\t\t\t\t\t\t<div class=\"elementor-container elementor-column-gap-extended\">\n\t\t\t\t\t<div class=\"elementor-column elementor-col-100 elementor-inner-column elementor-element elementor-element-0016c9e sc_inner_width_none sc_layouts_column_icons_position_left\" data-id=\"0016c9e\" data-element_type=\"column\" data-settings=\"{&quot;background_background&quot;:&quot;classic&quot;}\">\n\t\t\t<div class=\"elementor-widget-wrap\">\n\t\t\t\t\t\t\t<\/div>\n\t\t<\/div>\n\t\t\t\t\t<\/div>\n\t\t<\/section>\n\t\t\t\t\t<\/div>\n\t\t<\/div>\n\t\t\t\t\t<\/div>\n\t\t<\/section>\n\t\t\t\t<section class=\"elementor-section elementor-top-section elementor-element elementor-element-2abe1a1 elementor-section-boxed elementor-section-height-default elementor-section-height-default\" data-id=\"2abe1a1\" data-element_type=\"section\" data-settings=\"{&quot;background_background&quot;:&quot;classic&quot;}\">\n\t\t\t\t\t\t<div class=\"elementor-container elementor-column-gap-extended\">\n\t\t\t\t\t<div class=\"elementor-column elementor-col-100 elementor-top-column elementor-element elementor-element-f39fccd sc_inner_width_none sc_layouts_column_icons_position_left\" data-id=\"f39fccd\" data-element_type=\"column\">\n\t\t\t<div class=\"elementor-widget-wrap elementor-element-populated\">\n\t\t\t\t\t\t<div class=\"elementor-element elementor-element-2e45deb sc_fly_static elementor-widget elementor-widget-text-editor\" data-id=\"2e45deb\" data-element_type=\"widget\" data-widget_type=\"text-editor.default\">\n\t\t\t\t<div class=\"elementor-widget-container\">\n\t\t\t\t\t\t\t<p>Si est\u00e1 leyendo esto, probablemente est\u00e9 interesado en convertirse en un profesional de la industria del buceo.<\/p>\t\t\t\t\t\t<\/div>\n\t\t\t\t<\/div>\n\t\t\t\t<div class=\"elementor-element elementor-element-f12d713 elementor-widget-divider--view-line sc_fly_static elementor-widget elementor-widget-divider\" data-id=\"f12d713\" data-element_type=\"widget\" data-widget_type=\"divider.default\">\n\t\t\t\t<div class=\"elementor-widget-container\">\n\t\t\t\t\t<div class=\"elementor-divider\">\n\t\t\t<span class=\"elementor-divider-separator\">\n\t\t\t\t\t\t<\/span>\n\t\t<\/div>\n\t\t\t\t<\/div>\n\t\t\t\t<\/div>\n\t\t\t\t<div class=\"elementor-element elementor-element-e560c35 sc_fly_static elementor-widget elementor-widget-text-editor\" data-id=\"e560c35\" data-element_type=\"widget\" data-widget_type=\"text-editor.default\">\n\t\t\t\t<div class=\"elementor-widget-container\">\n\t\t\t\t\t\t\t<p><strong>Divermaster Course<\/strong><\/p><p>Liderazgo, aventura y viajes son s\u00f3lo algunas de las recompensas que experimentar\u00e1 por la satisfacci\u00f3n de completar el programa DIVE ADVENTURES Divemaster. En el transcurso de este programa aprender\u00e1 y desarrollar\u00e1 habilidades para guiar a otros bajo el agua, trabajar como asistente de seguridad para la instrucci\u00f3n, organizar actividades de buceo y dirigir inmersiones. Todo esto y m\u00e1s se conseguir\u00e1 mediante una formaci\u00f3n en profundidad en barco acu\u00e1tico, habilidades de buceo y conocimientos generales de buceo. Todo se esbozar\u00e1 con directrices espec\u00edficas y un amplio material de formaci\u00f3n.<\/p><p>El DIVE ADVENTURES Divemaster Course - un compromiso significativo por su parte para convertirse en un verdadero profesional del buceo y un paso integral en el Instructor Desarrollo Course, como ense\u00f1a el DIVE ADVENTURES. No dude en venir y discutir las oportunidades de empleo disponibles.<\/p><p>PREREQUISITO: Advance Open Water y Rescue Diver<\/p><p><strong>Assistant Instructor<\/strong><\/p><p>Un Assistant Instructor debe tener paciencia, comprensi\u00f3n y el deseo de ayudar a otros a aprender sobre el buceo. El Assistant Instructor est\u00e1 autorizado a ense\u00f1ar a bucear bajo la supervisi\u00f3n directa de un Instructor, y se encuentra en la mejor posici\u00f3n posible para desarrollar sus propias habilidades de instrucci\u00f3n. La habilitaci\u00f3n puede ser un paso en el camino hacia la certificaci\u00f3n Instructor o de forma voluntaria.<\/p><p>Haga coincidir su tiempo, talento e intereses con los programas DIVE ADVENTURES, y disfrute de la mejora de sus habilidades de buceo personales y profesionales<\/p><p><strong>Instructor<\/strong><\/p><p>Un Instructor es una persona dedicada al lema del buceo seguro a trav\u00e9s de la educaci\u00f3n. Como Instructor usted puede ser su propia persona mientras ayuda a otros a desarrollar sus habilidades de buceo. Un Instructor es una persona a la que los dem\u00e1s miran en busca de liderazgo y conocimientos. El DIVE ADVENTURES da la bienvenida a su participaci\u00f3n. Si le gusta trabajar, si tiene ganas de liderar a otros, si cree que para formar a los mejores debe ser usted mismo el mejor formado, convi\u00e9rtase en un Instructor formado por DIVE ADVENTURES.<\/p><p>\u00danase a los mejores.<\/p>\t\t\t\t\t\t<\/div>\n\t\t\t\t<\/div>\n\t\t\t\t<div class=\"elementor-element elementor-element-e059156 elementor-widget-divider--view-line sc_fly_static elementor-widget elementor-widget-divider\" data-id=\"e059156\" data-element_type=\"widget\" data-widget_type=\"divider.default\">\n\t\t\t\t<div class=\"elementor-widget-container\">\n\t\t\t\t\t<div class=\"elementor-divider\">\n\t\t\t<span class=\"elementor-divider-separator\">\n\t\t\t\t\t\t<\/span>\n\t\t<\/div>\n\t\t\t\t<\/div>\n\t\t\t\t<\/div>\n\t\t\t\t<div class=\"elementor-element elementor-element-375c9f7 sc_fly_static elementor-widget elementor-widget-heading\" data-id=\"375c9f7\" data-element_type=\"widget\" data-widget_type=\"heading.default\">\n\t\t\t\t<div class=\"elementor-widget-container\">\n\t\t\t<h4 class=\"elementor-heading-title elementor-size-default\">Precios<\/h4>\t\t<\/div>\n\t\t\t\t<\/div>\n\t\t\t\t<div class=\"elementor-element elementor-element-6c52a52 sc_fly_static elementor-widget elementor-widget-trx_sc_table\" data-id=\"6c52a52\" data-element_type=\"widget\" data-widget_type=\"trx_sc_table.default\">\n\t\t\t\t<div class=\"elementor-widget-container\">\n\t\t\t<div id=\"trx_sc_table_306611236_wrap\" class=\"sc_table_wrap\"><div id=\"trx_sc_table_306611236\"\n\t\t\tclass=\"sc_table sc_table_default trx_addons_inline_749996311\"><table summary=\"pricing\" cellspacing=\"0\"><tbody><tr><th style=\"text-align: center;\">Convi\u00e9rtase en profesional PADI<\/th><th style=\"text-align: center;\">Precio<\/th><\/tr><tr><td style=\"text-align: center;\"><a href=\"https:\/\/www.dive.gr\/es\/divemaster\/\">Maestro de buceo<\/a><\/td><td style=\"text-align: center;\">900<\/td><\/tr><tr><td style=\"text-align: center;\"><a href=\"https:\/\/www.dive.gr\/es\/assistant-instructor\/\">Assistant Instructor<\/a><\/td><td style=\"text-align: center;\">***<\/td><\/tr><tr><td style=\"text-align: center;\">Instructor Preparatory Program (PREP)<\/td><td style=\"text-align: center;\">***<\/td><\/tr><tr><td style=\"text-align: center;\">Instructor Development Course (IDC)<\/td><td style=\"text-align: center;\">***<\/td><\/tr><tr><td style=\"text-align: center;\">Instructor Evaluation (IE)<\/td><td style=\"text-align: center;\">***<\/td><\/tr><tr><td style=\"text-align: center;\">Instructor Crossover Course (ICC)<\/td><td style=\"text-align: center;\">***<\/td><\/tr><tr><td style=\"text-align: center;\">Instructor Trainer Workshop (ITW)<\/td><td style=\"text-align: center;\">***<\/td><\/tr><tr><td style=\"text-align: center;\">Instructor Trainer (IT)<\/td><td style=\"text-align: center;\">***<\/td><\/tr><\/tbody><\/table><\/div><\/div><!-- \/.sc_table_wrap -->\t\t<\/div>\n\t\t\t\t<\/div>\n\t\t\t\t<div class=\"elementor-element elementor-element-91f7d92 elementor-widget-divider--view-line sc_fly_static elementor-widget elementor-widget-divider\" data-id=\"91f7d92\" data-element_type=\"widget\" data-widget_type=\"divider.default\">\n\t\t\t\t<div class=\"elementor-widget-container\">\n\t\t\t\t\t<div class=\"elementor-divider\">\n\t\t\t<span class=\"elementor-divider-separator\">\n\t\t\t\t\t\t<\/span>\n\t\t<\/div>\n\t\t\t\t<\/div>\n\t\t\t\t<\/div>\n\t\t\t\t<div class=\"elementor-element elementor-element-d71be12 sc_fly_static elementor-widget elementor-widget-heading\" data-id=\"d71be12\" data-element_type=\"widget\" data-widget_type=\"heading.default\">\n\t\t\t\t<div class=\"elementor-widget-container\">\n\t\t\t<h4 class=\"elementor-heading-title elementor-size-default\">Reserve ahora<\/h4>\t\t<\/div>\n\t\t\t\t<\/div>\n\t\t\t\t<div class=\"elementor-element elementor-element-5dd152e sc_fly_static elementor-widget elementor-widget-shortcode\" data-id=\"5dd152e\" data-element_type=\"widget\" data-widget_type=\"shortcode.default\">\n\t\t\t\t<div class=\"elementor-widget-container\">\n\t\t\t\t\t<div class=\"elementor-shortcode\"><div class=\"forminator-ui forminator-custom-form forminator-custom-form-5470 forminator-design--flat forminator-custom forminator_ajax\" data-forminator-render=\"0\" data-form=\"forminator-module-5470\" data-uid=\"69f4e7c061d2a\"><br\/><\/div><form\r\n\t\t\t\tid=\"forminator-module-5470\"\r\n\t\t\t\tclass=\"forminator-ui forminator-custom-form forminator-custom-form-5470 forminator-design--flat forminator-custom forminator_ajax\"\r\n\t\t\t\tmethod=\"post\"\r\n\t\t\t\tdata-forminator-render=\"0\"\r\n\t\t\t\tdata-form-id=\"5470\"\r\n\t\t\t\t\r\n\t\t\t\tdata-design=\"flat\"\r\n\t\t\t\t\r\n\t\t\t\t\r\n\t\t\t\t\r\n\t\t\t\tdata-grid=\"custom\"\r\n\t\t\t\t\r\n\t\t\t\t\r\n\t\t\t\tstyle=\"display: none;\"\r\n\t\t\t\t\r\n\t\t\t\tdata-uid=\"69f4e7c061d2a\" action=\"\"\r\n\t\t\t><div role=\"alert\" aria-live=\"polite\" class=\"forminator-response-message forminator-error\" aria-hidden=\"true\"><\/div><div class=\"forminator-row\"><div id=\"name-1\" class=\"forminator-field-name forminator-col forminator-col-12\"><div class=\"forminator-row forminator-no-margin\" data-multiple=\"true\"><div class=\"forminator-col forminator-col-md-6\"><div class=\"forminator-field\"><label for=\"forminator-field-first-name-1_69f4e7c061d2a\" id=\"forminator-field-first-name-1_69f4e7c061d2a-label\" class=\"forminator-label\">Nombre<\/label><input type=\"text\" name=\"name-1-first-name\" placeholder=\"Por ejemplo, Juan\" id=\"forminator-field-first-name-1_69f4e7c061d2a\" class=\"forminator-input\" aria-required=\"false\" data-multi=\"1\" value=\"\" \/><\/div><\/div><div class=\"forminator-col forminator-col-md-6\"><div class=\"forminator-field\"><label for=\"forminator-field-last-name-1_69f4e7c061d2a\" id=\"forminator-field-last-name-1_69f4e7c061d2a-label\" class=\"forminator-label\">Apellido<\/label><input type=\"text\" name=\"name-1-last-name\" placeholder=\"Por ejemplo, Doe\" id=\"forminator-field-last-name-1_69f4e7c061d2a\" class=\"forminator-input\" aria-required=\"false\" data-multi=\"1\" value=\"\" \/><\/div><\/div><\/div><\/div><\/div><div class=\"forminator-row\"><div id=\"email-1\" class=\"forminator-field-email forminator-col forminator-col-6\"><div class=\"forminator-field\"><label for=\"forminator-field-email-1_69f4e7c061d2a\" id=\"forminator-field-email-1_69f4e7c061d2a-label\" class=\"forminator-label\">Direcci\u00f3n de correo electr\u00f3nico <span class=\"forminator-required\">*<\/span><\/label><input type=\"email\" name=\"email-1\" value=\"\" placeholder=\"Por ejemplo, john@doe.com\" id=\"forminator-field-email-1_69f4e7c061d2a\" class=\"forminator-input forminator-email--field\" data-required=\"1\" aria-required=\"true\" \/><\/div><\/div><div id=\"phone-1\" class=\"forminator-field-phone forminator-col forminator-col-6\"><div class=\"forminator-field\"><label for=\"forminator-field-phone-1_69f4e7c061d2a\" id=\"forminator-field-phone-1_69f4e7c061d2a-label\" class=\"forminator-label\">Tel\u00e9fono<\/label><input type=\"text\" name=\"phone-1\" value=\"\" placeholder=\"Por ejemplo +1 300 400 5000\" id=\"forminator-field-phone-1_69f4e7c061d2a\" class=\"forminator-input forminator-field--phone\" data-required=\"\" aria-required=\"false\" autocomplete=\"off\" \/><\/div><\/div><\/div><div class=\"forminator-row\"><div id=\"date-1\" class=\"forminator-field-date forminator-col forminator-col-6\"><div class=\"forminator-field\"><label for=\"forminator-field-date-1-picker_69f4e7c061d2a\" id=\"forminator-field-date-1-picker_69f4e7c061d2a-label\" class=\"forminator-label\">Fecha preferida <span class=\"forminator-required\">*<\/span><\/label><div class=\"forminator-input-with-icon\"><span class=\"forminator-icon-calendar\" aria-hidden=\"true\"><\/span><input autocomplete=\"off\" type=\"text\" size=\"1\" name=\"date-1\" value=\"\" placeholder=\"Elija la fecha\" id=\"forminator-field-date-1-picker_69f4e7c061d2a\" class=\"forminator-input forminator-datepicker\" data-required=\"1\" data-format=\"dd-mm-yy\" data-restrict-type=\"\" data-restrict=\"\" data-start-year=\"2026\" data-end-year=\"2126\" data-past-dates=\"enable\" data-start-of-week=\"1\" data-start-date=\"2026-05-01\" data-end-date=\"\" data-start-field=\"\" data-end-field=\"\" data-start-offset=\"\" data-end-offset=\"\" data-disable-date=\"\" data-disable-range=\"\" \/><\/div><\/div><\/div><div id=\"select-2\" class=\"forminator-field-select forminator-col forminator-col-6\"><div class=\"forminator-field\"><label for=\"forminator-form-5470__field--select-2_69f4e7c061d2a\" id=\"forminator-form-5470__field--select-2_69f4e7c061d2a-label\" class=\"forminator-label\">Hora preferida<\/label><select  id=\"forminator-form-5470__field--select-2_69f4e7c061d2a\" class=\"forminator-select--field forminator-select2 forminator-select2-multiple\" data-required=\"\" name=\"select-2\" data-default-value=\"\" data-hidden-behavior=\"zero\" data-placeholder=\"\" data-search=\"false\" data-search-placeholder=\"\" data-checkbox=\"false\" data-allow-clear=\"false\" aria-labelledby=\"forminator-form-5470__field--select-2_69f4e7c061d2a-label\"><option value=\"one\"  data-calculation=\"0\">10:00<\/option><option value=\"two\"  data-calculation=\"0\">13:00<\/option><option value=\"15:30\"  data-calculation=\"0\">15:30<\/option><\/select><\/div><\/div><\/div><div class=\"forminator-row\"><div id=\"select-1\" class=\"forminator-field-select forminator-col forminator-col-6\"><div class=\"forminator-field\"><label for=\"forminator-form-5470__field--select-1_69f4e7c061d2a\" id=\"forminator-form-5470__field--select-1_69f4e7c061d2a-label\" class=\"forminator-label\">Seleccionar programa<\/label><select  id=\"forminator-form-5470__field--select-1_69f4e7c061d2a\" class=\"forminator-select--field forminator-select2 forminator-select2-multiple\" data-required=\"\" name=\"select-1\" data-default-value=\"\" data-placeholder=\"\" data-search=\"false\" data-search-placeholder=\"\" data-checkbox=\"false\" data-allow-clear=\"false\" aria-labelledby=\"forminator-form-5470__field--select-1_69f4e7c061d2a-label\"><option value=\"Divemaster\"  data-calculation=\"900\">Maestro de buceo<\/option><option value=\"Assistant-Instructor\"  data-calculation=\"0\">Assistant Instructor<\/option><option value=\"Instructor-Preparatory-Program-(PREP)\"  data-calculation=\"0\">Instructor Preparatory Program (PREP)<\/option><option value=\"Instructor-Development-Course-(IDC)\"  data-calculation=\"0\">Instructor Development Course (IDC)<\/option><option value=\"Instructor-Evaluation-(IE)\"  data-calculation=\"0\">Instructor Evaluation (IE)<\/option><option value=\"Emergency-First-Response-EFR\"  data-calculation=\"0\">Emergency First Response - EFR<\/option><option value=\"Instructor-Crossover-Course-(ICC)\"  data-calculation=\"0\">Instructor Crossover Course (ICC)<\/option><option value=\"Instructor-Trainer-Workshop-(ITW)\"  data-calculation=\"0\">Instructor Trainer Workshop (ITW)<\/option><option value=\"Instructor-Trainer-(IT)\"  data-calculation=\"0\">Instructor Trainer (IT)<\/option><\/select><\/div><\/div><div id=\"number-1\" class=\"forminator-field-number forminator-col forminator-col-6\"><div class=\"forminator-field\"><label for=\"forminator-field-number-1_69f4e7c061d2a\" id=\"forminator-field-number-1_69f4e7c061d2a-label\" class=\"forminator-label\">N\u00famero de participantes<\/label><input name=\"number-1\" value=\"1\" placeholder=\"Por ejemplo, 10\" id=\"forminator-field-number-1_69f4e7c061d2a\" class=\"forminator-input forminator-number--field\" inputmode=\"decimal\" data-required=\"\" data-decimals=\"0\" aria-required=\"false\" data-inputmask=\"&#039;groupSeparator&#039;: &#039;&#039;, &#039;radixPoint&#039;: &#039;&#039;, &#039;digits&#039;: &#039;0&#039;\" data-hidden-behavior=\"zero\" type=\"number\" step=\"any\" min=\"1\" max=\"150\" \/><\/div><\/div><\/div><div class=\"forminator-row\"><div id=\"textarea-1\" class=\"forminator-field-textarea forminator-col forminator-col-12\"><div class=\"forminator-field\"><label for=\"forminator-field-textarea-1_69f4e7c061d2a\" id=\"forminator-field-textarea-1_69f4e7c061d2a-label\" class=\"forminator-label\">Su mensaje<\/label><textarea name=\"textarea-1\" placeholder=\"\" id=\"forminator-field-textarea-1_69f4e7c061d2a\" class=\"forminator-textarea\" rows=\"6\" style=\"min-height:140px;\" ><\/textarea><\/div><\/div><\/div><div class=\"forminator-row\"><div id=\"calculation-1\" class=\"forminator-field-calculation forminator-col forminator-col-12\"><div class=\"forminator-field\"><label for=\"calculation-1-field_69f4e7c061d2a\" id=\"calculation-1-field_69f4e7c061d2a-label\" class=\"forminator-label\">Precio<\/label><input type=\"text\" name=\"calculation-1\" value=\"\" id=\"calculation-1-field_69f4e7c061d2a\" class=\"forminator-calculation forminator-input\" data-formula=\"{select-1} * {number-1}\" data-required=\"\" data-decimal-point=\".\" data-precision=\"2\" data-is-hidden=\"\" disabled=\"disabled\" data-decimals=\"2\" data-inputmask=\"&#039;groupSeparator&#039;: &#039;&#039;, &#039;radixPoint&#039;: &#039;.&#039;, &#039;digits&#039;: &#039;2&#039;\" data-hidden-behavior=\"zero\" \/><\/div><\/div><\/div><div class=\"forminator-row\"><div id=\"consent-1\" class=\"forminator-field-consent forminator-col forminator-col-12\"><div class=\"forminator-field\"><label for=\"forminator-field-consent-1_69f4e7c061d2a\" id=\"forminator-field-consent-1_69f4e7c061d2a-label\" class=\"forminator-label\">Consentimiento <span class=\"forminator-required\">*<\/span><\/label><div class=\"forminator-checkbox__wrapper\"><label id=\"forminator-field-consent-1_69f4e7c061d2a__label\" class=\"forminator-checkbox forminator-consent\" aria-labelledby=\"forminator-field-consent-1_69f4e7c061d2a-label\" aria-hidden=\"true\"><input type=\"checkbox\" name=\"consent-1\" id=\"forminator-field-consent-1_69f4e7c061d2a\" value=\"checked\" aria-labelledby=\"forminator-field-consent-1_69f4e7c061d2a-label\" aria-describedby=\"forminator-field-consent-1_69f4e7c061d2a__description\" data-required=\"true\" aria-required=\"true\" \/><span class=\"forminator-checkbox-box\" aria-hidden=\"true\"><\/span><\/label><div id=\"forminator-field-consent-1_69f4e7c061d2a__description\" class=\"forminator-checkbox__label forminator-consent__label\">Confirme que est\u00e1 de acuerdo con nuestras condiciones de servicio y pol\u00edtica de cancelaci\u00f3n marcando esta casilla.<\/div><\/div><\/div><\/div><\/div><div class=\"forminator-row\"><div id=\"captcha-1\" class=\"forminator-field-captcha forminator-col forminator-col-12\"><div class=\"forminator-captcha-left forminator-g-recaptcha\" data-theme=\"light\"  data-sitekey=\"6LftozQqAAAAAKQVL1yuIqiW8TymXpQbMSMcZFuC\" data-size=\"normal\"><\/div> <\/div><\/div><input type=\"hidden\" name=\"referer_url\" value=\"\" \/><div class=\"forminator-row forminator-row-last\"><div class=\"forminator-col\"><div class=\"forminator-field\"><button class=\"forminator-button forminator-button-submit\">Enviar solicitud de reserva<\/button><\/div><\/div><\/div><input type=\"hidden\" id=\"forminator_nonce\" name=\"forminator_nonce\" value=\"336dbdbfca\" \/><input type=\"hidden\" name=\"_wp_http_referer\" value=\"\/es\/wp-json\/wp\/v2\/pages\/5061\" \/><input type=\"hidden\" name=\"form_id\" value=\"5470\"><input type=\"hidden\" name=\"page_id\" value=\"5061\"><input type=\"hidden\" name=\"form_type\" value=\"default\"><input type=\"hidden\" name=\"current_url\" value=\"https:\/\/www.dive.gr\/es\/become-a-padi-pro-diving-course\/\"><input type=\"hidden\" name=\"render_id\" value=\"0\"><input type=\"hidden\" name=\"action\" value=\"forminator_submit_form_custom-forms\"><input type=\"hidden\" name=\"trp-form-language\" value=\"es\"\/><\/form><\/div>\n\t\t\t\t<\/div>\n\t\t\t\t<\/div>\n\t\t\t\t\t<\/div>\n\t\t<\/div>\n\t\t\t\t\t<\/div>\n\t\t<\/section>\n\t\t\t\t<\/div>","protected":false},"excerpt":{"rendered":"<p>\u00bfEst\u00e1 interesado en unirse a la comunidad profesional de buceo mundial? \u00danase a uno de nuestros...<\/p>","protected":false},"author":1,"featured_media":7325,"parent":0,"menu_order":0,"comment_status":"closed","ping_status":"closed","template":"","meta":{"_acf_changed":false,"footnotes":""},"program":[],"class_list":["post-5061","page","type-page","status-publish","has-post-thumbnail","hentry"],"acf":[],"_links":{"self":[{"href":"https:\/\/www.dive.gr\/es\/wp-json\/wp\/v2\/pages\/5061","targetHints":{"allow":["GET"]}}],"collection":[{"href":"https:\/\/www.dive.gr\/es\/wp-json\/wp\/v2\/pages"}],"about":[{"href":"https:\/\/www.dive.gr\/es\/wp-json\/wp\/v2\/types\/page"}],"author":[{"embeddable":true,"href":"https:\/\/www.dive.gr\/es\/wp-json\/wp\/v2\/users\/1"}],"replies":[{"embeddable":true,"href":"https:\/\/www.dive.gr\/es\/wp-json\/wp\/v2\/comments?post=5061"}],"version-history":[{"count":16,"href":"https:\/\/www.dive.gr\/es\/wp-json\/wp\/v2\/pages\/5061\/revisions"}],"predecessor-version":[{"id":12345,"href":"https:\/\/www.dive.gr\/es\/wp-json\/wp\/v2\/pages\/5061\/revisions\/12345"}],"wp:featuredmedia":[{"embeddable":true,"href":"https:\/\/www.dive.gr\/es\/wp-json\/wp\/v2\/media\/7325"}],"wp:attachment":[{"href":"https:\/\/www.dive.gr\/es\/wp-json\/wp\/v2\/media?parent=5061"}],"wp:term":[{"taxonomy":"program","embeddable":true,"href":"https:\/\/www.dive.gr\/es\/wp-json\/wp\/v2\/program?post=5061"}],"curies":[{"name":"wp","href":"https:\/\/api.w.org\/{rel}","templated":true}]}}