{"id":9874,"date":"2024-08-21T11:28:53","date_gmt":"2024-08-21T11:28:53","guid":{"rendered":"https:\/\/www.dive.gr\/newsite\/?page_id=9874"},"modified":"2024-10-02T07:46:24","modified_gmt":"2024-10-02T07:46:24","slug":"padi-seal-team-diving-course","status":"publish","type":"page","link":"https:\/\/www.dive.gr\/de\/padi-seal-team-diving-course\/","title":{"rendered":"PADI Seehund-Team"},"content":{"rendered":"<div data-elementor-type=\"wp-post\" data-elementor-id=\"9874\" class=\"elementor elementor-9874\" data-elementor-post-type=\"page\">\n\t\t\t\t\t\t<section class=\"elementor-section elementor-top-section elementor-element elementor-element-b230b6f elementor-section-stretched elementor-section-full_width scheme_dark elementor-reverse-tablet elementor-reverse-mobile elementor-section-height-default elementor-section-height-default\" data-id=\"b230b6f\" data-element_type=\"section\" data-settings=\"{&quot;stretch_section&quot;:&quot;section-stretched&quot;}\">\n\t\t\t\t\t\t<div class=\"elementor-container elementor-column-gap-no\">\n\t\t\t\t\t<div class=\"elementor-column elementor-col-50 elementor-top-column elementor-element elementor-element-098adc1 sc_inner_width_none sc_layouts_column_icons_position_left\" data-id=\"098adc1\" data-element_type=\"column\" data-settings=\"{&quot;background_background&quot;:&quot;classic&quot;}\">\n\t\t\t<div class=\"elementor-widget-wrap elementor-element-populated\">\n\t\t\t\t\t\t<div class=\"elementor-element elementor-element-d92a0b5 sc_fly_static elementor-widget elementor-widget-heading\" data-id=\"d92a0b5\" data-element_type=\"widget\" data-widget_type=\"heading.default\">\n\t\t\t\t<div class=\"elementor-widget-container\">\n\t\t\t<h2 class=\"elementor-heading-title elementor-size-default\">PADI Seehund-Team<\/h2>\t\t<\/div>\n\t\t\t\t<\/div>\n\t\t\t\t<div class=\"elementor-element elementor-element-a3680cf sc_fly_static elementor-widget elementor-widget-text-editor\" data-id=\"a3680cf\" data-element_type=\"widget\" data-widget_type=\"text-editor.default\">\n\t\t\t\t<div class=\"elementor-widget-container\">\n\t\t\t\t\t\t\t<p>Das PADI Seal Team ist f\u00fcr junge Taucher, die auf der Suche nach actionreichem Spa\u00df in einer pool\u00e4hnlichen Umgebung sind und aufregende AquaMissions absolvieren m\u00f6chten. Machen Sie coole Sachen in unserem Hausriff und treffen Sie Freunde.<\/p>\t\t\t\t\t\t<\/div>\n\t\t\t\t<\/div>\n\t\t\t\t\t<\/div>\n\t\t<\/div>\n\t\t\t\t<div class=\"elementor-column elementor-col-50 elementor-top-column elementor-element elementor-element-bd94493 sc_inner_width_none sc_layouts_column_icons_position_left\" data-id=\"bd94493\" data-element_type=\"column\" data-settings=\"{&quot;background_background&quot;:&quot;classic&quot;}\">\n\t\t\t<div class=\"elementor-widget-wrap elementor-element-populated\">\n\t\t\t\t\t\t<section class=\"elementor-section elementor-inner-section elementor-element elementor-element-0130909 elementor-section-height-min-height elementor-section-boxed elementor-section-height-default\" data-id=\"0130909\" data-element_type=\"section\" data-settings=\"{&quot;background_background&quot;:&quot;video&quot;,&quot;background_video_link&quot;:&quot;https:\\\/\\\/www.dive.gr\\\/wp-content\\\/uploads\\\/2024\\\/09\\\/dive.gr-Mykonos-diving-center-intro-video.mp4&quot;}\">\n\t\t\t\t\t\t\t\t<div class=\"elementor-background-video-container elementor-hidden-phone\">\n\t\t\t\t\t\t\t\t\t\t\t\t\t<video class=\"elementor-background-video-hosted elementor-html5-video\" autoplay muted playsinline loop><\/video>\n\t\t\t\t\t\t\t\t\t\t\t<\/div>\n\t\t\t\t\t\t\t\t<div class=\"elementor-container elementor-column-gap-extended\">\n\t\t\t\t\t<div class=\"elementor-column elementor-col-100 elementor-inner-column elementor-element elementor-element-0016c9e sc_inner_width_none sc_layouts_column_icons_position_left\" data-id=\"0016c9e\" data-element_type=\"column\" data-settings=\"{&quot;background_background&quot;:&quot;classic&quot;}\">\n\t\t\t<div class=\"elementor-widget-wrap\">\n\t\t\t\t\t\t\t<\/div>\n\t\t<\/div>\n\t\t\t\t\t<\/div>\n\t\t<\/section>\n\t\t\t\t\t<\/div>\n\t\t<\/div>\n\t\t\t\t\t<\/div>\n\t\t<\/section>\n\t\t\t\t<section class=\"elementor-section elementor-top-section elementor-element elementor-element-2abe1a1 elementor-section-boxed elementor-section-height-default elementor-section-height-default\" data-id=\"2abe1a1\" data-element_type=\"section\" data-settings=\"{&quot;background_background&quot;:&quot;classic&quot;}\">\n\t\t\t\t\t\t<div class=\"elementor-container elementor-column-gap-extended\">\n\t\t\t\t\t<div class=\"elementor-column elementor-col-100 elementor-top-column elementor-element elementor-element-f39fccd sc_inner_width_none sc_layouts_column_icons_position_left\" data-id=\"f39fccd\" data-element_type=\"column\">\n\t\t\t<div class=\"elementor-widget-wrap elementor-element-populated\">\n\t\t\t\t\t\t<div class=\"elementor-element elementor-element-2e45deb sc_fly_static elementor-widget elementor-widget-text-editor\" data-id=\"2e45deb\" data-element_type=\"widget\" data-widget_type=\"text-editor.default\">\n\t\t\t\t<div class=\"elementor-widget-container\">\n\t\t\t\t\t\t\t<p>Das PADI Seal Team ist f\u00fcr junge Taucher gedacht, die auf der Suche nach actionreichem Spa\u00df im begrenzten Wasser sind, indem sie aufregende AquaMissions absolvieren. Haben Sie sich schon einmal gefragt, wie es ist, mit Taschenlampen zu tauchen, digitale Fotos unter Wasser zu machen oder m\u00fchelos wie ein Astronaut zu schweben?<\/p><p>Neben dem Erlernen grundlegender Tauchfertigkeiten gibt es spezielle AquaMissions, wie Wracktauchen, Navigation, Tarierung, Umweltbewusstsein und mehr. Im PADI Seal Team k\u00f6nnen Sie coole Sachen im Pool machen, Freunde treffen und das Abenteuer der Unterwasserwelt erleben. Um dem PADI Seal Team beizutreten, muss ein Kind 8 Jahre oder \u00e4lter sein.<\/p><p>Es ist keine vorherige Erfahrung mit dem Tauchen erforderlich, aber die Kinder sollten sich im Wasser wohlf\u00fchlen. Die Zustimmung der Eltern ist erforderlich.<\/p>\t\t\t\t\t\t<\/div>\n\t\t\t\t<\/div>\n\t\t\t\t<div class=\"elementor-element elementor-element-f12d713 elementor-widget-divider--view-line sc_fly_static elementor-widget elementor-widget-divider\" data-id=\"f12d713\" data-element_type=\"widget\" data-widget_type=\"divider.default\">\n\t\t\t\t<div class=\"elementor-widget-container\">\n\t\t\t\t\t<div class=\"elementor-divider\">\n\t\t\t<span class=\"elementor-divider-separator\">\n\t\t\t\t\t\t<\/span>\n\t\t<\/div>\n\t\t\t\t<\/div>\n\t\t\t\t<\/div>\n\t\t\t\t<div class=\"elementor-element elementor-element-e560c35 sc_fly_static elementor-widget elementor-widget-text-editor\" data-id=\"e560c35\" data-element_type=\"widget\" data-widget_type=\"text-editor.default\">\n\t\t\t\t<div class=\"elementor-widget-container\">\n\t\t\t\t\t\t\t<p><strong>Akademisch<\/strong><\/p><p>Das PADI Seal Team Programm lehrt Verantwortung und Respekt f\u00fcr die Unterwasserwelt. Es ist in zwei Teile gegliedert.<br \/>Im ersten Teil, AquaMissions 1 - 5, werden grundlegende Tauchfertigkeiten vermittelt, wie z.B. das Atmen unter Wasser, das Reinigen der Maske, das Einholen des Atemreglers und das Herumschwimmen, um das Gef\u00fchl der Schwerelosigkeit zu erleben. Jede Sitzung dauert etwa eine Stunde. Schlie\u00dfen Sie diese AquaMissions ab und werden Sie ein anerkanntes PADI Seal Team-Mitglied. Ihre Erfahrung kann auch auf den PADI Open Water Diver Kurs angerechnet werden, wenn Sie alt genug sind, um an diesem Kurs teilzunehmen.<\/p><p>Teil zwei, 10 spezielle AquaMissions, beinhaltet Abenteuer wie die Identifizierung von Lebewesen, Such- und Bergungstauchen und Tauchen mit Haut. Wenn Sie all diese Aufgaben erf\u00fcllen, werden Sie ein PADI Master Seal Team-Mitglied und geh\u00f6ren damit zu einer Elitegruppe junger Taucher.<\/p><p><strong style=\"font-size: 1rem; letter-spacing: 0.38px;\">Ausr\u00fcstung<\/strong><\/p><p>Im PADI Seal Team Programm lernen Sie den Umgang mit der grundlegenden Tauchausr\u00fcstung, einschlie\u00dflich Maske, Schnorchel, Flossen, Atemregler, Tarierweste, Tauchmanometer und Flasche.<br \/>Besuchen Sie uns und lassen Sie sich von Ihrem PADI Seal Team Leader (auch bekannt als PADI Instructor) beraten, wie Sie sich vorbereiten k\u00f6nnen.<\/p><p><strong>Erste Schritte<\/strong><\/p><p>Kontaktieren Sie uns, um sich f\u00fcr das Programm anzumelden und mit einem PADI Seal Team Crew-Pak zu starten. Ihr Paket enth\u00e4lt alles, was ein PADI Seal Team Mitglied braucht, um sich auf AquaMissions vorzubereiten, einschlie\u00dflich eines lustigen Videos, eines Aktivit\u00e4tsbuchs mit R\u00e4tseln und Logbuchseiten, um Ihre Abenteuer zu verfolgen.<\/p>\t\t\t\t\t\t<\/div>\n\t\t\t\t<\/div>\n\t\t\t\t<div class=\"elementor-element elementor-element-fe8c87c elementor-widget-divider--view-line sc_fly_static elementor-widget elementor-widget-divider\" data-id=\"fe8c87c\" data-element_type=\"widget\" data-widget_type=\"divider.default\">\n\t\t\t\t<div class=\"elementor-widget-container\">\n\t\t\t\t\t<div class=\"elementor-divider\">\n\t\t\t<span class=\"elementor-divider-separator\">\n\t\t\t\t\t\t<\/span>\n\t\t<\/div>\n\t\t\t\t<\/div>\n\t\t\t\t<\/div>\n\t\t\t\t<section class=\"elementor-section elementor-inner-section elementor-element elementor-element-0cf34b8 elementor-section-boxed elementor-section-height-default elementor-section-height-default\" data-id=\"0cf34b8\" data-element_type=\"section\">\n\t\t\t\t\t\t<div class=\"elementor-container elementor-column-gap-extended\">\n\t\t\t\t\t<div class=\"make-column-clickable-elementor elementor-column elementor-col-100 elementor-inner-column elementor-element elementor-element-06130d8 sc_inner_width_none sc_layouts_column_icons_position_left\" style=\"cursor: pointer;\" data-column-clickable=\"https:\/\/apps.padi.com\/scuba-diving\/elearning\/purchasecourse.aspx?courseid=56&amp;_ga=2.143748147.764057478.1571210490-1216068278.1570006227&amp;fbclid=IwAR2wwNMK6xWNdb5jq8KzUDx5na1JimO8l46zyG7hewhY7PPip4sVOSME1io\" data-column-clickable-blank=\"_blank\" data-id=\"06130d8\" data-element_type=\"column\">\n\t\t\t<div class=\"elementor-widget-wrap elementor-element-populated\">\n\t\t\t\t\t\t<div class=\"elementor-element elementor-element-ca226f1 sc_fly_static elementor-widget elementor-widget-heading\" data-id=\"ca226f1\" data-element_type=\"widget\" data-widget_type=\"heading.default\">\n\t\t\t\t<div class=\"elementor-widget-container\">\n\t\t\t<h4 class=\"elementor-heading-title elementor-size-default\">Kaufen Sie einen E-Learning-Kurs<\/h4>\t\t<\/div>\n\t\t\t\t<\/div>\n\t\t\t\t<div class=\"elementor-element elementor-element-8356649 sc_fly_static elementor-widget elementor-widget-image\" data-id=\"8356649\" data-element_type=\"widget\" data-widget_type=\"image.default\">\n\t\t\t\t<div class=\"elementor-widget-container\">\n\t\t\t\t\t\t\t\t\t\t\t\t\t<img decoding=\"async\" width=\"300\" height=\"39\" data-src=\"https:\/\/www.dive.gr\/wp-content\/smush-webp\/2024\/09\/dive.gr-padi-eLearning-logo-300x39.png.webp\" class=\"attachment-medium size-medium wp-image-10258 lazyload\" alt=\"\" data-srcset=\"https:\/\/www.dive.gr\/wp-content\/smush-webp\/2024\/09\/dive.gr-padi-eLearning-logo-300x39.png.webp 300w, https:\/\/www.dive.gr\/wp-content\/smush-webp\/2024\/09\/dive.gr-padi-eLearning-logo-18x2.png.webp 18w, https:\/\/www.dive.gr\/wp-content\/smush-webp\/2024\/09\/dive.gr-padi-eLearning-logo-370x48.png.webp 370w, https:\/\/www.dive.gr\/wp-content\/smush-webp\/2024\/09\/dive.gr-padi-eLearning-logo.png.webp 436w\" data-sizes=\"(max-width: 300px) 100vw, 300px\" src=\"data:image\/svg+xml;base64,PHN2ZyB3aWR0aD0iMSIgaGVpZ2h0PSIxIiB4bWxucz0iaHR0cDovL3d3dy53My5vcmcvMjAwMC9zdmciPjwvc3ZnPg==\" style=\"--smush-placeholder-width: 300px; --smush-placeholder-aspect-ratio: 300\/39;\" \/>\t\t\t\t\t\t\t\t\t\t\t\t\t<\/div>\n\t\t\t\t<\/div>\n\t\t\t\t\t<\/div>\n\t\t<\/div>\n\t\t\t\t\t<\/div>\n\t\t<\/section>\n\t\t\t\t<div class=\"elementor-element elementor-element-b59c1bb elementor-widget-divider--view-line sc_fly_static elementor-widget elementor-widget-divider\" data-id=\"b59c1bb\" data-element_type=\"widget\" data-widget_type=\"divider.default\">\n\t\t\t\t<div class=\"elementor-widget-container\">\n\t\t\t\t\t<div class=\"elementor-divider\">\n\t\t\t<span class=\"elementor-divider-separator\">\n\t\t\t\t\t\t<\/span>\n\t\t<\/div>\n\t\t\t\t<\/div>\n\t\t\t\t<\/div>\n\t\t\t\t<div class=\"elementor-element elementor-element-d71be12 sc_fly_static elementor-widget elementor-widget-heading\" data-id=\"d71be12\" data-element_type=\"widget\" data-widget_type=\"heading.default\">\n\t\t\t\t<div class=\"elementor-widget-container\">\n\t\t\t<h4 class=\"elementor-heading-title elementor-size-default\">Jetzt buchen<\/h4>\t\t<\/div>\n\t\t\t\t<\/div>\n\t\t\t\t<div class=\"elementor-element elementor-element-5dd152e sc_fly_static elementor-widget elementor-widget-shortcode\" data-id=\"5dd152e\" data-element_type=\"widget\" data-widget_type=\"shortcode.default\">\n\t\t\t\t<div class=\"elementor-widget-container\">\n\t\t\t\t\t<div class=\"elementor-shortcode\"><form id=\"forminator-module-9933\" class=\"forminator-custom-form forminator-custom-form-9933\" method=\"post\" data-forminator-render=\"0\" data-uid=\"69de271ace00a\" action=\"\"><div role=\"alert\" aria-live=\"polite\" class=\"forminator-response-message forminator-error\" aria-hidden=\"true\"><\/div><input type=\"hidden\" name=\"trp-form-language\" value=\"de\"\/><\/form><\/div>\n\t\t\t\t<\/div>\n\t\t\t\t<\/div>\n\t\t\t\t\t<\/div>\n\t\t<\/div>\n\t\t\t\t\t<\/div>\n\t\t<\/section>\n\t\t\t\t<\/div>","protected":false},"excerpt":{"rendered":"<p>Das PADI Seal Team ist f\u00fcr junge Taucher, die auf der Suche nach...<\/p>","protected":false},"author":1,"featured_media":7671,"parent":0,"menu_order":0,"comment_status":"closed","ping_status":"closed","template":"","meta":{"_acf_changed":false,"footnotes":""},"program":[181],"class_list":["post-9874","page","type-page","status-publish","has-post-thumbnail","hentry","program-entry-level-courses"],"acf":[],"_links":{"self":[{"href":"https:\/\/www.dive.gr\/de\/wp-json\/wp\/v2\/pages\/9874","targetHints":{"allow":["GET"]}}],"collection":[{"href":"https:\/\/www.dive.gr\/de\/wp-json\/wp\/v2\/pages"}],"about":[{"href":"https:\/\/www.dive.gr\/de\/wp-json\/wp\/v2\/types\/page"}],"author":[{"embeddable":true,"href":"https:\/\/www.dive.gr\/de\/wp-json\/wp\/v2\/users\/1"}],"replies":[{"embeddable":true,"href":"https:\/\/www.dive.gr\/de\/wp-json\/wp\/v2\/comments?post=9874"}],"version-history":[{"count":16,"href":"https:\/\/www.dive.gr\/de\/wp-json\/wp\/v2\/pages\/9874\/revisions"}],"predecessor-version":[{"id":14812,"href":"https:\/\/www.dive.gr\/de\/wp-json\/wp\/v2\/pages\/9874\/revisions\/14812"}],"wp:featuredmedia":[{"embeddable":true,"href":"https:\/\/www.dive.gr\/de\/wp-json\/wp\/v2\/media\/7671"}],"wp:attachment":[{"href":"https:\/\/www.dive.gr\/de\/wp-json\/wp\/v2\/media?parent=9874"}],"wp:term":[{"taxonomy":"program","embeddable":true,"href":"https:\/\/www.dive.gr\/de\/wp-json\/wp\/v2\/program?post=9874"}],"curies":[{"name":"wp","href":"https:\/\/api.w.org\/{rel}","templated":true}]}}