{"id":5431,"date":"2024-08-08T22:24:59","date_gmt":"2024-08-08T22:24:59","guid":{"rendered":"https:\/\/www.dive.gr\/newsite\/?page_id=5431"},"modified":"2024-10-02T07:44:31","modified_gmt":"2024-10-02T07:44:31","slug":"reactivate-scuba-refresher-program-diving-course","status":"publish","type":"page","link":"https:\/\/www.dive.gr\/de\/reactivate-scuba-refresher-program-diving-course\/","title":{"rendered":"ReActivate\u00ae Auffrischungsprogramm f\u00fcr Taucher"},"content":{"rendered":"<div data-elementor-type=\"wp-post\" data-elementor-id=\"5431\" class=\"elementor elementor-5431\" data-elementor-post-type=\"page\">\n\t\t\t\t\t\t<section class=\"elementor-section elementor-top-section elementor-element elementor-element-b230b6f elementor-section-stretched elementor-section-full_width scheme_dark elementor-reverse-tablet elementor-reverse-mobile elementor-section-height-default elementor-section-height-default\" data-id=\"b230b6f\" data-element_type=\"section\" data-settings=\"{&quot;stretch_section&quot;:&quot;section-stretched&quot;}\">\n\t\t\t\t\t\t<div class=\"elementor-container elementor-column-gap-no\">\n\t\t\t\t\t<div class=\"elementor-column elementor-col-50 elementor-top-column elementor-element elementor-element-098adc1 sc_inner_width_none sc_layouts_column_icons_position_left\" data-id=\"098adc1\" data-element_type=\"column\" data-settings=\"{&quot;background_background&quot;:&quot;classic&quot;}\">\n\t\t\t<div class=\"elementor-widget-wrap elementor-element-populated\">\n\t\t\t\t\t\t<div class=\"elementor-element elementor-element-d92a0b5 sc_fly_static elementor-widget elementor-widget-heading\" data-id=\"d92a0b5\" data-element_type=\"widget\" data-widget_type=\"heading.default\">\n\t\t\t\t<div class=\"elementor-widget-container\">\n\t\t\t<h2 class=\"elementor-heading-title elementor-size-default\">ReActivate\u00ae Auffrischungsprogramm f\u00fcr Taucher<\/h2>\t\t<\/div>\n\t\t\t\t<\/div>\n\t\t\t\t<div class=\"elementor-element elementor-element-a3680cf sc_fly_static elementor-widget elementor-widget-text-editor\" data-id=\"a3680cf\" data-element_type=\"widget\" data-widget_type=\"text-editor.default\">\n\t\t\t\t<div class=\"elementor-widget-container\">\n\t\t\t\t\t\t\t<p>Aktualisieren Sie Ihre Tauchfertigkeiten und -kenntnisse mit einer schnellen Tauchauffrischung mit dem PADI Open Water Diver Course, bevor Sie wieder ins Wasser springen.<\/p>\t\t\t\t\t\t<\/div>\n\t\t\t\t<\/div>\n\t\t\t\t\t<\/div>\n\t\t<\/div>\n\t\t\t\t<div class=\"elementor-column elementor-col-50 elementor-top-column elementor-element elementor-element-bd94493 sc_inner_width_none sc_layouts_column_icons_position_left\" data-id=\"bd94493\" data-element_type=\"column\" data-settings=\"{&quot;background_background&quot;:&quot;classic&quot;}\">\n\t\t\t<div class=\"elementor-widget-wrap elementor-element-populated\">\n\t\t\t\t\t\t<section class=\"elementor-section elementor-inner-section elementor-element elementor-element-0130909 elementor-section-height-min-height elementor-section-boxed elementor-section-height-default\" data-id=\"0130909\" data-element_type=\"section\" data-settings=\"{&quot;background_background&quot;:&quot;video&quot;,&quot;background_video_start&quot;:65,&quot;background_video_end&quot;:160,&quot;background_video_link&quot;:&quot;https:\\\/\\\/www.dive.gr\\\/wp-content\\\/uploads\\\/2024\\\/09\\\/dive.gr-Mykonos-diving-center-intro-video.mp4&quot;}\">\n\t\t\t\t\t\t\t\t<div class=\"elementor-background-video-container elementor-hidden-phone\">\n\t\t\t\t\t\t\t\t\t\t\t\t\t<video class=\"elementor-background-video-hosted elementor-html5-video\" autoplay muted playsinline loop><\/video>\n\t\t\t\t\t\t\t\t\t\t\t<\/div>\n\t\t\t\t\t\t\t\t<div class=\"elementor-container elementor-column-gap-extended\">\n\t\t\t\t\t<div class=\"elementor-column elementor-col-100 elementor-inner-column elementor-element elementor-element-0016c9e sc_inner_width_none sc_layouts_column_icons_position_left\" data-id=\"0016c9e\" data-element_type=\"column\" data-settings=\"{&quot;background_background&quot;:&quot;classic&quot;}\">\n\t\t\t<div class=\"elementor-widget-wrap\">\n\t\t\t\t\t\t\t<\/div>\n\t\t<\/div>\n\t\t\t\t\t<\/div>\n\t\t<\/section>\n\t\t\t\t\t<\/div>\n\t\t<\/div>\n\t\t\t\t\t<\/div>\n\t\t<\/section>\n\t\t\t\t<section class=\"elementor-section elementor-top-section elementor-element elementor-element-2abe1a1 elementor-section-boxed elementor-section-height-default elementor-section-height-default\" data-id=\"2abe1a1\" data-element_type=\"section\" data-settings=\"{&quot;background_background&quot;:&quot;classic&quot;}\">\n\t\t\t\t\t\t<div class=\"elementor-container elementor-column-gap-extended\">\n\t\t\t\t\t<div class=\"elementor-column elementor-col-100 elementor-top-column elementor-element elementor-element-f39fccd sc_inner_width_none sc_layouts_column_icons_position_left\" data-id=\"f39fccd\" data-element_type=\"column\">\n\t\t\t<div class=\"elementor-widget-wrap elementor-element-populated\">\n\t\t\t\t\t\t<div class=\"elementor-element elementor-element-2e45deb sc_fly_static elementor-widget elementor-widget-text-editor\" data-id=\"2e45deb\" data-element_type=\"widget\" data-widget_type=\"text-editor.default\">\n\t\t\t\t<div class=\"elementor-widget-container\">\n\t\t\t\t\t\t\t<p>Sie waren in letzter Zeit nicht tauchen und m\u00f6chten Ihre Tauchkenntnisse schnell wieder auffrischen? Das ReActivate\u2122 Programm ist der perfekte Weg, um Ihre Tauchfertigkeiten und Kenntnisse aus dem PADI Open Water Diver Course aufzufrischen, bevor Sie wieder ins Wasser springen. Egal, ob Sie ein paar Erinnerungen brauchen oder die Grundlagen wiederholen m\u00fcssen, ReActivate ist auf Sie zugeschnitten: Sie k\u00f6nnen die Tauchkonzepte bequem auf Ihrem Tablet, Mobilger\u00e4t oder Computer wiederholen und dann mit einem PADI Professional tauchen gehen. Es geht schnell und einfach und ist eine gute M\u00f6glichkeit, sich auf Ihren n\u00e4chsten PADI-Kurs vorzubereiten oder einen Tauchurlaub zu machen. Das Beste daran ist, dass Taucher, die sowohl die Auffrischung der Kenntnisse als auch der Fertigkeiten im Wasser absolvieren, eine Ersatzzertifizierungskarte mit einem ReActivated-Datum erhalten.<\/p><p>Jeder PADI-zertifizierte Taucher, der eine Auffrischung oder ein Update vor einer Reise ben\u00f6tigt, sollte sich reaktivieren. Die Tauchbasen freuen sich, wenn Sie ein aktuelles ReActivate-Datum auf Ihrer Zertifizierungskarte sehen, denn es bedeutet, dass Sie bereit sind, zu tauchen.<\/p><p>Wenn Sie mehr \u00fcber das Tauchen in einem neuen Gebiet oder unter anderen Tauchbedingungen erfahren m\u00f6chten, fragen Sie auch nach einer Discover Local Diving Erfahrung an einem lokalen Tauchplatz.<\/p><p>ReActivate ist ein neues PADI-Programm, das m\u00f6glicherweise noch nicht in allen Gebieten verf\u00fcgbar ist. Wenn Sie keinen Zugang zu ReActivate haben oder nicht in Ihrer Sprache, kann Ihr PADI Instructor trotzdem eine \u00dcberpr\u00fcfung Ihrer Tauchfertigkeiten mit Ihnen durchf\u00fchren, und Sie k\u00f6nnen Ihre Tauchkenntnisse mit Scuba Tune-Up Online auffrischen.<\/p><p>*Ihre PADI-Zertifizierung l\u00e4uft nicht ab. Die Teilnahme an PADI ReActivate\u2122 ist nicht verpflichtend, wird aber empfohlen, um Ihre grundlegenden Sicherheitskenntnisse und -fertigkeiten aufzufrischen, wenn Sie schon l\u00e4nger nicht mehr getaucht sind. Taucher, die sowohl die Auffrischung der Kenntnisse als auch der Fertigkeiten im Wasser absolvieren, erhalten eine Ersatzzertifizierungskarte mit dem Datum \"ReActivated thru\".<\/p>\t\t\t\t\t\t<\/div>\n\t\t\t\t<\/div>\n\t\t\t\t<div class=\"elementor-element elementor-element-f12d713 elementor-widget-divider--view-line sc_fly_static elementor-widget elementor-widget-divider\" data-id=\"f12d713\" data-element_type=\"widget\" data-widget_type=\"divider.default\">\n\t\t\t\t<div class=\"elementor-widget-container\">\n\t\t\t\t\t<div class=\"elementor-divider\">\n\t\t\t<span class=\"elementor-divider-separator\">\n\t\t\t\t\t\t<\/span>\n\t\t<\/div>\n\t\t\t\t<\/div>\n\t\t\t\t<\/div>\n\t\t\t\t<div class=\"elementor-element elementor-element-e560c35 sc_fly_static elementor-widget elementor-widget-text-editor\" data-id=\"e560c35\" data-element_type=\"widget\" data-widget_type=\"text-editor.default\">\n\t\t\t\t<div class=\"elementor-widget-container\">\n\t\t\t\t\t\t\t<p><strong>Akademisch<\/strong><\/p><p>Verwendung von\u00a0<em>ReActivate Touch<\/em>\u00a0(f\u00fcr Tablets oder mobile Ger\u00e4te) oder ReActivate Online (f\u00fcr Ihren PC) tauchen Sie in Tauchszenarien ein und treffen Entscheidungen, die Ihr Verst\u00e4ndnis f\u00fcr wichtige Konzepte der Tauchsicherheit, der Tauchgangsplanung und des Problemmanagements testen. Gehen Sie ReActivate in Ihrem eigenen Tempo durch und vertiefen Sie Themen, wenn Sie es brauchen oder m\u00f6chten.<\/p><p>Im Wasser wird Ihnen Ihr PADI Professional helfen, sich wieder wohl zu f\u00fchlen und Vertrauen in das Tauchen zu gewinnen. Sie \u00fcben ein paar sicherheitsrelevante Fertigkeiten und gehen dann alles durch, was Sie speziell wiederholen m\u00f6chten.<\/p><p><strong style=\"font-size: 1rem; letter-spacing: 0.38px;\">Ausr\u00fcstung<\/strong><\/p><p>Sie werden eine grundlegende Tauchausr\u00fcstung verwenden, einschlie\u00dflich Maske, Schnorchel, Flossen, Atemregler, BCD und Tauchflasche. Welchen Schutz Sie ben\u00f6tigen, h\u00e4ngt davon ab, ob Sie in einem Pool, einem begrenzten Gew\u00e4sser oder im Freiwasser tauchen. Ihr Tauchlehrer wird Ihnen weitere Ausr\u00fcstung erkl\u00e4ren, die Sie f\u00fcr ReActivate ben\u00f6tigen.<\/p><p><strong>Erste Schritte<\/strong><\/p><p>Kontaktieren Sie uns und erhalten Sie\u00a0<em>ReActivate Touch<\/em>\u00a0oder ReActivate Online und arbeiten Sie sich durch die Szenarien. Oder laden Sie die PADI App auf Ihr Tablet oder mobiles Ger\u00e4t herunter (falls Sie das nicht schon getan haben) und kaufen Sie\u00a0<em>ReActivate\u00a0<\/em>um sofort loszulegen. Vereinbaren Sie dann einen Termin f\u00fcr Ihre ReActivate-Wasserkurs-Sitzung.<\/p>\t\t\t\t\t\t<\/div>\n\t\t\t\t<\/div>\n\t\t\t\t<div class=\"elementor-element elementor-element-91f7d92 elementor-widget-divider--view-line sc_fly_static elementor-widget elementor-widget-divider\" data-id=\"91f7d92\" data-element_type=\"widget\" data-widget_type=\"divider.default\">\n\t\t\t\t<div class=\"elementor-widget-container\">\n\t\t\t\t\t<div class=\"elementor-divider\">\n\t\t\t<span class=\"elementor-divider-separator\">\n\t\t\t\t\t\t<\/span>\n\t\t<\/div>\n\t\t\t\t<\/div>\n\t\t\t\t<\/div>\n\t\t\t\t<div class=\"elementor-element elementor-element-ff4be43 sc_fly_static elementor-widget elementor-widget-heading\" data-id=\"ff4be43\" data-element_type=\"widget\" data-widget_type=\"heading.default\">\n\t\t\t\t<div class=\"elementor-widget-container\">\n\t\t\t<h4 class=\"elementor-heading-title elementor-size-default\">Preisgestaltung<\/h4>\t\t<\/div>\n\t\t\t\t<\/div>\n\t\t\t\t<div class=\"elementor-element elementor-element-7044a8a sc_fly_static elementor-widget elementor-widget-trx_sc_table\" data-id=\"7044a8a\" data-element_type=\"widget\" data-widget_type=\"trx_sc_table.default\">\n\t\t\t\t<div class=\"elementor-widget-container\">\n\t\t\t<div id=\"trx_sc_table_1224569712_wrap\" class=\"sc_table_wrap\"><div id=\"trx_sc_table_1224569712\"\n\t\t\tclass=\"sc_table sc_table_default trx_addons_inline_1390165332\"><table summary=\"pricing\" cellspacing=\"0\"><tbody><tr><th style=\"text-align: center;\">Scuba Re-Activate Course<\/th><th style=\"text-align: center;\">Preis (\u20ac)<\/th><\/tr><tr><td style=\"text-align: center;\">Scuba Re-Activate Course Geb\u00fchr f\u00fcr einen Tauchgang &amp; Re-Zertifizierung<\/td><td style=\"text-align: center;\">195<\/td><\/tr><tr><td style=\"text-align: center;\">Scuba Re-Activate Course Zwei-Tauchg\u00e4nge-Paket (2. Tauchgang mit dem Boot)<\/td><td style=\"text-align: center;\">245<\/td><\/tr><\/tbody><\/table><\/div><\/div><!-- \/.sc_table_wrap -->\t\t<\/div>\n\t\t\t\t<\/div>\n\t\t\t\t<div class=\"elementor-element elementor-element-0548205 elementor-widget-divider--view-line sc_fly_static elementor-widget elementor-widget-divider\" data-id=\"0548205\" data-element_type=\"widget\" data-widget_type=\"divider.default\">\n\t\t\t\t<div class=\"elementor-widget-container\">\n\t\t\t\t\t<div class=\"elementor-divider\">\n\t\t\t<span class=\"elementor-divider-separator\">\n\t\t\t\t\t\t<\/span>\n\t\t<\/div>\n\t\t\t\t<\/div>\n\t\t\t\t<\/div>\n\t\t\t\t<section class=\"elementor-section elementor-inner-section elementor-element elementor-element-accbd53 elementor-section-boxed elementor-section-height-default elementor-section-height-default\" data-id=\"accbd53\" data-element_type=\"section\">\n\t\t\t\t\t\t<div class=\"elementor-container elementor-column-gap-extended\">\n\t\t\t\t\t<div class=\"make-column-clickable-elementor elementor-column elementor-col-100 elementor-inner-column elementor-element elementor-element-1031c2c sc_inner_width_none sc_layouts_column_icons_position_left\" style=\"cursor: pointer;\" data-column-clickable=\"https:\/\/apps.padi.com\/scuba-diving\/elearning\/purchasecourse.aspx?courseid=56&amp;_ga=2.143748147.764057478.1571210490-1216068278.1570006227&amp;fbclid=IwAR2wwNMK6xWNdb5jq8KzUDx5na1JimO8l46zyG7hewhY7PPip4sVOSME1io\" data-column-clickable-blank=\"_blank\" data-id=\"1031c2c\" data-element_type=\"column\">\n\t\t\t<div class=\"elementor-widget-wrap elementor-element-populated\">\n\t\t\t\t\t\t<div class=\"elementor-element elementor-element-3061a74 sc_fly_static elementor-widget elementor-widget-heading\" data-id=\"3061a74\" data-element_type=\"widget\" data-widget_type=\"heading.default\">\n\t\t\t\t<div class=\"elementor-widget-container\">\n\t\t\t<h4 class=\"elementor-heading-title elementor-size-default\">Kaufen Sie einen E-Learning-Kurs<\/h4>\t\t<\/div>\n\t\t\t\t<\/div>\n\t\t\t\t<div class=\"elementor-element elementor-element-3893e03 sc_fly_static elementor-widget elementor-widget-image\" data-id=\"3893e03\" data-element_type=\"widget\" data-widget_type=\"image.default\">\n\t\t\t\t<div class=\"elementor-widget-container\">\n\t\t\t\t\t\t\t\t\t\t\t\t\t<img decoding=\"async\" width=\"300\" height=\"39\" data-src=\"https:\/\/www.dive.gr\/wp-content\/smush-webp\/2024\/09\/dive.gr-padi-eLearning-logo-300x39.png.webp\" class=\"attachment-medium size-medium wp-image-10258 lazyload\" alt=\"\" data-srcset=\"https:\/\/www.dive.gr\/wp-content\/smush-webp\/2024\/09\/dive.gr-padi-eLearning-logo-300x39.png.webp 300w, https:\/\/www.dive.gr\/wp-content\/smush-webp\/2024\/09\/dive.gr-padi-eLearning-logo-18x2.png.webp 18w, https:\/\/www.dive.gr\/wp-content\/smush-webp\/2024\/09\/dive.gr-padi-eLearning-logo-370x48.png.webp 370w, https:\/\/www.dive.gr\/wp-content\/smush-webp\/2024\/09\/dive.gr-padi-eLearning-logo.png.webp 436w\" data-sizes=\"(max-width: 300px) 100vw, 300px\" src=\"data:image\/svg+xml;base64,PHN2ZyB3aWR0aD0iMSIgaGVpZ2h0PSIxIiB4bWxucz0iaHR0cDovL3d3dy53My5vcmcvMjAwMC9zdmciPjwvc3ZnPg==\" style=\"--smush-placeholder-width: 300px; --smush-placeholder-aspect-ratio: 300\/39;\" \/>\t\t\t\t\t\t\t\t\t\t\t\t\t<\/div>\n\t\t\t\t<\/div>\n\t\t\t\t\t<\/div>\n\t\t<\/div>\n\t\t\t\t\t<\/div>\n\t\t<\/section>\n\t\t\t\t<div class=\"elementor-element elementor-element-cfa92e5 elementor-widget-divider--view-line sc_fly_static elementor-widget elementor-widget-divider\" data-id=\"cfa92e5\" data-element_type=\"widget\" data-widget_type=\"divider.default\">\n\t\t\t\t<div class=\"elementor-widget-container\">\n\t\t\t\t\t<div class=\"elementor-divider\">\n\t\t\t<span class=\"elementor-divider-separator\">\n\t\t\t\t\t\t<\/span>\n\t\t<\/div>\n\t\t\t\t<\/div>\n\t\t\t\t<\/div>\n\t\t\t\t<div class=\"elementor-element elementor-element-d71be12 sc_fly_static elementor-widget elementor-widget-heading\" data-id=\"d71be12\" data-element_type=\"widget\" data-widget_type=\"heading.default\">\n\t\t\t\t<div class=\"elementor-widget-container\">\n\t\t\t<h4 class=\"elementor-heading-title elementor-size-default\">Jetzt buchen<\/h4>\t\t<\/div>\n\t\t\t\t<\/div>\n\t\t\t\t<div class=\"elementor-element elementor-element-5dd152e sc_fly_static elementor-widget elementor-widget-shortcode\" data-id=\"5dd152e\" data-element_type=\"widget\" data-widget_type=\"shortcode.default\">\n\t\t\t\t<div class=\"elementor-widget-container\">\n\t\t\t\t\t<div class=\"elementor-shortcode\"><form id=\"forminator-module-9933\" class=\"forminator-custom-form forminator-custom-form-9933\" method=\"post\" data-forminator-render=\"0\" data-uid=\"69eafea31e492\" action=\"\"><div role=\"alert\" aria-live=\"polite\" class=\"forminator-response-message forminator-error\" aria-hidden=\"true\"><\/div><input type=\"hidden\" name=\"trp-form-language\" value=\"de\"\/><\/form><\/div>\n\t\t\t\t<\/div>\n\t\t\t\t<\/div>\n\t\t\t\t\t<\/div>\n\t\t<\/div>\n\t\t\t\t\t<\/div>\n\t\t<\/section>\n\t\t\t\t<\/div>","protected":false},"excerpt":{"rendered":"<p>Aktualisieren Sie Ihre Tauchfertigkeiten und -kenntnisse mit einer schnellen Auffrischung von...<\/p>","protected":false},"author":1,"featured_media":8753,"parent":0,"menu_order":0,"comment_status":"closed","ping_status":"closed","template":"","meta":{"_acf_changed":false,"footnotes":""},"program":[181],"class_list":["post-5431","page","type-page","status-publish","has-post-thumbnail","hentry","program-entry-level-courses"],"acf":[],"_links":{"self":[{"href":"https:\/\/www.dive.gr\/de\/wp-json\/wp\/v2\/pages\/5431","targetHints":{"allow":["GET"]}}],"collection":[{"href":"https:\/\/www.dive.gr\/de\/wp-json\/wp\/v2\/pages"}],"about":[{"href":"https:\/\/www.dive.gr\/de\/wp-json\/wp\/v2\/types\/page"}],"author":[{"embeddable":true,"href":"https:\/\/www.dive.gr\/de\/wp-json\/wp\/v2\/users\/1"}],"replies":[{"embeddable":true,"href":"https:\/\/www.dive.gr\/de\/wp-json\/wp\/v2\/comments?post=5431"}],"version-history":[{"count":16,"href":"https:\/\/www.dive.gr\/de\/wp-json\/wp\/v2\/pages\/5431\/revisions"}],"predecessor-version":[{"id":14809,"href":"https:\/\/www.dive.gr\/de\/wp-json\/wp\/v2\/pages\/5431\/revisions\/14809"}],"wp:featuredmedia":[{"embeddable":true,"href":"https:\/\/www.dive.gr\/de\/wp-json\/wp\/v2\/media\/8753"}],"wp:attachment":[{"href":"https:\/\/www.dive.gr\/de\/wp-json\/wp\/v2\/media?parent=5431"}],"wp:term":[{"taxonomy":"program","embeddable":true,"href":"https:\/\/www.dive.gr\/de\/wp-json\/wp\/v2\/program?post=5431"}],"curies":[{"name":"wp","href":"https:\/\/api.w.org\/{rel}","templated":true}]}}