{"id":5413,"date":"2024-08-05T22:12:00","date_gmt":"2024-08-05T22:12:00","guid":{"rendered":"https:\/\/www.dive.gr\/newsite\/?page_id=5413"},"modified":"2024-10-02T08:08:29","modified_gmt":"2024-10-02T08:08:29","slug":"search-and-recovery-diver-diving-course","status":"publish","type":"page","link":"https:\/\/www.dive.gr\/de\/search-and-recovery-diver-diving-course\/","title":{"rendered":"Such- und Bergungstaucher"},"content":{"rendered":"<div data-elementor-type=\"wp-post\" data-elementor-id=\"5413\" class=\"elementor elementor-5413\" data-elementor-post-type=\"page\">\n\t\t\t\t\t\t<section class=\"elementor-section elementor-top-section elementor-element elementor-element-b230b6f elementor-section-stretched elementor-section-full_width scheme_dark elementor-reverse-tablet elementor-reverse-mobile elementor-section-height-default elementor-section-height-default\" data-id=\"b230b6f\" data-element_type=\"section\" data-settings=\"{&quot;stretch_section&quot;:&quot;section-stretched&quot;}\">\n\t\t\t\t\t\t<div class=\"elementor-container elementor-column-gap-no\">\n\t\t\t\t\t<div class=\"elementor-column elementor-col-50 elementor-top-column elementor-element elementor-element-098adc1 sc_inner_width_none sc_layouts_column_icons_position_left\" data-id=\"098adc1\" data-element_type=\"column\" data-settings=\"{&quot;background_background&quot;:&quot;classic&quot;}\">\n\t\t\t<div class=\"elementor-widget-wrap elementor-element-populated\">\n\t\t\t\t\t\t<div class=\"elementor-element elementor-element-d92a0b5 sc_fly_static elementor-widget elementor-widget-heading\" data-id=\"d92a0b5\" data-element_type=\"widget\" data-widget_type=\"heading.default\">\n\t\t\t\t<div class=\"elementor-widget-container\">\n\t\t\t<h2 class=\"elementor-heading-title elementor-size-default\">Such- und Bergungstaucher<\/h2>\t\t<\/div>\n\t\t\t\t<\/div>\n\t\t\t\t<div class=\"elementor-element elementor-element-a3680cf sc_fly_static elementor-widget elementor-widget-text-editor\" data-id=\"a3680cf\" data-element_type=\"widget\" data-widget_type=\"text-editor.default\">\n\t\t\t\t<div class=\"elementor-widget-container\">\n\t\t\t\t\t\t\t<p>Holen Sie verlorene Gegenst\u00e4nde zur\u00fcck, die \u00fcber Bord oder \u00fcber einen Steg gefallen sind. Lernen Sie, effektiv zu schwimmen und einen Hebesack f\u00fcr schwere Gegenst\u00e4nde zu benutzen.<\/p>\t\t\t\t\t\t<\/div>\n\t\t\t\t<\/div>\n\t\t\t\t\t<\/div>\n\t\t<\/div>\n\t\t\t\t<div class=\"elementor-column elementor-col-50 elementor-top-column elementor-element elementor-element-bd94493 sc_inner_width_none sc_layouts_column_icons_position_left\" data-id=\"bd94493\" data-element_type=\"column\" data-settings=\"{&quot;background_background&quot;:&quot;classic&quot;}\">\n\t\t\t<div class=\"elementor-widget-wrap elementor-element-populated\">\n\t\t\t\t\t\t<section class=\"elementor-section elementor-inner-section elementor-element elementor-element-0130909 elementor-section-height-min-height elementor-section-boxed elementor-section-height-default\" data-id=\"0130909\" data-element_type=\"section\" data-settings=\"{&quot;background_background&quot;:&quot;video&quot;,&quot;background_video_link&quot;:&quot;https:\\\/\\\/www.dive.gr\\\/wp-content\\\/uploads\\\/2024\\\/09\\\/dive.gr-Mykonos-diving-center-intro-video.mp4&quot;}\">\n\t\t\t\t\t\t\t\t<div class=\"elementor-background-video-container elementor-hidden-phone\">\n\t\t\t\t\t\t\t\t\t\t\t\t\t<video class=\"elementor-background-video-hosted elementor-html5-video\" autoplay muted playsinline loop><\/video>\n\t\t\t\t\t\t\t\t\t\t\t<\/div>\n\t\t\t\t\t\t\t\t<div class=\"elementor-container elementor-column-gap-extended\">\n\t\t\t\t\t<div class=\"elementor-column elementor-col-100 elementor-inner-column elementor-element elementor-element-0016c9e sc_inner_width_none sc_layouts_column_icons_position_left\" data-id=\"0016c9e\" data-element_type=\"column\" data-settings=\"{&quot;background_background&quot;:&quot;classic&quot;}\">\n\t\t\t<div class=\"elementor-widget-wrap\">\n\t\t\t\t\t\t\t<\/div>\n\t\t<\/div>\n\t\t\t\t\t<\/div>\n\t\t<\/section>\n\t\t\t\t\t<\/div>\n\t\t<\/div>\n\t\t\t\t\t<\/div>\n\t\t<\/section>\n\t\t\t\t<section class=\"elementor-section elementor-top-section elementor-element elementor-element-2abe1a1 elementor-section-boxed elementor-section-height-default elementor-section-height-default\" data-id=\"2abe1a1\" data-element_type=\"section\" data-settings=\"{&quot;background_background&quot;:&quot;classic&quot;}\">\n\t\t\t\t\t\t<div class=\"elementor-container elementor-column-gap-extended\">\n\t\t\t\t\t<div class=\"elementor-column elementor-col-100 elementor-top-column elementor-element elementor-element-f39fccd sc_inner_width_none sc_layouts_column_icons_position_left\" data-id=\"f39fccd\" data-element_type=\"column\">\n\t\t\t<div class=\"elementor-widget-wrap elementor-element-populated\">\n\t\t\t\t\t\t<div class=\"elementor-element elementor-element-2e45deb sc_fly_static elementor-widget elementor-widget-text-editor\" data-id=\"2e45deb\" data-element_type=\"widget\" data-widget_type=\"text-editor.default\">\n\t\t\t\t<div class=\"elementor-widget-container\">\n\t\t\t\t\t\t\t<p>Das kommt vor: Menschen lassen versehentlich Dinge von Docks, von Booten oder sogar beim Tauchen fallen. Wenn Sie schon einmal etwas im Wasser verloren haben und es suchen wollten, dann ist der PADI Search and Recovery Diver Specialty Kurs genau das Richtige f\u00fcr Sie. Es gibt effektive Methoden, um unter Wasser nach Gegenst\u00e4nden zu suchen, die Ihre Erfolgsaussichten erh\u00f6hen. Und es gibt gute und bessere Methoden, um kleine, gro\u00dfe oder einfach nur unangenehme Gegenst\u00e4nde zu bergen. Suchen und Bergen kann eine Herausforderung sein, aber auch eine Menge Spa\u00df machen.<\/p><p>PADI (Junior) Fortgeschrittene Open Water Divers, die mindestens 12 Jahre alt sind, k\u00f6nnen sich f\u00fcr den Search and Recover Diver Kurs anmelden. PADI (Junior) Open Water Divers mit einem PADI Unterwasser-Navigator-Zertifikat sind ebenfalls qualifiziert.<\/p>\t\t\t\t\t\t<\/div>\n\t\t\t\t<\/div>\n\t\t\t\t<div class=\"elementor-element elementor-element-f12d713 elementor-widget-divider--view-line sc_fly_static elementor-widget elementor-widget-divider\" data-id=\"f12d713\" data-element_type=\"widget\" data-widget_type=\"divider.default\">\n\t\t\t\t<div class=\"elementor-widget-container\">\n\t\t\t\t\t<div class=\"elementor-divider\">\n\t\t\t<span class=\"elementor-divider-separator\">\n\t\t\t\t\t\t<\/span>\n\t\t<\/div>\n\t\t\t\t<\/div>\n\t\t\t\t<\/div>\n\t\t\t\t<div class=\"elementor-element elementor-element-e560c35 sc_fly_static elementor-widget elementor-widget-text-editor\" data-id=\"e560c35\" data-element_type=\"widget\" data-widget_type=\"text-editor.default\">\n\t\t\t\t<div class=\"elementor-widget-container\">\n\t\t\t\t\t\t\t<p><strong>Akademisch<\/strong><\/p><p>Das Sammeln von Informationen und Ressourcen und die sorgf\u00e4ltige Planung einer Suche sind die ersten wichtigen Schritte, die Sie lernen. W\u00e4hrend vier Tauchg\u00e4ngen werden Sie \u00fcben:<\/p><ul><li><p>Schwimmen Sie Suchmuster mit Hilfe Ihres Kompasses und der nat\u00fcrlichen Navigation.<\/p><\/li><li><p>Auffinden gro\u00dfer und kleiner Objekte mit Hilfe verschiedener Suchmuster.<\/p><\/li><li><p>Verwendung eines Hebekissens f\u00fcr gro\u00dfe oder schwere Gegenst\u00e4nde sowie andere Bergungsmethoden.<\/p><\/li><li><p>Planung einer Suchaktion auf der Grundlage von Fakten, die vor dem Tauchgang \u00fcber ein verlorenes Objekt gesammelt wurden.<\/p><\/li><\/ul><p>M\u00f6glicherweise k\u00f6nnen Sie sich den Kurs \"Suchen und Bergen\" f\u00fcr das College anrechnen lassen - fragen Sie Ihren Ausbilder.<\/p><p>Au\u00dferdem kann der erste Tauchgang dieses PADI Specialty Diver Kurses als Abenteuertauchgang f\u00fcr Ihre Advanced Open Water Diver Zertifizierung angerechnet werden - fragen Sie Ihren Tauchlehrer nach der Anrechnung.<\/p><p><strong style=\"font-size: 1rem; letter-spacing: 0.38px;\">Ausr\u00fcstung<\/strong><\/p><p>Neben Ihrer grundlegenden Tauchausr\u00fcstung ben\u00f6tigen Sie einen Kompass und eine Unterwasser-Tafel. Ihr PADI Instructor kann Ihnen weitere Ausr\u00fcstungsgegenst\u00e4nde empfehlen, die Ihnen bei der Suche helfen k\u00f6nnen, z.B. eine Tauchlampe, Markierungsbojen, Leinen und Rollen.<\/p><p><strong>Erste Schritte<\/strong><\/p><p>Besuchen Sie uns, um sich f\u00fcr den Kurs einzuschreiben und einen PADI Search and\u00a0<em>Bergungs-Crew-Pak\u00a0<\/em>das Ihr Handbuch und das Video enth\u00e4lt. Wenn Sie vor dem Unterricht lernen, sind Sie besser darauf vorbereitet, Ihre Such- und Bergungsf\u00e4higkeiten zu \u00fcben, wenn Sie sich mit Ihrem Ausbilder treffen.<\/p>\t\t\t\t\t\t<\/div>\n\t\t\t\t<\/div>\n\t\t\t\t<div class=\"elementor-element elementor-element-fe8c87c elementor-widget-divider--view-line sc_fly_static elementor-widget elementor-widget-divider\" data-id=\"fe8c87c\" data-element_type=\"widget\" data-widget_type=\"divider.default\">\n\t\t\t\t<div class=\"elementor-widget-container\">\n\t\t\t\t\t<div class=\"elementor-divider\">\n\t\t\t<span class=\"elementor-divider-separator\">\n\t\t\t\t\t\t<\/span>\n\t\t<\/div>\n\t\t\t\t<\/div>\n\t\t\t\t<\/div>\n\t\t\t\t<div class=\"elementor-element elementor-element-d71be12 sc_fly_static elementor-widget elementor-widget-heading\" data-id=\"d71be12\" data-element_type=\"widget\" data-widget_type=\"heading.default\">\n\t\t\t\t<div class=\"elementor-widget-container\">\n\t\t\t<h4 class=\"elementor-heading-title elementor-size-default\">Jetzt buchen<\/h4>\t\t<\/div>\n\t\t\t\t<\/div>\n\t\t\t\t<div class=\"elementor-element elementor-element-5dd152e sc_fly_static elementor-widget elementor-widget-shortcode\" data-id=\"5dd152e\" data-element_type=\"widget\" data-widget_type=\"shortcode.default\">\n\t\t\t\t<div class=\"elementor-widget-container\">\n\t\t\t\t\t<div class=\"elementor-shortcode\"><form id=\"forminator-module-9933\" class=\"forminator-custom-form forminator-custom-form-9933\" method=\"post\" data-forminator-render=\"0\" data-uid=\"69ff72e4baf46\" action=\"\"><div role=\"alert\" aria-live=\"polite\" class=\"forminator-response-message forminator-error\" aria-hidden=\"true\"><\/div><input type=\"hidden\" name=\"trp-form-language\" value=\"de\"\/><\/form><\/div>\n\t\t\t\t<\/div>\n\t\t\t\t<\/div>\n\t\t\t\t\t<\/div>\n\t\t<\/div>\n\t\t\t\t\t<\/div>\n\t\t<\/section>\n\t\t\t\t<\/div>","protected":false},"excerpt":{"rendered":"<p>Holen Sie verlorene Gegenst\u00e4nde zur\u00fcck, die \u00fcber Bord oder \u00fcber einen Steg gefallen sind. Erfahren Sie...<\/p>","protected":false},"author":1,"featured_media":7762,"parent":0,"menu_order":0,"comment_status":"closed","ping_status":"closed","template":"","meta":{"_acf_changed":false,"footnotes":""},"program":[179],"class_list":["post-5413","page","type-page","status-publish","has-post-thumbnail","hentry","program-specialty-courses"],"acf":[],"_links":{"self":[{"href":"https:\/\/www.dive.gr\/de\/wp-json\/wp\/v2\/pages\/5413","targetHints":{"allow":["GET"]}}],"collection":[{"href":"https:\/\/www.dive.gr\/de\/wp-json\/wp\/v2\/pages"}],"about":[{"href":"https:\/\/www.dive.gr\/de\/wp-json\/wp\/v2\/types\/page"}],"author":[{"embeddable":true,"href":"https:\/\/www.dive.gr\/de\/wp-json\/wp\/v2\/users\/1"}],"replies":[{"embeddable":true,"href":"https:\/\/www.dive.gr\/de\/wp-json\/wp\/v2\/comments?post=5413"}],"version-history":[{"count":16,"href":"https:\/\/www.dive.gr\/de\/wp-json\/wp\/v2\/pages\/5413\/revisions"}],"predecessor-version":[{"id":14839,"href":"https:\/\/www.dive.gr\/de\/wp-json\/wp\/v2\/pages\/5413\/revisions\/14839"}],"wp:featuredmedia":[{"embeddable":true,"href":"https:\/\/www.dive.gr\/de\/wp-json\/wp\/v2\/media\/7762"}],"wp:attachment":[{"href":"https:\/\/www.dive.gr\/de\/wp-json\/wp\/v2\/media?parent=5413"}],"wp:term":[{"taxonomy":"program","embeddable":true,"href":"https:\/\/www.dive.gr\/de\/wp-json\/wp\/v2\/program?post=5413"}],"curies":[{"name":"wp","href":"https:\/\/api.w.org\/{rel}","templated":true}]}}