{"id":5408,"date":"2024-08-05T22:07:47","date_gmt":"2024-08-05T22:07:47","guid":{"rendered":"https:\/\/www.dive.gr\/newsite\/?page_id=5408"},"modified":"2024-10-02T08:08:09","modified_gmt":"2024-10-02T08:08:09","slug":"digital-underwater-photographer-diving-course","status":"publish","type":"page","link":"https:\/\/www.dive.gr\/de\/digital-underwater-photographer-diving-course\/","title":{"rendered":"Digitaler Unterwasserfotograf"},"content":{"rendered":"<div data-elementor-type=\"wp-post\" data-elementor-id=\"5408\" class=\"elementor elementor-5408\" data-elementor-post-type=\"page\">\n\t\t\t\t\t\t<section class=\"elementor-section elementor-top-section elementor-element elementor-element-b230b6f elementor-section-stretched elementor-section-full_width scheme_dark elementor-reverse-tablet elementor-reverse-mobile elementor-section-height-default elementor-section-height-default\" data-id=\"b230b6f\" data-element_type=\"section\" data-settings=\"{&quot;stretch_section&quot;:&quot;section-stretched&quot;}\">\n\t\t\t\t\t\t<div class=\"elementor-container elementor-column-gap-no\">\n\t\t\t\t\t<div class=\"elementor-column elementor-col-50 elementor-top-column elementor-element elementor-element-098adc1 sc_inner_width_none sc_layouts_column_icons_position_left\" data-id=\"098adc1\" data-element_type=\"column\" data-settings=\"{&quot;background_background&quot;:&quot;classic&quot;}\">\n\t\t\t<div class=\"elementor-widget-wrap elementor-element-populated\">\n\t\t\t\t\t\t<div class=\"elementor-element elementor-element-d92a0b5 sc_fly_static elementor-widget elementor-widget-heading\" data-id=\"d92a0b5\" data-element_type=\"widget\" data-widget_type=\"heading.default\">\n\t\t\t\t<div class=\"elementor-widget-container\">\n\t\t\t<h2 class=\"elementor-heading-title elementor-size-default\">Digitaler Unterwasserfotograf<\/h2>\t\t<\/div>\n\t\t\t\t<\/div>\n\t\t\t\t<div class=\"elementor-element elementor-element-a3680cf sc_fly_static elementor-widget elementor-widget-text-editor\" data-id=\"a3680cf\" data-element_type=\"widget\" data-widget_type=\"text-editor.default\">\n\t\t\t\t<div class=\"elementor-widget-container\">\n\t\t\t\t\t\t\t<p>Der beliebteste Kurs f\u00fcr Tauchspezialit\u00e4ten. Es ist einfach und macht Spa\u00df, Bilder von Ihren Unterwasser-Tauchabenteuern zu machen.<\/p>\t\t\t\t\t\t<\/div>\n\t\t\t\t<\/div>\n\t\t\t\t\t<\/div>\n\t\t<\/div>\n\t\t\t\t<div class=\"elementor-column elementor-col-50 elementor-top-column elementor-element elementor-element-bd94493 sc_inner_width_none sc_layouts_column_icons_position_left\" data-id=\"bd94493\" data-element_type=\"column\" data-settings=\"{&quot;background_background&quot;:&quot;classic&quot;}\">\n\t\t\t<div class=\"elementor-widget-wrap elementor-element-populated\">\n\t\t\t\t\t\t<section class=\"elementor-section elementor-inner-section elementor-element elementor-element-0130909 elementor-section-height-min-height elementor-section-boxed elementor-section-height-default\" data-id=\"0130909\" data-element_type=\"section\" data-settings=\"{&quot;background_background&quot;:&quot;video&quot;,&quot;background_video_start&quot;:65,&quot;background_video_end&quot;:160,&quot;background_video_link&quot;:&quot;https:\\\/\\\/www.dive.gr\\\/wp-content\\\/uploads\\\/2024\\\/09\\\/dive.gr-Mykonos-diving-center-intro-video.mp4&quot;}\">\n\t\t\t\t\t\t\t\t<div class=\"elementor-background-video-container elementor-hidden-phone\">\n\t\t\t\t\t\t\t\t\t\t\t\t\t<video class=\"elementor-background-video-hosted elementor-html5-video\" autoplay muted playsinline loop><\/video>\n\t\t\t\t\t\t\t\t\t\t\t<\/div>\n\t\t\t\t\t\t\t\t<div class=\"elementor-container elementor-column-gap-extended\">\n\t\t\t\t\t<div class=\"elementor-column elementor-col-100 elementor-inner-column elementor-element elementor-element-0016c9e sc_inner_width_none sc_layouts_column_icons_position_left\" data-id=\"0016c9e\" data-element_type=\"column\" data-settings=\"{&quot;background_background&quot;:&quot;classic&quot;}\">\n\t\t\t<div class=\"elementor-widget-wrap\">\n\t\t\t\t\t\t\t<\/div>\n\t\t<\/div>\n\t\t\t\t\t<\/div>\n\t\t<\/section>\n\t\t\t\t\t<\/div>\n\t\t<\/div>\n\t\t\t\t\t<\/div>\n\t\t<\/section>\n\t\t\t\t<section class=\"elementor-section elementor-top-section elementor-element elementor-element-2abe1a1 elementor-section-boxed elementor-section-height-default elementor-section-height-default\" data-id=\"2abe1a1\" data-element_type=\"section\" data-settings=\"{&quot;background_background&quot;:&quot;classic&quot;}\">\n\t\t\t\t\t\t<div class=\"elementor-container elementor-column-gap-extended\">\n\t\t\t\t\t<div class=\"elementor-column elementor-col-100 elementor-top-column elementor-element elementor-element-f39fccd sc_inner_width_none sc_layouts_column_icons_position_left\" data-id=\"f39fccd\" data-element_type=\"column\">\n\t\t\t<div class=\"elementor-widget-wrap elementor-element-populated\">\n\t\t\t\t\t\t<div class=\"elementor-element elementor-element-2e45deb sc_fly_static elementor-widget elementor-widget-text-editor\" data-id=\"2e45deb\" data-element_type=\"widget\" data-widget_type=\"text-editor.default\">\n\t\t\t\t<div class=\"elementor-widget-container\">\n\t\t\t\t\t\t\t<p>Die Unterwasserfotografie ist eine der beliebtesten Tauchspezialit\u00e4ten, und mit der gro\u00dfen Auswahl an Unterwasserkameras ist es einfacher und unterhaltsamer denn je geworden, Bilder von Ihren Tauchabenteuern unter Wasser festzuhalten. Mit dem Kurs PADI Digitaler Unterwasserfotograf k\u00f6nnen Sie schnell loslegen, ganz gleich, ob Sie eine Point-and-Shoot-Kamera oder eine hochentwickelte dSLR wie die Profis verwenden.<\/p><p>PADI (Junior) Open Water Divers, die mindestens 10 Jahre alt sind, sind berechtigt, den Kurs Digitaler Unterwasserfotograf zu belegen.<\/p><p>Da die Unterwasserfotografie auch bei Schnorchlern sehr beliebt ist, gibt es eine Option f\u00fcr begeisterte Schnorchler und Taucher, den Kurs zu absolvieren. Sprechen Sie uns an, wenn Sie daran interessiert sind.<\/p>\t\t\t\t\t\t<\/div>\n\t\t\t\t<\/div>\n\t\t\t\t<div class=\"elementor-element elementor-element-f12d713 elementor-widget-divider--view-line sc_fly_static elementor-widget elementor-widget-divider\" data-id=\"f12d713\" data-element_type=\"widget\" data-widget_type=\"divider.default\">\n\t\t\t\t<div class=\"elementor-widget-container\">\n\t\t\t\t\t<div class=\"elementor-divider\">\n\t\t\t<span class=\"elementor-divider-separator\">\n\t\t\t\t\t\t<\/span>\n\t\t<\/div>\n\t\t\t\t<\/div>\n\t\t\t\t<\/div>\n\t\t\t\t<div class=\"elementor-element elementor-element-e560c35 sc_fly_static elementor-widget elementor-widget-text-editor\" data-id=\"e560c35\" data-element_type=\"widget\" data-widget_type=\"text-editor.default\">\n\t\t\t\t<div class=\"elementor-widget-container\">\n\t\t\t\t\t\t\t<p><strong>Akademisch<\/strong><\/p><p>Durch praktisches Training w\u00e4hrend zweier Tauchg\u00e4nge und unter Anleitung Ihres PADI-Professionals werden Sie entdecken:<\/p><ul><li><p>Wie Sie das richtige Unterwasserkamerasystem f\u00fcr sich ausw\u00e4hlen.<\/p><\/li><li><p>Die PADI SEA-Methode (Shoot, Examine, Adjust), mit der Sie schnell tolle Aufnahmen machen k\u00f6nnen.<\/p><\/li><li><p>Grunds\u00e4tze f\u00fcr eine gute Komposition von Unterwasserbildern.<\/p><\/li><li><p>Praktische Techniken, um mit Ihrer Digitalkamera gro\u00dfartige Fotos zu machen.<\/p><\/li><\/ul><p>Lassen Sie sich anrechnen! Der zweite Tauchgang dieses PADI Specialty Diver Kurses kann als Abenteuertauchgang f\u00fcr Ihre Advanced Open Water Diver Zertifizierung angerechnet werden - fragen Sie Ihren Tauchlehrer nach der Anrechnung.<\/p><p><strong style=\"font-size: 1rem; letter-spacing: 0.38px;\">Ausr\u00fcstung<\/strong><\/p><p>Neben einer einfachen Tauchausr\u00fcstung ben\u00f6tigen Sie eine digitale Unterwasserkamera und einen Computer oder ein anderes Ger\u00e4t zum Herunterladen und Betrachten Ihrer Bilder. Ihr PADI Pro empfiehlt Ihnen je nach Kamerasystem m\u00f6glicherweise zus\u00e4tzliche Ausr\u00fcstung und Zubeh\u00f6r.<\/p><p>Kontaktieren Sie uns, um sich \u00fcber alles beraten zu lassen, was Sie f\u00fcr Ihre Unterwasserfotografie-Abenteuer ben\u00f6tigen.<\/p><p><strong>Erste Schritte<\/strong><\/p><p>Melden Sie sich f\u00fcr Digital Underwater Photographer Online an - die eLearning-Option von PADI - und legen Sie sofort los. Das webbasierte System f\u00fchrt Sie durch die Prinzipien der Unterwasserfotografie und enth\u00e4lt einen zus\u00e4tzlichen Abschnitt \u00fcber Unterwasseraufnahmen (einschlie\u00dflich Video). Sie lernen in Ihrem eigenen Tempo durch ein einfach zu bedienendes, interaktives Programm. Sie haben auch Zugang zu einer Online-Version des\u00a0<em>Handbuch f\u00fcr digitale Unterwasserfotografen<\/em>.<\/p><p>Sie haben auch die M\u00f6glichkeit, die Papierversion des\u00a0<em>Handbuch f\u00fcr digitale Unterwasserfotografen<\/em>. Kommen Sie vorbei, um sich f\u00fcr den Kurs anzumelden, Ihre Materialien zu erhalten und mit dem Lernen zu beginnen. Ihr PADI-Professional wird sich mit Ihnen treffen, um die Wiederholung der Kenntnisse zusammen mit Ihren Tauchg\u00e4ngen zu planen.<\/p>\t\t\t\t\t\t<\/div>\n\t\t\t\t<\/div>\n\t\t\t\t<div class=\"elementor-element elementor-element-fe8c87c elementor-widget-divider--view-line sc_fly_static elementor-widget elementor-widget-divider\" data-id=\"fe8c87c\" data-element_type=\"widget\" data-widget_type=\"divider.default\">\n\t\t\t\t<div class=\"elementor-widget-container\">\n\t\t\t\t\t<div class=\"elementor-divider\">\n\t\t\t<span class=\"elementor-divider-separator\">\n\t\t\t\t\t\t<\/span>\n\t\t<\/div>\n\t\t\t\t<\/div>\n\t\t\t\t<\/div>\n\t\t\t\t<div class=\"elementor-element elementor-element-d71be12 sc_fly_static elementor-widget elementor-widget-heading\" data-id=\"d71be12\" data-element_type=\"widget\" data-widget_type=\"heading.default\">\n\t\t\t\t<div class=\"elementor-widget-container\">\n\t\t\t<h4 class=\"elementor-heading-title elementor-size-default\">Jetzt buchen<\/h4>\t\t<\/div>\n\t\t\t\t<\/div>\n\t\t\t\t<div class=\"elementor-element elementor-element-5dd152e sc_fly_static elementor-widget elementor-widget-shortcode\" data-id=\"5dd152e\" data-element_type=\"widget\" data-widget_type=\"shortcode.default\">\n\t\t\t\t<div class=\"elementor-widget-container\">\n\t\t\t\t\t<div class=\"elementor-shortcode\"><form id=\"forminator-module-9933\" class=\"forminator-custom-form forminator-custom-form-9933\" method=\"post\" data-forminator-render=\"0\" data-uid=\"69ff6fa16e607\" action=\"\"><div role=\"alert\" aria-live=\"polite\" class=\"forminator-response-message forminator-error\" aria-hidden=\"true\"><\/div><input type=\"hidden\" name=\"trp-form-language\" value=\"de\"\/><\/form><\/div>\n\t\t\t\t<\/div>\n\t\t\t\t<\/div>\n\t\t\t\t\t<\/div>\n\t\t<\/div>\n\t\t\t\t\t<\/div>\n\t\t<\/section>\n\t\t\t\t<\/div>","protected":false},"excerpt":{"rendered":"<p>Der beliebteste Kurs f\u00fcr Tauchspezialit\u00e4ten. Es ist einfach und macht Spa\u00df, zu...<\/p>","protected":false},"author":1,"featured_media":7738,"parent":0,"menu_order":0,"comment_status":"closed","ping_status":"closed","template":"","meta":{"_acf_changed":false,"footnotes":""},"program":[179],"class_list":["post-5408","page","type-page","status-publish","has-post-thumbnail","hentry","program-specialty-courses"],"acf":[],"_links":{"self":[{"href":"https:\/\/www.dive.gr\/de\/wp-json\/wp\/v2\/pages\/5408","targetHints":{"allow":["GET"]}}],"collection":[{"href":"https:\/\/www.dive.gr\/de\/wp-json\/wp\/v2\/pages"}],"about":[{"href":"https:\/\/www.dive.gr\/de\/wp-json\/wp\/v2\/types\/page"}],"author":[{"embeddable":true,"href":"https:\/\/www.dive.gr\/de\/wp-json\/wp\/v2\/users\/1"}],"replies":[{"embeddable":true,"href":"https:\/\/www.dive.gr\/de\/wp-json\/wp\/v2\/comments?post=5408"}],"version-history":[{"count":13,"href":"https:\/\/www.dive.gr\/de\/wp-json\/wp\/v2\/pages\/5408\/revisions"}],"predecessor-version":[{"id":14836,"href":"https:\/\/www.dive.gr\/de\/wp-json\/wp\/v2\/pages\/5408\/revisions\/14836"}],"wp:featuredmedia":[{"embeddable":true,"href":"https:\/\/www.dive.gr\/de\/wp-json\/wp\/v2\/media\/7738"}],"wp:attachment":[{"href":"https:\/\/www.dive.gr\/de\/wp-json\/wp\/v2\/media?parent=5408"}],"wp:term":[{"taxonomy":"program","embeddable":true,"href":"https:\/\/www.dive.gr\/de\/wp-json\/wp\/v2\/program?post=5408"}],"curies":[{"name":"wp","href":"https:\/\/api.w.org\/{rel}","templated":true}]}}