{"id":5388,"date":"2024-08-07T21:55:37","date_gmt":"2024-08-07T21:55:37","guid":{"rendered":"https:\/\/www.dive.gr\/newsite\/?page_id=5388"},"modified":"2024-10-02T08:14:14","modified_gmt":"2024-10-02T08:14:14","slug":"assistant-instructor","status":"publish","type":"page","link":"https:\/\/www.dive.gr\/de\/assistant-instructor\/","title":{"rendered":"Assistant Instructor"},"content":{"rendered":"<div data-elementor-type=\"wp-post\" data-elementor-id=\"5388\" class=\"elementor elementor-5388\" data-elementor-post-type=\"page\">\n\t\t\t\t\t\t<section class=\"elementor-section elementor-top-section elementor-element elementor-element-b230b6f elementor-section-stretched elementor-section-full_width scheme_dark elementor-reverse-tablet elementor-reverse-mobile elementor-section-height-default elementor-section-height-default\" data-id=\"b230b6f\" data-element_type=\"section\" data-settings=\"{&quot;stretch_section&quot;:&quot;section-stretched&quot;}\">\n\t\t\t\t\t\t<div class=\"elementor-container elementor-column-gap-no\">\n\t\t\t\t\t<div class=\"elementor-column elementor-col-50 elementor-top-column elementor-element elementor-element-098adc1 sc_inner_width_none sc_layouts_column_icons_position_left\" data-id=\"098adc1\" data-element_type=\"column\" data-settings=\"{&quot;background_background&quot;:&quot;classic&quot;}\">\n\t\t\t<div class=\"elementor-widget-wrap elementor-element-populated\">\n\t\t\t\t\t\t<div class=\"elementor-element elementor-element-d92a0b5 sc_fly_static elementor-widget elementor-widget-heading\" data-id=\"d92a0b5\" data-element_type=\"widget\" data-widget_type=\"heading.default\">\n\t\t\t\t<div class=\"elementor-widget-container\">\n\t\t\t<h2 class=\"elementor-heading-title elementor-size-default\">Assistant Instructor<\/h2>\t\t<\/div>\n\t\t\t\t<\/div>\n\t\t\t\t<div class=\"elementor-element elementor-element-a3680cf sc_fly_static elementor-widget elementor-widget-text-editor\" data-id=\"a3680cf\" data-element_type=\"widget\" data-widget_type=\"text-editor.default\">\n\t\t\t\t<div class=\"elementor-widget-container\">\n\t\t\t\t\t\t\t<p>Beginnen Sie hier, um ein PADI Dive Instructor zu werden. Teilen Sie Ihre Leidenschaft mit anderen und helfen Sie ihnen, die gleiche Freude am Tauchen zu erleben, die Sie haben.<\/p>\t\t\t\t\t\t<\/div>\n\t\t\t\t<\/div>\n\t\t\t\t\t<\/div>\n\t\t<\/div>\n\t\t\t\t<div class=\"elementor-column elementor-col-50 elementor-top-column elementor-element elementor-element-bd94493 sc_inner_width_none sc_layouts_column_icons_position_left\" data-id=\"bd94493\" data-element_type=\"column\" data-settings=\"{&quot;background_background&quot;:&quot;classic&quot;}\">\n\t\t\t<div class=\"elementor-widget-wrap elementor-element-populated\">\n\t\t\t\t\t\t<section class=\"elementor-section elementor-inner-section elementor-element elementor-element-0130909 elementor-section-height-min-height elementor-section-boxed elementor-section-height-default\" data-id=\"0130909\" data-element_type=\"section\" data-settings=\"{&quot;background_background&quot;:&quot;video&quot;,&quot;background_video_link&quot;:&quot;https:\\\/\\\/www.dive.gr\\\/wp-content\\\/uploads\\\/2024\\\/09\\\/dive.gr-Mykonos-diving-center-intro-video.mp4&quot;}\">\n\t\t\t\t\t\t\t\t<div class=\"elementor-background-video-container elementor-hidden-phone\">\n\t\t\t\t\t\t\t\t\t\t\t\t\t<video class=\"elementor-background-video-hosted elementor-html5-video\" autoplay muted playsinline loop><\/video>\n\t\t\t\t\t\t\t\t\t\t\t<\/div>\n\t\t\t\t\t\t\t\t<div class=\"elementor-container elementor-column-gap-extended\">\n\t\t\t\t\t<div class=\"elementor-column elementor-col-100 elementor-inner-column elementor-element elementor-element-0016c9e sc_inner_width_none sc_layouts_column_icons_position_left\" data-id=\"0016c9e\" data-element_type=\"column\" data-settings=\"{&quot;background_background&quot;:&quot;classic&quot;}\">\n\t\t\t<div class=\"elementor-widget-wrap\">\n\t\t\t\t\t\t\t<\/div>\n\t\t<\/div>\n\t\t\t\t\t<\/div>\n\t\t<\/section>\n\t\t\t\t\t<\/div>\n\t\t<\/div>\n\t\t\t\t\t<\/div>\n\t\t<\/section>\n\t\t\t\t<section class=\"elementor-section elementor-top-section elementor-element elementor-element-2abe1a1 elementor-section-boxed elementor-section-height-default elementor-section-height-default\" data-id=\"2abe1a1\" data-element_type=\"section\" data-settings=\"{&quot;background_background&quot;:&quot;classic&quot;}\">\n\t\t\t\t\t\t<div class=\"elementor-container elementor-column-gap-extended\">\n\t\t\t\t\t<div class=\"elementor-column elementor-col-100 elementor-top-column elementor-element elementor-element-f39fccd sc_inner_width_none sc_layouts_column_icons_position_left\" data-id=\"f39fccd\" data-element_type=\"column\">\n\t\t\t<div class=\"elementor-widget-wrap elementor-element-populated\">\n\t\t\t\t\t\t<div class=\"elementor-element elementor-element-2e45deb sc_fly_static elementor-widget elementor-widget-text-editor\" data-id=\"2e45deb\" data-element_type=\"widget\" data-widget_type=\"text-editor.default\">\n\t\t\t\t<div class=\"elementor-widget-container\">\n\t\t\t\t\t\t\t<p>Wenn Sie Menschen m\u00f6gen, eine Leidenschaft f\u00fcr das Tauchen haben und ein au\u00dfergew\u00f6hnliches Leben f\u00fchren wollen - werden Sie ein PADI Instructor. Als Tauchlehrer k\u00f6nnen Sie Ihre Liebe zur Unterwasserwelt mit anderen teilen, w\u00e4hrend Sie das tun, was Ihnen Spa\u00df macht - im, am und unter Wasser zu sein. PADI Open Water Scuba Instructors und PADI Assistant Instructors sind die begehrtesten Tauchprofis auf der ganzen Welt, weil sie das Programm absolviert haben, das den Standard f\u00fcr die Ausbildung von Tauchprofis setzt. Sie\u00a0<i>verdienen<\/i>\u00a0ein PADI Instructor Rating durch harte Arbeit und Engagement, aber Sie werden mit einem Job belohnt, der es Ihnen erm\u00f6glicht, unglaubliche Unterwasserabenteuer mit anderen zu teilen - deren Leben zum Besseren zu ver\u00e4ndern und Ihres zu bereichern.<\/p><p>Sind Sie bereit, sich in die Riege der engagierten Profis einzureihen, die die weltweit fortschrittlichsten und beliebtesten Ausbildungsprogramme f\u00fcr Taucher unterrichten? Dann werden Sie PRO<sup>SM<\/sup>\u00a0mit einer Instructor Entwicklung Course.<\/p><p>Der Instructor Development Course (IDC) besteht aus zwei Teilen - dem Assistant Instructor (AI) Kurs und dem Open Water Scuba Instructor (OWSI) Programm. Die meisten Tauchprofis absolvieren den gesamten IDC und nehmen anschlie\u00dfend an einer Instructor-Pr\u00fcfung (IE) teil, die der letzte Schritt zum Erwerb des PADI-Zertifikats ist.<\/p><p>Der erfolgreiche Abschluss des AI-Kurses f\u00fchrt zu einer PADI Assistant Instructor Qualifikation. Wenn ein AI bereit ist, sich weiterzuentwickeln, erm\u00f6glicht die Teilnahme an einem OWSI-Programm den Eintritt in eine IE, um eine vollst\u00e4ndige PADI Instructor-Bewertung zu erwerben.<\/p><p>Tauchprofis, die eine Tauchlehrerberechtigung bei einer anderen Tauchausbildungsorganisation besitzen, k\u00f6nnen sich direkt f\u00fcr das OWSI-Programm anmelden. Damit wird eine fr\u00fchere Tauchlehrerausbildung anerkannt und ein Weg zum PADI Instructor er\u00f6ffnet.<\/p><p>Ein PADI Divemaster, der seit sechs Monaten ein zertifizierter Taucher ist, kann sich f\u00fcr den PADI Instructor Development Course anmelden. Sie ben\u00f6tigen au\u00dferdem:<\/p><ul><li><p>Mindestens 60 geloggte Tauchg\u00e4nge und 100 Tauchg\u00e4nge f\u00fcr die Teilnahme an einer IE.<\/p><\/li><li><p>Erste-Hilfe-Kurse f\u00fcr die Erst- und Zweitversorgung (CPR und Erste Hilfe) innerhalb der letzten 24 Monate.<\/p><\/li><li><p>Ein von einem Arzt innerhalb der letzten 12 Monate unterzeichnetes \u00e4rztliches Attest<\/p><\/li><\/ul><p>Sie m\u00fcssen auch ein Emergency First Response Instructor sein, aber Sie k\u00f6nnen diese Berechtigung w\u00e4hrend Ihrer Ausbilderausbildung erwerben.<\/p><p>Eine Instructor-Pr\u00fcfung (IE) ist ein zweit\u00e4giges Bewertungsprogramm, bei dem die p\u00e4dagogischen F\u00e4higkeiten, die tauchtheoretischen Kenntnisse, die Fertigkeiten, das Verst\u00e4ndnis des PADI-Systems sowie die Einstellung und Professionalit\u00e4t eines Tauchlehrerkandidaten gepr\u00fcft werden. PADI IEs sind standardisiert und werden von speziell ausgebildeten PADI Instructor Examiners durchgef\u00fchrt. Der Pr\u00fcfungsort, die Pr\u00fcfungsumgebung und die Pr\u00fcfungssitzungen sind so organisiert, dass sie so objektiv wie m\u00f6glich sind, um die F\u00e4higkeiten der Kandidaten fair und einheitlich zu bewerten. Nur wer die Leistungsanforderungen der IE erf\u00fcllt, erh\u00e4lt die angesehene PADI Instructor Zertifizierung. Die Teilnahme an einer IE ist geb\u00fchrenpflichtig.<\/p>\t\t\t\t\t\t<\/div>\n\t\t\t\t<\/div>\n\t\t\t\t<div class=\"elementor-element elementor-element-f12d713 elementor-widget-divider--view-line sc_fly_static elementor-widget elementor-widget-divider\" data-id=\"f12d713\" data-element_type=\"widget\" data-widget_type=\"divider.default\">\n\t\t\t\t<div class=\"elementor-widget-container\">\n\t\t\t\t\t<div class=\"elementor-divider\">\n\t\t\t<span class=\"elementor-divider-separator\">\n\t\t\t\t\t\t<\/span>\n\t\t<\/div>\n\t\t\t\t<\/div>\n\t\t\t\t<\/div>\n\t\t\t\t<div class=\"elementor-element elementor-element-e560c35 sc_fly_static elementor-widget elementor-widget-text-editor\" data-id=\"e560c35\" data-element_type=\"widget\" data-widget_type=\"text-editor.default\">\n\t\t\t\t<div class=\"elementor-widget-container\">\n\t\t\t\t\t\t\t<p><strong>Akademisch<\/strong><\/p><p>Der IDC dauert mindestens f\u00fcnf, in der Regel aber eher sieben Tage, in denen Sie lernen, alle PADI-Kernkurse durchzuf\u00fchren. Sie werden in der Lage sein, Informationen zu organisieren und zu pr\u00e4sentieren, Trainingseinheiten zu leiten und Freiwassertauchg\u00e4nge zu kontrollieren. Im Grunde genommen werden Sie ein besserer \u00f6ffentlicher Redner und werden richtig gut darin, Fertigkeiten zu demonstrieren und gleichzeitig auf die Sicherheit der Tauchsch\u00fcler zu achten. Zu den wichtigsten Themen geh\u00f6ren:<\/p><ul><li><p>PADI Standards und Verfahren f\u00fcr Kurse, mit denen Sie in Wasserwerkst\u00e4tten unterrichten k\u00f6nnen<\/p><\/li><li><p>Lernen, Unterweisung und das PADI-System<\/p><\/li><li><p>Risikomanagement und Tauchsicherheit<\/p><\/li><li><p>Das Gesch\u00e4ft des Tauchens und Ihre Rolle als Ausbilder<\/p><\/li><li><p>Marketing-Tauchen und Verkaufsberatung<\/p><\/li><\/ul><p>M\u00f6glicherweise k\u00f6nnen Sie den Kurs Assistant Instructor und Instructor Entwicklung Course anrechnen lassen.<\/p><p><strong style=\"font-size: 1rem; letter-spacing: 0.38px;\">Ausr\u00fcstung<\/strong><\/p><p>Als Tauchprofi sollten Sie \u00fcber die gesamte Grundausr\u00fcstung verf\u00fcgen, einschlie\u00dflich eines Tauchcomputers, eines Tauchmessers und mindestens zwei Oberfl\u00e4chensignalgebern. Bei praktischen \u00dcbungen, wie z.B. Unterwasserkartierung und Suchen und Bergen, werden Sie einen Kompass, Schwimmer, Markierungsbojen, Hebekissen und Schiefertafeln verwenden. Ihr PADI Instructor kann Ihnen weitere Ausr\u00fcstungsgegenst\u00e4nde empfehlen, die w\u00e4hrend Ihrer Tauchkarriere n\u00fctzlich sein werden.<\/p><p>Erkundigen Sie sich bei Ihrer \u00f6rtlichen Tauchschule nach allem, was Sie als Tauchprofi brauchen.<\/p><p><strong>Erste Schritte<\/strong><\/p><p>Melden Sie sich f\u00fcr IDC Online an - die eLearning-Option von PADI, mit der Sie vor dem Unterricht unabh\u00e4ngig und in Ihrem eigenen Tempo lernen k\u00f6nnen. Es gibt neun interaktive Abschnitte zum Wissensaufbau. Durch das Online-Vorstudium sparen Sie Zeit im Klassenzimmer und haben so mehr Zeit, die F\u00e4higkeiten zu \u00fcben, die Sie als PADI auszeichnen.<\/p><p>Melden Sie sich auch f\u00fcr Dive Theory Online an, wenn Sie es noch nicht absolviert haben oder es mehr als ein Jahr her ist, dass Sie es gemacht haben. Das Programm ist eine unkomplizierte Wiederholung der Tauchphysik, Physiologie, Fertigkeiten, Ausr\u00fcstung und Umgebung sowie der Verwendung des Recreational Dive Planner (RDP). Wenn Sie Dive Theory Online erfolgreich abschlie\u00dfen, k\u00f6nnen Sie sich die Tauchtheoriepr\u00fcfung f\u00fcr Ihren IDC anrechnen lassen.<\/p><p>Besuchen Sie unser PADI Five Star Dive Resort und fragen Sie nach dem IDC.<\/p>\t\t\t\t\t\t<\/div>\n\t\t\t\t<\/div>\n\t\t\t\t<div class=\"elementor-element elementor-element-fe8c87c elementor-widget-divider--view-line sc_fly_static elementor-widget elementor-widget-divider\" data-id=\"fe8c87c\" data-element_type=\"widget\" data-widget_type=\"divider.default\">\n\t\t\t\t<div class=\"elementor-widget-container\">\n\t\t\t\t\t<div class=\"elementor-divider\">\n\t\t\t<span class=\"elementor-divider-separator\">\n\t\t\t\t\t\t<\/span>\n\t\t<\/div>\n\t\t\t\t<\/div>\n\t\t\t\t<\/div>\n\t\t\t\t<div class=\"elementor-element elementor-element-d71be12 sc_fly_static elementor-widget elementor-widget-heading\" data-id=\"d71be12\" data-element_type=\"widget\" data-widget_type=\"heading.default\">\n\t\t\t\t<div class=\"elementor-widget-container\">\n\t\t\t<h4 class=\"elementor-heading-title elementor-size-default\">Jetzt buchen<\/h4>\t\t<\/div>\n\t\t\t\t<\/div>\n\t\t\t\t<div class=\"elementor-element elementor-element-5dd152e sc_fly_static elementor-widget elementor-widget-shortcode\" data-id=\"5dd152e\" data-element_type=\"widget\" data-widget_type=\"shortcode.default\">\n\t\t\t\t<div class=\"elementor-widget-container\">\n\t\t\t\t\t<div class=\"elementor-shortcode\"><form id=\"forminator-module-9933\" class=\"forminator-custom-form forminator-custom-form-9933\" method=\"post\" data-forminator-render=\"0\" data-uid=\"69eade27b9bcf\" action=\"\"><div role=\"alert\" aria-live=\"polite\" class=\"forminator-response-message forminator-error\" aria-hidden=\"true\"><\/div><input type=\"hidden\" name=\"trp-form-language\" value=\"de\"\/><\/form><\/div>\n\t\t\t\t<\/div>\n\t\t\t\t<\/div>\n\t\t\t\t\t<\/div>\n\t\t<\/div>\n\t\t\t\t\t<\/div>\n\t\t<\/section>\n\t\t\t\t<\/div>","protected":false},"excerpt":{"rendered":"<p>Beginnen Sie hier, um ein PADI Dive Instructor zu werden. Teilen Sie Ihre Leidenschaft mit...<\/p>","protected":false},"author":1,"featured_media":7719,"parent":0,"menu_order":0,"comment_status":"closed","ping_status":"closed","template":"","meta":{"_acf_changed":false,"footnotes":""},"program":[178],"class_list":["post-5388","page","type-page","status-publish","has-post-thumbnail","hentry","program-leadership-courses"],"acf":[],"_links":{"self":[{"href":"https:\/\/www.dive.gr\/de\/wp-json\/wp\/v2\/pages\/5388","targetHints":{"allow":["GET"]}}],"collection":[{"href":"https:\/\/www.dive.gr\/de\/wp-json\/wp\/v2\/pages"}],"about":[{"href":"https:\/\/www.dive.gr\/de\/wp-json\/wp\/v2\/types\/page"}],"author":[{"embeddable":true,"href":"https:\/\/www.dive.gr\/de\/wp-json\/wp\/v2\/users\/1"}],"replies":[{"embeddable":true,"href":"https:\/\/www.dive.gr\/de\/wp-json\/wp\/v2\/comments?post=5388"}],"version-history":[{"count":13,"href":"https:\/\/www.dive.gr\/de\/wp-json\/wp\/v2\/pages\/5388\/revisions"}],"predecessor-version":[{"id":14854,"href":"https:\/\/www.dive.gr\/de\/wp-json\/wp\/v2\/pages\/5388\/revisions\/14854"}],"wp:featuredmedia":[{"embeddable":true,"href":"https:\/\/www.dive.gr\/de\/wp-json\/wp\/v2\/media\/7719"}],"wp:attachment":[{"href":"https:\/\/www.dive.gr\/de\/wp-json\/wp\/v2\/media?parent=5388"}],"wp:term":[{"taxonomy":"program","embeddable":true,"href":"https:\/\/www.dive.gr\/de\/wp-json\/wp\/v2\/program?post=5388"}],"curies":[{"name":"wp","href":"https:\/\/api.w.org\/{rel}","templated":true}]}}