{"id":5382,"date":"2024-08-05T21:48:15","date_gmt":"2024-08-05T21:48:15","guid":{"rendered":"https:\/\/www.dive.gr\/newsite\/?page_id=5382"},"modified":"2024-10-02T08:14:21","modified_gmt":"2024-10-02T08:14:21","slug":"divemaster-diving-course","status":"publish","type":"page","link":"https:\/\/www.dive.gr\/de\/divemaster-diving-course\/","title":{"rendered":"Divemaster"},"content":{"rendered":"<div data-elementor-type=\"wp-post\" data-elementor-id=\"5382\" class=\"elementor elementor-5382\" data-elementor-post-type=\"page\">\n\t\t\t\t\t\t<section class=\"elementor-section elementor-top-section elementor-element elementor-element-b230b6f elementor-section-stretched elementor-section-full_width scheme_dark elementor-reverse-tablet elementor-reverse-mobile elementor-section-height-default elementor-section-height-default\" data-id=\"b230b6f\" data-element_type=\"section\" data-settings=\"{&quot;stretch_section&quot;:&quot;section-stretched&quot;}\">\n\t\t\t\t\t\t<div class=\"elementor-container elementor-column-gap-no\">\n\t\t\t\t\t<div class=\"elementor-column elementor-col-50 elementor-top-column elementor-element elementor-element-098adc1 sc_inner_width_none sc_layouts_column_icons_position_left\" data-id=\"098adc1\" data-element_type=\"column\" data-settings=\"{&quot;background_background&quot;:&quot;classic&quot;}\">\n\t\t\t<div class=\"elementor-widget-wrap elementor-element-populated\">\n\t\t\t\t\t\t<div class=\"elementor-element elementor-element-d92a0b5 sc_fly_static elementor-widget elementor-widget-heading\" data-id=\"d92a0b5\" data-element_type=\"widget\" data-widget_type=\"heading.default\">\n\t\t\t\t<div class=\"elementor-widget-container\">\n\t\t\t<h2 class=\"elementor-heading-title elementor-size-default\">Divemaster<\/h2>\t\t<\/div>\n\t\t\t\t<\/div>\n\t\t\t\t<div class=\"elementor-element elementor-element-a3680cf sc_fly_static elementor-widget elementor-widget-text-editor\" data-id=\"a3680cf\" data-element_type=\"widget\" data-widget_type=\"text-editor.default\">\n\t\t\t\t<div class=\"elementor-widget-container\">\n\t\t\t\t\t\t\t<p>Werden Sie eine F\u00fchrungspers\u00f6nlichkeit, die andere anleitet und motiviert. Erwerben Sie Tauchkenntnisse, \u00dcberwachungsf\u00e4higkeiten und werden Sie ein Vorbild f\u00fcr Taucher auf der ganzen Welt.<\/p>\t\t\t\t\t\t<\/div>\n\t\t\t\t<\/div>\n\t\t\t\t\t<\/div>\n\t\t<\/div>\n\t\t\t\t<div class=\"elementor-column elementor-col-50 elementor-top-column elementor-element elementor-element-bd94493 sc_inner_width_none sc_layouts_column_icons_position_left\" data-id=\"bd94493\" data-element_type=\"column\" data-settings=\"{&quot;background_background&quot;:&quot;classic&quot;}\">\n\t\t\t<div class=\"elementor-widget-wrap elementor-element-populated\">\n\t\t\t\t\t\t<section class=\"elementor-section elementor-inner-section elementor-element elementor-element-0130909 elementor-section-height-min-height elementor-section-boxed elementor-section-height-default\" data-id=\"0130909\" data-element_type=\"section\" data-settings=\"{&quot;background_background&quot;:&quot;video&quot;,&quot;background_video_link&quot;:&quot;https:\\\/\\\/www.dive.gr\\\/wp-content\\\/uploads\\\/2024\\\/09\\\/dive.gr-Mykonos-diving-center-intro-video.mp4&quot;}\">\n\t\t\t\t\t\t\t\t<div class=\"elementor-background-video-container elementor-hidden-phone\">\n\t\t\t\t\t\t\t\t\t\t\t\t\t<video class=\"elementor-background-video-hosted elementor-html5-video\" autoplay muted playsinline loop><\/video>\n\t\t\t\t\t\t\t\t\t\t\t<\/div>\n\t\t\t\t\t\t\t\t<div class=\"elementor-container elementor-column-gap-extended\">\n\t\t\t\t\t<div class=\"elementor-column elementor-col-100 elementor-inner-column elementor-element elementor-element-0016c9e sc_inner_width_none sc_layouts_column_icons_position_left\" data-id=\"0016c9e\" data-element_type=\"column\" data-settings=\"{&quot;background_background&quot;:&quot;classic&quot;}\">\n\t\t\t<div class=\"elementor-widget-wrap\">\n\t\t\t\t\t\t\t<\/div>\n\t\t<\/div>\n\t\t\t\t\t<\/div>\n\t\t<\/section>\n\t\t\t\t\t<\/div>\n\t\t<\/div>\n\t\t\t\t\t<\/div>\n\t\t<\/section>\n\t\t\t\t<section class=\"elementor-section elementor-top-section elementor-element elementor-element-2abe1a1 elementor-section-boxed elementor-section-height-default elementor-section-height-default\" data-id=\"2abe1a1\" data-element_type=\"section\" data-settings=\"{&quot;background_background&quot;:&quot;classic&quot;}\">\n\t\t\t\t\t\t<div class=\"elementor-container elementor-column-gap-extended\">\n\t\t\t\t\t<div class=\"elementor-column elementor-col-100 elementor-top-column elementor-element elementor-element-f39fccd sc_inner_width_none sc_layouts_column_icons_position_left\" data-id=\"f39fccd\" data-element_type=\"column\">\n\t\t\t<div class=\"elementor-widget-wrap elementor-element-populated\">\n\t\t\t\t\t\t<div class=\"elementor-element elementor-element-2e45deb sc_fly_static elementor-widget elementor-widget-text-editor\" data-id=\"2e45deb\" data-element_type=\"widget\" data-widget_type=\"text-editor.default\">\n\t\t\t\t<div class=\"elementor-widget-container\">\n\t\t\t\t\t\t\t<p>Sie lieben das Tauchen? M\u00f6chten Sie es mit anderen auf einer ganz neuen Ebene teilen? Machen Sie den PADI Divemaster-Kurs und machen Sie das, was Sie gerne tun, zum Beruf. Taucher blicken zu Divemastern auf, denn sie sind F\u00fchrungspers\u00f6nlichkeiten, die andere anleiten und motivieren. Als Divemaster k\u00f6nnen Sie nicht nur viel tauchen, sondern auch die Freude erleben, wenn Sie sehen, dass andere genauso viel Spa\u00df am Tauchen haben wie Sie selbst.<\/p><p>Der PADI Divemaster-Kurs ist Ihre erste Stufe der professionellen Ausbildung. In enger Zusammenarbeit mit einem PADI Instructor verfeinern Sie Ihre Tauchfertigkeiten, wie z.B. das m\u00fchelose Schweben, und verfeinern Ihre Rettungsfertigkeiten, so dass Sie h\u00e4ufige Probleme vorhersehen und leicht l\u00f6sen k\u00f6nnen. Sie erwerben Tauchkenntnisse, Management- und \u00dcberwachungsf\u00e4higkeiten, so dass Sie ein Vorbild f\u00fcr Taucher auf der ganzen Welt werden.<\/p><p>Als PADI Divemaster leiten Sie andere an, indem Sie Tauchaktivit\u00e4ten beaufsichtigen und bei der Ausbildung von Tauchern helfen. Egal, ob Sie an einem weit entfernten Tauchziel oder in der N\u00e4he Ihres Heimatortes in einem lokalen Tauchshop arbeiten m\u00f6chten, das Abenteuer Ihres Lebens wartet auf Sie.<\/p><p>PADI Divemaster sind angesehene Tauchprofis, die sich der gr\u00f6\u00dften und angesehensten Tauchorganisation der Welt angeschlossen haben - PADI.<\/p><p>PADI Rescue Divers, die mindestens 18 Jahre alt sind, k\u00f6nnen sich f\u00fcr den PADI Divemaster-Kurs anmelden. Sie m\u00fcssen au\u00dferdem folgende Voraussetzungen erf\u00fcllen:<\/p><ul><li>Erste-Hilfe-Kurse f\u00fcr die Erst- und Zweitversorgung (CPR und Erste Hilfe) innerhalb der letzten 24 Monate.<\/li><li>Eine \u00e4rztliche Bescheinigung, die innerhalb der letzten 12 Monate von einem Arzt unterzeichnet wurde.<\/li><li>Mindestens 40 geloggte Tauchg\u00e4nge, um den Kurs zu beginnen und 60 Tauchg\u00e4nge, um die Zertifizierung zu erhalten.<\/li><\/ul><p>Beachten Sie, dass qualifizierte Zertifizierungen von anderen Tauchausbildungsorganisationen gelten k\u00f6nnen - fragen Sie Ihren PADI Instructor<\/p>\t\t\t\t\t\t<\/div>\n\t\t\t\t<\/div>\n\t\t\t\t<div class=\"elementor-element elementor-element-f12d713 elementor-widget-divider--view-line sc_fly_static elementor-widget elementor-widget-divider\" data-id=\"f12d713\" data-element_type=\"widget\" data-widget_type=\"divider.default\">\n\t\t\t\t<div class=\"elementor-widget-container\">\n\t\t\t\t\t<div class=\"elementor-divider\">\n\t\t\t<span class=\"elementor-divider-separator\">\n\t\t\t\t\t\t<\/span>\n\t\t<\/div>\n\t\t\t\t<\/div>\n\t\t\t\t<\/div>\n\t\t\t\t<div class=\"elementor-element elementor-element-e560c35 sc_fly_static elementor-widget elementor-widget-text-editor\" data-id=\"e560c35\" data-element_type=\"widget\" data-widget_type=\"text-editor.default\">\n\t\t\t\t<div class=\"elementor-widget-container\">\n\t\t\t\t\t\t\t<p><strong>Akademisch<\/strong><\/p><p>Der PADI Divemaster Kurs lehrt Sie, eine F\u00fchrungsrolle zu \u00fcbernehmen und Tauchaktivit\u00e4ten zu leiten. Durch Wissenserweiterung, \u00dcbungen und Workshops zu Wasserthemen und praktische \u00dcbungen entwickeln Sie die F\u00e4higkeiten, eine Vielzahl von Tauchaktivit\u00e4ten zu organisieren und zu leiten. Die Themen und praktischen Workshops umfassen:<\/p><ul><li>Die Rolle und die Eigenschaften des PADI Divemasters<\/li><li>Beaufsichtigung von Tauchaktivit\u00e4ten und Unterst\u00fctzung von Tauchsch\u00fclern<\/li><li>Sicherheit und Risikomanagement f\u00fcr Taucher<\/li><li>Divemaster gef\u00fchrte Programme und spezielle F\u00e4higkeiten<\/li><li>Das Gesch\u00e4ft mit dem Tauchen und Ihre Karriere<\/li><li>Bewusstsein f\u00fcr die Tauchumgebung<\/li><li>Einrichtung und Verwaltung von Tauchg\u00e4ngen<\/li><li>Kartierung einer offenen Wasserfl\u00e4che<\/li><li>Durchf\u00fchren von Tauchgangsbesprechungen<\/li><li>Organisation eines Such- und Bergungsprojekts und eines Deep Dives<\/li><li>Durchf\u00fchrung einer Tauchpr\u00fcfung und eines Tauchkurses f\u00fcr Taucher<\/li><li>Assistenz bei Discover Scuba Diving und Leitung von Discover Local Diving Programmen<\/li><\/ul><p>M\u00f6glicherweise k\u00f6nnen Sie sich den Divemaster-Kurs auf dem College anrechnen lassen - fragen Sie Ihren Ausbilder.<\/p><p><strong style=\"font-size: 1rem; letter-spacing: 0.38px;\">Ausr\u00fcstung<\/strong><\/p><p>Als Tauchprofi sollten Sie \u00fcber die gesamte Grundausr\u00fcstung verf\u00fcgen, einschlie\u00dflich eines Tauchcomputers, eines Tauchmessers und mindestens zwei Oberfl\u00e4chensignalgebern. Bei praktischen \u00dcbungen, wie z.B. Unterwasserkartierung und Suchen und Bergen, werden Sie einen Kompass, Schwimmer, Markierungsbojen, Hebekissen und Schiefertafeln verwenden. Ihr PADI Instructor kann Ihnen weitere Ausr\u00fcstungsgegenst\u00e4nde empfehlen, die w\u00e4hrend Ihrer Tauchkarriere n\u00fctzlich sein werden.<\/p><p>Erkundigen Sie sich bei Ihrer \u00f6rtlichen Tauchschule nach allem, was Sie als Tauchprofi brauchen.<\/p><p><strong>Erste Schritte<\/strong><\/p><p>Melden Sie sich f\u00fcr Divemaster Online an - die eLearning-Option von PADI - und beginnen Sie jetzt. Sie k\u00f6nnen mit einem webbasierten System acht Abschnitte zur Wissensentwicklung durcharbeiten, so dass Sie in Ihrem eigenen Tempo lernen k\u00f6nnen. Sie haben auch Zugang zu einer Online-Version des Divemaster-Handbuchs, das Sie w\u00e4hrend und nach dem Kurs nachschlagen k\u00f6nnen. Eine weitere M\u00f6glichkeit besteht darin, das Divemaster-Handbuch zu lesen und das Divemaster-Video (ein Paket aus Buch und DVD) anzusehen. Besuchen Sie Ihr lokales PADI Dive Center oder Resort, um sich f\u00fcr den Kurs anzumelden und Ihr Divemaster Crew-Pak zu erhalten, das auch andere Referenzmaterialien - wie das PADI Instructor Manual und The Encyclopedia of Recreational Diving - enth\u00e4lt, die Sie w\u00e4hrend des Kurses ben\u00f6tigen werden.<\/p><p>Nehmen Sie an Dive Theory Online teil, einem weiteren PADI eLearning\u00ae Programm, das Sie Schritt f\u00fcr Schritt durch die Tauchphysik, Physiologie, Fertigkeiten, Ausr\u00fcstung und Umgebung f\u00fchrt und zus\u00e4tzlich einen Recreational Dive Planner (RDP) enth\u00e4lt. Wenn Sie Dive Theory Online erfolgreich absolvieren, k\u00f6nnen Sie sich die H\u00e4lfte der Divemaster-Abschlusspr\u00fcfung anrechnen lassen. Ihr PADI Instructor kann Ihnen erkl\u00e4ren, wie das funktioniert, wenn Sie sich treffen, um die Wiederholung des Wissens zusammen mit Ihren \u00dcbungen zu den Wasserfertigkeiten, Workshops und praktischen Pr\u00fcfungen zu planen.<\/p>\t\t\t\t\t\t<\/div>\n\t\t\t\t<\/div>\n\t\t\t\t<div class=\"elementor-element elementor-element-fe8c87c elementor-widget-divider--view-line sc_fly_static elementor-widget elementor-widget-divider\" data-id=\"fe8c87c\" data-element_type=\"widget\" data-widget_type=\"divider.default\">\n\t\t\t\t<div class=\"elementor-widget-container\">\n\t\t\t\t\t<div class=\"elementor-divider\">\n\t\t\t<span class=\"elementor-divider-separator\">\n\t\t\t\t\t\t<\/span>\n\t\t<\/div>\n\t\t\t\t<\/div>\n\t\t\t\t<\/div>\n\t\t\t\t<div class=\"elementor-element elementor-element-d71be12 sc_fly_static elementor-widget elementor-widget-heading\" data-id=\"d71be12\" data-element_type=\"widget\" data-widget_type=\"heading.default\">\n\t\t\t\t<div class=\"elementor-widget-container\">\n\t\t\t<h4 class=\"elementor-heading-title elementor-size-default\">Jetzt buchen<\/h4>\t\t<\/div>\n\t\t\t\t<\/div>\n\t\t\t\t<div class=\"elementor-element elementor-element-5dd152e sc_fly_static elementor-widget elementor-widget-shortcode\" data-id=\"5dd152e\" data-element_type=\"widget\" data-widget_type=\"shortcode.default\">\n\t\t\t\t<div class=\"elementor-widget-container\">\n\t\t\t\t\t<div class=\"elementor-shortcode\"><form id=\"forminator-module-9933\" class=\"forminator-custom-form forminator-custom-form-9933\" method=\"post\" data-forminator-render=\"0\" data-uid=\"69ff83e492588\" action=\"\"><div role=\"alert\" aria-live=\"polite\" class=\"forminator-response-message forminator-error\" aria-hidden=\"true\"><\/div><input type=\"hidden\" name=\"trp-form-language\" value=\"de\"\/><\/form><\/div>\n\t\t\t\t<\/div>\n\t\t\t\t<\/div>\n\t\t\t\t\t<\/div>\n\t\t<\/div>\n\t\t\t\t\t<\/div>\n\t\t<\/section>\n\t\t\t\t<\/div>","protected":false},"excerpt":{"rendered":"<p>Seien Sie eine F\u00fchrungspers\u00f6nlichkeit, die andere anleitet und motiviert. Erwerben Sie Tauchkenntnisse, Aufsicht...<\/p>","protected":false},"author":1,"featured_media":8738,"parent":0,"menu_order":0,"comment_status":"closed","ping_status":"closed","template":"","meta":{"_acf_changed":false,"footnotes":""},"program":[178],"class_list":["post-5382","page","type-page","status-publish","has-post-thumbnail","hentry","program-leadership-courses"],"acf":[],"_links":{"self":[{"href":"https:\/\/www.dive.gr\/de\/wp-json\/wp\/v2\/pages\/5382","targetHints":{"allow":["GET"]}}],"collection":[{"href":"https:\/\/www.dive.gr\/de\/wp-json\/wp\/v2\/pages"}],"about":[{"href":"https:\/\/www.dive.gr\/de\/wp-json\/wp\/v2\/types\/page"}],"author":[{"embeddable":true,"href":"https:\/\/www.dive.gr\/de\/wp-json\/wp\/v2\/users\/1"}],"replies":[{"embeddable":true,"href":"https:\/\/www.dive.gr\/de\/wp-json\/wp\/v2\/comments?post=5382"}],"version-history":[{"count":13,"href":"https:\/\/www.dive.gr\/de\/wp-json\/wp\/v2\/pages\/5382\/revisions"}],"predecessor-version":[{"id":14857,"href":"https:\/\/www.dive.gr\/de\/wp-json\/wp\/v2\/pages\/5382\/revisions\/14857"}],"wp:featuredmedia":[{"embeddable":true,"href":"https:\/\/www.dive.gr\/de\/wp-json\/wp\/v2\/media\/8738"}],"wp:attachment":[{"href":"https:\/\/www.dive.gr\/de\/wp-json\/wp\/v2\/media?parent=5382"}],"wp:term":[{"taxonomy":"program","embeddable":true,"href":"https:\/\/www.dive.gr\/de\/wp-json\/wp\/v2\/program?post=5382"}],"curies":[{"name":"wp","href":"https:\/\/api.w.org\/{rel}","templated":true}]}}