{"id":5353,"date":"2024-08-06T21:26:37","date_gmt":"2024-08-06T21:26:37","guid":{"rendered":"https:\/\/www.dive.gr\/newsite\/?page_id=5353"},"modified":"2024-10-02T07:48:44","modified_gmt":"2024-10-02T07:48:44","slug":"advanced-open-water","status":"publish","type":"page","link":"https:\/\/www.dive.gr\/de\/advanced-open-water\/","title":{"rendered":"Fortgeschrittenes Freiwasser"},"content":{"rendered":"<div data-elementor-type=\"wp-post\" data-elementor-id=\"5353\" class=\"elementor elementor-5353\" data-elementor-post-type=\"page\">\n\t\t\t\t\t\t<section class=\"elementor-section elementor-top-section elementor-element elementor-element-b230b6f elementor-section-stretched elementor-section-full_width scheme_dark elementor-reverse-tablet elementor-reverse-mobile elementor-section-height-default elementor-section-height-default\" data-id=\"b230b6f\" data-element_type=\"section\" data-settings=\"{&quot;stretch_section&quot;:&quot;section-stretched&quot;}\">\n\t\t\t\t\t\t<div class=\"elementor-container elementor-column-gap-no\">\n\t\t\t\t\t<div class=\"elementor-column elementor-col-50 elementor-top-column elementor-element elementor-element-098adc1 sc_inner_width_none sc_layouts_column_icons_position_left\" data-id=\"098adc1\" data-element_type=\"column\" data-settings=\"{&quot;background_background&quot;:&quot;classic&quot;}\">\n\t\t\t<div class=\"elementor-widget-wrap elementor-element-populated\">\n\t\t\t\t\t\t<div class=\"elementor-element elementor-element-d92a0b5 sc_fly_static elementor-widget elementor-widget-heading\" data-id=\"d92a0b5\" data-element_type=\"widget\" data-widget_type=\"heading.default\">\n\t\t\t\t<div class=\"elementor-widget-container\">\n\t\t\t<h2 class=\"elementor-heading-title elementor-size-default\">Fortgeschrittenes Freiwasser<\/h2>\t\t<\/div>\n\t\t\t\t<\/div>\n\t\t\t\t<div class=\"elementor-element elementor-element-a3680cf sc_fly_static elementor-widget elementor-widget-text-editor\" data-id=\"a3680cf\" data-element_type=\"widget\" data-widget_type=\"text-editor.default\">\n\t\t\t\t<div class=\"elementor-widget-container\">\n\t\t\t\t\t\t\t<p>Dieser Kurs kann nach Abschluss der PADI Open Water Diver Zertifizierung absolviert werden. Er tr\u00e4gt den Titel PADI Advanced Open Water Diver, weil er Ihre Tauchkenntnisse und -fertigkeiten erweitert.<\/p>\t\t\t\t\t\t<\/div>\n\t\t\t\t<\/div>\n\t\t\t\t\t<\/div>\n\t\t<\/div>\n\t\t\t\t<div class=\"elementor-column elementor-col-50 elementor-top-column elementor-element elementor-element-bd94493 sc_inner_width_none sc_layouts_column_icons_position_left\" data-id=\"bd94493\" data-element_type=\"column\" data-settings=\"{&quot;background_background&quot;:&quot;classic&quot;}\">\n\t\t\t<div class=\"elementor-widget-wrap elementor-element-populated\">\n\t\t\t\t\t\t<section class=\"elementor-section elementor-inner-section elementor-element elementor-element-0130909 elementor-section-height-min-height elementor-section-boxed elementor-section-height-default\" data-id=\"0130909\" data-element_type=\"section\" data-settings=\"{&quot;background_background&quot;:&quot;video&quot;,&quot;background_video_link&quot;:&quot;https:\\\/\\\/www.dive.gr\\\/wp-content\\\/uploads\\\/2024\\\/09\\\/dive.gr-Mykonos-diving-center-intro-video.mp4&quot;}\">\n\t\t\t\t\t\t\t\t<div class=\"elementor-background-video-container elementor-hidden-phone\">\n\t\t\t\t\t\t\t\t\t\t\t\t\t<video class=\"elementor-background-video-hosted elementor-html5-video\" autoplay muted playsinline loop><\/video>\n\t\t\t\t\t\t\t\t\t\t\t<\/div>\n\t\t\t\t\t\t\t\t<div class=\"elementor-container elementor-column-gap-extended\">\n\t\t\t\t\t<div class=\"elementor-column elementor-col-100 elementor-inner-column elementor-element elementor-element-0016c9e sc_inner_width_none sc_layouts_column_icons_position_left\" data-id=\"0016c9e\" data-element_type=\"column\" data-settings=\"{&quot;background_background&quot;:&quot;classic&quot;}\">\n\t\t\t<div class=\"elementor-widget-wrap\">\n\t\t\t\t\t\t\t<\/div>\n\t\t<\/div>\n\t\t\t\t\t<\/div>\n\t\t<\/section>\n\t\t\t\t\t<\/div>\n\t\t<\/div>\n\t\t\t\t\t<\/div>\n\t\t<\/section>\n\t\t\t\t<section class=\"elementor-section elementor-top-section elementor-element elementor-element-2abe1a1 elementor-section-boxed elementor-section-height-default elementor-section-height-default\" data-id=\"2abe1a1\" data-element_type=\"section\" data-settings=\"{&quot;background_background&quot;:&quot;classic&quot;}\">\n\t\t\t\t\t\t<div class=\"elementor-container elementor-column-gap-extended\">\n\t\t\t\t\t<div class=\"elementor-column elementor-col-100 elementor-top-column elementor-element elementor-element-f39fccd sc_inner_width_none sc_layouts_column_icons_position_left\" data-id=\"f39fccd\" data-element_type=\"column\">\n\t\t\t<div class=\"elementor-widget-wrap elementor-element-populated\">\n\t\t\t\t\t\t<div class=\"elementor-element elementor-element-2e45deb sc_fly_static elementor-widget elementor-widget-text-editor\" data-id=\"2e45deb\" data-element_type=\"widget\" data-widget_type=\"text-editor.default\">\n\t\t\t\t<div class=\"elementor-widget-container\">\n\t\t\t\t\t\t\t<p>Der Kurs PADI Advanced Open Water Diver dient dazu, Ihre Kenntnisse und F\u00e4higkeiten zu erweitern. Sie m\u00fcssen nicht \"fortgeschritten\" sein, um diesen Kurs zu belegen - er wurde entwickelt, um\u00a0<em>Vorschuss<\/em>\u00a0Ihr Tauchen, so dass Sie direkt nach Erhalt Ihres PADI Open Water Diver-Zertifikats beginnen k\u00f6nnen.<\/p><p>Der Kurs tr\u00e4gt dazu bei, Ihr Selbstvertrauen zu st\u00e4rken und Ihre Tauchfertigkeiten durch verschiedene Adventure Dives zu erweitern und erm\u00f6glicht Ihnen, bis auf 30m\/100ft zu tauchen. Sie probieren verschiedene Spezialit\u00e4ten aus, w\u00e4hrend Sie unter der Aufsicht Ihres PADI Instructor Erfahrungen sammeln. Sie protokollieren Tauchg\u00e4nge und entwickeln Ihre F\u00e4higkeiten, w\u00e4hrend Sie neue Wege finden, Spa\u00df am Tauchen zu haben.<br \/><br \/>Erhalten Sie Kredit! Jeder Abenteuertauchgang kann auf den ersten Tauchgang des entsprechenden PADI Specialty Diver Course angerechnet werden. Wenn Sie bereits einen Specialty Diver Kurs gemacht haben, fragen Sie Ihren Tauchlehrer, ob Sie sich einen Adventure Dive anrechnen lassen k\u00f6nnen.<\/p><p>PADI (Junior) Open Water Divers, die mindestens 12 Jahre alt sind, sind bereit, einen Schritt weiter zu gehen und an einem Advanced Open Water Diver Kurs teilzunehmen. Junge Taucher d\u00fcrfen nur an bestimmten Abenteuertauchg\u00e4ngen teilnehmen - fragen Sie Ihren PADI Instructor.<\/p><p>Wenn Sie bereits ein Adventure Diver sind, m\u00fcssen Sie nur noch zwei weitere Adventure Dives absolvieren, um die Advanced Open Water Diver-Zertifizierung zu erhalten.<\/p>\t\t\t\t\t\t<\/div>\n\t\t\t\t<\/div>\n\t\t\t\t<div class=\"elementor-element elementor-element-f12d713 elementor-widget-divider--view-line sc_fly_static elementor-widget elementor-widget-divider\" data-id=\"f12d713\" data-element_type=\"widget\" data-widget_type=\"divider.default\">\n\t\t\t\t<div class=\"elementor-widget-container\">\n\t\t\t\t\t<div class=\"elementor-divider\">\n\t\t\t<span class=\"elementor-divider-separator\">\n\t\t\t\t\t\t<\/span>\n\t\t<\/div>\n\t\t\t\t<\/div>\n\t\t\t\t<\/div>\n\t\t\t\t<div class=\"elementor-element elementor-element-e560c35 sc_fly_static elementor-widget elementor-widget-text-editor\" data-id=\"e560c35\" data-element_type=\"widget\" data-widget_type=\"text-editor.default\">\n\t\t\t\t<div class=\"elementor-widget-container\">\n\t\t\t\t\t\t\t<p><strong>Akademisch<\/strong><\/p><p>Sie planen Ihren Lernweg mit Ihrem Tauchlehrer, indem Sie aus einer langen Liste von Adventure Dives ausw\u00e4hlen. Es gibt zwei Pflichttauchg\u00e4nge - Deep und Underwater Navigation - und Sie w\u00e4hlen die anderen drei aus, also insgesamt f\u00fcnf Tauchg\u00e4nge.<\/p><p>W\u00e4hrend des Deep Adventure Dive lernen Sie, wie Sie Tauchg\u00e4nge planen, um mit den physiologischen Auswirkungen und Herausforderungen des Tieftauchens umzugehen. Der Underwater Navigation Adventure Dive verfeinert Ihre Kompassnavigationsf\u00e4higkeiten und hilft Ihnen, besser mit Hilfe von Kick-Cycles, visuellen Orientierungspunkten und der Zeit zu navigieren.<\/p><p>Die anderen Kenntnisse und F\u00e4higkeiten, die Sie erwerben, h\u00e4ngen von Ihrem Interesse und den Abenteuern ab, die Sie erleben - Fotografie, Tarierung, Fischbestimmung, Erkundung von Wracks und vieles mehr.<\/p><p>M\u00f6glicherweise k\u00f6nnen Sie sich den Kurs Advanced Open Water Diver f\u00fcr das College anrechnen lassen.<\/p><p><strong style=\"font-size: 1rem; letter-spacing: 0.38px;\">Ausr\u00fcstung<\/strong><\/p><p>Neben der grundlegenden Tauchausr\u00fcstung ben\u00f6tigen Sie einen Kompass und ein Tauchmesser oder Tauchwerkzeug. Je nachdem, f\u00fcr welchen Adventure Dives Sie sich entscheiden, werden Sie auch eine spezielle Ausr\u00fcstung verwenden. So verwenden Sie beispielsweise einen Trockenanzug f\u00fcr den Dry Suit Adventure Dive oder eine Sidemount-Konfiguration f\u00fcr den Sidemount Adventure Dive. Ihr PADI Instructor wird Ihnen erkl\u00e4ren, welche Ausr\u00fcstung Sie ben\u00f6tigen und Ihnen eventuell zus\u00e4tzliche Ausr\u00fcstung vorschlagen, wie z.B. eine Tauchlampe f\u00fcr Nachttauchg\u00e4nge oder einen Liftsack f\u00fcr Such- und Bergungstauchg\u00e4nge.<\/p><p>Besuchen Sie die Tauchbasis Mykonos, um mehr \u00fcber die Ausr\u00fcstung zu erfahren, die Sie ben\u00f6tigen, um Ihre Abenteuer im Kurs Advanced Open Water Diver zu beginnen.<\/p><p><strong>Erste Schritte<\/strong><\/p><p>Melden Sie sich f\u00fcr Advanced Open Water Diver Online an - die eLearning-Option von PADI - und legen Sie sofort los. Mit dem webbasierten System k\u00f6nnen Sie sieben der beliebtesten Abenteuertauchg\u00e4nge erlernen - einschlie\u00dflich der erforderlichen Tieftauchg\u00e4nge und des Underwater Navigation Adventure Dives sowie der Bootstauchg\u00e4nge, Nachttauchg\u00e4nge, Peak Performance Buoyancy, Underwater Naturalist und Wracktauchg\u00e4nge Adventure Dives. Sie lernen in Ihrem eigenen Tempo mit Hilfe eines einfach zu bedienenden, interaktiven Programms. Sie haben auch Zugang zu einer Online-Version des\u00a0<em>Abenteuer beim Tauchen<\/em>\u00a0Handbuch und k\u00f6nnen die Abschnitte f\u00fcr andere Adventure Dives nach Anweisung Ihres PADI Instructor ausf\u00fcllen.<\/p><p>Sie k\u00f6nnen auch w\u00e4hlen, ob Sie die\u00a0<em>Abenteuer beim Tauchen\u00a0<\/em>Handbuch und sehen Sie sich die\u00a0<em>Abenteuer beim Tauchen<\/em>\u00a0Video (ein Paket aus Buch und DVD). Kommen Sie in die Tauchbasis Mykonos, um sich f\u00fcr den Kurs anzumelden, Ihre Materialien zu erhalten und mit dem Lernen zu beginnen. Ihr PADI Instructor wird sich mit Ihnen treffen, um gemeinsam mit Ihrem Adventure Dives eine Wiederholung des Wissens zu planen.<\/p>\t\t\t\t\t\t<\/div>\n\t\t\t\t<\/div>\n\t\t\t\t<div class=\"elementor-element elementor-element-91f7d92 elementor-widget-divider--view-line sc_fly_static elementor-widget elementor-widget-divider\" data-id=\"91f7d92\" data-element_type=\"widget\" data-widget_type=\"divider.default\">\n\t\t\t\t<div class=\"elementor-widget-container\">\n\t\t\t\t\t<div class=\"elementor-divider\">\n\t\t\t<span class=\"elementor-divider-separator\">\n\t\t\t\t\t\t<\/span>\n\t\t<\/div>\n\t\t\t\t<\/div>\n\t\t\t\t<\/div>\n\t\t\t\t<div class=\"elementor-element elementor-element-ff4be43 sc_fly_static elementor-widget elementor-widget-heading\" data-id=\"ff4be43\" data-element_type=\"widget\" data-widget_type=\"heading.default\">\n\t\t\t\t<div class=\"elementor-widget-container\">\n\t\t\t<h4 class=\"elementor-heading-title elementor-size-default\">Preisgestaltung<\/h4>\t\t<\/div>\n\t\t\t\t<\/div>\n\t\t\t\t<div class=\"elementor-element elementor-element-7044a8a sc_fly_static elementor-widget elementor-widget-trx_sc_table\" data-id=\"7044a8a\" data-element_type=\"widget\" data-widget_type=\"trx_sc_table.default\">\n\t\t\t\t<div class=\"elementor-widget-container\">\n\t\t\t<div id=\"trx_sc_table_2135513954_wrap\" class=\"sc_table_wrap\"><div id=\"trx_sc_table_2135513954\"\n\t\t\tclass=\"sc_table sc_table_default trx_addons_inline_910582920\"><table summary=\"pricing\" cellspacing=\"0\"><tbody><tr><th style=\"text-align: center;\">Fortgeschrittenes Freiwasser<\/th><th style=\"text-align: center;\">Preis (\u20ac)<\/th><\/tr><tr><td style=\"text-align: center;\">5 Tauchg\u00e4nge<\/td><td style=\"text-align: center;\">390<\/td><\/tr><tr><td style=\"text-align: center;\">In Kombination mit <a href=\"https:\/\/www.dive.gr\/de\/open-water-diver\/\">Offenes Wasser Course<\/a><\/td><td style=\"text-align: center;\">290<\/td><\/tr><\/tbody><\/table><\/div><\/div><!-- \/.sc_table_wrap -->\t\t<\/div>\n\t\t\t\t<\/div>\n\t\t\t\t<div class=\"elementor-element elementor-element-0548205 elementor-widget-divider--view-line sc_fly_static elementor-widget elementor-widget-divider\" data-id=\"0548205\" data-element_type=\"widget\" data-widget_type=\"divider.default\">\n\t\t\t\t<div class=\"elementor-widget-container\">\n\t\t\t\t\t<div class=\"elementor-divider\">\n\t\t\t<span class=\"elementor-divider-separator\">\n\t\t\t\t\t\t<\/span>\n\t\t<\/div>\n\t\t\t\t<\/div>\n\t\t\t\t<\/div>\n\t\t\t\t<section class=\"elementor-section elementor-inner-section elementor-element elementor-element-b2ff12c elementor-section-boxed elementor-section-height-default elementor-section-height-default\" data-id=\"b2ff12c\" data-element_type=\"section\">\n\t\t\t\t\t\t<div class=\"elementor-container elementor-column-gap-extended\">\n\t\t\t\t\t<div class=\"make-column-clickable-elementor elementor-column elementor-col-100 elementor-inner-column elementor-element elementor-element-415e1aa sc_inner_width_none sc_layouts_column_icons_position_left\" style=\"cursor: pointer;\" data-column-clickable=\"https:\/\/apps.padi.com\/scuba-diving\/elearning\/purchasecourse.aspx?courseid=56&amp;_ga=2.143748147.764057478.1571210490-1216068278.1570006227&amp;fbclid=IwAR2wwNMK6xWNdb5jq8KzUDx5na1JimO8l46zyG7hewhY7PPip4sVOSME1io\" data-column-clickable-blank=\"_blank\" data-id=\"415e1aa\" data-element_type=\"column\">\n\t\t\t<div class=\"elementor-widget-wrap elementor-element-populated\">\n\t\t\t\t\t\t<div class=\"elementor-element elementor-element-c1331b7 sc_fly_static elementor-widget elementor-widget-heading\" data-id=\"c1331b7\" data-element_type=\"widget\" data-widget_type=\"heading.default\">\n\t\t\t\t<div class=\"elementor-widget-container\">\n\t\t\t<h4 class=\"elementor-heading-title elementor-size-default\">Kaufen Sie einen E-Learning-Kurs<\/h4>\t\t<\/div>\n\t\t\t\t<\/div>\n\t\t\t\t<div class=\"elementor-element elementor-element-96dd8e2 sc_fly_static elementor-widget elementor-widget-image\" data-id=\"96dd8e2\" data-element_type=\"widget\" data-widget_type=\"image.default\">\n\t\t\t\t<div class=\"elementor-widget-container\">\n\t\t\t\t\t\t\t\t\t\t\t\t\t<img decoding=\"async\" width=\"300\" height=\"39\" data-src=\"https:\/\/www.dive.gr\/wp-content\/smush-webp\/2024\/09\/dive.gr-padi-eLearning-logo-300x39.png.webp\" class=\"attachment-medium size-medium wp-image-10258 lazyload\" alt=\"\" data-srcset=\"https:\/\/www.dive.gr\/wp-content\/smush-webp\/2024\/09\/dive.gr-padi-eLearning-logo-300x39.png.webp 300w, https:\/\/www.dive.gr\/wp-content\/smush-webp\/2024\/09\/dive.gr-padi-eLearning-logo-18x2.png.webp 18w, https:\/\/www.dive.gr\/wp-content\/smush-webp\/2024\/09\/dive.gr-padi-eLearning-logo-370x48.png.webp 370w, https:\/\/www.dive.gr\/wp-content\/smush-webp\/2024\/09\/dive.gr-padi-eLearning-logo.png.webp 436w\" data-sizes=\"(max-width: 300px) 100vw, 300px\" src=\"data:image\/svg+xml;base64,PHN2ZyB3aWR0aD0iMSIgaGVpZ2h0PSIxIiB4bWxucz0iaHR0cDovL3d3dy53My5vcmcvMjAwMC9zdmciPjwvc3ZnPg==\" style=\"--smush-placeholder-width: 300px; --smush-placeholder-aspect-ratio: 300\/39;\" \/>\t\t\t\t\t\t\t\t\t\t\t\t\t<\/div>\n\t\t\t\t<\/div>\n\t\t\t\t\t<\/div>\n\t\t<\/div>\n\t\t\t\t\t<\/div>\n\t\t<\/section>\n\t\t\t\t<div class=\"elementor-element elementor-element-53a112c elementor-widget-divider--view-line sc_fly_static elementor-widget elementor-widget-divider\" data-id=\"53a112c\" data-element_type=\"widget\" data-widget_type=\"divider.default\">\n\t\t\t\t<div class=\"elementor-widget-container\">\n\t\t\t\t\t<div class=\"elementor-divider\">\n\t\t\t<span class=\"elementor-divider-separator\">\n\t\t\t\t\t\t<\/span>\n\t\t<\/div>\n\t\t\t\t<\/div>\n\t\t\t\t<\/div>\n\t\t\t\t<div class=\"elementor-element elementor-element-d71be12 sc_fly_static elementor-widget elementor-widget-heading\" data-id=\"d71be12\" data-element_type=\"widget\" data-widget_type=\"heading.default\">\n\t\t\t\t<div class=\"elementor-widget-container\">\n\t\t\t<h4 class=\"elementor-heading-title elementor-size-default\">Jetzt buchen<\/h4>\t\t<\/div>\n\t\t\t\t<\/div>\n\t\t\t\t<div class=\"elementor-element elementor-element-5dd152e sc_fly_static elementor-widget elementor-widget-shortcode\" data-id=\"5dd152e\" data-element_type=\"widget\" data-widget_type=\"shortcode.default\">\n\t\t\t\t<div class=\"elementor-widget-container\">\n\t\t\t\t\t<div class=\"elementor-shortcode\"><form id=\"forminator-module-9933\" class=\"forminator-custom-form forminator-custom-form-9933\" method=\"post\" data-forminator-render=\"0\" data-uid=\"69f45a2594be7\" action=\"\"><div role=\"alert\" aria-live=\"polite\" class=\"forminator-response-message forminator-error\" aria-hidden=\"true\"><\/div><input type=\"hidden\" name=\"trp-form-language\" value=\"de\"\/><\/form><\/div>\n\t\t\t\t<\/div>\n\t\t\t\t<\/div>\n\t\t\t\t\t<\/div>\n\t\t<\/div>\n\t\t\t\t\t<\/div>\n\t\t<\/section>\n\t\t\t\t<\/div>","protected":false},"excerpt":{"rendered":"<p>Dieser Kurs kann nach Abschluss des Kurses PADI Open Water Diver belegt werden...<\/p>","protected":false},"author":1,"featured_media":7737,"parent":0,"menu_order":0,"comment_status":"closed","ping_status":"closed","template":"","meta":{"_acf_changed":false,"footnotes":""},"program":[177],"class_list":["post-5353","page","type-page","status-publish","has-post-thumbnail","hentry","program-advanced-level-courses"],"acf":[],"_links":{"self":[{"href":"https:\/\/www.dive.gr\/de\/wp-json\/wp\/v2\/pages\/5353","targetHints":{"allow":["GET"]}}],"collection":[{"href":"https:\/\/www.dive.gr\/de\/wp-json\/wp\/v2\/pages"}],"about":[{"href":"https:\/\/www.dive.gr\/de\/wp-json\/wp\/v2\/types\/page"}],"author":[{"embeddable":true,"href":"https:\/\/www.dive.gr\/de\/wp-json\/wp\/v2\/users\/1"}],"replies":[{"embeddable":true,"href":"https:\/\/www.dive.gr\/de\/wp-json\/wp\/v2\/comments?post=5353"}],"version-history":[{"count":16,"href":"https:\/\/www.dive.gr\/de\/wp-json\/wp\/v2\/pages\/5353\/revisions"}],"predecessor-version":[{"id":14818,"href":"https:\/\/www.dive.gr\/de\/wp-json\/wp\/v2\/pages\/5353\/revisions\/14818"}],"wp:featuredmedia":[{"embeddable":true,"href":"https:\/\/www.dive.gr\/de\/wp-json\/wp\/v2\/media\/7737"}],"wp:attachment":[{"href":"https:\/\/www.dive.gr\/de\/wp-json\/wp\/v2\/media?parent=5353"}],"wp:term":[{"taxonomy":"program","embeddable":true,"href":"https:\/\/www.dive.gr\/de\/wp-json\/wp\/v2\/program?post=5353"}],"curies":[{"name":"wp","href":"https:\/\/api.w.org\/{rel}","templated":true}]}}