{"id":5342,"date":"2024-08-05T21:08:33","date_gmt":"2024-08-05T21:08:33","guid":{"rendered":"https:\/\/www.dive.gr\/newsite\/?page_id=5342"},"modified":"2024-10-02T07:39:54","modified_gmt":"2024-10-02T07:39:54","slug":"scuba-diver-diving-course","status":"publish","type":"page","link":"https:\/\/www.dive.gr\/de\/scuba-diver-diving-course\/","title":{"rendered":"Scuba Diver"},"content":{"rendered":"<div data-elementor-type=\"wp-post\" data-elementor-id=\"5342\" class=\"elementor elementor-5342\" data-elementor-post-type=\"page\">\n\t\t\t\t\t\t<section class=\"elementor-section elementor-top-section elementor-element elementor-element-b230b6f elementor-section-stretched elementor-section-full_width scheme_dark elementor-reverse-tablet elementor-reverse-mobile elementor-section-height-default elementor-section-height-default\" data-id=\"b230b6f\" data-element_type=\"section\" data-settings=\"{&quot;stretch_section&quot;:&quot;section-stretched&quot;}\">\n\t\t\t\t\t\t<div class=\"elementor-container elementor-column-gap-no\">\n\t\t\t\t\t<div class=\"elementor-column elementor-col-50 elementor-top-column elementor-element elementor-element-098adc1 sc_inner_width_none sc_layouts_column_icons_position_left\" data-id=\"098adc1\" data-element_type=\"column\" data-settings=\"{&quot;background_background&quot;:&quot;classic&quot;}\">\n\t\t\t<div class=\"elementor-widget-wrap elementor-element-populated\">\n\t\t\t\t\t\t<div class=\"elementor-element elementor-element-d92a0b5 sc_fly_static elementor-widget elementor-widget-heading\" data-id=\"d92a0b5\" data-element_type=\"widget\" data-widget_type=\"heading.default\">\n\t\t\t\t<div class=\"elementor-widget-container\">\n\t\t\t<h2 class=\"elementor-heading-title elementor-size-default\">Scuba Diver<\/h2>\t\t<\/div>\n\t\t\t\t<\/div>\n\t\t\t\t<div class=\"elementor-element elementor-element-a3680cf sc_fly_static elementor-widget elementor-widget-text-editor\" data-id=\"a3680cf\" data-element_type=\"widget\" data-widget_type=\"text-editor.default\">\n\t\t\t\t<div class=\"elementor-widget-container\">\n\t\t\t\t\t\t\t<p>Dieser Kurs ist eine Teilmenge des PADI Open Water Diver Kurses. Wenn Sie wenig Zeit haben, aber unbedingt Taucher werden wollen, ist der Kurs PADI Scuba Diver vielleicht das Richtige f\u00fcr Sie.<\/p>\t\t\t\t\t\t<\/div>\n\t\t\t\t<\/div>\n\t\t\t\t\t<\/div>\n\t\t<\/div>\n\t\t\t\t<div class=\"elementor-column elementor-col-50 elementor-top-column elementor-element elementor-element-bd94493 sc_inner_width_none sc_layouts_column_icons_position_left\" data-id=\"bd94493\" data-element_type=\"column\" data-settings=\"{&quot;background_background&quot;:&quot;classic&quot;}\">\n\t\t\t<div class=\"elementor-widget-wrap elementor-element-populated\">\n\t\t\t\t\t\t<section class=\"elementor-section elementor-inner-section elementor-element elementor-element-0130909 elementor-section-height-min-height elementor-section-boxed elementor-section-height-default\" data-id=\"0130909\" data-element_type=\"section\" data-settings=\"{&quot;background_background&quot;:&quot;video&quot;,&quot;background_video_start&quot;:65,&quot;background_video_end&quot;:160,&quot;background_video_link&quot;:&quot;https:\\\/\\\/www.dive.gr\\\/wp-content\\\/uploads\\\/2024\\\/09\\\/dive.gr-Mykonos-diving-center-intro-video.mp4&quot;}\">\n\t\t\t\t\t\t\t\t<div class=\"elementor-background-video-container elementor-hidden-phone\">\n\t\t\t\t\t\t\t\t\t\t\t\t\t<video class=\"elementor-background-video-hosted elementor-html5-video\" autoplay muted playsinline loop><\/video>\n\t\t\t\t\t\t\t\t\t\t\t<\/div>\n\t\t\t\t\t\t\t\t<div class=\"elementor-container elementor-column-gap-extended\">\n\t\t\t\t\t<div class=\"elementor-column elementor-col-100 elementor-inner-column elementor-element elementor-element-0016c9e sc_inner_width_none sc_layouts_column_icons_position_left\" data-id=\"0016c9e\" data-element_type=\"column\" data-settings=\"{&quot;background_background&quot;:&quot;classic&quot;}\">\n\t\t\t<div class=\"elementor-widget-wrap\">\n\t\t\t\t\t\t\t<\/div>\n\t\t<\/div>\n\t\t\t\t\t<\/div>\n\t\t<\/section>\n\t\t\t\t\t<\/div>\n\t\t<\/div>\n\t\t\t\t\t<\/div>\n\t\t<\/section>\n\t\t\t\t<section class=\"elementor-section elementor-top-section elementor-element elementor-element-2abe1a1 elementor-section-boxed elementor-section-height-default elementor-section-height-default\" data-id=\"2abe1a1\" data-element_type=\"section\" data-settings=\"{&quot;background_background&quot;:&quot;classic&quot;}\">\n\t\t\t\t\t\t<div class=\"elementor-container elementor-column-gap-extended\">\n\t\t\t\t\t<div class=\"elementor-column elementor-col-100 elementor-top-column elementor-element elementor-element-f39fccd sc_inner_width_none sc_layouts_column_icons_position_left\" data-id=\"f39fccd\" data-element_type=\"column\">\n\t\t\t<div class=\"elementor-widget-wrap elementor-element-populated\">\n\t\t\t\t\t\t<div class=\"elementor-element elementor-element-2e45deb sc_fly_static elementor-widget elementor-widget-text-editor\" data-id=\"2e45deb\" data-element_type=\"widget\" data-widget_type=\"text-editor.default\">\n\t\t\t\t<div class=\"elementor-widget-container\">\n\t\t\t\t\t\t\t<p>Dieser Kurs ist ein Zwischenschritt auf dem Weg zur Open Water Diver-Zertifizierung, falls dies Ihr Endziel ist.<br \/>PADI Scuba Divers sind qualifiziert f\u00fcr:<\/p><ul><li><p>Tauchen Sie unter direkter Aufsicht eines PADI Professional bis zu einer maximalen Tiefe von 12 Metern\/40 Fu\u00df.<\/p><\/li><li><p>Holen Sie sich Luftf\u00fcllungen, mieten oder kaufen Sie eine Tauchausr\u00fcstung und nehmen Sie an Tauchaktivit\u00e4ten teil, solange Sie ordnungsgem\u00e4\u00df beaufsichtigt werden.<\/p><\/li><li><p>Setzen Sie Ihre Tauchausbildung fort, indem Sie die Zertifizierung PADI Open Water Diver absolvieren und bestimmte Spezialkurse f\u00fcr Taucher besuchen.<\/p><\/li><\/ul><p>Um sich f\u00fcr einen PADI Scuba Diver Kurs (oder Junior Scuba Diver Kurs) anzumelden, m\u00fcssen Sie mindestens 10 Jahre alt sein. Sie m\u00fcssen \u00fcber ausreichende Schwimmkenntnisse verf\u00fcgen und in guter k\u00f6rperlicher Verfassung sein. Sie m\u00fcssen keine Vorkenntnisse im Tauchen haben, k\u00f6nnen es aber im Rahmen des Discover Scuba Diving-Programms ausprobieren, wenn Sie m\u00f6chten.<\/p>\t\t\t\t\t\t<\/div>\n\t\t\t\t<\/div>\n\t\t\t\t<div class=\"elementor-element elementor-element-f12d713 elementor-widget-divider--view-line sc_fly_static elementor-widget elementor-widget-divider\" data-id=\"f12d713\" data-element_type=\"widget\" data-widget_type=\"divider.default\">\n\t\t\t\t<div class=\"elementor-widget-container\">\n\t\t\t\t\t<div class=\"elementor-divider\">\n\t\t\t<span class=\"elementor-divider-separator\">\n\t\t\t\t\t\t<\/span>\n\t\t<\/div>\n\t\t\t\t<\/div>\n\t\t\t\t<\/div>\n\t\t\t\t<div class=\"elementor-element elementor-element-e560c35 sc_fly_static elementor-widget elementor-widget-text-editor\" data-id=\"e560c35\" data-element_type=\"widget\" data-widget_type=\"text-editor.default\">\n\t\t\t\t<div class=\"elementor-widget-container\">\n\t\t\t\t\t\t\t<p><strong>Akademisch<\/strong><\/p><p>Der Kurs PADI Scuba Diver besteht aus drei Hauptphasen:<\/p><ul><li><p>Wissenserweiterung (online, im Selbststudium oder in einem Klassenzimmer), um die Grundprinzipien des Tauchens zu verstehen - die ersten drei von f\u00fcnf Abschnitten des Kurses Open Water Diver.<\/p><\/li><li><p>Tauchg\u00e4nge im begrenzten Wasser zum Erlernen grundlegender Tauchfertigkeiten - die ersten drei von f\u00fcnf Tauchg\u00e4ngen des Kurses Open Water Diver<\/p><\/li><li><p>Freiwassertauchg\u00e4nge, um Ihre F\u00e4higkeiten anzuwenden und zu erkunden - zwei von vier Tauchg\u00e4ngen des Open Water Diver Kurses.<\/p><\/li><\/ul><p><strong>Ausr\u00fcstung<\/strong><\/p><p>Sie lernen den Umgang mit der grundlegenden Tauchausr\u00fcstung, einschlie\u00dflich Maske, Schnorchel, Flossen, Atemregler, Tarierweste und Flasche. Die Ausr\u00fcstung, die Sie tragen, variiert, je nachdem, ob Sie in tropischen, gem\u00e4\u00dfigten oder kalten Gew\u00e4ssern tauchen. Ihr PADI Instructor wird Ihnen erkl\u00e4ren, welche Ausr\u00fcstung Sie ben\u00f6tigen und Ihnen eventuell zus\u00e4tzliches Lehrmaterial empfehlen.<\/p><p><strong>Erste Schritte<\/strong><\/p><p>Fangen Sie an, indem Sie sich f\u00fcr Open Water Diver Online anmelden - die eLearning-Option von PADI. Das webbasierte System vermittelt Ihnen die Hintergrundinformationen, die Sie ben\u00f6tigen, um sicher zu tauchen, und erm\u00f6glicht es Ihnen, in Ihrem eigenen Tempo durch ein einfach zu bedienendes, interaktives Programm zu lernen. Sie m\u00fcssen nur die ersten drei Abschnitte absolvieren, haben aber ein Jahr Zeit, um das gesamte Programm abzuschlie\u00dfen, wenn Sie die PADI Open Water Diver-Zertifizierung erwerben m\u00f6chten.<\/p><p>Es gibt noch weitere Materialien f\u00fcr das Selbststudium, darunter das <i>Open Water Diver Touch<\/i><sup><i>TM<\/i><\/sup>\u00a0(eine Tablet-App) und die\u00a0<i>Open Water Diver Handbuch<\/i>\u00a0und\u00a0<i>Open Water Diver Video<\/i>\u00a0(ein Buch- und DVD-Paket). Kommen Sie im Mykonos Diving Center vorbei, um sich f\u00fcr den Kurs anzumelden, Ihre Materialien zu erhalten und das Buch zu lesen und das Video anzusehen. Ihr PADI Instructor wird sich mit Ihnen treffen, um Unterrichtseinheiten, Tauchg\u00e4nge im begrenzten Wasser und im Freiwasser zu planen<\/p>\t\t\t\t\t\t<\/div>\n\t\t\t\t<\/div>\n\t\t\t\t<div class=\"elementor-element elementor-element-91f7d92 elementor-widget-divider--view-line sc_fly_static elementor-widget elementor-widget-divider\" data-id=\"91f7d92\" data-element_type=\"widget\" data-widget_type=\"divider.default\">\n\t\t\t\t<div class=\"elementor-widget-container\">\n\t\t\t\t\t<div class=\"elementor-divider\">\n\t\t\t<span class=\"elementor-divider-separator\">\n\t\t\t\t\t\t<\/span>\n\t\t<\/div>\n\t\t\t\t<\/div>\n\t\t\t\t<\/div>\n\t\t\t\t<section class=\"elementor-section elementor-inner-section elementor-element elementor-element-6d2cf62 elementor-section-boxed elementor-section-height-default elementor-section-height-default\" data-id=\"6d2cf62\" data-element_type=\"section\">\n\t\t\t\t\t\t<div class=\"elementor-container elementor-column-gap-extended\">\n\t\t\t\t\t<div class=\"make-column-clickable-elementor elementor-column elementor-col-100 elementor-inner-column elementor-element elementor-element-1505faa sc_inner_width_none sc_layouts_column_icons_position_left\" style=\"cursor: pointer;\" data-column-clickable=\"https:\/\/apps.padi.com\/scuba-diving\/elearning\/purchasecourse.aspx?courseid=56&amp;_ga=2.143748147.764057478.1571210490-1216068278.1570006227&amp;fbclid=IwAR2wwNMK6xWNdb5jq8KzUDx5na1JimO8l46zyG7hewhY7PPip4sVOSME1io\" data-column-clickable-blank=\"_blank\" data-id=\"1505faa\" data-element_type=\"column\">\n\t\t\t<div class=\"elementor-widget-wrap elementor-element-populated\">\n\t\t\t\t\t\t<div class=\"elementor-element elementor-element-f774e81 sc_fly_static elementor-widget elementor-widget-heading\" data-id=\"f774e81\" data-element_type=\"widget\" data-widget_type=\"heading.default\">\n\t\t\t\t<div class=\"elementor-widget-container\">\n\t\t\t<h4 class=\"elementor-heading-title elementor-size-default\">Kaufen Sie einen E-Learning-Kurs<\/h4>\t\t<\/div>\n\t\t\t\t<\/div>\n\t\t\t\t<div class=\"elementor-element elementor-element-d98c5a7 sc_fly_static elementor-widget elementor-widget-image\" data-id=\"d98c5a7\" data-element_type=\"widget\" data-widget_type=\"image.default\">\n\t\t\t\t<div class=\"elementor-widget-container\">\n\t\t\t\t\t\t\t\t\t\t\t\t\t<img decoding=\"async\" width=\"300\" height=\"39\" data-src=\"https:\/\/www.dive.gr\/wp-content\/smush-webp\/2024\/09\/dive.gr-padi-eLearning-logo-300x39.png.webp\" class=\"attachment-medium size-medium wp-image-10258 lazyload\" alt=\"\" data-srcset=\"https:\/\/www.dive.gr\/wp-content\/smush-webp\/2024\/09\/dive.gr-padi-eLearning-logo-300x39.png.webp 300w, https:\/\/www.dive.gr\/wp-content\/smush-webp\/2024\/09\/dive.gr-padi-eLearning-logo-18x2.png.webp 18w, https:\/\/www.dive.gr\/wp-content\/smush-webp\/2024\/09\/dive.gr-padi-eLearning-logo-370x48.png.webp 370w, https:\/\/www.dive.gr\/wp-content\/smush-webp\/2024\/09\/dive.gr-padi-eLearning-logo.png.webp 436w\" data-sizes=\"(max-width: 300px) 100vw, 300px\" src=\"data:image\/svg+xml;base64,PHN2ZyB3aWR0aD0iMSIgaGVpZ2h0PSIxIiB4bWxucz0iaHR0cDovL3d3dy53My5vcmcvMjAwMC9zdmciPjwvc3ZnPg==\" style=\"--smush-placeholder-width: 300px; --smush-placeholder-aspect-ratio: 300\/39;\" \/>\t\t\t\t\t\t\t\t\t\t\t\t\t<\/div>\n\t\t\t\t<\/div>\n\t\t\t\t\t<\/div>\n\t\t<\/div>\n\t\t\t\t\t<\/div>\n\t\t<\/section>\n\t\t\t\t<div class=\"elementor-element elementor-element-6ec0e5c elementor-widget-divider--view-line sc_fly_static elementor-widget elementor-widget-divider\" data-id=\"6ec0e5c\" data-element_type=\"widget\" data-widget_type=\"divider.default\">\n\t\t\t\t<div class=\"elementor-widget-container\">\n\t\t\t\t\t<div class=\"elementor-divider\">\n\t\t\t<span class=\"elementor-divider-separator\">\n\t\t\t\t\t\t<\/span>\n\t\t<\/div>\n\t\t\t\t<\/div>\n\t\t\t\t<\/div>\n\t\t\t\t<div class=\"elementor-element elementor-element-d71be12 sc_fly_static elementor-widget elementor-widget-heading\" data-id=\"d71be12\" data-element_type=\"widget\" data-widget_type=\"heading.default\">\n\t\t\t\t<div class=\"elementor-widget-container\">\n\t\t\t<h4 class=\"elementor-heading-title elementor-size-default\">Jetzt buchen<\/h4>\t\t<\/div>\n\t\t\t\t<\/div>\n\t\t\t\t<div class=\"elementor-element elementor-element-5dd152e sc_fly_static elementor-widget elementor-widget-shortcode\" data-id=\"5dd152e\" data-element_type=\"widget\" data-widget_type=\"shortcode.default\">\n\t\t\t\t<div class=\"elementor-widget-container\">\n\t\t\t\t\t<div class=\"elementor-shortcode\"><form id=\"forminator-module-9933\" class=\"forminator-custom-form forminator-custom-form-9933\" method=\"post\" data-forminator-render=\"0\" data-uid=\"69eb00bf6292e\" action=\"\"><div role=\"alert\" aria-live=\"polite\" class=\"forminator-response-message forminator-error\" aria-hidden=\"true\"><\/div><input type=\"hidden\" name=\"trp-form-language\" value=\"de\"\/><\/form><\/div>\n\t\t\t\t<\/div>\n\t\t\t\t<\/div>\n\t\t\t\t\t<\/div>\n\t\t<\/div>\n\t\t\t\t\t<\/div>\n\t\t<\/section>\n\t\t\t\t<\/div>","protected":false},"excerpt":{"rendered":"<p>This course is a subset of the PADI Open Water Diver course.&hellip;<\/p>","protected":false},"author":1,"featured_media":7754,"parent":0,"menu_order":0,"comment_status":"closed","ping_status":"closed","template":"","meta":{"_acf_changed":false,"footnotes":""},"program":[181],"class_list":["post-5342","page","type-page","status-publish","has-post-thumbnail","hentry","program-entry-level-courses"],"acf":[],"_links":{"self":[{"href":"https:\/\/www.dive.gr\/de\/wp-json\/wp\/v2\/pages\/5342","targetHints":{"allow":["GET"]}}],"collection":[{"href":"https:\/\/www.dive.gr\/de\/wp-json\/wp\/v2\/pages"}],"about":[{"href":"https:\/\/www.dive.gr\/de\/wp-json\/wp\/v2\/types\/page"}],"author":[{"embeddable":true,"href":"https:\/\/www.dive.gr\/de\/wp-json\/wp\/v2\/users\/1"}],"replies":[{"embeddable":true,"href":"https:\/\/www.dive.gr\/de\/wp-json\/wp\/v2\/comments?post=5342"}],"version-history":[{"count":13,"href":"https:\/\/www.dive.gr\/de\/wp-json\/wp\/v2\/pages\/5342\/revisions"}],"predecessor-version":[{"id":14803,"href":"https:\/\/www.dive.gr\/de\/wp-json\/wp\/v2\/pages\/5342\/revisions\/14803"}],"wp:featuredmedia":[{"embeddable":true,"href":"https:\/\/www.dive.gr\/de\/wp-json\/wp\/v2\/media\/7754"}],"wp:attachment":[{"href":"https:\/\/www.dive.gr\/de\/wp-json\/wp\/v2\/media?parent=5342"}],"wp:term":[{"taxonomy":"program","embeddable":true,"href":"https:\/\/www.dive.gr\/de\/wp-json\/wp\/v2\/program?post=5342"}],"curies":[{"name":"wp","href":"https:\/\/api.w.org\/{rel}","templated":true}]}}